{"id":122182,"date":"2021-04-21T16:27:15","date_gmt":"2021-04-21T14:27:15","guid":{"rendered":"https:\/\/hikitec.de\/begeleidend-document-exporteren\/"},"modified":"2021-04-21T16:28:05","modified_gmt":"2021-04-21T14:28:05","slug":"begeleidend-document-exporteren","status":"publish","type":"page","link":"https:\/\/hikitec.de\/nl\/begeleidend-document-exporteren\/","title":{"rendered":"Begeleidend document exporteren"},"content":{"rendered":"\n<style type=\"text\/css\" id=\"style-css-av-vf2w0t-cfd772192d56b6743f43491fbb9cd5a3\">\n#top .flex_column.av-vf2w0t-cfd772192d56b6743f43491fbb9cd5a3{\nborder-radius:0px;\n-webkit-border-radius:0px;\n-moz-border-radius:0px;\npadding:0px;\n}\n<\/style>\n<div class='flex_column av-vf2w0t-cfd772192d56b6743f43491fbb9cd5a3 av_one_full  avia-builder-el-0  el_before_av_one_full  avia-builder-el-first  first flex_column_div av-zero-column-padding '   ><section class=\"av_textblock_section \"  itemscope=\"itemscope\" itemtype=\"https:\/\/schema.org\/CreativeWork\" ><div class='avia_textblock  '   itemprop=\"text\" ><p><strong><span id=\"Wer_kann_ein_Ausfuhrbegleitdokument_erstellen\">Wie kan een uitvoergeleidedocument opstellen?<\/span><\/strong><\/p>\n<p><strong>Onze service &#8211;<\/strong>De firma HIKITEC GmbH werkt samen met een douaneagentschap voor het opstellen van het uitvoergeleidedocument. Het aangewezen douaneagentschap treedt dan op als vertegenwoordiger van de exporteur bij de douane. Deze beschikt over speciale software voor elektronische aangiften met een rechtstreekse verbinding met de verantwoordelijke douanekantoren.<\/p>\n<\/div><\/section><\/div>\n<style type=\"text\/css\" id=\"style-css-av-1aiasd9-81516af84eb611c7c65b6a54b936dcb9\">\n#top .flex_column.av-1aiasd9-81516af84eb611c7c65b6a54b936dcb9{\nborder-radius:0px;\n-webkit-border-radius:0px;\n-moz-border-radius:0px;\npadding:0px;\n}\n<\/style>\n<div class='flex_column av-1aiasd9-81516af84eb611c7c65b6a54b936dcb9 av_one_full  avia-builder-el-2  el_after_av_one_full  el_before_av_one_full  first flex_column_div av-zero-column-padding column-top-margin'   ><section class=\"av_textblock_section \"  itemscope=\"itemscope\" itemtype=\"https:\/\/schema.org\/CreativeWork\" ><div class='avia_textblock  '   itemprop=\"text\" ><p><strong>Wanneer is een uitvoergeleidedocument vereist?<\/strong><\/p>\n<p>Om goederen uit de EU naar een EVA-land of derde land uit te voeren, moet u altijd een uitvoergeleidedocument opstellen als de goederen of de douanewaarde meer dan 1 000 euro en\/of het gewicht meer dan 1 000 kg bedraagt.<\/p>\n<p>U heeft derhalve een uitvoergeleidedocument nodig indien<\/p>\n<ul>\n<li>De goederen verlaten de EU* en<\/li>\n<li>de waarde van de goederen of de douanewaarde meer dan 1000 EUR bedraagt, of<\/li>\n<li>het gewicht van de zending is meer dan 1000 kg<\/li>\n<\/ul>\n<p>*= Indien bij voorbeeld de goederen de douane-unie voor korte tijd moeten verlaten, zoals in het geval van een zending van Spanje naar de Canarische Eilanden, zult u ook een uitvoergeleidedocument nodig hebben (tegen betaling).<\/p>\n<\/div><\/section><\/div>\n<style type=\"text\/css\" id=\"style-css-av-umk859-7f67e317ebadbd9ae4854043acfdcfe6\">\n#top .flex_column.av-umk859-7f67e317ebadbd9ae4854043acfdcfe6{\nborder-radius:0px;\n-webkit-border-radius:0px;\n-moz-border-radius:0px;\npadding:0px;\n}\n<\/style>\n<div class='flex_column av-umk859-7f67e317ebadbd9ae4854043acfdcfe6 av_one_full  avia-builder-el-4  el_after_av_one_full  el_before_av_one_full  first flex_column_div av-zero-column-padding column-top-margin'   ><section class=\"av_textblock_section \"  itemscope=\"itemscope\" itemtype=\"https:\/\/schema.org\/CreativeWork\" ><div class='avia_textblock  '   itemprop=\"text\" ><p><img loading=\"lazy\" decoding=\"async\" class=\"aligncenter size-medium wp-image-80530\" src=\"..\/wp-content\/uploads\/2021\/04\/EU-Mitgliedstaaten-268x300.jpg\" alt=\"\" width=\"268\" height=\"300\" srcset=\"https:\/\/hikitec.de\/wp-content\/uploads\/2021\/04\/EU-Mitgliedstaaten-268x300.jpg 268w, https:\/\/hikitec.de\/wp-content\/uploads\/2021\/04\/EU-Mitgliedstaaten.jpg 578w\" sizes=\"auto, (max-width: 268px) 100vw, 268px\" \/><\/p>\n<p style=\"text-align: center\">Voor commerci\u00eble afzenders die goederen met een douanewaarde bij uitvoer van 1.000 euro of meer willen uitvoeren naar een derde land \/ niet-EU-land dat niet tot de Europese Unie behoort, moet een uitvoeraangifte \/ een uitvoergeleidedocument (ABD) worden opgesteld.<\/p>\n<p style=\"text-align: center\">(EU-landen hier in het blauw op de kaart)<\/p>\n<\/div><\/section><\/div>\n<style type=\"text\/css\" id=\"style-css-av-1wa1t3x-f429bb98d9350f1ad735368514963481\">\n#top .flex_column.av-1wa1t3x-f429bb98d9350f1ad735368514963481{\nborder-radius:0px;\n-webkit-border-radius:0px;\n-moz-border-radius:0px;\npadding:0px;\n}\n<\/style>\n<div class='flex_column av-1wa1t3x-f429bb98d9350f1ad735368514963481 av_one_full  avia-builder-el-6  el_after_av_one_full  el_before_av_one_full  first flex_column_div av-zero-column-padding column-top-margin'   ><section class=\"av_textblock_section \"  itemscope=\"itemscope\" itemtype=\"https:\/\/schema.org\/CreativeWork\" ><div class='avia_textblock  '   itemprop=\"text\" ><p><strong><span id=\"Was_ist_das_Ausfuhrbegleitdokument\">Wat is het uitvoergeleidedocument?<\/span><\/strong><\/p>\n<p>Het uitvoergeleidedocument (ABD) is het schriftelijke bewijs dat de uitvoer van bepaalde goederen is toegestaan. U mag de in het document vermelde goederen dus uitvoeren uit de Europese Unie. U kunt de goederen dan naar een EVA-land (bv. Zwitserland) of een derde land vervoeren. Soms wordt het uitvoergeleidedocument ook uitvoeraangifte of uitvoeraangifte genoemd.<\/p>\n<p>Sinds 01.07.2009 is deze aangifte alleen nog elektronisch mogelijk via <a href=\"https:\/\/de.wikipedia.org\/wiki\/ATLAS_(Zollsoftware)\"><strong>ATLAS<\/strong><\/a> (Automated Tariff and Local Customs Clearance System). De papieren aanvraag is dus vervangen. Afhankelijk van de constellatie van de partijen bij de rechtshandeling, het gewicht en de waarde van de goederen, is een elektronische uitvoeraangifte in sommige gevallen verplicht en in andere onnodig.<\/p>\n<p>Het uitvoergeleidedocument bevat de gegevens van de partijen, de regeling en de goederen. Door middel van een uniek 18-cijferig volgnummer (MRN = Movement Reference Number) in de vorm van een streepjescode kan op elk moment worden nagegaan bij welk douanekantoor in de EU de goederen zijn ingeklaard. Zodra het douanekantoor aan de buitengrens van de EU het uitvoergeleidedocument scant, genereert het een zogenoemde uitreisbon (AgV). Dit is het bewijs dat de goederen correct uit de EU zijn uitgevoerd.<\/p>\n<p>De gegevens in de ABD worden gebruikt om de goederenstroom te registreren en worden opgenomen in de door het Federaal Bureau voor de Statistiek gepubliceerde <a href=\"https:\/\/www.destatis.de\/DE\/Themen\/Wirtschaft\/Aussenhandel\/Methoden\/Erlaeuterungen\/erlaeuterungen-aussenhandelsstatistik.html?nn=213416\"><strong>statistieken van de buitenlandse handel<\/strong><\/a>. Met behulp van de ABD kan worden nagegaan of de exporteur zich houdt aan de exportvoorschriften en de wetgeving inzake buitenlandse handel.<\/p>\n<\/div><\/section><\/div>\n<style type=\"text\/css\" id=\"style-css-av-1svrdgd-d582f447ecad1a0a5be7822c4a151c83\">\n#top .flex_column.av-1svrdgd-d582f447ecad1a0a5be7822c4a151c83{\nborder-radius:0px;\n-webkit-border-radius:0px;\n-moz-border-radius:0px;\npadding:0px;\n}\n<\/style>\n<div class='flex_column av-1svrdgd-d582f447ecad1a0a5be7822c4a151c83 av_one_full  avia-builder-el-8  el_after_av_one_full  el_before_av_one_full  first flex_column_div av-zero-column-padding column-top-margin'   ><p><section class=\"av_textblock_section \"  itemscope=\"itemscope\" itemtype=\"https:\/\/schema.org\/CreativeWork\" ><div class='avia_textblock  '   itemprop=\"text\" ><\/div><\/section><br \/>\n\n<style type=\"text\/css\" id=\"style-css-av-kneitcoy-68af9bdbef329cd3c72d5903da695d0b\">\n.togglecontainer.av-kneitcoy-68af9bdbef329cd3c72d5903da695d0b p.toggler{\ncolor:#ffffff;\nbackground-color:#0039a6;\nborder-color:#745f7e;\n}\n.togglecontainer.av-kneitcoy-68af9bdbef329cd3c72d5903da695d0b p.toggler .toggle_icon{\nborder-color:#ffffff;\n}\n.togglecontainer.av-kneitcoy-68af9bdbef329cd3c72d5903da695d0b .toggle_wrap .toggle_content{\ncolor:#ffffff;\nbackground-color:#0039a6;\nborder-color:#745f7e;\n}\n<\/style>\n<div  class='togglecontainer av-kneitcoy-68af9bdbef329cd3c72d5903da695d0b  avia-builder-el-10  el_after_av_textblock  avia-builder-el-last  toggle_close_all ' >\n<section class='av_toggle_section av-kneita3q-166df13357e1cdf8b51f144fac8ca0c9'  itemscope=\"itemscope\" itemtype=\"https:\/\/schema.org\/CreativeWork\" ><div role=\"tablist\" class=\"single_toggle\" data-tags=\"{Alle} \"  ><p data-fake-id='#toggle-id-1' class='toggler hasCustomColor  av-inherit-font-color av-inherit-border-color'  itemprop=\"headline\"  role='tab' tabindex='0' aria-controls='toggle-id-1'>Het douanegebied van de Unie omvat de volgende grondgebieden, met inbegrip van haar territoriale zee\u00ebn, haar binnenwateren en haar luchtruim (artikel 4 van de IPC):<span class=\"toggle_icon\"><span class=\"vert_icon\"><\/span><span class=\"hor_icon\"><\/span><\/span><\/p><div id='toggle-id-1' class='toggle_wrap  '  ><div class='toggle_content invers-color av-inherit-font-color av-inherit-border-color'  itemprop=\"text\" ><ul>\n<li>het grondgebied van het Koninkrijk Belgi\u00eb<\/li>\n<li>het grondgebied van de Republiek Bulgarije<\/li>\n<li>het grondgebied van de Tsjechische Republiek<\/li>\n<li>het grondgebied van het Koninkrijk Denemarken, met uitzondering van de Faer\u00f6er en Groenland<\/li>\n<li>het grondgebied van de Bondsrepubliek Duitsland, met uitzondering van het eiland Helgoland en het grondgebied van B\u00fcsingen (Verdrag van 23 november 1964 tussen de Bondsrepubliek Duitsland en de Zwitserse Bondsstaat)<\/li>\n<li>het grondgebied van de Republiek Estland<\/li>\n<li>het grondgebied van Ierland<\/li>\n<li>het grondgebied van de Helleense Republiek<\/li>\n<li>het grondgebied van het Koninkrijk Spanje, met uitzondering van Ceuta en Melilla<\/li>\n<li>het grondgebied van de Franse Republiek, met uitzondering van Saint-Barth\u00e9lemy, Saint-Pierre en Miquelon, Nieuw-Caledoni\u00eb, Wallis en Futuna, Frans-Polynesi\u00eb en de Franse Zuidelijke en Zuidpoolgebieden<\/li>\n<li>het grondgebied van de Republiek Kroati\u00eb<\/li>\n<li>het grondgebied van de Italiaanse Republiek, met uitzondering van de gemeente Livigno<\/li>\n<li>het grondgebied van de Republiek Cyprus zoals omschreven in de Toetredingsakte van 2003<\/li>\n<li>het grondgebied van de Republiek Letland<\/li>\n<li>het grondgebied van de Republiek Litouwen<\/li>\n<li>het grondgebied van het Groothertogdom Luxemburg<\/li>\n<li>het grondgebied van Hongarije<\/li>\n<li>het grondgebied van Malta<\/li>\n<li>het grondgebied van het Koninkrijk der Nederlanden in Europa<\/li>\n<li>het grondgebied van de Republiek Oostenrijk<\/li>\n<li>het grondgebied van de Republiek Polen<\/li>\n<li>het grondgebied van de Portugese Republiek<\/li>\n<li>het grondgebied van Roemeni\u00eb<\/li>\n<li>het grondgebied van de Republiek Sloveni\u00eb<\/li>\n<li>het grondgebied van de Slowaakse Republiek<\/li>\n<li>het grondgebied van de Republiek Finland<\/li>\n<li>het grondgebied van het Koninkrijk Zweden<\/li>\n<li>het grondgebied van het Verenigd Koninkrijk van Groot-Brittanni\u00eb en Noord-Ierland en de Kanaaleilanden en het eiland <span lang=\"en-GB\" xml:lang=\"en-GB\">Man<\/span><\/li>\n<\/ul>\n<div class=\"c-hint\">\n<div class=\"c-hint__headline-wrapper\">\n<div class=\"c-hint__headline c-hint__headline--hinweis\"><strong><img loading=\"lazy\" decoding=\"async\" class=\"size-thumbnail wp-image-9063 alignleft\" src=\"https:\/\/hikitec.de\/wp-content\/uploads\/2020\/05\/Achtung-80x80.png\" alt=\"\" width=\"80\" height=\"80\" srcset=\"https:\/\/hikitec.de\/wp-content\/uploads\/2020\/05\/Achtung-80x80.png 80w, https:\/\/hikitec.de\/wp-content\/uploads\/2020\/05\/Achtung-300x300.png 300w, https:\/\/hikitec.de\/wp-content\/uploads\/2020\/05\/Achtung-768x768.png 768w, https:\/\/hikitec.de\/wp-content\/uploads\/2020\/05\/Achtung-36x36.png 36w, https:\/\/hikitec.de\/wp-content\/uploads\/2020\/05\/Achtung-180x180.png 180w, https:\/\/hikitec.de\/wp-content\/uploads\/2020\/05\/Achtung-705x705.png 705w, https:\/\/hikitec.de\/wp-content\/uploads\/2020\/05\/Achtung-120x120.png 120w, https:\/\/hikitec.de\/wp-content\/uploads\/2020\/05\/Achtung-450x450.png 450w, https:\/\/hikitec.de\/wp-content\/uploads\/2020\/05\/Achtung.png 828w\" sizes=\"auto, (max-width: 80px) 100vw, 80px\" \/>Noot<\/strong><\/div>\n<\/div>\n<div class=\"c-hint__p\">\n<p>Hoewel artikel 4 van de IPC nog niet is aangepast, maken het grondgebied van het Verenigd Koninkrijk van Groot-Brittanni\u00eb en Noord-Ierland en de Kanaaleilanden en het eiland Man als gevolg van de Intrekkingsovereenkomst niet langer deel uit van het douanegebied van de Unie. Krachtens het Noord-Ierse Protocol wordt Noord-Ierland voor douanedoeleinden evenwel nog steeds behandeld alsof het deel uitmaakte van het douanegebied van de Unie.<\/p>\n<\/div>\n<\/div>\n<\/div><\/div><\/div><\/section>\n<\/div><\/p><\/div><\/p>\n\n<style type=\"text\/css\" id=\"style-css-av-1au5bb1-bbf900135b882a8893abe6e15ef1d2df\">\n#top .flex_column.av-1au5bb1-bbf900135b882a8893abe6e15ef1d2df{\nborder-radius:0px;\n-webkit-border-radius:0px;\n-moz-border-radius:0px;\npadding:0px;\n}\n<\/style>\n<div class='flex_column av-1au5bb1-bbf900135b882a8893abe6e15ef1d2df av_one_full  avia-builder-el-11  el_after_av_one_full  el_before_av_one_full  first flex_column_div av-zero-column-padding column-top-margin'   ><section class=\"av_textblock_section \"  itemscope=\"itemscope\" itemtype=\"https:\/\/schema.org\/CreativeWork\" ><div class='avia_textblock  '   itemprop=\"text\" ><input type=\"button\" value=\"Terug\" class=\"alg_back_button_input \" style=\"\" onclick=\"window.history.back()\" \/>\n<\/div><\/section><\/div>\n\n<style type=\"text\/css\" id=\"style-css-av-vzk78d-9497689af812c950fc6b25e729bf7945\">\n#top .flex_column.av-vzk78d-9497689af812c950fc6b25e729bf7945{\nborder-radius:0px;\n-webkit-border-radius:0px;\n-moz-border-radius:0px;\npadding:0px;\n}\n<\/style>\n<div class='flex_column av-vzk78d-9497689af812c950fc6b25e729bf7945 av_one_full  avia-builder-el-13  el_after_av_one_full  avia-builder-el-last  first flex_column_div av-zero-column-padding column-top-margin'   ><section class=\"av_textblock_section \"  itemscope=\"itemscope\" itemtype=\"https:\/\/schema.org\/CreativeWork\" ><div class='avia_textblock  '   itemprop=\"text\" ><p style=\"text-align: right\">&#8220;Alle rechten voorbehouden&#8221; en &#8220;zonder garantie&#8221;.<\/p>\n<\/div><\/section><\/div>\n","protected":false},"excerpt":{"rendered":"","protected":false},"author":2,"featured_media":0,"parent":0,"menu_order":0,"comment_status":"closed","ping_status":"closed","template":"","meta":{"footnotes":""},"class_list":["post-122182","page","type-page","status-publish","hentry"],"_links":{"self":[{"href":"https:\/\/hikitec.de\/nl\/wp-json\/wp\/v2\/pages\/122182","targetHints":{"allow":["GET"]}}],"collection":[{"href":"https:\/\/hikitec.de\/nl\/wp-json\/wp\/v2\/pages"}],"about":[{"href":"https:\/\/hikitec.de\/nl\/wp-json\/wp\/v2\/types\/page"}],"author":[{"embeddable":true,"href":"https:\/\/hikitec.de\/nl\/wp-json\/wp\/v2\/users\/2"}],"replies":[{"embeddable":true,"href":"https:\/\/hikitec.de\/nl\/wp-json\/wp\/v2\/comments?post=122182"}],"version-history":[{"count":6,"href":"https:\/\/hikitec.de\/nl\/wp-json\/wp\/v2\/pages\/122182\/revisions"}],"predecessor-version":[{"id":122188,"href":"https:\/\/hikitec.de\/nl\/wp-json\/wp\/v2\/pages\/122182\/revisions\/122188"}],"wp:attachment":[{"href":"https:\/\/hikitec.de\/nl\/wp-json\/wp\/v2\/media?parent=122182"}],"curies":[{"name":"wp","href":"https:\/\/api.w.org\/{rel}","templated":true}]}}