{"id":128247,"date":"2021-04-28T15:08:53","date_gmt":"2021-04-28T13:08:53","guid":{"rendered":"https:\/\/hikitec.de\/klacht\/"},"modified":"2021-04-28T15:08:58","modified_gmt":"2021-04-28T13:08:58","slug":"klacht","status":"publish","type":"page","link":"https:\/\/hikitec.de\/nl\/klacht\/","title":{"rendered":"Klacht"},"content":{"rendered":"<section class=\"av_textblock_section \"  itemscope=\"itemscope\" itemtype=\"https:\/\/schema.org\/CreativeWork\" ><div class='avia_textblock  '   itemprop=\"text\" ><p><strong>Hoe ga ik om met klachten?<\/strong><\/p>\n<\/div><\/section>\n<section class=\"av_textblock_section \"  itemscope=\"itemscope\" itemtype=\"https:\/\/schema.org\/CreativeWork\" ><div class='avia_textblock  '   itemprop=\"text\" ><p>Wij hechten veel belang aan het uitvoeren en produceren van uw bestelling precies volgens uw idee\u00ebn. Maar mocht er toch iets misgaan, dan komt uw tevredenheid op de eerste plaats. Z\u00f6gern Sie nicht Ihren pers\u00f6nlichen Ansprechpartner zu kontaktieren und wir versuchen den Fehler schnellstm\u00f6glich zu korrigieren.<br \/>\nAangezien alle producten op verzoek en volgens uw individuele idee\u00ebn worden vervaardigd, zijn er geen algemene annuleringsbepalingen of herroepingsrechten van toepassing.<\/p>\n<\/div><\/section>\n<section class=\"av_textblock_section \"  itemscope=\"itemscope\" itemtype=\"https:\/\/schema.org\/CreativeWork\" ><div class='avia_textblock  '   itemprop=\"text\" ><input type=\"button\" value=\"Terug\" class=\"alg_back_button_input \" style=\"\" onclick=\"window.history.back()\" \/>\n<\/div><\/section>\n","protected":false},"excerpt":{"rendered":"","protected":false},"author":2,"featured_media":0,"parent":0,"menu_order":0,"comment_status":"closed","ping_status":"closed","template":"","meta":{"footnotes":""},"class_list":["post-128247","page","type-page","status-publish","hentry"],"_links":{"self":[{"href":"https:\/\/hikitec.de\/nl\/wp-json\/wp\/v2\/pages\/128247","targetHints":{"allow":["GET"]}}],"collection":[{"href":"https:\/\/hikitec.de\/nl\/wp-json\/wp\/v2\/pages"}],"about":[{"href":"https:\/\/hikitec.de\/nl\/wp-json\/wp\/v2\/types\/page"}],"author":[{"embeddable":true,"href":"https:\/\/hikitec.de\/nl\/wp-json\/wp\/v2\/users\/2"}],"replies":[{"embeddable":true,"href":"https:\/\/hikitec.de\/nl\/wp-json\/wp\/v2\/comments?post=128247"}],"version-history":[{"count":10,"href":"https:\/\/hikitec.de\/nl\/wp-json\/wp\/v2\/pages\/128247\/revisions"}],"predecessor-version":[{"id":128257,"href":"https:\/\/hikitec.de\/nl\/wp-json\/wp\/v2\/pages\/128247\/revisions\/128257"}],"wp:attachment":[{"href":"https:\/\/hikitec.de\/nl\/wp-json\/wp\/v2\/media?parent=128247"}],"curies":[{"name":"wp","href":"https:\/\/api.w.org\/{rel}","templated":true}]}}