{"id":159931,"date":"2021-05-07T13:52:40","date_gmt":"2021-05-07T11:52:40","guid":{"rendered":"https:\/\/hikitec.de\/verfijningsdienst\/"},"modified":"2021-05-07T13:52:49","modified_gmt":"2021-05-07T11:52:49","slug":"verfijningsdienst","status":"publish","type":"page","link":"https:\/\/hikitec.de\/nl\/verfijningsdienst\/","title":{"rendered":"Verfijningsdienst"},"content":{"rendered":"<section class=\"av_textblock_section \"  itemscope=\"itemscope\" itemtype=\"https:\/\/schema.org\/CreativeWork\" ><div class='avia_textblock  '   itemprop=\"text\" ><p><strong>Welke soorten afwerking zijn er?<\/strong><\/p>\n<\/div><\/section>\n<section class=\"av_textblock_section \"  itemscope=\"itemscope\" itemtype=\"https:\/\/schema.org\/CreativeWork\" ><div class='avia_textblock  '   itemprop=\"text\" ><p><strong>Verfijning zijn verschillende varianten om onze producten individueel te personaliseren. Afhankelijk van de aard van het oppervlak zijn verschillende types mogelijk:<\/strong><\/p>\n<p><strong>Zeefdruk<\/strong><\/p>\n<p>Deze druktechniek is een direct drukproc\u00e9d\u00e9 waarbij de inkt door een weefsel rechtstreeks op het te bedrukken product wordt gedrukt. De openingen in het weefsel zijn ondoordringbaar gemaakt voor verf op de plaatsen waar geen verf mag passeren. De drukvorm wordt vastgezet in een machine en de drukinkt wordt aangebracht&#8230;.<\/p>\n<p><strong>Tampondruk<\/strong><\/p>\n<p>Tampondruk is een indirect drukproc\u00e9d\u00e9 waarbij eerst een drukvorm wordt gecre\u00eberd en het drukmotief vervolgens via een stempel van siliconenrubber op het product wordt overgebracht. Door de elasticiteit van de stempel kunnen met deze methode zelfs licht gebogen oppervlakken goed worden bedrukt.<\/p>\n<p><strong>Graveren<\/strong><\/p>\n<p>Graveren of lasermarkeren zijn afwerkingen waarbij een intense laserstraal wordt gebruikt om uw logo op metalen oppervlakken aan te brengen. Door het verwijderen van materiaal zijn de lasermarkeringen waterbestendig, veegvast en zeer duurzaam.<\/p>\n<p><strong>Doming<\/strong><\/p>\n<p>Doming is de naam van een technologie voor de productie van een 3D-sticker met een oppervlaktecoating die meestal een glasachtig, zeer transparant uitzicht heeft. Doming ist die Bezeichnung f\u00fcr eine Technologie zur Herstellung eines 3D-Aufklebers mit einer Oberfl\u00e4chenbeschichtung, die in der Regel ein glasartiges, hochtransparentes Aussehen hat.<\/p>\n<p><strong>Digitaal drukken ( C M Y K )<\/strong><\/p>\n<p>Bij dit drukproc\u00e9d\u00e9 wordt het gedrukte beeld rechtstreeks van een computer naar een drukpers overgebracht zonder gebruik te maken van een statische drukvorm. Het druksysteem is gewoonlijk een elektrografisch druksysteem, zoals een laserprinter, ontworpen voor het drukken van grote hoeveelheden.<\/p>\n<p><strong>UV digitale druk ( W + C M Y K )<\/strong><\/p>\n<p>Het belangrijkste verschil met conventioneel digitaal drukken is dat de inkt niet volledig in het materiaal doordringt, maar bovenop het drukmateriaal ligt. Hierdoor is het mogelijk op bijna alle materialen te printen. De kleur wordt uitgehard met ultraviolet licht, dus wit is hier ook mogelijk als vijfde mengkleur.<\/p>\n<p><a href=\"https:\/\/hikitec.de\/cmyk-drukproces-gegevensgrootte-en-correcte-afloop\/?lang=nl\">Meer informatie over &#8220;Gegevensgrootte en correct bijsnijden&#8221; vindt u hier<\/a><\/p>\n<p><strong>Blinddruk<\/strong><\/p>\n<p>Dit is een reli\u00ebfdruk zonder inkt. Blinddruk is geschikt voor zachte basismaterialen zoals leder of kunstleder en laat een drukmotief er edel en onopvallend uitzien.<\/p>\n<p><strong>Warm stempelen<\/strong><\/p>\n<p>Heet stempelen is &#8220;hot stamping&#8221; zonder inkt, het verschil met conventioneel blind stempelen is dat de stempelmatrijs heet in het materiaal wordt gedrukt.<\/p>\n<p><a href=\"https:\/\/hikitec.de\/vektordaten-vs-pixeldaten\/?lang=nl\">Vector &amp; Pixel Bestandsinformatie<\/a><\/p>\n<\/div><\/section>\n<section class=\"av_textblock_section \"  itemscope=\"itemscope\" itemtype=\"https:\/\/schema.org\/CreativeWork\" ><div class='avia_textblock  '   itemprop=\"text\" ><input type=\"button\" value=\"Terug\" class=\"alg_back_button_input \" style=\"\" onclick=\"window.history.back()\" \/>\n<\/div><\/section>\n","protected":false},"excerpt":{"rendered":"","protected":false},"author":2,"featured_media":0,"parent":0,"menu_order":0,"comment_status":"closed","ping_status":"closed","template":"","meta":{"footnotes":""},"class_list":["post-159931","page","type-page","status-publish","hentry"],"_links":{"self":[{"href":"https:\/\/hikitec.de\/nl\/wp-json\/wp\/v2\/pages\/159931","targetHints":{"allow":["GET"]}}],"collection":[{"href":"https:\/\/hikitec.de\/nl\/wp-json\/wp\/v2\/pages"}],"about":[{"href":"https:\/\/hikitec.de\/nl\/wp-json\/wp\/v2\/types\/page"}],"author":[{"embeddable":true,"href":"https:\/\/hikitec.de\/nl\/wp-json\/wp\/v2\/users\/2"}],"replies":[{"embeddable":true,"href":"https:\/\/hikitec.de\/nl\/wp-json\/wp\/v2\/comments?post=159931"}],"version-history":[{"count":8,"href":"https:\/\/hikitec.de\/nl\/wp-json\/wp\/v2\/pages\/159931\/revisions"}],"predecessor-version":[{"id":159939,"href":"https:\/\/hikitec.de\/nl\/wp-json\/wp\/v2\/pages\/159931\/revisions\/159939"}],"wp:attachment":[{"href":"https:\/\/hikitec.de\/nl\/wp-json\/wp\/v2\/media?parent=159931"}],"curies":[{"name":"wp","href":"https:\/\/api.w.org\/{rel}","templated":true}]}}