{"id":128038,"date":"2021-04-26T11:09:38","date_gmt":"2021-04-26T09:09:38","guid":{"rendered":"https:\/\/hikitec.de\/dostawa\/"},"modified":"2021-04-26T11:09:42","modified_gmt":"2021-04-26T09:09:42","slug":"dostawa","status":"publish","type":"page","link":"https:\/\/hikitec.de\/pl\/dostawa\/","title":{"rendered":"Dostawa"},"content":{"rendered":"<section class=\"av_textblock_section \"  itemscope=\"itemscope\" itemtype=\"https:\/\/schema.org\/CreativeWork\" ><div class='avia_textblock  '   itemprop=\"text\" ><p><strong>Dok\u0105d HIKITEC mo\u017ce dostarczy\u0107 towar?<\/strong><\/p>\n<\/div><\/section>\n<section class=\"av_textblock_section \"  itemscope=\"itemscope\" itemtype=\"https:\/\/schema.org\/CreativeWork\" ><div class='avia_textblock  '   itemprop=\"text\" ><p><span data-mandanttxtkey=\"TXT_STATIC_FAQ_A_15\" data-contenteditable=\"true\">Gdzie na \u015bwiecie ma trafi\u0107 przesy\u0142ka, decyduj\u0105 Pa\u0144stwo sami &#8211; z naszej strony nie ma tu \u017cadnych ogranicze\u0144.<\/span><\/p>\n<p>Oferujemy nast\u0119puj\u0105ce us\u0142ugi:<\/p>\n<ul>\n<li>szybka i niezawodna dostawa<\/li>\n<li>Neutralna wysy\u0142ka bezpo\u015brednia<\/li>\n<li>wysy\u0142ka na ca\u0142y \u015bwiat*<\/li>\n<li>Odprawa celna<\/li>\n<li>Zollabfertigung<\/li>\n<li>automatyczne przesy\u0142anie numeru \u015bledzenia<\/li>\n<\/ul>\n<p>* Opr\u00f3cz specyficznych dla danego kraju rozporz\u0105dze\u0144 dotycz\u0105cych embarga nale\u017cy r\u00f3wnie\u017c przestrzega\u0107 restrykcyjnych \u015brodk\u00f3w embarga innych ni\u017c krajowe (np. rozporz\u0105dzenia w sprawie terroryzmu, <abbr class=\"has-tip tip-bottom\" title=\"\" data-tooltip=\"\" aria-haspopup=\"true\" data-selector=\"tooltip-kd4f53y60\" aria-describedby=\"tooltip-kd4f53y60\">rozporz\u0105dzenia w sprawie zwalczania tortur<\/abbr>), jak r\u00f3wnie\u017c zakaz\u00f3w i ogranicze\u0144 wynikaj\u0105cych z prawa handlu zagranicznego zgodnie z rozporz\u0105dzeniem WE o podw\u00f3jnym zastosowaniu, ustaw\u0105 o handlu zagranicznym i p\u0142atno\u015bciach oraz rozporz\u0105dzeniem o handlu zagranicznym i p\u0142atno\u015bciach.<\/p>\n<p><span data-mandanttxtkey=\"TXT_STATIC_FAQ_A_15\" data-contenteditable=\"true\"> <\/span><\/p>\n<\/div><\/section>\n<section class=\"av_textblock_section \"  itemscope=\"itemscope\" itemtype=\"https:\/\/schema.org\/CreativeWork\" ><div class='avia_textblock  '   itemprop=\"text\" ><input type=\"button\" value=\"Powr\u00f3t\" class=\"alg_back_button_input \" style=\"\" onclick=\"window.history.back()\" \/>\n<\/div><\/section>\n","protected":false},"excerpt":{"rendered":"","protected":false},"author":2,"featured_media":0,"parent":0,"menu_order":0,"comment_status":"closed","ping_status":"closed","template":"","meta":{"footnotes":""},"class_list":["post-128038","page","type-page","status-publish","hentry"],"_links":{"self":[{"href":"https:\/\/hikitec.de\/pl\/wp-json\/wp\/v2\/pages\/128038","targetHints":{"allow":["GET"]}}],"collection":[{"href":"https:\/\/hikitec.de\/pl\/wp-json\/wp\/v2\/pages"}],"about":[{"href":"https:\/\/hikitec.de\/pl\/wp-json\/wp\/v2\/types\/page"}],"author":[{"embeddable":true,"href":"https:\/\/hikitec.de\/pl\/wp-json\/wp\/v2\/users\/2"}],"replies":[{"embeddable":true,"href":"https:\/\/hikitec.de\/pl\/wp-json\/wp\/v2\/comments?post=128038"}],"version-history":[{"count":5,"href":"https:\/\/hikitec.de\/pl\/wp-json\/wp\/v2\/pages\/128038\/revisions"}],"predecessor-version":[{"id":128044,"href":"https:\/\/hikitec.de\/pl\/wp-json\/wp\/v2\/pages\/128038\/revisions\/128044"}],"wp:attachment":[{"href":"https:\/\/hikitec.de\/pl\/wp-json\/wp\/v2\/media?parent=128038"}],"curies":[{"name":"wp","href":"https:\/\/api.w.org\/{rel}","templated":true}]}}