{"id":128089,"date":"2021-04-26T11:45:56","date_gmt":"2021-04-26T09:45:56","guid":{"rendered":"https:\/\/hikitec.de\/lucid\/"},"modified":"2021-04-26T11:46:05","modified_gmt":"2021-04-26T09:46:05","slug":"lucid","status":"publish","type":"page","link":"https:\/\/hikitec.de\/pl\/lucid\/","title":{"rendered":"LUCID"},"content":{"rendered":"<section class=\"av_textblock_section \"  itemscope=\"itemscope\" itemtype=\"https:\/\/schema.org\/CreativeWork\" ><div class='avia_textblock  '   itemprop=\"text\" ><p>Od pocz\u0105tku 2019 roku obowi\u0105zuje nowa ustawa o opakowaniach. Zast\u0119puje ono dotychczas obowi\u0105zuj\u0105ce rozporz\u0105dzenie w sprawie opakowa\u0144 i ma daleko id\u0105ce skutki dla obowi\u0105zku sprawozdawczego i rozliczania sk\u0142adek w systemie dualnym. Dotyczy to zar\u00f3wno handlowc\u00f3w, jak i importer\u00f3w, kt\u00f3rzy pracuj\u0105 z opakowaniami.<\/p>\n<p>Abstrakty:<\/p>\n<ul>\n<li>Od 1 stycznia 2019 r. wesz\u0142a w \u017cycie nowa ustawa o opakowaniach. Zast\u0119puje ono poprzednie rozporz\u0105dzenie w sprawie opakowa\u0144.<\/li>\n<li>Od tej daty producenci, importerzy i dystrybutorzy s\u0105 zobowi\u0105zani do rejestrowania zu\u017cycia materia\u0142\u00f3w opakowaniowych w kolejnym, centralnym punkcie.<\/li>\n<li>Nowy o\u015brodek sprawozdawczo\u015bci LUCID b\u0119dzie dzia\u0142a\u0142 r\u00f3wnolegle z istniej\u0105cymi systemami sprawozdawczo\u015bci, a zainteresowane przedsi\u0119biorstwa nadal b\u0119d\u0105 musia\u0142y zg\u0142asza\u0107 tam swoje materia\u0142y opakowaniowe.<\/li>\n<li>Od tego momentu do systemu dualnego nale\u017cy wnosi\u0107 op\u0142at\u0119 za zu\u017cycie materia\u0142\u00f3w opakowaniowych.<\/li>\n<li>W ten spos\u00f3b unika si\u0119 zb\u0119dnych opakowa\u0144, a w szczeg\u00f3lno\u015bci przepakowywania, i odci\u0105\u017ca si\u0119 \u015brodowisko.<\/li>\n<\/ul>\n<p>HIKITEC GmbH jest zarejestrowany jako producent opakowa\u0144 podlegaj\u0105cy uczestnictwu systemowemu z danymi rejestracyjnymi podanymi w za\u0142\u0105czniku pod numerem rejestracyjnym D E2736270202214 od 01.01.2019.<\/p>\n<\/div><\/section>\n<section class=\"av_textblock_section \"  itemscope=\"itemscope\" itemtype=\"https:\/\/schema.org\/CreativeWork\" ><div class='avia_textblock  '   itemprop=\"text\" ><input type=\"button\" value=\"Powr\u00f3t\" class=\"alg_back_button_input \" style=\"\" onclick=\"window.history.back()\" \/>\n<\/div><\/section>\n","protected":false},"excerpt":{"rendered":"","protected":false},"author":2,"featured_media":0,"parent":0,"menu_order":0,"comment_status":"closed","ping_status":"closed","template":"","meta":{"footnotes":""},"class_list":["post-128089","page","type-page","status-publish","hentry"],"_links":{"self":[{"href":"https:\/\/hikitec.de\/pl\/wp-json\/wp\/v2\/pages\/128089","targetHints":{"allow":["GET"]}}],"collection":[{"href":"https:\/\/hikitec.de\/pl\/wp-json\/wp\/v2\/pages"}],"about":[{"href":"https:\/\/hikitec.de\/pl\/wp-json\/wp\/v2\/types\/page"}],"author":[{"embeddable":true,"href":"https:\/\/hikitec.de\/pl\/wp-json\/wp\/v2\/users\/2"}],"replies":[{"embeddable":true,"href":"https:\/\/hikitec.de\/pl\/wp-json\/wp\/v2\/comments?post=128089"}],"version-history":[{"count":5,"href":"https:\/\/hikitec.de\/pl\/wp-json\/wp\/v2\/pages\/128089\/revisions"}],"predecessor-version":[{"id":128094,"href":"https:\/\/hikitec.de\/pl\/wp-json\/wp\/v2\/pages\/128089\/revisions\/128094"}],"wp:attachment":[{"href":"https:\/\/hikitec.de\/pl\/wp-json\/wp\/v2\/media?parent=128089"}],"curies":[{"name":"wp","href":"https:\/\/api.w.org\/{rel}","templated":true}]}}