{"id":128110,"date":"2021-04-26T14:39:54","date_gmt":"2021-04-26T12:39:54","guid":{"rendered":"https:\/\/hikitec.de\/powtarzajace-sie-zamowienia\/"},"modified":"2021-04-26T14:39:58","modified_gmt":"2021-04-26T12:39:58","slug":"powtarzajace-sie-zamowienia","status":"publish","type":"page","link":"https:\/\/hikitec.de\/pl\/powtarzajace-sie-zamowienia\/","title":{"rendered":"Powtarzaj\u0105ce si\u0119 zam\u00f3wienia"},"content":{"rendered":"<p><strong>Czy kolory s\u0105 wiernie odwzorowane? <\/strong><strong>Drukuj &#8211; do dostarczonych przeze mnie danych<\/strong><\/p>\n<p>Kiedy zlecasz nam drukowanie swoich produkt\u00f3w, oczekujesz oczywi\u015bcie, \u017ce kolory b\u0119d\u0105 wygl\u0105da\u0142y dok\u0142adnie tak samo na wydruku, jak w Twoich danych.<br \/>\nAle 100% wierno\u015b\u0107 kolor\u00f3w nie jest w og\u00f3le mo\u017cliwa, jak poka\u017cemy poni\u017cej.<\/p>\n<p class=\"h3\"><strong>Dlaczego 100% wierno\u015b\u0107 kolor\u00f3w jest niemo\u017cliwa?<\/strong><\/p>\n<p>Nie jest mo\u017cliwe osi\u0105gni\u0119cie 100% wierno\u015bci kolor\u00f3w, poniewa\u017c druk jest procesem mechanicznym, kt\u00f3ry podlega wielu wp\u0142ywom zewn\u0119trznym &#8211; takim jak warunki klimatyczne. R\u00f3wnie\u017c pod\u0142o\u017ce drukowe (materia\u0142) i stosowane farby s\u0105 ju\u017c produkowane z pewnymi tolerancjami i tym samym wp\u0142ywaj\u0105 na efekt ko\u0144cowy. Ponadto, w procesie drukowania bierze udzia\u0142 wiele r\u00f3\u017cnych urz\u0105dze\u0144 i system\u00f3w oprogramowania, kt\u00f3re s\u0105 zazwyczaj r\u00f3\u017cnie ustawione i dlatego u\u017cywaj\u0105 r\u00f3\u017cnych modeli kolor\u00f3w i przestrzeni barw. Pocz\u0105wszy od \u017ar\u00f3d\u0142a \u015bwiat\u0142a na miejscu, poprzez CMYK i RGB, monitor i oprogramowanie u\u017cywane do tworzenia danych, a sko\u0144czywszy na naszych wewn\u0119trznych systemach kolorystycznych i drukarskich.<\/p>\n<p><strong>Czy s\u0105 jakie\u015b r\u00f3\u017cnice w kolorach przy ponownym zam\u00f3wieniu?<\/strong><\/p>\n<p>W przypadku identycznych, powtarzaj\u0105cych si\u0119 zam\u00f3wie\u0144, odchylenia kolorystyczne od poprzedniej serii s\u0105 mo\u017cliwe ze wzgl\u0119d\u00f3w drukarskich i materia\u0142owych i nie stanowi\u0105 podstawy do reklamacji. Niewielkie odchylenia kolorystyczne s\u0105 mo\u017cliwe r\u00f3wnie\u017c w obr\u0119bie serii i nale\u017cy je tolerowa\u0107.<\/p>\n","protected":false},"excerpt":{"rendered":"<p>Czy kolory s\u0105 wiernie odwzorowane? Drukuj &#8211; do dostarczonych przeze mnie danych Kiedy zlecasz nam drukowanie swoich produkt\u00f3w, oczekujesz oczywi\u015bcie, \u017ce kolory b\u0119d\u0105 wygl\u0105da\u0142y dok\u0142adnie tak samo na wydruku, jak w Twoich danych. Ale 100% wierno\u015b\u0107 kolor\u00f3w nie jest w og\u00f3le mo\u017cliwa, jak poka\u017cemy poni\u017cej. Dlaczego 100% wierno\u015b\u0107 kolor\u00f3w jest niemo\u017cliwa? Nie jest mo\u017cliwe osi\u0105gni\u0119cie [&hellip;]<\/p>\n","protected":false},"author":2,"featured_media":0,"parent":0,"menu_order":0,"comment_status":"closed","ping_status":"closed","template":"","meta":{"footnotes":""},"class_list":["post-128110","page","type-page","status-publish","hentry"],"_links":{"self":[{"href":"https:\/\/hikitec.de\/pl\/wp-json\/wp\/v2\/pages\/128110","targetHints":{"allow":["GET"]}}],"collection":[{"href":"https:\/\/hikitec.de\/pl\/wp-json\/wp\/v2\/pages"}],"about":[{"href":"https:\/\/hikitec.de\/pl\/wp-json\/wp\/v2\/types\/page"}],"author":[{"embeddable":true,"href":"https:\/\/hikitec.de\/pl\/wp-json\/wp\/v2\/users\/2"}],"replies":[{"embeddable":true,"href":"https:\/\/hikitec.de\/pl\/wp-json\/wp\/v2\/comments?post=128110"}],"version-history":[{"count":1,"href":"https:\/\/hikitec.de\/pl\/wp-json\/wp\/v2\/pages\/128110\/revisions"}],"predecessor-version":[{"id":128111,"href":"https:\/\/hikitec.de\/pl\/wp-json\/wp\/v2\/pages\/128110\/revisions\/128111"}],"wp:attachment":[{"href":"https:\/\/hikitec.de\/pl\/wp-json\/wp\/v2\/media?parent=128110"}],"curies":[{"name":"wp","href":"https:\/\/api.w.org\/{rel}","templated":true}]}}