{"id":128152,"date":"2021-04-26T15:56:07","date_gmt":"2021-04-26T13:56:07","guid":{"rendered":"https:\/\/hikitec.de\/prodsg\/"},"modified":"2021-04-26T15:56:12","modified_gmt":"2021-04-26T13:56:12","slug":"prodsg","status":"publish","type":"page","link":"https:\/\/hikitec.de\/pl\/prodsg\/","title":{"rendered":"ProdSG"},"content":{"rendered":"<section class=\"av_textblock_section \"  itemscope=\"itemscope\" itemtype=\"https:\/\/schema.org\/CreativeWork\" ><div class='avia_textblock  '   itemprop=\"text\" ><p><strong>Obowi\u0105zek oznakowania zgodnie z ustaw\u0105 o bezpiecze\u0144stwie produkt\u00f3w (ProdSG) \u00a7 6:<\/strong><\/p>\n<p>Ze wzgl\u0119du na obowi\u0105zuj\u0105cy w Niemczech obowi\u0105zek znakowania, wszystkie produkty musz\u0105 by\u0107 zaopatrzone w kompletny adres.<\/p>\n<p>W celu spe\u0142nienia wymog\u00f3w ustawy o bezpiecze\u0144stwie produkt\u00f3w, produkty s\u0105 standardowo oznaczone danymi kontaktowymi i adresowymi firmy HIKITEC GmbH, o ile klient nie poda innych informacji w tym zakresie. Eine Abweichung kann nur von der Selbstkostenkalkulation vorgenommen werden.<\/p>\n<p><strong>Ustawa o bezpiecze\u0144stwie produkt\u00f3w<\/strong><\/p>\n<p>Producent, importer czy dystrybutor? I jak ma by\u0107 przeprowadzane etykietowanie?<\/p>\n<p>Poni\u017cej przedstawiamy najpierw nowe prawo i w zrozumia\u0142y spos\u00f3b podsumowujemy kluczowe punkty, kt\u00f3rych nale\u017cy przestrzega\u0107. Dowiesz si\u0119 r\u00f3wnie\u017c, jak wdro\u017cy\u0107 te wytyczne.<\/p>\n<p><strong>1. nowa ustawa o bezpiecze\u0144stwie produkt\u00f3w<\/strong><\/p>\n<p>Nowa ustawa o bezpiecze\u0144stwie produkt\u00f3w (ProdSG) wesz\u0142a w \u017cycie z dniem 01.12.2011. Zawiera ona r\u00f3\u017cne innowacje w stosunku do starej tzw. ustawy o bezpiecze\u0144stwie urz\u0105dze\u0144 i produkt\u00f3w.<\/p>\n<p>Chodzi w szczeg\u00f3lno\u015bci o to, \u017ce w \u00a7 2 nr 2 ProdSG nie tylko wystawianie towar\u00f3w, ale tak\u017ce demonstrowanie i oferowanie produkt\u00f3w w celu reklamy lub udost\u0119pniania ich na rynku s\u0105 obj\u0119te ochron\u0105 prawa.<\/p>\n<p>Oznacza to, \u017ce w przysz\u0142o\u015bci ProdSG obejmie r\u00f3wnie\u017c w szczeg\u00f3lno\u015bci handel internetowy. W zwi\u0105zku z tym platformy internetowe powinny odt\u0105d r\u00f3wnie\u017c kontaktowa\u0107 si\u0119 z ProdSG. Dotyczy to w szczeg\u00f3lno\u015bci dostawc\u00f3w produkt\u00f3w konsumenckich.<\/p>\n<p>Nowo\u015bci\u0105 w tym kontek\u015bcie jest przepis \u00a7 6 ust. 1 nr 3 ProdSG, kt\u00f3ra w przysz\u0142o\u015bci wymaga umieszczania na produktach konsumenckich wyra\u017anych oznacze\u0144 w celu ich identyfikacji. Zgodnie z literatur\u0105 dotycz\u0105c\u0105 nowej ustawy, podmiotom gospodarczym zaleca si\u0119 wprowadzenie przejrzystego systemu identyfikacji i identyfikowalno\u015bci produkt\u00f3w konsumenckich.<\/p>\n<p>Zaleca si\u0119 r\u00f3wnie\u017c rozwa\u017cenie etykietowania nawet w przypadku produkt\u00f3w nie przeznaczonych dla konsument\u00f3w, poniewa\u017c w przypadku akcji wycofywania produkt\u00f3w z rynku tylko wyra\u017ane etykiety mog\u0105 dok\u0142adnie okre\u015bli\u0107, kt\u00f3re produkty nale\u017cy wycofa\u0107 z rynku. W przeciwnym razie mo\u017ce zaistnie\u0107 konieczno\u015b\u0107 wycofania z rynku ca\u0142ych grup produkt\u00f3w.<\/p>\n<p>W przypadku etykietowania nale\u017cy zadba\u0107 o to, aby by\u0142o ono wykonane w taki spos\u00f3b, aby w szczeg\u00f3lno\u015bci klienci ko\u0144cowi rozumieli znaki bez \u017cadnych dalszych etap\u00f3w po\u015brednich. Dlatego nale\u017cy unika\u0107 symboli lub kod\u00f3w graficznych, zw\u0142aszcza kod\u00f3w kreskowych lub tzw. kod\u00f3w QR. Z drugiej strony, kolejny, a wi\u0119c indywidualny numer produkcyjny na ka\u017cdym produkcie wydaje si\u0119 w\u0142a\u015bciwy. Opr\u00f3cz oznakowania identyfikuj\u0105cego produkt konsumencki, nale\u017cy r\u00f3wnie\u017c umie\u015bci\u0107 nazw\u0119 i adres kontaktowy producenta lub, je\u017celi producent nie ma siedziby w Europejskim Obszarze Gospodarczym, nazw\u0119 i adres kontaktowy upowa\u017cnionego przedstawiciela lub importera.<\/p>\n<p>Oznacza to, \u017ce nazwa i adres kontaktowy producenta musz\u0105 by\u0107 umieszczone na produkcie konsumenckim, je\u017celi producent ma siedzib\u0119 w Europejskim Obszarze Gospodarczym. W przeciwnym razie nale\u017cy poda\u0107 nazw\u0119 i adres kontaktowy autoryzowanego przedstawiciela producenta (wymagana siedziba w Europejskim Obszarze Gospodarczym). Jako importer lub, zgodnie z brzmieniem ustawy, jako sprowadzaj\u0105cy, musisz poda\u0107 swoj\u0105 nazw\u0119 i adres kontaktowy, je\u015bli importujesz towary spoza Europejskiego Obszaru Gospodarczego, a producent nie ma co najmniej jednego autoryzowanego przedstawiciela w Europejskim Obszarze Gospodarczym, kt\u00f3rego adres jest wydrukowany na produkcie.<\/p>\n<p><strong>Drugie podsumowanie:<\/strong><\/p>\n<p>Jako dystrybutor produkt\u00f3w promocyjnych jeste\u015b zobowi\u0105zany zgodnie z \u00a7 6 ProdSG do umieszczenia na produktach konsumenckich oznacze\u0144 umo\u017cliwiaj\u0105cych identyfikacj\u0119 produktu konsumenckiego oraz swojej nazwy i adresu kontaktowego, je\u017celi producent ma siedzib\u0119 poza UE i nie umie\u015bci\u0142 na produkcie adresu kontaktowego autoryzowanego przedstawiciela na terenie UE.<\/p>\n<p>W przeciwnym razie nale\u017cy zach\u0119ca\u0107 producent\u00f3w europejskich do umieszczania nazwy i adresu kontaktowego oraz oznaczenia identyfikuj\u0105cego produkt konsumencki.<\/p>\n<p>Produkt konsumpcyjny powinien by\u0107 identyfikowany np. poprzez kolejny, a wi\u0119c indywidualny numer produkcji (numer seryjny), ale nie poprzez niezrozumia\u0142e kody graficzne lub inne oznaczenia.<\/p>\n<p>W wyj\u0105tkowych przypadkach mo\u017cna odst\u0105pi\u0107 od wymogu etykietowania, je\u017celi wymaga\u0142oby to nieproporcjonalnie du\u017cego wysi\u0142ku. Jak dot\u0105d nie ma jednak orzecznictwa w tej kwestii. Naszym zdaniem mo\u017ce to jednak dotyczy\u0107 tylko przypadk\u00f3w, w kt\u00f3rych umieszczenie numeru identyfikacyjnego itp. jest zasadniczo niemo\u017cliwe ze wzgl\u0119du na charakter produktu (np. szczeg\u00f3lnie ma\u0142y).<\/p>\n<p>W przypadku naruszenia przepis\u00f3w obowi\u0105zuj\u0105 przepisy dotycz\u0105ce grzywien i kar. W tym przypadku istnieje ryzyko kary grzywny w wysoko\u015bci do 100.000,00 euro. Ponadto istnieje inny przepis dotycz\u0105cy grzywien, kt\u00f3ry umo\u017cliwia na\u0142o\u017cenie dodatkowej op\u0142aty z tytu\u0142u skimmingu zysk\u00f3w.<\/p>\n<p>Ponadto, zgodnie z powy\u017cszymi zasadami, Ty lub producent jeste\u015bcie zobowi\u0105zani do umieszczenia na produkcie konsumenckim instrukcji obs\u0142ugi, je\u017celi bez niej korzystanie z produktu wi\u0105za\u0142oby si\u0119 z ryzykiem.<\/p>\n<p><strong>3. Kt\u00f3rych produkt\u00f3w to dotyczy?<\/strong><\/p>\n<p>Na to pytanie mo\u017cna odpowiedzie\u0107 do\u015b\u0107 kr\u00f3tko: WSZYSTKO, pod warunkiem zapewnienia powierzchni reklamowej i proporcjonalno\u015bci nak\u0142ad\u00f3w na aplikacj\u0119. Je\u015bli nie jeste\u015b pewien, jaki model wybra\u0107, nasz zesp\u00f3\u0142 serwisowy z przyjemno\u015bci\u0105 Ci pomo\u017ce. Ch\u0119tnie udzielimy Pa\u0144stwu porady.<\/p>\n<p><strong>4. Jaki jest najlepszy spos\u00f3b wdro\u017cenia nowych wymog\u00f3w?<\/strong><\/p>\n<p>Poniewa\u017c wiele motyw\u00f3w drukowanych nie posiada niezb\u0119dnych informacji, mimo wszystko nale\u017cy je zamie\u015bci\u0107. Mo\u017cna to jednak zrobi\u0107 r\u00f3wnie\u017c w spos\u00f3b ma\u0142y i dyskretny. Na przyk\u0142adzie torby opracowali\u015bmy dla Pa\u0144stwa kilka opcji wdro\u017cenia i mamy nadziej\u0119, \u017ce mog\u0105 one by\u0107 pomocne w procesie podejmowania decyzji.<\/p>\n<p>W celu przestrzegania ustawy o bezpiecze\u0144stwie produkt\u00f3w (ProdSG \u00a76) produkty s\u0105 standardowo oznaczone danymi kontaktowymi i adresowymi firmy HIKITEC GmbH, o ile klient nie poda innych informacji w tym zakresie.<\/p>\n<p>W razie potrzeby odchylenie mo\u017ce by\u0107 dokonane wy\u0142\u0105cznie w oparciu o kalkulacj\u0119 koszt\u00f3w.<\/p>\n<\/div><\/section>\n<section class=\"av_textblock_section \"  itemscope=\"itemscope\" itemtype=\"https:\/\/schema.org\/CreativeWork\" ><div class='avia_textblock  '   itemprop=\"text\" ><input type=\"button\" value=\"Powr\u00f3t\" class=\"alg_back_button_input \" style=\"\" onclick=\"window.history.back()\" \/>\n<\/div><\/section>\n","protected":false},"excerpt":{"rendered":"","protected":false},"author":2,"featured_media":0,"parent":0,"menu_order":0,"comment_status":"closed","ping_status":"closed","template":"","meta":{"footnotes":""},"class_list":["post-128152","page","type-page","status-publish","hentry"],"_links":{"self":[{"href":"https:\/\/hikitec.de\/pl\/wp-json\/wp\/v2\/pages\/128152","targetHints":{"allow":["GET"]}}],"collection":[{"href":"https:\/\/hikitec.de\/pl\/wp-json\/wp\/v2\/pages"}],"about":[{"href":"https:\/\/hikitec.de\/pl\/wp-json\/wp\/v2\/types\/page"}],"author":[{"embeddable":true,"href":"https:\/\/hikitec.de\/pl\/wp-json\/wp\/v2\/users\/2"}],"replies":[{"embeddable":true,"href":"https:\/\/hikitec.de\/pl\/wp-json\/wp\/v2\/comments?post=128152"}],"version-history":[{"count":7,"href":"https:\/\/hikitec.de\/pl\/wp-json\/wp\/v2\/pages\/128152\/revisions"}],"predecessor-version":[{"id":128159,"href":"https:\/\/hikitec.de\/pl\/wp-json\/wp\/v2\/pages\/128152\/revisions\/128159"}],"wp:attachment":[{"href":"https:\/\/hikitec.de\/pl\/wp-json\/wp\/v2\/media?parent=128152"}],"curies":[{"name":"wp","href":"https:\/\/api.w.org\/{rel}","templated":true}]}}