{"id":128197,"date":"2021-04-26T16:21:39","date_gmt":"2021-04-26T14:21:39","guid":{"rendered":"https:\/\/hikitec.de\/czas-produkcji-2\/"},"modified":"2021-04-26T16:21:39","modified_gmt":"2021-04-26T14:21:39","slug":"czas-produkcji-2","status":"publish","type":"page","link":"https:\/\/hikitec.de\/pl\/czas-produkcji-2\/","title":{"rendered":"Czas produkcji"},"content":{"rendered":"<section class=\"av_textblock_section \"  itemscope=\"itemscope\" itemtype=\"https:\/\/schema.org\/CreativeWork\" ><div class='avia_textblock  '   itemprop=\"text\" ><p><strong>Jakie s\u0105 czasy dostawy?<\/strong><\/p>\n<\/div><\/section>\n<section class=\"av_textblock_section \"  itemscope=\"itemscope\" itemtype=\"https:\/\/schema.org\/CreativeWork\" ><div class='avia_textblock  '   itemprop=\"text\" ><p>Je\u015bli nie ma wi\u0119cej pyta\u0144 dotycz\u0105cych zam\u00f3wienia zar\u00f3wno z Pa\u0144stwa strony, jak i z naszej strony, zazwyczaj trwa to od 10 do 15 dni roboczych, a\u017c artyku\u0142y dotr\u0105 do Pa\u0144stwa. Wi\u0119cej szczeg\u00f3\u0142owych informacji wst\u0119pnych znajdziesz w potwierdzeniu zam\u00f3wienia. Tam ponownie otrzymaj\u0105 Pa\u0144stwo przewidywany termin dostawy po wyja\u015bnieniu zam\u00f3wienia.<\/p>\n<\/div><\/section>\n<section class=\"av_textblock_section \"  itemscope=\"itemscope\" itemtype=\"https:\/\/schema.org\/CreativeWork\" ><div class='avia_textblock  '   itemprop=\"text\" ><input type=\"button\" value=\"Powr\u00f3t\" class=\"alg_back_button_input \" style=\"\" onclick=\"window.history.back()\" \/>\n<\/div><\/section>\n","protected":false},"excerpt":{"rendered":"","protected":false},"author":2,"featured_media":0,"parent":0,"menu_order":0,"comment_status":"closed","ping_status":"closed","template":"","meta":{"footnotes":""},"class_list":["post-128197","page","type-page","status-publish","hentry"],"_links":{"self":[{"href":"https:\/\/hikitec.de\/pl\/wp-json\/wp\/v2\/pages\/128197","targetHints":{"allow":["GET"]}}],"collection":[{"href":"https:\/\/hikitec.de\/pl\/wp-json\/wp\/v2\/pages"}],"about":[{"href":"https:\/\/hikitec.de\/pl\/wp-json\/wp\/v2\/types\/page"}],"author":[{"embeddable":true,"href":"https:\/\/hikitec.de\/pl\/wp-json\/wp\/v2\/users\/2"}],"replies":[{"embeddable":true,"href":"https:\/\/hikitec.de\/pl\/wp-json\/wp\/v2\/comments?post=128197"}],"version-history":[{"count":2,"href":"https:\/\/hikitec.de\/pl\/wp-json\/wp\/v2\/pages\/128197\/revisions"}],"predecessor-version":[{"id":128199,"href":"https:\/\/hikitec.de\/pl\/wp-json\/wp\/v2\/pages\/128197\/revisions\/128199"}],"wp:attachment":[{"href":"https:\/\/hikitec.de\/pl\/wp-json\/wp\/v2\/media?parent=128197"}],"curies":[{"name":"wp","href":"https:\/\/api.w.org\/{rel}","templated":true}]}}