{"id":128276,"date":"2021-04-28T15:22:23","date_gmt":"2021-04-28T13:22:23","guid":{"rendered":"https:\/\/hikitec.de\/reklamacja\/"},"modified":"2021-04-28T15:22:23","modified_gmt":"2021-04-28T13:22:23","slug":"reklamacja","status":"publish","type":"page","link":"https:\/\/hikitec.de\/pl\/reklamacja\/","title":{"rendered":"Reklamacja"},"content":{"rendered":"<section class=\"av_textblock_section \"  itemscope=\"itemscope\" itemtype=\"https:\/\/schema.org\/CreativeWork\" ><div class='avia_textblock  '   itemprop=\"text\" ><p><strong>Jak nale\u017cy post\u0119powa\u0107 w przypadku reklamacji?<\/strong><\/p>\n<\/div><\/section>\n<section class=\"av_textblock_section \"  itemscope=\"itemscope\" itemtype=\"https:\/\/schema.org\/CreativeWork\" ><div class='avia_textblock  '   itemprop=\"text\" ><p>Przywi\u0105zujemy du\u017c\u0105 wag\u0119 do wykonania i wyprodukowania Pa\u0144stwa zam\u00f3wienia dok\u0142adnie wed\u0142ug Pa\u0144stwa pomys\u0142u. Gdyby jednak co\u015b posz\u0142o nie tak, na pierwszym miejscu stawiamy Pa\u0144stwa zadowolenie. Nie wahaj si\u0119 skontaktowa\u0107 z osob\u0105 kontaktow\u0105, a my postaramy si\u0119 naprawi\u0107 b\u0142\u0105d tak szybko, jak to mo\u017cliwe.<br \/>\nDa alle Produkte auf Wunsch und nach Ihren individuellen Vorstellungen angefertigt werden, gelten keine allgemeinen K\u00fcndigungsbestimmungen oder Widerrufsrechte.<\/p>\n<\/div><\/section>\n<section class=\"av_textblock_section \"  itemscope=\"itemscope\" itemtype=\"https:\/\/schema.org\/CreativeWork\" ><div class='avia_textblock  '   itemprop=\"text\" ><input type=\"button\" value=\"Powr\u00f3t\" class=\"alg_back_button_input \" style=\"\" onclick=\"window.history.back()\" \/>\n<\/div><\/section>\n","protected":false},"excerpt":{"rendered":"","protected":false},"author":2,"featured_media":0,"parent":0,"menu_order":0,"comment_status":"closed","ping_status":"closed","template":"","meta":{"footnotes":""},"class_list":["post-128276","page","type-page","status-publish","hentry"],"_links":{"self":[{"href":"https:\/\/hikitec.de\/pl\/wp-json\/wp\/v2\/pages\/128276","targetHints":{"allow":["GET"]}}],"collection":[{"href":"https:\/\/hikitec.de\/pl\/wp-json\/wp\/v2\/pages"}],"about":[{"href":"https:\/\/hikitec.de\/pl\/wp-json\/wp\/v2\/types\/page"}],"author":[{"embeddable":true,"href":"https:\/\/hikitec.de\/pl\/wp-json\/wp\/v2\/users\/2"}],"replies":[{"embeddable":true,"href":"https:\/\/hikitec.de\/pl\/wp-json\/wp\/v2\/comments?post=128276"}],"version-history":[{"count":2,"href":"https:\/\/hikitec.de\/pl\/wp-json\/wp\/v2\/pages\/128276\/revisions"}],"predecessor-version":[{"id":128278,"href":"https:\/\/hikitec.de\/pl\/wp-json\/wp\/v2\/pages\/128276\/revisions\/128278"}],"wp:attachment":[{"href":"https:\/\/hikitec.de\/pl\/wp-json\/wp\/v2\/media?parent=128276"}],"curies":[{"name":"wp","href":"https:\/\/api.w.org\/{rel}","templated":true}]}}