{"id":128305,"date":"2021-04-28T15:32:28","date_gmt":"2021-04-28T13:32:28","guid":{"rendered":"https:\/\/hikitec.de\/usluga-oddzwaniania\/"},"modified":"2021-04-28T15:32:31","modified_gmt":"2021-04-28T13:32:31","slug":"usluga-oddzwaniania","status":"publish","type":"page","link":"https:\/\/hikitec.de\/pl\/usluga-oddzwaniania\/","title":{"rendered":"Us\u0142uga oddzwaniania"},"content":{"rendered":"<form action=\"https:\/\/hikitec.de\/pl\/usluga-oddzwaniania\/\" method=\"post\"  class=\"avia_ajax_form av-form-labels-visible   avia-builder-el-0  avia-builder-el-no-sibling   \" data-avia-form-id=\"1\" data-avia-redirect='' ><h3 class=''>Us\u0142uga oddzwaniania<\/h3><fieldset><p class='  first_form  form_element form_fullwidth' id='element_avia_1_1'><label for=\"avia_1_1\">Imi\u0119 i nazwisko<\/label> <input name=\"avia_1_1\" class=\"text_input \" type=\"text\" id=\"avia_1_1\" value=\"\" \/><\/p><p class='  first_form  form_element form_fullwidth' id='element_avia_2_1'><label for=\"avia_2_1\">Numer telefonu <abbr class=\"required\" title=\"required\">*<\/abbr><\/label> <input name=\"avia_2_1\" class=\"text_input is_phone\" type=\"text\" id=\"avia_2_1\" value=\"\" \/><\/p><p class=' first_form  form_element form_fullwidth' id='element_avia_3_1'>    <input  name=\"avia_3_1\" class=\"input_checkbox is_empty\" type=\"checkbox\" id=\"avia_3_1\" value=\"true\"\/><label class=\"input_checkbox_label\" for=\"avia_3_1\">Przeczyta\u0142em i przyj\u0105\u0142em do wiadomo\u015bci informacj\u0119 o ochronie danych osobowych. <abbr class=\"required\" title=\"required\">*<\/abbr><\/label><\/p><div id='avia_4_1' class='av-form-text'><p>\n* Zapozna\u0142em si\u0119 z <a href=\"http:\/\/hikitec.de\/datenschutz\/\" target=\"_blank\" rel=\"noopener\">informacj\u0105<\/a> o ochronie danych osobowych oraz z informacj\u0105 o odst\u0105pieniu od umowy i akceptuj\u0119 je. Kompakt: Informacja o ochronie danych osobowych Tw\u00f3j adres e-mail b\u0119dzie wykorzystywany wy\u0142\u0105cznie w celu realizacji Twojego zapytania firmy HIKITEC. Zawieraj\u0105 one informacje o produktach, sezonowych promocjach czy nowo\u015bciach wydawniczych. Pa\u0144stwa adres e-mail nie b\u0119dzie nigdy przekazywany osobom trzecim w celach reklamowych i b\u0119dzie wykorzystywany wy\u0142\u0105cznie w ramach wysy\u0142ki newslettera.<\/p>\n<p>Powiadomienie o mo\u017cliwo\u015bci odwo\u0142ania zgody U\u017cytkownik mo\u017ce w ka\u017cdej chwili odwo\u0142a\u0107 t\u0119 zgod\u0119, wypisuj\u0105c si\u0119 z listy. Instrukcje dotycz\u0105ce rezygnacji z subskrypcji s\u0105 zawarte w ka\u017cdym newsletterze.<\/p>\n<\/div><p class=\"hidden\"><input type=\"text\" name=\"avia_5_1\" class=\"hidden \" id=\"avia_5_1\" value=\"\" \/><\/p><p class=\"form_element \"><input type=\"hidden\" value=\"1\" name=\"avia_generated_form1\" \/><input type=\"submit\" value=\"Przypomnienie\" class=\"button\"  data-sending-label=\"Trwa wysy\u0142anie...\"\/><\/p><\/fieldset><\/form><div id=\"ajaxresponse_1\" class=\"ajaxresponse ajaxresponse_1 hidden\"><\/div>\n","protected":false},"excerpt":{"rendered":"","protected":false},"author":2,"featured_media":0,"parent":0,"menu_order":0,"comment_status":"closed","ping_status":"closed","template":"","meta":{"footnotes":""},"class_list":["post-128305","page","type-page","status-publish","hentry"],"_links":{"self":[{"href":"https:\/\/hikitec.de\/pl\/wp-json\/wp\/v2\/pages\/128305","targetHints":{"allow":["GET"]}}],"collection":[{"href":"https:\/\/hikitec.de\/pl\/wp-json\/wp\/v2\/pages"}],"about":[{"href":"https:\/\/hikitec.de\/pl\/wp-json\/wp\/v2\/types\/page"}],"author":[{"embeddable":true,"href":"https:\/\/hikitec.de\/pl\/wp-json\/wp\/v2\/users\/2"}],"replies":[{"embeddable":true,"href":"https:\/\/hikitec.de\/pl\/wp-json\/wp\/v2\/comments?post=128305"}],"version-history":[{"count":11,"href":"https:\/\/hikitec.de\/pl\/wp-json\/wp\/v2\/pages\/128305\/revisions"}],"predecessor-version":[{"id":128316,"href":"https:\/\/hikitec.de\/pl\/wp-json\/wp\/v2\/pages\/128305\/revisions\/128316"}],"wp:attachment":[{"href":"https:\/\/hikitec.de\/pl\/wp-json\/wp\/v2\/media?parent=128305"}],"curies":[{"name":"wp","href":"https:\/\/api.w.org\/{rel}","templated":true}]}}