{"id":128737,"date":"2021-04-28T16:31:07","date_gmt":"2021-04-28T14:31:07","guid":{"rendered":"https:\/\/hikitec.de\/artykul-specjalny\/"},"modified":"2021-04-28T16:31:13","modified_gmt":"2021-04-28T14:31:13","slug":"artykul-specjalny","status":"publish","type":"page","link":"https:\/\/hikitec.de\/pl\/artykul-specjalny\/","title":{"rendered":"Artyku\u0142 specjalny"},"content":{"rendered":"<section class=\"av_textblock_section \"  itemscope=\"itemscope\" itemtype=\"https:\/\/schema.org\/CreativeWork\" ><div class='avia_textblock  '   itemprop=\"text\" ><p><b>Czy HIKITEC oferuje r\u00f3wnie\u017c artyku\u0142y, kt\u00f3re nie s\u0105 dost\u0119pne w sklepie?<\/b><\/p>\n<\/div><\/section>\n<section class=\"av_textblock_section \"  itemscope=\"itemscope\" itemtype=\"https:\/\/schema.org\/CreativeWork\" ><div class='avia_textblock  '   itemprop=\"text\" ><p>Tak, na \u017cyczenie mo\u017cemy zaoferowa\u0107 Pa\u0144stwu szerok\u0105 gam\u0119 artyku\u0142\u00f3w dodatkowych. Dotyczy to r\u00f3wnie\u017c nietypowych \u017cycze\u0144 specjalnych i wyj\u0105tkowych produkt\u00f3w wykonywanych na zam\u00f3wienie. Ponadto, z przyjemno\u015bci\u0105 przygotujemy dla Pa\u0144stwa indywidualne zestawy produkt\u00f3w promocyjnych lub wyszukamy odpowiedni produkt promocyjny dla Pa\u0144stwa. Skontaktuj si\u0119 z nami, ch\u0119tnie Ci pomo\u017cemy!<\/p>\n<\/div><\/section>\n<section class=\"av_textblock_section \"  itemscope=\"itemscope\" itemtype=\"https:\/\/schema.org\/CreativeWork\" ><div class='avia_textblock  '   itemprop=\"text\" ><input type=\"button\" value=\"Powr\u00f3t\" class=\"alg_back_button_input \" style=\"\" onclick=\"window.history.back()\" \/>\n<\/div><\/section>\n","protected":false},"excerpt":{"rendered":"","protected":false},"author":2,"featured_media":0,"parent":0,"menu_order":0,"comment_status":"closed","ping_status":"closed","template":"","meta":{"footnotes":""},"class_list":["post-128737","page","type-page","status-publish","hentry"],"_links":{"self":[{"href":"https:\/\/hikitec.de\/pl\/wp-json\/wp\/v2\/pages\/128737","targetHints":{"allow":["GET"]}}],"collection":[{"href":"https:\/\/hikitec.de\/pl\/wp-json\/wp\/v2\/pages"}],"about":[{"href":"https:\/\/hikitec.de\/pl\/wp-json\/wp\/v2\/types\/page"}],"author":[{"embeddable":true,"href":"https:\/\/hikitec.de\/pl\/wp-json\/wp\/v2\/users\/2"}],"replies":[{"embeddable":true,"href":"https:\/\/hikitec.de\/pl\/wp-json\/wp\/v2\/comments?post=128737"}],"version-history":[{"count":8,"href":"https:\/\/hikitec.de\/pl\/wp-json\/wp\/v2\/pages\/128737\/revisions"}],"predecessor-version":[{"id":128745,"href":"https:\/\/hikitec.de\/pl\/wp-json\/wp\/v2\/pages\/128737\/revisions\/128745"}],"wp:attachment":[{"href":"https:\/\/hikitec.de\/pl\/wp-json\/wp\/v2\/media?parent=128737"}],"curies":[{"name":"wp","href":"https:\/\/api.w.org\/{rel}","templated":true}]}}