{"id":128876,"date":"2021-04-29T08:58:09","date_gmt":"2021-04-29T06:58:09","guid":{"rendered":"https:\/\/hikitec.de\/o-nas\/"},"modified":"2021-04-29T08:58:09","modified_gmt":"2021-04-29T06:58:09","slug":"o-nas","status":"publish","type":"page","link":"https:\/\/hikitec.de\/pl\/o-nas\/","title":{"rendered":"O nas"},"content":{"rendered":"<section class=\"av_textblock_section \"  itemscope=\"itemscope\" itemtype=\"https:\/\/schema.org\/CreativeWork\" ><div class='avia_textblock  '   itemprop=\"text\" ><p><strong>HIKITEC GmbH<\/strong> jest hurtowni\u0105 specjalizuj\u0105c\u0105 si\u0119 w pami\u0119ciach USB, powerbankach i innych produktach USB. HIKITEC koncentruje si\u0119 na dostarczaniu produkt\u00f3w dla bran\u017cy reklamowej.<\/p>\n<p>Jako\u015b\u0107 wszystkich naszych produkt\u00f3w jest podporz\u0105dkowana bardzo wysokim standardom! Jako\u015b\u0107 i bezpiecze\u0144stwo produktu spe\u0142niaj\u0105 wymagania rynku europejskiego. Nasza produkcja jest zawsze poddawana kontroli jako\u015bci i sprawdzamy wszystkie produkty w r\u00f3\u017cnych procesach produkcyjnych od surowca do dostarczonego produktu.<\/p>\n<p>Nasze produkty s\u0105 poddawane \u015bcis\u0142ej kontroli jako\u015bci i kontroli w procesach produkcyjnych od surowca do dostawy produktu.<\/p>\n<p>Nasz wyspecjalizowany personel gwarantuje wielokrotn\u0105 kontrol\u0119 artyku\u0142\u00f3w.<\/p>\n<p>Dzi\u0119ki naszym certyfikatom i pe\u0142nej zgodno\u015bci z wszystkimi wytycznymi i standardami, mo\u017cemy zagwarantowa\u0107 sukces Pa\u0144stwa artyku\u0142\u00f3w promocyjnych z najlepszym sumieniem.<\/p>\n<\/div><\/section>\n<section class=\"av_textblock_section \"  itemscope=\"itemscope\" itemtype=\"https:\/\/schema.org\/CreativeWork\" ><div class='avia_textblock  '   itemprop=\"text\" ><input type=\"button\" value=\"Powr\u00f3t\" class=\"alg_back_button_input \" style=\"\" onclick=\"window.history.back()\" \/>\n<\/div><\/section>\n","protected":false},"excerpt":{"rendered":"","protected":false},"author":2,"featured_media":0,"parent":0,"menu_order":0,"comment_status":"closed","ping_status":"closed","template":"","meta":{"footnotes":""},"class_list":["post-128876","page","type-page","status-publish","hentry"],"_links":{"self":[{"href":"https:\/\/hikitec.de\/pl\/wp-json\/wp\/v2\/pages\/128876","targetHints":{"allow":["GET"]}}],"collection":[{"href":"https:\/\/hikitec.de\/pl\/wp-json\/wp\/v2\/pages"}],"about":[{"href":"https:\/\/hikitec.de\/pl\/wp-json\/wp\/v2\/types\/page"}],"author":[{"embeddable":true,"href":"https:\/\/hikitec.de\/pl\/wp-json\/wp\/v2\/users\/2"}],"replies":[{"embeddable":true,"href":"https:\/\/hikitec.de\/pl\/wp-json\/wp\/v2\/comments?post=128876"}],"version-history":[{"count":2,"href":"https:\/\/hikitec.de\/pl\/wp-json\/wp\/v2\/pages\/128876\/revisions"}],"predecessor-version":[{"id":128878,"href":"https:\/\/hikitec.de\/pl\/wp-json\/wp\/v2\/pages\/128876\/revisions\/128878"}],"wp:attachment":[{"href":"https:\/\/hikitec.de\/pl\/wp-json\/wp\/v2\/media?parent=128876"}],"curies":[{"name":"wp","href":"https:\/\/api.w.org\/{rel}","templated":true}]}}