{"id":128926,"date":"2021-04-29T10:24:23","date_gmt":"2021-04-29T08:24:23","guid":{"rendered":"https:\/\/hikitec.de\/rzut-kondygnacji\/"},"modified":"2021-04-29T10:24:28","modified_gmt":"2021-04-29T08:24:28","slug":"rzut-kondygnacji","status":"publish","type":"page","link":"https:\/\/hikitec.de\/pl\/rzut-kondygnacji\/","title":{"rendered":"Rzut kondygnacji"},"content":{"rendered":"<section class=\"av_textblock_section \"  itemscope=\"itemscope\" itemtype=\"https:\/\/schema.org\/CreativeWork\" ><div class='avia_textblock  '   itemprop=\"text\" ><p><strong>Co to jest stand sketch &#8211; wirtualny podgl\u0105d wydruku?<\/strong><\/p>\n<\/div><\/section>\n\n<style type=\"text\/css\" id=\"style-css-av-bawoqv-d6b62303bb25afa3e85bde3d6e144e8a\">\n#top .flex_column.av-bawoqv-d6b62303bb25afa3e85bde3d6e144e8a{\nborder-radius:0px;\n-webkit-border-radius:0px;\n-moz-border-radius:0px;\npadding:0px;\n}\n<\/style>\n<div class='flex_column av-bawoqv-d6b62303bb25afa3e85bde3d6e144e8a av_one_full  avia-builder-el-1  el_after_av_textblock  el_before_av_one_half  first flex_column_div av-zero-column-padding column-top-margin'   ><section class=\"av_textblock_section \"  itemscope=\"itemscope\" itemtype=\"https:\/\/schema.org\/CreativeWork\" ><div class='avia_textblock  '   itemprop=\"text\" ><p><strong>Wirtualny podgl\u0105d wydruku<\/strong> to dokument elektroniczny (zazwyczaj plik pdf), kt\u00f3ry pokazuje, jak Twoje logo b\u0119dzie wygl\u0105da\u0107 na odpowiednim produkcie.<\/p>\n<p><strong>Przyk\u0142ad:<\/strong><\/p>\n<\/div><\/section><\/div>\n\n<style type=\"text\/css\" id=\"style-css-av-8qlutz-4ae6f8d6cbc44eb205bc8c3077b60056\">\n#top .flex_column.av-8qlutz-4ae6f8d6cbc44eb205bc8c3077b60056{\nborder-radius:0px;\n-webkit-border-radius:0px;\n-moz-border-radius:0px;\npadding:0px;\n}\n<\/style>\n<div class='flex_column av-8qlutz-4ae6f8d6cbc44eb205bc8c3077b60056 av_one_half  avia-builder-el-3  el_after_av_one_full  el_before_av_one_half  first flex_column_div av-zero-column-padding column-top-margin'   ><section class=\"av_textblock_section \"  itemscope=\"itemscope\" itemtype=\"https:\/\/schema.org\/CreativeWork\" ><div class='avia_textblock  '   itemprop=\"text\" ><p><img loading=\"lazy\" decoding=\"async\" class=\"size-large wp-image-10149 alignleft\" src=\"https:\/\/hikitec.de\/wp-content\/uploads\/2020\/05\/Standskizze_Beispiel-776x1030.png\" alt=\"\" width=\"776\" height=\"1030\" srcset=\"https:\/\/hikitec.de\/wp-content\/uploads\/2020\/05\/Standskizze_Beispiel-776x1030.png 776w, https:\/\/hikitec.de\/wp-content\/uploads\/2020\/05\/Standskizze_Beispiel-226x300.png 226w, https:\/\/hikitec.de\/wp-content\/uploads\/2020\/05\/Standskizze_Beispiel-768x1019.png 768w, https:\/\/hikitec.de\/wp-content\/uploads\/2020\/05\/Standskizze_Beispiel-1157x1536.png 1157w, https:\/\/hikitec.de\/wp-content\/uploads\/2020\/05\/Standskizze_Beispiel-1543x2048.png 1543w, https:\/\/hikitec.de\/wp-content\/uploads\/2020\/05\/Standskizze_Beispiel-1130x1500.png 1130w, https:\/\/hikitec.de\/wp-content\/uploads\/2020\/05\/Standskizze_Beispiel-531x705.png 531w, https:\/\/hikitec.de\/wp-content\/uploads\/2020\/05\/Standskizze_Beispiel-450x597.png 450w\" sizes=\"auto, (max-width: 776px) 100vw, 776px\" \/><\/p>\n<\/div><\/section><\/div>\n\n<style type=\"text\/css\" id=\"style-css-av-7kq0fb-0de1b6ba01e8141760f0334c41be0457\">\n#top .flex_column.av-7kq0fb-0de1b6ba01e8141760f0334c41be0457{\nborder-radius:0px;\n-webkit-border-radius:0px;\n-moz-border-radius:0px;\npadding:0px;\n}\n<\/style>\n<div class='flex_column av-7kq0fb-0de1b6ba01e8141760f0334c41be0457 av_one_half  avia-builder-el-5  el_after_av_one_half  el_before_av_one_full  flex_column_div av-zero-column-padding column-top-margin'   ><section class=\"av_textblock_section \"  itemscope=\"itemscope\" itemtype=\"https:\/\/schema.org\/CreativeWork\" ><div class='avia_textblock  '   itemprop=\"text\" ><p>*1: Modellinformationen<\/p>\n<p>*2: Widok z przodu, zazwyczaj g\u00f3rna strona po pod\u0142\u0105czeniu do portu USB<\/p>\n<p>*3: Grafika z obszarem uszlachetniania strony przedniej<\/p>\n<p>*4: Informacje dotycz\u0105ce wyko\u0144czenia strony przedniej<\/p>\n<p>*5: Widok z ty\u0142u, zazwyczaj dolna strona po pod\u0142\u0105czeniu do portu USB<\/p>\n<p>*6: Grafika z obszarem rafinacji tylnej strony<\/p>\n<p>*7: Informacje dotycz\u0105ce wyko\u0144czenia strony odwrotnej<\/p>\n<p>*8: Tekst szczeg\u00f3\u0142owej notatki<\/p>\n<\/div><\/section><\/div>\n\n<style type=\"text\/css\" id=\"style-css-av-5co2fb-af36fa8946b6477495d70a3e5908634c\">\n#top .flex_column.av-5co2fb-af36fa8946b6477495d70a3e5908634c{\nborder-radius:0px;\n-webkit-border-radius:0px;\n-moz-border-radius:0px;\npadding:0px;\n}\n<\/style>\n<div class='flex_column av-5co2fb-af36fa8946b6477495d70a3e5908634c av_one_full  avia-builder-el-7  el_after_av_one_half  el_before_av_one_full  first flex_column_div av-zero-column-padding column-top-margin'   ><section class=\"av_textblock_section \"  itemscope=\"itemscope\" itemtype=\"https:\/\/schema.org\/CreativeWork\" ><div class='avia_textblock  '   itemprop=\"text\" ><p>Widok z przodu:<\/p>\n<p><img loading=\"lazy\" decoding=\"async\" class=\"aligncenter size-medium wp-image-9848\" src=\"https:\/\/hikitec.de\/wp-content\/uploads\/2020\/05\/1-300x300.jpg\" alt=\"\" width=\"300\" height=\"300\" srcset=\"https:\/\/hikitec.de\/wp-content\/uploads\/2020\/05\/1-300x300.jpg 300w, https:\/\/hikitec.de\/wp-content\/uploads\/2020\/05\/1-1030x1030.jpg 1030w, https:\/\/hikitec.de\/wp-content\/uploads\/2020\/05\/1-80x80.jpg 80w, https:\/\/hikitec.de\/wp-content\/uploads\/2020\/05\/1-768x768.jpg 768w, https:\/\/hikitec.de\/wp-content\/uploads\/2020\/05\/1-1536x1536.jpg 1536w, https:\/\/hikitec.de\/wp-content\/uploads\/2020\/05\/1-36x36.jpg 36w, https:\/\/hikitec.de\/wp-content\/uploads\/2020\/05\/1-180x180.jpg 180w, https:\/\/hikitec.de\/wp-content\/uploads\/2020\/05\/1-1500x1500.jpg 1500w, https:\/\/hikitec.de\/wp-content\/uploads\/2020\/05\/1-705x705.jpg 705w, https:\/\/hikitec.de\/wp-content\/uploads\/2020\/05\/1-120x120.jpg 120w, https:\/\/hikitec.de\/wp-content\/uploads\/2020\/05\/1-450x450.jpg 450w, https:\/\/hikitec.de\/wp-content\/uploads\/2020\/05\/1.jpg 1728w\" sizes=\"auto, (max-width: 300px) 100vw, 300px\" \/><\/p>\n<\/div><\/section><\/div>\n\n<style type=\"text\/css\" id=\"style-css-av-3t6w9z-15162e444cc9422c676491d51ac5dc1b\">\n#top .flex_column.av-3t6w9z-15162e444cc9422c676491d51ac5dc1b{\nborder-radius:0px;\n-webkit-border-radius:0px;\n-moz-border-radius:0px;\npadding:0px;\n}\n<\/style>\n<div class='flex_column av-3t6w9z-15162e444cc9422c676491d51ac5dc1b av_one_full  avia-builder-el-9  el_after_av_one_full  el_before_av_one_full  first flex_column_div av-zero-column-padding column-top-margin'   ><section class=\"av_textblock_section \"  itemscope=\"itemscope\" itemtype=\"https:\/\/schema.org\/CreativeWork\" ><div class='avia_textblock  '   itemprop=\"text\" ><p>Po przekazaniu nam swojego logo, w ci\u0105gu kilku godzin bezp\u0142atnie przygotujemy dla Ciebie podgl\u0105d wydruku! Je\u015bli jednak chcesz przyst\u0105pi\u0107 do realizacji zam\u00f3wienia, podgl\u0105d s\u0142u\u017cy jako szablon do produkcji. Dlatego wa\u017cne jest, aby podgl\u0105d odpowiada\u0142 dok\u0142adnie Pa\u0144stwa \u017cyczeniom i aby\u015bcie Pa\u0144stwo informowali nas o wszelkich zmianach.<\/p>\n<p><strong>Lista kontrolna:<\/strong><\/p>\n<ul>\n<li>Pisownia<\/li>\n<li>Wyr\u00f3wnanie logo\/tekstu<\/li>\n<li>Rozmiar i po\u0142o\u017cenie logo\/tekstu<\/li>\n<li><a href=\"https:\/\/hikitec.de\/pantone\/\">Numery kolor\u00f3w Pantone\u00ae<\/a><\/li>\n<li>Cechy szczeg\u00f3lne projektu logo<\/li>\n<li>Sprawd\u017a polityk\u0119 firmy<\/li>\n<\/ul>\n<p><strong>Zalecenie:<\/strong><\/p>\n<ul>\n<li>Wysoko\u015b\u0107 liter nie powinna by\u0107 mniejsza ni\u017c 1,3 mm.<\/li>\n<li>Szeroko\u015b\u0107 linii (r\u00f3wnie\u017c dla liter) nie powinna by\u0107 mniejsza ni\u017c 0,4 mm.<\/li>\n<\/ul>\n<p>Aby uzyska\u0107 optymalny efekt ko\u0144cowy, zalecamy grubo\u015b\u0107 \u015bciegu co najmniej 1 mm.<\/p>\n<p>Nale\u017cy pami\u0119ta\u0107, \u017ce lista ta ma charakter wy\u0142\u0105cznie orientacyjny i mo\u017ce nie by\u0107 wyczerpuj\u0105ca. Ten podgl\u0105d wydruku s\u0142u\u017cy jako szablon do produkcji Twojego zam\u00f3wienia. Prosimy o dok\u0142adne sprawdzenie dowodu i poinformowanie nas o ewentualnych zmianach lub poprawkach. Prosz\u0119 zwr\u00f3ci\u0107 uwag\u0119, \u017ce mog\u0105 wyst\u0105pi\u0107 niewielkie r\u00f3\u017cnice w kolorystyce produkt\u00f3w. W szczeg\u00f3lno\u015bci kolory druku mog\u0105 si\u0119 r\u00f3\u017cni\u0107 od danego wydruku w zale\u017cno\u015bci od koloru pod\u0142o\u017ca. Nie ponosimy odpowiedzialno\u015bci za b\u0142\u0119dy w produkcji, kt\u00f3re wynikaj\u0105 z nieprawid\u0142owego podgl\u0105du wydruku.<\/p>\n<\/div><\/section><\/div>\n\n<style type=\"text\/css\" id=\"style-css-av-2swydz-62639d8fc42eca2946df4c8225a0aa00\">\n#top .flex_column.av-2swydz-62639d8fc42eca2946df4c8225a0aa00{\nborder-radius:0px;\n-webkit-border-radius:0px;\n-moz-border-radius:0px;\npadding:0px;\n}\n<\/style>\n<div class='flex_column av-2swydz-62639d8fc42eca2946df4c8225a0aa00 av_one_full  avia-builder-el-11  el_after_av_one_full  avia-builder-el-last  first flex_column_div av-zero-column-padding column-top-margin'   ><section class=\"av_textblock_section \"  itemscope=\"itemscope\" itemtype=\"https:\/\/schema.org\/CreativeWork\" ><div class='avia_textblock  '   itemprop=\"text\" ><input type=\"button\" value=\"Powr\u00f3t\" class=\"alg_back_button_input \" style=\"\" onclick=\"window.history.back()\" \/>\n<\/div><\/section><\/div>\n","protected":false},"excerpt":{"rendered":"","protected":false},"author":2,"featured_media":0,"parent":0,"menu_order":0,"comment_status":"closed","ping_status":"closed","template":"","meta":{"footnotes":""},"class_list":["post-128926","page","type-page","status-publish","hentry"],"_links":{"self":[{"href":"https:\/\/hikitec.de\/pl\/wp-json\/wp\/v2\/pages\/128926","targetHints":{"allow":["GET"]}}],"collection":[{"href":"https:\/\/hikitec.de\/pl\/wp-json\/wp\/v2\/pages"}],"about":[{"href":"https:\/\/hikitec.de\/pl\/wp-json\/wp\/v2\/types\/page"}],"author":[{"embeddable":true,"href":"https:\/\/hikitec.de\/pl\/wp-json\/wp\/v2\/users\/2"}],"replies":[{"embeddable":true,"href":"https:\/\/hikitec.de\/pl\/wp-json\/wp\/v2\/comments?post=128926"}],"version-history":[{"count":10,"href":"https:\/\/hikitec.de\/pl\/wp-json\/wp\/v2\/pages\/128926\/revisions"}],"predecessor-version":[{"id":128941,"href":"https:\/\/hikitec.de\/pl\/wp-json\/wp\/v2\/pages\/128926\/revisions\/128941"}],"wp:attachment":[{"href":"https:\/\/hikitec.de\/pl\/wp-json\/wp\/v2\/media?parent=128926"}],"curies":[{"name":"wp","href":"https:\/\/api.w.org\/{rel}","templated":true}]}}