{"id":129130,"date":"2021-04-30T08:53:54","date_gmt":"2021-04-30T06:53:54","guid":{"rendered":"https:\/\/hikitec.de\/polaczenie-sklepow\/"},"modified":"2021-04-30T08:54:01","modified_gmt":"2021-04-30T06:54:01","slug":"polaczenie-sklepow","status":"publish","type":"page","link":"https:\/\/hikitec.de\/pl\/polaczenie-sklepow\/","title":{"rendered":"Po\u0142\u0105czenie sklep\u00f3w"},"content":{"rendered":"\n<style type=\"text\/css\" id=\"style-css-av-4tsi39n-6bcf9f9e7c8997be6d1e91cbda745bc3\">\n#top .flex_column.av-4tsi39n-6bcf9f9e7c8997be6d1e91cbda745bc3{\nborder-radius:0px;\n-webkit-border-radius:0px;\n-moz-border-radius:0px;\npadding:0px;\n}\n<\/style>\n<div class='flex_column av-4tsi39n-6bcf9f9e7c8997be6d1e91cbda745bc3 av_one_full  avia-builder-el-0  el_before_av_one_half  avia-builder-el-first  first flex_column_div av-zero-column-padding '   ><section class=\"av_textblock_section \"  itemscope=\"itemscope\" itemtype=\"https:\/\/schema.org\/CreativeWork\" ><div class='avia_textblock  '   itemprop=\"text\" ><p><strong>Wdro\u017cenie naszych produkt\u00f3w w Pa\u0144stwa sklepie internetowym!<\/strong><\/p>\n<p>Prowadzisz sklep internetowy i chcia\u0142by\u015b go uzupe\u0142ni\u0107 o nasze artyku\u0142y? Czy cz\u0119sto zmieniaj\u0105ce si\u0119 ceny stanowi\u0105 dla Pa\u0144stwa wyzwanie, z kt\u00f3rym trudno by\u0142oby poradzi\u0107 sobie samemu pod wzgl\u0119dem personalnym?<br \/>\n<strong><strong>Nasi profesjonalni technicy z przyjemno\u015bci\u0105 pomog\u0105 Ci w realizacji Twoich pomys\u0142\u00f3w lub wdro\u017ceniu naszych produkt\u00f3w w Twoim sklepie internetowym!<\/strong> &#8211; tak, aby obie strony mog\u0142y dzia\u0142a\u0107 optymalnie i wykorzystywa\u0107 swoje atuty.<\/strong> Wybierz spo\u015br\u00f3d kilku gotowych CSV do importu sklepu internetowego lub pozw\u00f3l nam zaprogramowa\u0107 Tw\u00f3j w\u0142asny interfejs.<\/p>\n<\/div><\/section><\/div>\n<style type=\"text\/css\" id=\"style-css-av-4jx4ga3-18a013b116f794b3b4b6f991bed71822\">\n#top .flex_column.av-4jx4ga3-18a013b116f794b3b4b6f991bed71822{\nborder-radius:0px;\n-webkit-border-radius:0px;\n-moz-border-radius:0px;\npadding:0px;\n}\n<\/style>\n<div class='flex_column av-4jx4ga3-18a013b116f794b3b4b6f991bed71822 av_one_half  avia-builder-el-2  el_after_av_one_full  el_before_av_one_half  first flex_column_div av-zero-column-padding column-top-margin'   ><section class=\"av_textblock_section \"  itemscope=\"itemscope\" itemtype=\"https:\/\/schema.org\/CreativeWork\" ><div class='avia_textblock  '   itemprop=\"text\" ><p><img decoding=\"async\" id=\"imi\" class=\"n3VNCb\" src=\"https:\/\/www.dsconsult.de\/wp-content\/uploads\/2020\/09\/photocase_3378584.jpg\" alt=\"Image result for shopanbindung\" data-deferred=\"1\" data-w=\"2450\" data-h=\"1633\" data-atf=\"true\" data-iml=\"1028\"><\/p>\n<\/div><\/section><\/div><\/p>\n\n<style type=\"text\/css\" id=\"style-css-av-3u6d417-a6d3f434f213fd7d2b63c985a9ba8cfa\">\n#top .flex_column.av-3u6d417-a6d3f434f213fd7d2b63c985a9ba8cfa{\nborder-radius:0px;\n-webkit-border-radius:0px;\n-moz-border-radius:0px;\npadding:0px;\n}\n<\/style>\n<div class='flex_column av-3u6d417-a6d3f434f213fd7d2b63c985a9ba8cfa av_one_half  avia-builder-el-4  el_after_av_one_half  el_before_av_one_half  flex_column_div av-zero-column-padding column-top-margin'   ><section class=\"av_textblock_section \"  itemscope=\"itemscope\" itemtype=\"https:\/\/schema.org\/CreativeWork\" ><div class='avia_textblock  '   itemprop=\"text\" ><p class=\"hl-wawi\"><strong>Skorzystaj z wszystkich korzy\u015bci!<\/strong><\/p>\n<p>Dzi\u0119ki naszemu po\u0142\u0105czeniu maj\u0105 Pa\u0144stwo dost\u0119p do ca\u0142ego naszego portfolio produkt\u00f3w. Interfejs umo\u017cliwia optymalizacj\u0119 kolejnych krok\u00f3w w codziennej pracy &#8211; czy to w sprzeda\u017cy, czy przy przygotowywaniu ofert, czy te\u017c przy prezentacji sklepu. Szeroki zakres opcji automatyzacji pomaga w efektywnym rozwi\u0105zywaniu powtarzaj\u0105cych si\u0119 zada\u0144. To daje Ci swobod\u0119, kt\u00f3rej potrzebujesz do wymagaj\u0105cych, strategicznych dzia\u0142a\u0144.<\/p>\n<p>Wymiana danych pomi\u0119dzy Pa\u0144stwa systemem a naszym portfolio produkt\u00f3w mo\u017ce by\u0107 ca\u0142kowicie zautomatyzowana. Dostarczamy dane o produktach jako dane CSV lub XML przez FTP lub jako URL.<\/p>\n<p>Umo\u017cliwia to bezpo\u015brednie po\u0142\u0105czenie z r\u00f3\u017cnymi systemami, takimi jak sklepy internetowe, zarz\u0105dzanie towarami lub rynki, w celu realizacji po\u0142\u0105cze\u0144 z dostawcami.<\/p>\n<p>plentymarkets<br \/>\nMagento<br \/>\nShopware<br \/>\nVeloconnect<br \/>\nPriceminister<br \/>\nUs\u0142ugi repricingu dla automatycznej optymalizacji cen<br \/>\nPod\u0142\u0105czenie dowolnego systemu poprzez narz\u0119dzia API-Connector (np. dla wszystkich po\u0142\u0105cze\u0144 API, CSV lub XML)<\/p>\n<\/div><\/section><\/div>\n<style type=\"text\/css\" id=\"style-css-av-1azttd7-8d290d0f63a478e7fef4c53484856741\">\n#top .flex_column.av-1azttd7-8d290d0f63a478e7fef4c53484856741{\nborder-radius:0px;\n-webkit-border-radius:0px;\n-moz-border-radius:0px;\npadding:0px;\n}\n<\/style>\n<div class='flex_column av-1azttd7-8d290d0f63a478e7fef4c53484856741 av_one_half  avia-builder-el-6  el_after_av_one_half  el_before_av_one_half  first flex_column_div av-zero-column-padding column-top-margin'   ><section class=\"av_textblock_section \"  itemscope=\"itemscope\" itemtype=\"https:\/\/schema.org\/CreativeWork\" ><div class='avia_textblock  '   itemprop=\"text\" ><p class=\"display-4\"><strong>Czy wzbudzili\u015bmy Pa\u0144stwa zainteresowanie?<\/strong><\/p>\n<p>Zarejestruj si\u0119 teraz za darmo. Zarejestruj si\u0119 teraz za darmo.<\/p>\n<\/div><\/section><\/div>\n<style type=\"text\/css\" id=\"style-css-av-mp81pn-c09501cdc96b2638634489734cab2388\">\n#top .flex_column.av-mp81pn-c09501cdc96b2638634489734cab2388{\nborder-radius:0px;\n-webkit-border-radius:0px;\n-moz-border-radius:0px;\npadding:0px;\n}\n<\/style>\n<div class='flex_column av-mp81pn-c09501cdc96b2638634489734cab2388 av_one_half  avia-builder-el-8  el_after_av_one_half  el_before_av_one_full  flex_column_div av-zero-column-padding column-top-margin'   ><\/div><\/p>\n\n<style type=\"text\/css\" id=\"style-css-av-2w92mtn-d0ad08941405190dd19c32dc9e2c65ec\">\n#top .flex_column.av-2w92mtn-d0ad08941405190dd19c32dc9e2c65ec{\nborder-radius:0px;\n-webkit-border-radius:0px;\n-moz-border-radius:0px;\npadding:0px;\n}\n<\/style>\n<div class='flex_column av-2w92mtn-d0ad08941405190dd19c32dc9e2c65ec av_one_full  avia-builder-el-9  el_after_av_one_half  el_before_av_one_full  first flex_column_div av-zero-column-padding column-top-margin'   ><form action=\"https:\/\/hikitec.de\/pl\/polaczenie-sklepow\/\" method=\"post\"  class=\"avia_ajax_form av-form-labels-visible   avia-builder-el-10  avia-builder-el-no-sibling   \" data-avia-form-id=\"1\" data-avia-redirect='' ><fieldset><p class='  first_form  form_element form_fullwidth' id='element_avia_1_1'><label for=\"avia_1_1\">Nazwa <abbr class=\"required\" title=\"required\">*<\/abbr><\/label> <input name=\"avia_1_1\" class=\"text_input is_empty\" type=\"text\" id=\"avia_1_1\" value=\"\" \/><\/p><p class='  first_form  form_element form_fullwidth' id='element_avia_2_1'><label for=\"avia_2_1\">E-mail <abbr class=\"required\" title=\"required\">*<\/abbr><\/label> <input name=\"avia_2_1\" class=\"text_input is_email\" type=\"text\" id=\"avia_2_1\" value=\"\" \/><\/p><div id='avia_3_1' class='av-form-text'><p>\nPo\u0142\u0105czenie sklep\u00f3w<\/p>\n<\/div><p class='  first_form  form_element form_fullwidth' id='element_avia_4_1'><label for=\"avia_4_1\" class=\"textare_label hidden textare_label_avia_4_1\">Wiadomo\u015b\u0107 <abbr class=\"required\" title=\"required\">*<\/abbr><\/label><textarea  name=\"avia_4_1\" class=\"text_area is_empty\" cols=\"40\" rows=\"7\" id=\"avia_4_1\" ><\/textarea><\/p><p class=\"hidden\"><input type=\"text\" name=\"avia_5_1\" class=\"hidden \" id=\"avia_5_1\" value=\"\" \/><\/p><p class='   form_element form_fullwidth' id='element_avia_6_1'><span class='value_verifier_label'>3 + 2 = ?<\/span><input name=\"avia_6_1_verifier\" type=\"hidden\" id=\"avia_6_1_verifier\" value=\"344747557\"\/><label for=\"avia_6_1\">Please prove that you are human by solving the equation <abbr class=\"required\" title=\"required\">*<\/abbr><\/label><input name=\"avia_6_1\" class=\"text_input captcha\" type=\"text\" id=\"avia_6_1\" value=\"\"\/><\/p><p class=\"form_element \"><input type=\"hidden\" value=\"1\" name=\"avia_generated_form1\" \/><input type=\"submit\" value=\"Senden\" class=\"button\"  data-sending-label=\"Trwa wysy\u0142anie...\"\/><\/p><\/fieldset><\/form><div id=\"ajaxresponse_1\" class=\"ajaxresponse ajaxresponse_1 hidden\"><\/div><\/div>\n\n<style type=\"text\/css\" id=\"style-css-av-p411pn-f626285fd8ce9d12826db4fe914e8ba8\">\n#top .flex_column.av-p411pn-f626285fd8ce9d12826db4fe914e8ba8{\nborder-radius:0px;\n-webkit-border-radius:0px;\n-moz-border-radius:0px;\npadding:0px;\n}\n<\/style>\n<div class='flex_column av-p411pn-f626285fd8ce9d12826db4fe914e8ba8 av_one_full  avia-builder-el-11  el_after_av_one_full  avia-builder-el-last  first flex_column_div av-zero-column-padding column-top-margin'   ><section class=\"av_textblock_section \"  itemscope=\"itemscope\" itemtype=\"https:\/\/schema.org\/CreativeWork\" ><div class='avia_textblock  '   itemprop=\"text\" ><input type=\"button\" value=\"Powr\u00f3t\" class=\"alg_back_button_input \" style=\"\" onclick=\"window.history.back()\" \/>\n<\/div><\/section><\/div>\n","protected":false},"excerpt":{"rendered":"","protected":false},"author":2,"featured_media":0,"parent":0,"menu_order":0,"comment_status":"closed","ping_status":"closed","template":"","meta":{"footnotes":""},"class_list":["post-129130","page","type-page","status-publish","hentry"],"_links":{"self":[{"href":"https:\/\/hikitec.de\/pl\/wp-json\/wp\/v2\/pages\/129130","targetHints":{"allow":["GET"]}}],"collection":[{"href":"https:\/\/hikitec.de\/pl\/wp-json\/wp\/v2\/pages"}],"about":[{"href":"https:\/\/hikitec.de\/pl\/wp-json\/wp\/v2\/types\/page"}],"author":[{"embeddable":true,"href":"https:\/\/hikitec.de\/pl\/wp-json\/wp\/v2\/users\/2"}],"replies":[{"embeddable":true,"href":"https:\/\/hikitec.de\/pl\/wp-json\/wp\/v2\/comments?post=129130"}],"version-history":[{"count":6,"href":"https:\/\/hikitec.de\/pl\/wp-json\/wp\/v2\/pages\/129130\/revisions"}],"predecessor-version":[{"id":129136,"href":"https:\/\/hikitec.de\/pl\/wp-json\/wp\/v2\/pages\/129130\/revisions\/129136"}],"wp:attachment":[{"href":"https:\/\/hikitec.de\/pl\/wp-json\/wp\/v2\/media?parent=129130"}],"curies":[{"name":"wp","href":"https:\/\/api.w.org\/{rel}","templated":true}]}}