{"id":159377,"date":"2021-05-06T16:46:52","date_gmt":"2021-05-06T14:46:52","guid":{"rendered":"https:\/\/hikitec.de\/rozwoj-cen\/"},"modified":"2021-05-06T16:47:00","modified_gmt":"2021-05-06T14:47:00","slug":"rozwoj-cen","status":"publish","type":"page","link":"https:\/\/hikitec.de\/pl\/rozwoj-cen\/","title":{"rendered":"Rozw\u00f3j cen"},"content":{"rendered":"\n<style type=\"text\/css\" id=\"style-css-av-av_one_full-53b0b300fb3685750664fb085c5ad19d\">\n#top .flex_column.av-av_one_full-53b0b300fb3685750664fb085c5ad19d{\nborder-radius:0px;\n-webkit-border-radius:0px;\n-moz-border-radius:0px;\npadding:0px;\n}\n<\/style>\n<div class='flex_column av-av_one_full-53b0b300fb3685750664fb085c5ad19d av_one_full  avia-builder-el-0  el_before_av_one_full  avia-builder-el-first  first flex_column_div av-zero-column-padding '   ><section class=\"av_textblock_section \"  itemscope=\"itemscope\" itemtype=\"https:\/\/schema.org\/CreativeWork\" ><div class='avia_textblock  '   itemprop=\"text\" ><p>Pami\u0119ci USB i wszystkie produkty, kt\u00f3re posiadaj\u0105 pami\u0119\u0107 flash zachowuj\u0105 si\u0119 podobnie do cen akcji. Pami\u0119\u0107 flash nie ma sta\u0142ej ceny jednostkowej, ale jest przedmiotem codziennego obrotu. Tutaj poda\u017c i popyt okre\u015blaj\u0105 aktualn\u0105 cen\u0119 dzienn\u0105. Patrz\u0105c przez d\u0142u\u017cszy okres czasu, cena pami\u0119ci flash zazwyczaj wykazuje tendencj\u0119 spadkow\u0105. W kr\u00f3tkim okresie czasu mog\u0105 jednak wyst\u0105pi\u0107 wzrosty lub wahania cen spowodowane brakiem surowc\u00f3w lub magazyn\u00f3w, a takie sytuacje maj\u0105 miejsce od czasu do czasu.<\/p>\n<\/div><\/section><\/div>\n<style type=\"text\/css\" id=\"style-css-av-av_one_full-53b0b300fb3685750664fb085c5ad19d\">\n#top .flex_column.av-av_one_full-53b0b300fb3685750664fb085c5ad19d{\nborder-radius:0px;\n-webkit-border-radius:0px;\n-moz-border-radius:0px;\npadding:0px;\n}\n<\/style>\n<div class='flex_column av-av_one_full-53b0b300fb3685750664fb085c5ad19d av_one_full  avia-builder-el-2  el_after_av_one_full  avia-builder-el-last  first flex_column_div av-zero-column-padding column-top-margin'   ><section class=\"av_textblock_section \"  itemscope=\"itemscope\" itemtype=\"https:\/\/schema.org\/CreativeWork\" ><div class='avia_textblock  '   itemprop=\"text\" ><input type=\"button\" value=\"Powr\u00f3t\" class=\"alg_back_button_input \" style=\"\" onclick=\"window.history.back()\" \/>\n<\/div><\/section><\/div><\/p>\n","protected":false},"excerpt":{"rendered":"","protected":false},"author":2,"featured_media":0,"parent":0,"menu_order":0,"comment_status":"closed","ping_status":"closed","template":"","meta":{"footnotes":""},"class_list":["post-159377","page","type-page","status-publish","hentry"],"_links":{"self":[{"href":"https:\/\/hikitec.de\/pl\/wp-json\/wp\/v2\/pages\/159377","targetHints":{"allow":["GET"]}}],"collection":[{"href":"https:\/\/hikitec.de\/pl\/wp-json\/wp\/v2\/pages"}],"about":[{"href":"https:\/\/hikitec.de\/pl\/wp-json\/wp\/v2\/types\/page"}],"author":[{"embeddable":true,"href":"https:\/\/hikitec.de\/pl\/wp-json\/wp\/v2\/users\/2"}],"replies":[{"embeddable":true,"href":"https:\/\/hikitec.de\/pl\/wp-json\/wp\/v2\/comments?post=159377"}],"version-history":[{"count":5,"href":"https:\/\/hikitec.de\/pl\/wp-json\/wp\/v2\/pages\/159377\/revisions"}],"predecessor-version":[{"id":159382,"href":"https:\/\/hikitec.de\/pl\/wp-json\/wp\/v2\/pages\/159377\/revisions\/159382"}],"wp:attachment":[{"href":"https:\/\/hikitec.de\/pl\/wp-json\/wp\/v2\/media?parent=159377"}],"curies":[{"name":"wp","href":"https:\/\/api.w.org\/{rel}","templated":true}]}}