{"id":159583,"date":"2021-05-07T09:24:47","date_gmt":"2021-05-07T07:24:47","guid":{"rendered":"https:\/\/hikitec.de\/wymiana\/"},"modified":"2021-05-07T09:24:50","modified_gmt":"2021-05-07T07:24:50","slug":"wymiana","status":"publish","type":"page","link":"https:\/\/hikitec.de\/pl\/wymiana\/","title":{"rendered":"Wymiana"},"content":{"rendered":"<section class=\"av_textblock_section \"  itemscope=\"itemscope\" itemtype=\"https:\/\/schema.org\/CreativeWork\" ><div class='avia_textblock  '   itemprop=\"text\" ><p><strong>Czy mog\u0119 wymieni\u0107 towar?<\/strong><\/p>\n<\/div><\/section>\n<section class=\"av_textblock_section \"  itemscope=\"itemscope\" itemtype=\"https:\/\/schema.org\/CreativeWork\" ><div class='avia_textblock  '   itemprop=\"text\" ><p>Z zasady produkty uszlachetnione, jak r\u00f3wnie\u017c wszystkie zam\u00f3wienia firm nie mog\u0105 by\u0107 wymieniane. Kiedy z\u0142o\u017cysz zam\u00f3wienie obejmuj\u0105ce wyko\u0144czenie, otrzymasz od nas cyfrowy podgl\u0105d, zanim wy\u015blemy Twoje elementy do druku. Dopiero gdy je zatwierdzisz, przyst\u0119pujemy do w\u0142a\u015bciwej produkcji &#8211; w efekcie ko\u0144cowym otrzymasz dok\u0142adnie taki produkt promocyjny, jaki sobie wymarzy\u0142e\u015b. Oczywi\u015bcie maj\u0105 Pa\u0144stwo r\u00f3wnie\u017c mo\u017cliwo\u015b\u0107 zam\u00f3wienia pr\u00f3bki z wyprzedzeniem. Szczeg\u00f3\u0142owe informacje na temat prawa do odst\u0105pienia od umowy znajd\u0105 Pa\u0144stwo w naszych <a href=\"https:\/\/hikitec.de\/agb\/?lang=pl\">Og\u00f3lnych Warunkach<\/a> Handlowych.<\/p>\n<\/div><\/section>\n<section class=\"av_textblock_section \"  itemscope=\"itemscope\" itemtype=\"https:\/\/schema.org\/CreativeWork\" ><div class='avia_textblock  '   itemprop=\"text\" ><input type=\"button\" value=\"Powr\u00f3t\" class=\"alg_back_button_input \" style=\"\" onclick=\"window.history.back()\" \/>\n<\/div><\/section>\n","protected":false},"excerpt":{"rendered":"","protected":false},"author":2,"featured_media":0,"parent":0,"menu_order":0,"comment_status":"closed","ping_status":"closed","template":"","meta":{"footnotes":""},"class_list":["post-159583","page","type-page","status-publish","hentry"],"_links":{"self":[{"href":"https:\/\/hikitec.de\/pl\/wp-json\/wp\/v2\/pages\/159583","targetHints":{"allow":["GET"]}}],"collection":[{"href":"https:\/\/hikitec.de\/pl\/wp-json\/wp\/v2\/pages"}],"about":[{"href":"https:\/\/hikitec.de\/pl\/wp-json\/wp\/v2\/types\/page"}],"author":[{"embeddable":true,"href":"https:\/\/hikitec.de\/pl\/wp-json\/wp\/v2\/users\/2"}],"replies":[{"embeddable":true,"href":"https:\/\/hikitec.de\/pl\/wp-json\/wp\/v2\/comments?post=159583"}],"version-history":[{"count":8,"href":"https:\/\/hikitec.de\/pl\/wp-json\/wp\/v2\/pages\/159583\/revisions"}],"predecessor-version":[{"id":159591,"href":"https:\/\/hikitec.de\/pl\/wp-json\/wp\/v2\/pages\/159583\/revisions\/159591"}],"wp:attachment":[{"href":"https:\/\/hikitec.de\/pl\/wp-json\/wp\/v2\/media?parent=159583"}],"curies":[{"name":"wp","href":"https:\/\/api.w.org\/{rel}","templated":true}]}}