{"id":159626,"date":"2021-05-07T11:15:17","date_gmt":"2021-05-07T09:15:17","guid":{"rendered":"https:\/\/hikitec.de\/usb-2-0-vs-3-0\/"},"modified":"2021-05-07T11:15:18","modified_gmt":"2021-05-07T09:15:18","slug":"usb-2-0-vs-3-0","status":"publish","type":"page","link":"https:\/\/hikitec.de\/pl\/usb-2-0-vs-3-0\/","title":{"rendered":"USB 2.0 vs 3.0"},"content":{"rendered":"<section class=\"av_textblock_section \"  itemscope=\"itemscope\" itemtype=\"https:\/\/schema.org\/CreativeWork\" ><div class='avia_textblock  '   itemprop=\"text\" ><p><strong>USB 2.0 vs. 3.0 &#8211; jaka jest r\u00f3\u017cnica?<\/strong><\/p>\n<p>Jedn\u0105 z r\u00f3\u017cnic pomi\u0119dzy USB 2.0 a 3.x0 jest to, \u017ce te pierwsze u\u017cywaj\u0105 metody half-duplex. Oznacza to, \u017ce dane mog\u0105 by\u0107 przesy\u0142ane tylko w jednym kierunku w tym samym czasie.<br \/>\nJednak standard USB 3.x umo\u017cliwia przesy\u0142anie danych w obu kierunkach. 3.x oferuje r\u00f3wnie\u017c znaczn\u0105 przewag\u0119 pod wzgl\u0119dem szybko\u015bci. Je\u015bli przyjrze\u0107 si\u0119 bli\u017cej USB 2.0 vs. 3.x,<br \/>\nzauwa\u017cy, \u017ce pr\u0119dko\u015b\u0107 transferu technicznie nowocze\u015bniejszego USB 3.x jest dziesi\u0119ciokrotnie wy\u017csza ni\u017c USB 2.0.<\/p>\n<p><strong>USB 2.0:<\/strong><\/p>\n<p>Urz\u0105dzenia ze standardem 2.0 mo\u017cna pod\u0142\u0105czy\u0107 do portu USB 3.x i przynajmniej nieznacznie zwi\u0119kszy\u0107 pr\u0119dko\u015b\u0107 transferu.<\/p>\n<p>Specyfikacja USB 2.0 zosta\u0142a wprowadzona w 2000 roku i jest obecnie najpowszechniej stosowana w nowoczesnych systemach komputerowych.<br \/>\nSzybko\u015b\u0107 transferu mie\u015bci si\u0119 w zakresie 3~10 MB\/s dla pr\u0119dko\u015bci zapisu i 10~25 MB\/s dla pr\u0119dko\u015bci odczytu.<\/p>\n<p><strong>USB 3.x:<\/strong><\/p>\n<p>Urz\u0105dzenia z USB 3.x dzia\u0142aj\u0105 r\u00f3wnie\u017c na porcie USB 2.0, ale zalety USB 3.x nie mog\u0105 by\u0107 tutaj wykorzystane.<\/p>\n<p>Je\u015bli port USB w \u015brodku jest niebieski, jest to port USB 3.x. s\u0105 dwa przewody sygna\u0142owe i zasilaj\u0105ce oraz dwie kolejne pary przewod\u00f3w sygna\u0142owych i jedna para przewod\u00f3w zasilaj\u0105cych.<br \/>\nDodatkowe po\u0142\u0105czenie z mas\u0105. D\u0142ugo\u015b\u0107 kabla maks. Trzy metry.<br \/>\nCz\u0119sto obok przy\u0142\u0105czy znajduje si\u0119 ma\u0142y znak. Oznaczenie &#8222;SS&#8221; (Superspeed) lub &#8222;3.x&#8221; wskazuje na port USB 3.x.<br \/>\nOtw\u00f3rz Mened\u017cera Urz\u0105dze\u0144, znajdziesz wszystkie porty USB w kategorii &#8222;Kontrolery USB&#8221;. Je\u015bli widzisz tutaj okre\u015blenie &#8222;USB 3.x&#8221;, to taki port na pewno jest obecny.<\/p>\n<p>Szybko\u015b\u0107 transferu mie\u015bci si\u0119 w zakresie 10~45 MB\/s dla pr\u0119dko\u015bci zapisu i 60~150 MB\/s dla pr\u0119dko\u015bci odczytu.<\/p>\n<p><strong>USB 2.0:<\/strong><br \/>\nPr\u0119dko\u015b\u0107 zapisu sekwencyjnego w zakresie 3~10 MB\/s<br \/>\nPr\u0119dko\u015b\u0107 odczytu sekwencyjnego w zakresie 10~25 MB\/s<\/p>\n<p><strong>USB 3.x:<\/strong><br \/>\nPr\u0119dko\u015b\u0107 zapisu sekwencyjnego w zakresie 10~45 MB\/s<br \/>\nPr\u0119dko\u015b\u0107 odczytu sekwencyjnego w zakresie 60~150 MB\/s<\/p>\n<p>Podane pr\u0119dko\u015bci odczytu i zapisu s\u0105 warto\u015bciami orientacyjnymi.<\/p>\n<\/div><\/section>\n<section class=\"av_textblock_section \"  itemscope=\"itemscope\" itemtype=\"https:\/\/schema.org\/CreativeWork\" ><div class='avia_textblock  '   itemprop=\"text\" ><input type=\"button\" value=\"Powr\u00f3t\" class=\"alg_back_button_input \" style=\"\" onclick=\"window.history.back()\" \/>\n<\/div><\/section>\n","protected":false},"excerpt":{"rendered":"","protected":false},"author":2,"featured_media":0,"parent":0,"menu_order":0,"comment_status":"closed","ping_status":"closed","template":"","meta":{"footnotes":""},"class_list":["post-159626","page","type-page","status-publish","hentry"],"_links":{"self":[{"href":"https:\/\/hikitec.de\/pl\/wp-json\/wp\/v2\/pages\/159626","targetHints":{"allow":["GET"]}}],"collection":[{"href":"https:\/\/hikitec.de\/pl\/wp-json\/wp\/v2\/pages"}],"about":[{"href":"https:\/\/hikitec.de\/pl\/wp-json\/wp\/v2\/types\/page"}],"author":[{"embeddable":true,"href":"https:\/\/hikitec.de\/pl\/wp-json\/wp\/v2\/users\/2"}],"replies":[{"embeddable":true,"href":"https:\/\/hikitec.de\/pl\/wp-json\/wp\/v2\/comments?post=159626"}],"version-history":[{"count":2,"href":"https:\/\/hikitec.de\/pl\/wp-json\/wp\/v2\/pages\/159626\/revisions"}],"predecessor-version":[{"id":159628,"href":"https:\/\/hikitec.de\/pl\/wp-json\/wp\/v2\/pages\/159626\/revisions\/159628"}],"wp:attachment":[{"href":"https:\/\/hikitec.de\/pl\/wp-json\/wp\/v2\/media?parent=159626"}],"curies":[{"name":"wp","href":"https:\/\/api.w.org\/{rel}","templated":true}]}}