{"id":159847,"date":"2021-05-07T12:14:55","date_gmt":"2021-05-07T10:14:55","guid":{"rendered":"https:\/\/hikitec.de\/jakosc-pamieci-usb\/"},"modified":"2021-05-07T12:14:58","modified_gmt":"2021-05-07T10:14:58","slug":"jakosc-pamieci-usb","status":"publish","type":"page","link":"https:\/\/hikitec.de\/pl\/jakosc-pamieci-usb\/","title":{"rendered":"Jako\u015b\u0107 pami\u0119ci USB"},"content":{"rendered":"\n<style type=\"text\/css\" id=\"style-css-av-3p2w78-24049acaa6a2e0701469b1ca0f45ebc2\">\n#top .flex_column.av-3p2w78-24049acaa6a2e0701469b1ca0f45ebc2{\nborder-radius:0px;\n-webkit-border-radius:0px;\n-moz-border-radius:0px;\npadding:0px;\n}\n<\/style>\n<div class='flex_column av-3p2w78-24049acaa6a2e0701469b1ca0f45ebc2 av_one_full  avia-builder-el-0  el_before_av_one_full  avia-builder-el-first  first flex_column_div av-zero-column-padding '   ><section class=\"av_textblock_section \"  itemscope=\"itemscope\" itemtype=\"https:\/\/schema.org\/CreativeWork\" ><div class='avia_textblock  '   itemprop=\"text\" ><p>HIKITEC GmbH stosuje wy\u0142\u0105cznie markow\u0105 jako\u015b\u0107. Stosowane s\u0105 tak zwane pami\u0119ci NAND Flash firm takich jak Micron, Hynix, Samsung, <em><span style=\"font-family: 'Calibri',sans-serif; font-style: normal;\">Toshiba<\/span><\/em>, Sandisk czy Intel. Poniewa\u017c pami\u0119ci flash USB sk\u0142adaj\u0105 si\u0119 nie tylko z pami\u0119ci NAND flash, ale kontroler USB jest kolejnym kluczowym komponentem zapewniaj\u0105cym, \u017ce rozwi\u0105zanie NAND flash oparte na USB mo\u017ce by\u0107 pomy\u015blnie wdro\u017cone, naturalnie u\u017cywamy r\u00f3wnie\u017c markowej jako\u015bci kontroler\u00f3w, takich jak SMI, Chipsbank lub Alcor. Podczas realizacji zam\u00f3wienia wybieramy dla Ciebie odpowiednie markowe komponenty, kt\u00f3re stanowi\u0105 najlepsz\u0105 kombinacj\u0119 dla Twojego <span class=\"hgkelc\"><b>stosunku<\/b> <b>ceny<\/b>do wydajno\u015bci<\/span>w danym momencie.<br \/>\nJe\u015bli potrzebujesz pami\u0119ci USB dla specjalnych wymaga\u0144, koniecznie poinformuj nas o tym z wyprzedzeniem. W przypadku szczeg\u00f3lnych wyzwa\u0144, sensowne mo\u017ce by\u0107 zam\u00f3wienie wst\u0119pnej pr\u00f3bki do test\u00f3w.<\/p>\n<\/div><\/section><\/div>\n<style type=\"text\/css\" id=\"style-css-av-o7ejhg-a231903f4c15badd27b1592e27b23bc3\">\n#top .flex_column.av-o7ejhg-a231903f4c15badd27b1592e27b23bc3{\nborder-radius:0px;\n-webkit-border-radius:0px;\n-moz-border-radius:0px;\npadding:0px;\n}\n<\/style>\n<div class='flex_column av-o7ejhg-a231903f4c15badd27b1592e27b23bc3 av_one_full  avia-builder-el-2  el_after_av_one_full  avia-builder-el-last  first flex_column_div av-zero-column-padding column-top-margin'   ><section class=\"av_textblock_section \"  itemscope=\"itemscope\" itemtype=\"https:\/\/schema.org\/CreativeWork\" ><div class='avia_textblock  '   itemprop=\"text\" ><input type=\"button\" value=\"Powr\u00f3t\" class=\"alg_back_button_input \" style=\"\" onclick=\"window.history.back()\" \/>\n<\/div><\/section><\/div><\/p>\n","protected":false},"excerpt":{"rendered":"","protected":false},"author":2,"featured_media":0,"parent":0,"menu_order":0,"comment_status":"closed","ping_status":"closed","template":"","meta":{"footnotes":""},"class_list":["post-159847","page","type-page","status-publish","hentry"],"_links":{"self":[{"href":"https:\/\/hikitec.de\/pl\/wp-json\/wp\/v2\/pages\/159847","targetHints":{"allow":["GET"]}}],"collection":[{"href":"https:\/\/hikitec.de\/pl\/wp-json\/wp\/v2\/pages"}],"about":[{"href":"https:\/\/hikitec.de\/pl\/wp-json\/wp\/v2\/types\/page"}],"author":[{"embeddable":true,"href":"https:\/\/hikitec.de\/pl\/wp-json\/wp\/v2\/users\/2"}],"replies":[{"embeddable":true,"href":"https:\/\/hikitec.de\/pl\/wp-json\/wp\/v2\/comments?post=159847"}],"version-history":[{"count":5,"href":"https:\/\/hikitec.de\/pl\/wp-json\/wp\/v2\/pages\/159847\/revisions"}],"predecessor-version":[{"id":159852,"href":"https:\/\/hikitec.de\/pl\/wp-json\/wp\/v2\/pages\/159847\/revisions\/159852"}],"wp:attachment":[{"href":"https:\/\/hikitec.de\/pl\/wp-json\/wp\/v2\/media?parent=159847"}],"curies":[{"name":"wp","href":"https:\/\/api.w.org\/{rel}","templated":true}]}}