{"id":159900,"date":"2021-05-07T12:31:37","date_gmt":"2021-05-07T10:31:37","guid":{"rendered":"https:\/\/hikitec.de\/dane-wektorowe-a-dane-pikselowe\/"},"modified":"2021-05-07T12:31:39","modified_gmt":"2021-05-07T10:31:39","slug":"dane-wektorowe-a-dane-pikselowe","status":"publish","type":"page","link":"https:\/\/hikitec.de\/pl\/dane-wektorowe-a-dane-pikselowe\/","title":{"rendered":"Dane wektorowe a dane pikselowe"},"content":{"rendered":"<section class=\"av_textblock_section \"  itemscope=\"itemscope\" itemtype=\"https:\/\/schema.org\/CreativeWork\" ><div class='avia_textblock  '   itemprop=\"text\" ><p><strong>Dane wektorowe a dane pikselowe<\/strong><\/p>\n<\/div><\/section>\n\n<style type=\"text\/css\" id=\"style-css-av-1qf0c52-c396f8c79b6094e9a3845ad77b1ad49d\">\n#top .flex_column.av-1qf0c52-c396f8c79b6094e9a3845ad77b1ad49d{\nborder-radius:0px;\n-webkit-border-radius:0px;\n-moz-border-radius:0px;\npadding:0px;\n}\n<\/style>\n<div class='flex_column av-1qf0c52-c396f8c79b6094e9a3845ad77b1ad49d av_one_full  avia-builder-el-1  el_after_av_textblock  el_before_av_one_full  first flex_column_div av-zero-column-padding column-top-margin'   ><section class=\"av_textblock_section \"  itemscope=\"itemscope\" itemtype=\"https:\/\/schema.org\/CreativeWork\" ><div class='avia_textblock  '   itemprop=\"text\" ><div><strong>Dane wektorowe:<\/strong><\/div>\n<div><\/div>\n<div><img loading=\"lazy\" decoding=\"async\" class=\"aligncenter size-large wp-image-12893\" src=\"https:\/\/hikitec.de\/wp-content\/uploads\/2020\/07\/Vektor-1030x314.jpg\" alt=\"\" width=\"1030\" height=\"314\" srcset=\"https:\/\/hikitec.de\/wp-content\/uploads\/2020\/07\/Vektor-1030x314.jpg 1030w, https:\/\/hikitec.de\/wp-content\/uploads\/2020\/07\/Vektor-300x91.jpg 300w, https:\/\/hikitec.de\/wp-content\/uploads\/2020\/07\/Vektor-768x234.jpg 768w, https:\/\/hikitec.de\/wp-content\/uploads\/2020\/07\/Vektor-705x215.jpg 705w, https:\/\/hikitec.de\/wp-content\/uploads\/2020\/07\/Vektor-450x137.jpg 450w, https:\/\/hikitec.de\/wp-content\/uploads\/2020\/07\/Vektor.jpg 1038w\" sizes=\"auto, (max-width: 1030px) 100vw, 1030px\" \/><\/div>\n<div>Grafika wektorowa oparta jest na opisie obrazu, kt\u00f3ry precyzyjnie definiuje Twoje logo. Wektory to grafika, kt\u00f3ra sk\u0142ada si\u0119 z opisanych krzywych i punkt\u00f3w. Tak, \u017ce mo\u017cna skalowa\u0107 te dane bez strat. Grafika wektorowa zapewnia lepsz\u0105 ostro\u015b\u0107 obrazu i mniejsze rozmiary danych.<\/div>\n<div>Popularne rozszerzenia plik\u00f3w dla danych wektorowych to: eps, pdf, ai, cdr.<\/div>\n<\/div><\/section><\/div>\n\n<style type=\"text\/css\" id=\"style-css-av-17u5z5i-09acd9422d4e3f7c40f001041b9e443f\">\n#top .flex_column.av-17u5z5i-09acd9422d4e3f7c40f001041b9e443f{\nborder-radius:0px;\n-webkit-border-radius:0px;\n-moz-border-radius:0px;\npadding:0px;\n}\n<\/style>\n<div class='flex_column av-17u5z5i-09acd9422d4e3f7c40f001041b9e443f av_one_full  avia-builder-el-3  el_after_av_one_full  el_before_av_one_full  first flex_column_div av-zero-column-padding column-top-margin'   ><section class=\"av_textblock_section \"  itemscope=\"itemscope\" itemtype=\"https:\/\/schema.org\/CreativeWork\" ><div class='avia_textblock  '   itemprop=\"text\" ><div>\n<div>\n<div><strong>Pixel Daten:<\/strong><\/div>\n<\/div>\n<\/div>\n<div><img loading=\"lazy\" decoding=\"async\" class=\"aligncenter size-full wp-image-12894\" src=\"https:\/\/hikitec.de\/wp-content\/uploads\/2020\/07\/Pixel.jpg\" alt=\"\" width=\"1018\" height=\"330\" srcset=\"https:\/\/hikitec.de\/wp-content\/uploads\/2020\/07\/Pixel.jpg 1018w, https:\/\/hikitec.de\/wp-content\/uploads\/2020\/07\/Pixel-300x97.jpg 300w, https:\/\/hikitec.de\/wp-content\/uploads\/2020\/07\/Pixel-768x249.jpg 768w, https:\/\/hikitec.de\/wp-content\/uploads\/2020\/07\/Pixel-705x229.jpg 705w, https:\/\/hikitec.de\/wp-content\/uploads\/2020\/07\/Pixel-450x146.jpg 450w\" sizes=\"auto, (max-width: 1018px) 100vw, 1018px\" \/><\/div>\n<div>\n<div><\/div>\n<div>Grafika pikselowa, zwana r\u00f3wnie\u017c grafik\u0105 bitmapow\u0105 lub rastrow\u0105, to dane sk\u0142adaj\u0105ce si\u0119 z pojedynczych pikseli u\u0142o\u017conych w siatk\u0119. Ten plik jest zdefiniowany przez jego wysoko\u015b\u0107 i szeroko\u015b\u0107 w pikselach. Grafika pikselowa jest odpowiednia do wy\u015bwietlania zdj\u0119\u0107 w dostosowanym rozmiarze, je\u015bli zmienisz en mo\u017ce sta\u0107 si\u0119 rozmazany Wsp\u00f3lne rozszerzenia plik\u00f3w dla danych pikselowych to: jpg, bmp, gif, png.<\/div>\n<\/div>\n<\/div><\/section><\/div>\n\n<style type=\"text\/css\" id=\"style-css-av-shjfg6-191e0b031d3397dd7c9ede05423c60ae\">\n#top .flex_column.av-shjfg6-191e0b031d3397dd7c9ede05423c60ae{\nborder-radius:0px;\n-webkit-border-radius:0px;\n-moz-border-radius:0px;\npadding:0px;\n}\n<\/style>\n<div class='flex_column av-shjfg6-191e0b031d3397dd7c9ede05423c60ae av_one_full  avia-builder-el-5  el_after_av_one_full  avia-builder-el-last  first flex_column_div av-zero-column-padding column-top-margin'   ><section class=\"av_textblock_section \"  itemscope=\"itemscope\" itemtype=\"https:\/\/schema.org\/CreativeWork\" ><div class='avia_textblock  '   itemprop=\"text\" ><input type=\"button\" value=\"Powr\u00f3t\" class=\"alg_back_button_input \" style=\"\" onclick=\"window.history.back()\" \/>\n<\/div><\/section><\/div>\n","protected":false},"excerpt":{"rendered":"","protected":false},"author":2,"featured_media":0,"parent":0,"menu_order":0,"comment_status":"closed","ping_status":"closed","template":"","meta":{"footnotes":""},"class_list":["post-159900","page","type-page","status-publish","hentry"],"_links":{"self":[{"href":"https:\/\/hikitec.de\/pl\/wp-json\/wp\/v2\/pages\/159900","targetHints":{"allow":["GET"]}}],"collection":[{"href":"https:\/\/hikitec.de\/pl\/wp-json\/wp\/v2\/pages"}],"about":[{"href":"https:\/\/hikitec.de\/pl\/wp-json\/wp\/v2\/types\/page"}],"author":[{"embeddable":true,"href":"https:\/\/hikitec.de\/pl\/wp-json\/wp\/v2\/users\/2"}],"replies":[{"embeddable":true,"href":"https:\/\/hikitec.de\/pl\/wp-json\/wp\/v2\/comments?post=159900"}],"version-history":[{"count":5,"href":"https:\/\/hikitec.de\/pl\/wp-json\/wp\/v2\/pages\/159900\/revisions"}],"predecessor-version":[{"id":159907,"href":"https:\/\/hikitec.de\/pl\/wp-json\/wp\/v2\/pages\/159900\/revisions\/159907"}],"wp:attachment":[{"href":"https:\/\/hikitec.de\/pl\/wp-json\/wp\/v2\/media?parent=159900"}],"curies":[{"name":"wp","href":"https:\/\/api.w.org\/{rel}","templated":true}]}}