{"id":159955,"date":"2021-05-07T14:09:15","date_gmt":"2021-05-07T12:09:15","guid":{"rendered":"https:\/\/hikitec.de\/usluga-uszlachetniania\/"},"modified":"2021-05-07T14:09:23","modified_gmt":"2021-05-07T12:09:23","slug":"usluga-uszlachetniania","status":"publish","type":"page","link":"https:\/\/hikitec.de\/pl\/usluga-uszlachetniania\/","title":{"rendered":"Us\u0142uga uszlachetniania"},"content":{"rendered":"<section class=\"av_textblock_section \"  itemscope=\"itemscope\" itemtype=\"https:\/\/schema.org\/CreativeWork\" ><div class='avia_textblock  '   itemprop=\"text\" ><p><strong>Jakie s\u0105 rodzaje wyko\u0144czenia?<\/strong><\/p>\n<\/div><\/section>\n<section class=\"av_textblock_section \"  itemscope=\"itemscope\" itemtype=\"https:\/\/schema.org\/CreativeWork\" ><div class='avia_textblock  '   itemprop=\"text\" ><p><strong>Dopracowanie to r\u00f3\u017cne warianty, aby spersonalizowa\u0107 nasze produkty indywidualnie. W zale\u017cno\u015bci od rodzaju powierzchni mo\u017cliwe s\u0105 r\u00f3\u017cne rodzaje:<\/strong><\/p>\n<p><strong>Sitodruk<\/strong><\/p>\n<p>Druk ten jest procesem druku bezpo\u015bredniego, w kt\u00f3rym farba jest t\u0142oczona przez tkanin\u0119 bezpo\u015brednio na produkt, kt\u00f3ry ma by\u0107 zadrukowany. Otwory w tkaninie s\u0105 nieprzepuszczalne dla farby w miejscach, przez kt\u00f3re farba nie ma przechodzi\u0107. Forma drukarska jest zamocowana w maszynie, a farba drukarska jest nanoszona&#8230;.<\/p>\n<p><strong>Tampodruk<\/strong><\/p>\n<p>Tampodruk to proces druku po\u015bredniego, w kt\u00f3rym najpierw tworzona jest forma drukarska, a nast\u0119pnie motyw drukarski przenoszony jest na produkt za pomoc\u0105 stempla wykonanego z gumy silikonowej. Ze wzgl\u0119du na elastyczno\u015b\u0107 stempla, nawet lekko zakrzywione powierzchnie mog\u0105 by\u0107 dobrze zadrukowane t\u0105 metod\u0105.<\/p>\n<p><strong>Grawerowanie<\/strong><\/p>\n<p>Grawerowanie lub znakowanie laserowe to wyko\u0144czenia, kt\u00f3re wykorzystuj\u0105 intensywn\u0105 wi\u0105zk\u0119 laserow\u0105 do nanoszenia Twojego logo na metalowe powierzchnie. Dzi\u0119ki usuni\u0119ciu materia\u0142u, oznaczenia laserowe s\u0105 wodoodporne, odporne na smugi i bardzo trwa\u0142e.<\/p>\n<p><strong>Doming<\/strong><\/p>\n<p>Doming to nazwa technologii produkcji naklejek 3D z pow\u0142ok\u0105 powierzchniow\u0105, kt\u00f3ra zazwyczaj ma szklisty, wysoce przezroczysty wygl\u0105d. Pow\u0142oka ta mo\u017ce by\u0107 stosowana w celu skutecznego zwi\u0119kszenia efektu estetycznego na wielu powierzchniach.<\/p>\n<p><strong>Druk cyfrowy ( C M Y K )<\/strong><\/p>\n<p>W tym procesie drukowania, drukowany obraz jest przenoszony bezpo\u015brednio z komputera na maszyn\u0119 drukarsk\u0105 bez u\u017cycia statycznej formy drukarskiej. System drukuj\u0105cy jest zazwyczaj systemem druku elektrograficznego, takim jak drukarka laserowa przeznaczona do druku wysokonak\u0142adowego.<\/p>\n<p><strong>Druk cyfrowy UV ( W + C M Y K )<\/strong><\/p>\n<p>G\u0142\u00f3wn\u0105 r\u00f3\u017cnic\u0105 w stosunku do konwencjonalnego druku cyfrowego jest to, \u017ce farba nie wnika ca\u0142kowicie w materia\u0142, lecz le\u017cy na wierzchu materia\u0142u drukarskiego. Umo\u017cliwia to drukowanie na prawie wszystkich materia\u0142ach. Kolor jest utwardzany \u015bwiat\u0142em ultrafioletowym, wi\u0119c biel jest tu r\u00f3wnie\u017c mo\u017cliwa jako pi\u0105ty kolor mieszany.<\/p>\n<p><a href=\"https:\/\/hikitec.de\/proces-druku-cmyk-rozmiar-danych-i-prawidlowe-spady\/?lang=pl\">Wi\u0119cej informacji na temat &#8222;Rozmiar danych i prawid\u0142owe przycinanie&#8221; mo\u017cna znale\u017a\u0107 tutaj<\/a><\/p>\n<p><strong>T\u0142oczenie na \u015blepo<\/strong><\/p>\n<p>Jest to druk t\u0142oczony bez farby drukarskiej. T\u0142oczenie na \u015blepo nadaje si\u0119 do mi\u0119kkich materia\u0142\u00f3w bazowych, takich jak sk\u00f3ra lub imitacja sk\u00f3ry i sprawia, \u017ce motyw nadruku jest szlachetny i nie rzuca si\u0119 w oczy.<\/p>\n<p><strong>Stemplowanie na gor\u0105co<\/strong><\/p>\n<p>Hot stamping to &#8222;t\u0142oczenie na gor\u0105co&#8221; bez tuszu, r\u00f3\u017cnica w stosunku do konwencjonalnego t\u0142oczenia na \u015blepo polega na tym, \u017ce matryca t\u0142ocz\u0105ca jest wciskana na gor\u0105co w materia\u0142.<\/p>\n<p><a href=\"https:\/\/hikitec.de\/dane-wektorowe-a-dane-pikselowe\/?lang=pl\">Informacje o plikach wektorowych i pikselowych<\/a><\/p>\n<\/div><\/section>\n<section class=\"av_textblock_section \"  itemscope=\"itemscope\" itemtype=\"https:\/\/schema.org\/CreativeWork\" ><div class='avia_textblock  '   itemprop=\"text\" ><input type=\"button\" value=\"Powr\u00f3t\" class=\"alg_back_button_input \" style=\"\" onclick=\"window.history.back()\" \/>\n<\/div><\/section>\n","protected":false},"excerpt":{"rendered":"","protected":false},"author":2,"featured_media":0,"parent":0,"menu_order":0,"comment_status":"closed","ping_status":"closed","template":"","meta":{"footnotes":""},"class_list":["post-159955","page","type-page","status-publish","hentry"],"_links":{"self":[{"href":"https:\/\/hikitec.de\/pl\/wp-json\/wp\/v2\/pages\/159955","targetHints":{"allow":["GET"]}}],"collection":[{"href":"https:\/\/hikitec.de\/pl\/wp-json\/wp\/v2\/pages"}],"about":[{"href":"https:\/\/hikitec.de\/pl\/wp-json\/wp\/v2\/types\/page"}],"author":[{"embeddable":true,"href":"https:\/\/hikitec.de\/pl\/wp-json\/wp\/v2\/users\/2"}],"replies":[{"embeddable":true,"href":"https:\/\/hikitec.de\/pl\/wp-json\/wp\/v2\/comments?post=159955"}],"version-history":[{"count":6,"href":"https:\/\/hikitec.de\/pl\/wp-json\/wp\/v2\/pages\/159955\/revisions"}],"predecessor-version":[{"id":159961,"href":"https:\/\/hikitec.de\/pl\/wp-json\/wp\/v2\/pages\/159955\/revisions\/159961"}],"wp:attachment":[{"href":"https:\/\/hikitec.de\/pl\/wp-json\/wp\/v2\/media?parent=159955"}],"curies":[{"name":"wp","href":"https:\/\/api.w.org\/{rel}","templated":true}]}}