{"id":187899,"date":"2021-05-19T16:35:05","date_gmt":"2021-05-19T14:35:05","guid":{"rendered":"https:\/\/hikitec.de\/formatuj-pamiec-usb\/"},"modified":"2021-05-19T16:35:09","modified_gmt":"2021-05-19T14:35:09","slug":"formatuj-pamiec-usb","status":"publish","type":"page","link":"https:\/\/hikitec.de\/pl\/formatuj-pamiec-usb\/","title":{"rendered":"Formatuj pami\u0119\u0107 USB"},"content":{"rendered":"\n<style type=\"text\/css\" id=\"style-css-av-1ktlnfq-04948dae7bde043c5b8726394724d6ab\">\n#top .flex_column.av-1ktlnfq-04948dae7bde043c5b8726394724d6ab{\nborder-radius:0px;\n-webkit-border-radius:0px;\n-moz-border-radius:0px;\npadding:0px;\n}\n<\/style>\n<div class='flex_column av-1ktlnfq-04948dae7bde043c5b8726394724d6ab av_one_full  avia-builder-el-0  el_before_av_one_full  avia-builder-el-first  first flex_column_div av-zero-column-padding '   ><section class=\"av_textblock_section \"  itemscope=\"itemscope\" itemtype=\"https:\/\/schema.org\/CreativeWork\" ><div class='avia_textblock  '   itemprop=\"text\" ><\/div><\/section><\/div>\n\n<style type=\"text\/css\" id=\"style-css-av-1ktlnfq-04948dae7bde043c5b8726394724d6ab\">\n#top .flex_column.av-1ktlnfq-04948dae7bde043c5b8726394724d6ab{\nborder-radius:0px;\n-webkit-border-radius:0px;\n-moz-border-radius:0px;\npadding:0px;\n}\n<\/style>\n<div class='flex_column av-1ktlnfq-04948dae7bde043c5b8726394724d6ab av_one_full  avia-builder-el-2  el_after_av_one_full  el_before_av_one_full  first flex_column_div av-zero-column-padding column-top-margin'   ><section class=\"av_textblock_section \"  itemscope=\"itemscope\" itemtype=\"https:\/\/schema.org\/CreativeWork\" ><div class='avia_textblock  '   itemprop=\"text\" ><p><strong>Co to jest exFat?<\/strong><\/p>\n<p>exFAT zosta\u0142 opracowany g\u0142\u00f3wnie w celu zast\u0105pienia FAT32 na dyskach flash, aby przezwyci\u0119\u017cy\u0107 ograniczenia FAT \/ FAT32 w zakresie rozmiaru pojedynczego pliku (maksymalnie ok. 4GB na plik) i maksymalnego rozmiaru partycji przy zachowaniu kompatybilno\u015bci z wieloma r\u00f3\u017cnymi urz\u0105dzeniami hosta.<\/p>\n<p>Zalety exFat:<img loading=\"lazy\" decoding=\"async\" class=\"size-medium wp-image-24892 alignright\" src=\"https:\/\/hikitec.de\/wp-content\/uploads\/2021\/03\/exfat-226x300.jpg\" alt=\"\" width=\"226\" height=\"300\" srcset=\"https:\/\/hikitec.de\/wp-content\/uploads\/2021\/03\/exfat-226x300.jpg 226w, https:\/\/hikitec.de\/wp-content\/uploads\/2021\/03\/exfat.jpg 363w\" sizes=\"auto, (max-width: 226px) 100vw, 226px\" \/><\/p>\n<p><img loading=\"lazy\" decoding=\"async\" class=\"transparent\" src=\"https:\/\/hikitec.de\/wp-content\/uploads\/2016\/12\/zzz_HIKITEC_Favicon_32.png\" alt=\"https:\/\/hikitec.de\/wp-content\/uploads\/2016\/12\/zzz_HIKITEC_Favicon_32.png\" width=\"11\" height=\"12\"> Prawie wszystkie systemy operacyjne maj\u0105 do niego dost\u0119p<br \/>\n<img loading=\"lazy\" decoding=\"async\" class=\"transparent\" src=\"https:\/\/hikitec.de\/wp-content\/uploads\/2016\/12\/zzz_HIKITEC_Favicon_32.png\" alt=\"https:\/\/hikitec.de\/wp-content\/uploads\/2016\/12\/zzz_HIKITEC_Favicon_32.png\" width=\"11\" height=\"12\"> brak ogranicze\u0144 wielko\u015bci plik\u00f3w<\/p>\n<p>Wady exFat:<\/p>\n<p><img loading=\"lazy\" decoding=\"async\" class=\"transparent\" src=\"https:\/\/hikitec.de\/wp-content\/uploads\/2016\/12\/zzz_HIKITEC_Favicon_32.png\" alt=\"https:\/\/hikitec.de\/wp-content\/uploads\/2016\/12\/zzz_HIKITEC_Favicon_32.png\" width=\"11\" height=\"12\"> nieco wolniejszy ni\u017c NTFS<\/p>\n<div><\/div>\n<\/div><\/section><\/div>\n\n<style type=\"text\/css\" id=\"style-css-av-1ktlnfq-04948dae7bde043c5b8726394724d6ab\">\n#top .flex_column.av-1ktlnfq-04948dae7bde043c5b8726394724d6ab{\nborder-radius:0px;\n-webkit-border-radius:0px;\n-moz-border-radius:0px;\npadding:0px;\n}\n<\/style>\n<div class='flex_column av-1ktlnfq-04948dae7bde043c5b8726394724d6ab av_one_full  avia-builder-el-4  el_after_av_one_full  el_before_av_one_full  first flex_column_div av-zero-column-padding column-top-margin'   ><section class=\"av_textblock_section \"  itemscope=\"itemscope\" itemtype=\"https:\/\/schema.org\/CreativeWork\" ><div class='avia_textblock  '   itemprop=\"text\" ><p><strong>Co to jest NTFS?<\/strong><\/p>\n<p>W por\u00f3wnaniu do systemu plik\u00f3w FAT, NTFS oferuje m.in. ukierunkowan\u0105 ochron\u0119 dost\u0119pu na poziomie plik\u00f3w oraz wi\u0119ksze bezpiecze\u0144stwo danych dzi\u0119ki dziennikowaniu. Nie ma jednak tak szerokiej kompatybilno\u015bci jak w przypadku FAT. Kolejn\u0105 zalet\u0105 NTFS jest to, \u017ce rozmiar pliku nie jest ograniczony do oko\u0142o 4 GB, jak w przypadku FAT16\/32.<\/p>\n<p>Zalety systemu NTFS:<strong><img loading=\"lazy\" decoding=\"async\" class=\"size-medium wp-image-24881 alignright\" src=\"https:\/\/hikitec.de\/wp-content\/uploads\/2021\/03\/NTFS-222x300.jpg\" alt=\"\" width=\"222\" height=\"300\" srcset=\"https:\/\/hikitec.de\/wp-content\/uploads\/2021\/03\/NTFS-222x300.jpg 222w, https:\/\/hikitec.de\/wp-content\/uploads\/2021\/03\/NTFS.jpg 365w\" sizes=\"auto, (max-width: 222px) 100vw, 222px\" \/><\/strong><\/p>\n<p><img loading=\"lazy\" decoding=\"async\" class=\"transparent\" src=\"https:\/\/hikitec.de\/wp-content\/uploads\/2016\/12\/zzz_HIKITEC_Favicon_32.png\" alt=\"https:\/\/hikitec.de\/wp-content\/uploads\/2016\/12\/zzz_HIKITEC_Favicon_32.png\" width=\"11\" height=\"12\"> mo\u017cna na nim instalowa\u0107 nowe systemy operacyjne<br \/>\n<img loading=\"lazy\" decoding=\"async\" class=\"transparent\" src=\"https:\/\/hikitec.de\/wp-content\/uploads\/2016\/12\/zzz_HIKITEC_Favicon_32.png\" alt=\"https:\/\/hikitec.de\/wp-content\/uploads\/2016\/12\/zzz_HIKITEC_Favicon_32.png\" width=\"11\" height=\"12\"> wy\u017csze pr\u0119dko\u015bci przesy\u0142u danych<br \/>\n<img loading=\"lazy\" decoding=\"async\" class=\"transparent\" src=\"https:\/\/hikitec.de\/wp-content\/uploads\/2016\/12\/zzz_HIKITEC_Favicon_32.png\" alt=\"https:\/\/hikitec.de\/wp-content\/uploads\/2016\/12\/zzz_HIKITEC_Favicon_32.png\" width=\"11\" height=\"12\"> Mo\u017cliwe rozmiary plik\u00f3w do 16 TB<br \/>\n<img loading=\"lazy\" decoding=\"async\" class=\"transparent\" src=\"https:\/\/hikitec.de\/wp-content\/uploads\/2016\/12\/zzz_HIKITEC_Favicon_32.png\" alt=\"https:\/\/hikitec.de\/wp-content\/uploads\/2016\/12\/zzz_HIKITEC_Favicon_32.png\" width=\"11\" height=\"12\"> Rozmiar partycji do 256 TB<br \/>\n<img loading=\"lazy\" decoding=\"async\" class=\"transparent\" src=\"https:\/\/hikitec.de\/wp-content\/uploads\/2016\/12\/zzz_HIKITEC_Favicon_32.png\" alt=\"https:\/\/hikitec.de\/wp-content\/uploads\/2016\/12\/zzz_HIKITEC_Favicon_32.png\" width=\"11\" height=\"12\"> zapisuje pliki &#8222;inteligentnie&#8221;, aby unikn\u0105\u0107 fragmentacji<br \/>\n<img loading=\"lazy\" decoding=\"async\" class=\"transparent\" src=\"https:\/\/hikitec.de\/wp-content\/uploads\/2016\/12\/zzz_HIKITEC_Favicon_32.png\" alt=\"https:\/\/hikitec.de\/wp-content\/uploads\/2016\/12\/zzz_HIKITEC_Favicon_32.png\" width=\"11\" height=\"12\"> rejestruje zmiany w plikach w przypadku awarii, aby unikn\u0105\u0107 utraty danych<br \/>\n<img loading=\"lazy\" decoding=\"async\" class=\"transparent\" src=\"https:\/\/hikitec.de\/wp-content\/uploads\/2016\/12\/zzz_HIKITEC_Favicon_32.png\" alt=\"https:\/\/hikitec.de\/wp-content\/uploads\/2016\/12\/zzz_HIKITEC_Favicon_32.png\" width=\"11\" height=\"12\"> Pliki mog\u0105 by\u0107 zaszyfrowane<br \/>\n<img loading=\"lazy\" decoding=\"async\" class=\"transparent\" src=\"https:\/\/hikitec.de\/wp-content\/uploads\/2016\/12\/zzz_HIKITEC_Favicon_32.png\" alt=\"https:\/\/hikitec.de\/wp-content\/uploads\/2016\/12\/zzz_HIKITEC_Favicon_32.png\" width=\"11\" height=\"12\"> Mo\u017cliwo\u015b\u0107 kompresji plik\u00f3w i dysk\u00f3w<br \/>\n<img loading=\"lazy\" decoding=\"async\" class=\"transparent\" src=\"https:\/\/hikitec.de\/wp-content\/uploads\/2016\/12\/zzz_HIKITEC_Favicon_32.png\" alt=\"https:\/\/hikitec.de\/wp-content\/uploads\/2016\/12\/zzz_HIKITEC_Favicon_32.png\" width=\"11\" height=\"12\"> szybsza defragmentacja<br \/>\n<img loading=\"lazy\" decoding=\"async\" class=\"transparent\" src=\"https:\/\/hikitec.de\/wp-content\/uploads\/2016\/12\/zzz_HIKITEC_Favicon_32.png\" alt=\"https:\/\/hikitec.de\/wp-content\/uploads\/2016\/12\/zzz_HIKITEC_Favicon_32.png\" width=\"11\" height=\"12\"> Dost\u0119p do plik\u00f3w mo\u017ce by\u0107 monitorowany<br \/>\n<img loading=\"lazy\" decoding=\"async\" class=\"transparent\" src=\"https:\/\/hikitec.de\/wp-content\/uploads\/2016\/12\/zzz_HIKITEC_Favicon_32.png\" alt=\"https:\/\/hikitec.de\/wp-content\/uploads\/2016\/12\/zzz_HIKITEC_Favicon_32.png\" width=\"11\" height=\"12\"> U\u017cytkownikom mo\u017cna przydzieli\u0107 limity pami\u0119ci<\/p>\n<p>Wady systemu NTFS:<\/p>\n<p><img loading=\"lazy\" decoding=\"async\" class=\"transparent\" src=\"https:\/\/hikitec.de\/wp-content\/uploads\/2016\/12\/zzz_HIKITEC_Favicon_32.png\" alt=\"https:\/\/hikitec.de\/wp-content\/uploads\/2016\/12\/zzz_HIKITEC_Favicon_32.png\" width=\"11\" height=\"12\"> pe\u0142na obs\u0142uga tylko w systemach operacyjnych Windows<br \/>\n<img loading=\"lazy\" decoding=\"async\" class=\"transparent\" src=\"https:\/\/hikitec.de\/wp-content\/uploads\/2016\/12\/zzz_HIKITEC_Favicon_32.png\" alt=\"https:\/\/hikitec.de\/wp-content\/uploads\/2016\/12\/zzz_HIKITEC_Favicon_32.png\" width=\"11\" height=\"12\"> nieczytelne dla wielu urz\u0105dze\u0144<\/p>\n<\/div><\/section><\/div>\n\n<style type=\"text\/css\" id=\"style-css-av-ediejra-939f81adbc998a6793d30a432c5f62c2\">\n#top .flex_column.av-ediejra-939f81adbc998a6793d30a432c5f62c2{\nborder-radius:0px;\n-webkit-border-radius:0px;\n-moz-border-radius:0px;\npadding:0px;\n}\n<\/style>\n<div class='flex_column av-ediejra-939f81adbc998a6793d30a432c5f62c2 av_one_full  avia-builder-el-6  el_after_av_one_full  el_before_av_one_full  first flex_column_div av-zero-column-padding column-top-margin'   ><p><section class=\"av_textblock_section \"  itemscope=\"itemscope\" itemtype=\"https:\/\/schema.org\/CreativeWork\" ><div class='avia_textblock  '   itemprop=\"text\" ><p><strong>Jakie s\u0105 najwa\u017cniejsze systemy plik\u00f3w w systemie Windows?<\/strong><\/p>\n<\/div><\/section><br \/>\n<div  class='avia-table av-1eju2ue-2b5fe5b31460b7aa97f1cf1e99b10fdc main_color avia-pricing-table-container avia_pricing_default  avia-builder-el-8  el_after_av_textblock  avia-builder-el-last  avia-table-1 '  itemscope=\"itemscope\" itemtype=\"https:\/\/schema.org\/Table\" ><div class=\"pricing-table-wrap\"><ul class='pricing-table '><li class=''><div class='first-table-item'>System plik\u00f3w<\/div><span class='pricing-extra'><\/span><\/li><li class=''>FAT32<\/li><li class=''>exFAT<\/li><li class=''>NTFS 1.0, 1.1, 2<\/li><li class=''>NTFS 3.0, 3.1, TxF<\/li><\/ul><\/div><div class=\"pricing-table-wrap\"><ul class='pricing-table '><li class=''><div class='first-table-item'>max. Partition<\/div><span class='pricing-extra'><\/span><\/li><li class=''>8 TB<\/li><li class=''>&gt;8 TB<\/li><li class=''>&gt;8 TB<\/li><li class=''>&gt;8 TB<\/li><\/ul><\/div><div class=\"pricing-table-wrap\"><ul class='pricing-table '><li class=''><div class='first-table-item'>U\u017cyj<\/div><span class='pricing-extra'><\/span><\/li><li class=''>Windows 95b, Windows 98, Windows ME<\/li><li class=''>Windows CE, Flash-Speichermedien<\/li><li class=''>Windows NT 3.1 bis Windows NT 4.0<\/li><li class=''>Windows 2000, Windowx XP, Windows Vista, Windows 7<\/li><\/ul><\/div><\/div><\/p><\/div>\n\n<style type=\"text\/css\" id=\"style-css-av-jjkgqu-9ad277fd797eabb3d092612aad3559f3\">\n#top .flex_column.av-jjkgqu-9ad277fd797eabb3d092612aad3559f3{\nborder-radius:0px;\n-webkit-border-radius:0px;\n-moz-border-radius:0px;\npadding:0px;\n}\n<\/style>\n<div class='flex_column av-jjkgqu-9ad277fd797eabb3d092612aad3559f3 av_one_full  avia-builder-el-9  el_after_av_one_full  el_before_av_one_full  first flex_column_div av-zero-column-padding column-top-margin'   ><section class=\"av_textblock_section \"  itemscope=\"itemscope\" itemtype=\"https:\/\/schema.org\/CreativeWork\" ><div class='avia_textblock  '   itemprop=\"text\" ><p><strong>Jak sformatowa\u0107 pami\u0119\u0107 USB w systemie Windows:<\/strong><\/p>\n<p><img loading=\"lazy\" decoding=\"async\" class=\"transparent\" src=\"https:\/\/hikitec.de\/wp-content\/uploads\/2016\/12\/zzz_HIKITEC_Favicon_32.png\" alt=\"https:\/\/hikitec.de\/wp-content\/uploads\/2016\/12\/zzz_HIKITEC_Favicon_32.png\" width=\"11\" height=\"12\"> Pod\u0142\u0105cz pami\u0119\u0107 USB do komputera PC\/laptopa, pod\u0142\u0105czaj\u0105c j\u0105 do wolnego portu USB.<strong><img loading=\"lazy\" decoding=\"async\" class=\"size-medium wp-image-24884 alignright\" src=\"https:\/\/hikitec.de\/wp-content\/uploads\/2021\/03\/Wie-formatieren-ueber-explorer-167x300.jpg\" alt=\"\" width=\"167\" height=\"300\" srcset=\"https:\/\/hikitec.de\/wp-content\/uploads\/2021\/03\/Wie-formatieren-ueber-explorer-167x300.jpg 167w, https:\/\/hikitec.de\/wp-content\/uploads\/2021\/03\/Wie-formatieren-ueber-explorer.jpg 254w\" sizes=\"auto, (max-width: 167px) 100vw, 167px\" \/><\/strong><br \/>\n<img loading=\"lazy\" decoding=\"async\" class=\"transparent\" src=\"https:\/\/hikitec.de\/wp-content\/uploads\/2016\/12\/zzz_HIKITEC_Favicon_32.png\" alt=\"https:\/\/hikitec.de\/wp-content\/uploads\/2016\/12\/zzz_HIKITEC_Favicon_32.png\" width=\"11\" height=\"12\"> Kliknij ikon\u0119 Start systemu Windows w lewym dolnym rogu, a nast\u0119pnie kliknij polecenie Komputer. Tutaj mo\u017cna zobaczy\u0107 pod\u0142\u0105czony dysk wymienny.<br \/>\n<img loading=\"lazy\" decoding=\"async\" class=\"transparent\" src=\"https:\/\/hikitec.de\/wp-content\/uploads\/2016\/12\/zzz_HIKITEC_Favicon_32.png\" alt=\"https:\/\/hikitec.de\/wp-content\/uploads\/2016\/12\/zzz_HIKITEC_Favicon_32.png\" width=\"11\" height=\"12\"> Kliknij prawym przyciskiem myszy na pami\u0119ci USB i wybierz &#8222;Formatuj&#8230;&#8221; lewym przyciskiem myszy. Otworzy si\u0119 nowe okno.<br \/>\n<img loading=\"lazy\" decoding=\"async\" class=\"transparent\" src=\"https:\/\/hikitec.de\/wp-content\/uploads\/2016\/12\/zzz_HIKITEC_Favicon_32.png\" alt=\"https:\/\/hikitec.de\/wp-content\/uploads\/2016\/12\/zzz_HIKITEC_Favicon_32.png\" width=\"11\" height=\"12\"> Tutaj mo\u017cna wybra\u0107 \u017c\u0105dany system plik\u00f3w. Je\u015bli chcesz u\u017cywa\u0107 swojej pami\u0119ci USB z innymi systemami operacyjnymi, zalecamy ustawienie domy\u015blne &#8222;NTFS&#8221;.<br \/>\n<img loading=\"lazy\" decoding=\"async\" class=\"transparent\" src=\"https:\/\/hikitec.de\/wp-content\/uploads\/2016\/12\/zzz_HIKITEC_Favicon_32.png\" alt=\"https:\/\/hikitec.de\/wp-content\/uploads\/2016\/12\/zzz_HIKITEC_Favicon_32.png\" width=\"11\" height=\"12\"> Je\u015bli mimo wszystko chcesz sparowa\u0107 sw\u00f3j stick tylko z systemami Windows, mo\u017cesz wybra\u0107 ustawienie &#8222;FAT32&#8221;. Jednak ten system plik\u00f3w mo\u017ce by\u0107 u\u017cywany tylko na pami\u0119ciach USB o pojemno\u015bci do 32 GB.<br \/>\n<img loading=\"lazy\" decoding=\"async\" class=\"transparent\" src=\"https:\/\/hikitec.de\/wp-content\/uploads\/2016\/12\/zzz_HIKITEC_Favicon_32.png\" alt=\"https:\/\/hikitec.de\/wp-content\/uploads\/2016\/12\/zzz_HIKITEC_Favicon_32.png\" width=\"11\" height=\"12\"> Aby sformatowa\u0107 dysk wi\u0119kszy ni\u017c 32 GB w systemie FAT32, potrzebny jest dodatkowy program, taki jak FAT32Formatter.<br \/>\n<img loading=\"lazy\" decoding=\"async\" class=\"transparent\" src=\"https:\/\/hikitec.de\/wp-content\/uploads\/2016\/12\/zzz_HIKITEC_Favicon_32.png\" alt=\"https:\/\/hikitec.de\/wp-content\/uploads\/2016\/12\/zzz_HIKITEC_Favicon_32.png\" width=\"11\" height=\"12\"> Pojemno\u015b\u0107 pami\u0119ci&#8221; i &#8222;Rozmiar jednostek alokacji&#8221; mo\u017cna pozostawi\u0107 bez zmian.<br \/>\n<img loading=\"lazy\" decoding=\"async\" class=\"transparent\" src=\"https:\/\/hikitec.de\/wp-content\/uploads\/2016\/12\/zzz_HIKITEC_Favicon_32.png\" alt=\"https:\/\/hikitec.de\/wp-content\/uploads\/2016\/12\/zzz_HIKITEC_Favicon_32.png\" width=\"11\" height=\"12\"> Za &#8222;Volume label&#8221; (Etykieta woluminu) mo\u017cna zdefiniowa\u0107 nazw\u0119 dla pami\u0119ci USB. Mo\u017cna to jeszcze zmieni\u0107 w dowolnym momencie po sformatowaniu.<br \/>\n<img loading=\"lazy\" decoding=\"async\" class=\"transparent\" src=\"https:\/\/hikitec.de\/wp-content\/uploads\/2016\/12\/zzz_HIKITEC_Favicon_32.png\" alt=\"https:\/\/hikitec.de\/wp-content\/uploads\/2016\/12\/zzz_HIKITEC_Favicon_32.png\" width=\"11\" height=\"12\"> Z regu\u0142y mo\u017cna pozostawi\u0107 lub ustawi\u0107 znacznik wyboru przed &#8222;Szybkim formatowaniem&#8221;, poniewa\u017c ten typ formatowania jest ca\u0142kowicie wystarczaj\u0105cy w wi\u0119kszo\u015bci przypadk\u00f3w. Je\u015bli jednak chcesz by\u0107 po bezpiecznej stronie podczas usuwania danych, mo\u017cesz usun\u0105\u0107 ten znacznik.<br \/>\n<img loading=\"lazy\" decoding=\"async\" class=\"transparent\" src=\"https:\/\/hikitec.de\/wp-content\/uploads\/2016\/12\/zzz_HIKITEC_Favicon_32.png\" alt=\"https:\/\/hikitec.de\/wp-content\/uploads\/2016\/12\/zzz_HIKITEC_Favicon_32.png\" width=\"11\" height=\"12\"> Kliknij na &#8222;Start&#8221; i potwierd\u017a monit bezpiecze\u0144stwa. Nast\u0119pnie pami\u0119\u0107 USB zostanie sformatowana.<\/p>\n<\/div><\/section><\/div>\n\n<style type=\"text\/css\" id=\"style-css-av-jjkgqu-9ad277fd797eabb3d092612aad3559f3\">\n#top .flex_column.av-jjkgqu-9ad277fd797eabb3d092612aad3559f3{\nborder-radius:0px;\n-webkit-border-radius:0px;\n-moz-border-radius:0px;\npadding:0px;\n}\n<\/style>\n<div class='flex_column av-jjkgqu-9ad277fd797eabb3d092612aad3559f3 av_one_full  avia-builder-el-11  el_after_av_one_full  el_before_av_one_full  first flex_column_div av-zero-column-padding column-top-margin'   ><section class=\"av_textblock_section \"  itemscope=\"itemscope\" itemtype=\"https:\/\/schema.org\/CreativeWork\" ><div class='avia_textblock  '   itemprop=\"text\" ><p><strong>Jak sformatowa\u0107 pami\u0119\u0107 USB pod CDM*:<\/strong><\/p>\n<p><img loading=\"lazy\" decoding=\"async\" class=\"transparent\" src=\"https:\/\/hikitec.de\/wp-content\/uploads\/2016\/12\/zzz_HIKITEC_Favicon_32.png\" alt=\"https:\/\/hikitec.de\/wp-content\/uploads\/2016\/12\/zzz_HIKITEC_Favicon_32.png\" width=\"11\" height=\"12\"> Pod\u0142\u0105cz pami\u0119\u0107 USB do komputera, wk\u0142adaj\u0105c j\u0105 do wolnego portu USB.<img loading=\"lazy\" decoding=\"async\" class=\"size-medium wp-image-24888 alignright\" src=\"https:\/\/hikitec.de\/wp-content\/uploads\/2021\/03\/Formatierung-unter-CDM-300x156.jpg\" alt=\"\" width=\"300\" height=\"156\" srcset=\"https:\/\/hikitec.de\/wp-content\/uploads\/2021\/03\/Formatierung-unter-CDM-300x156.jpg 300w, https:\/\/hikitec.de\/wp-content\/uploads\/2021\/03\/Formatierung-unter-CDM-768x400.jpg 768w, https:\/\/hikitec.de\/wp-content\/uploads\/2021\/03\/Formatierung-unter-CDM-705x368.jpg 705w, https:\/\/hikitec.de\/wp-content\/uploads\/2021\/03\/Formatierung-unter-CDM-450x235.jpg 450w, https:\/\/hikitec.de\/wp-content\/uploads\/2021\/03\/Formatierung-unter-CDM.jpg 980w\" sizes=\"auto, (max-width: 300px) 100vw, 300px\" \/><br \/>\n<img loading=\"lazy\" decoding=\"async\" class=\"transparent\" src=\"https:\/\/hikitec.de\/wp-content\/uploads\/2016\/12\/zzz_HIKITEC_Favicon_32.png\" alt=\"https:\/\/hikitec.de\/wp-content\/uploads\/2016\/12\/zzz_HIKITEC_Favicon_32.png\" width=\"11\" height=\"12\"> Naci\u015bnij klawisz WINDOWS + R<br \/>\n<img loading=\"lazy\" decoding=\"async\" class=\"transparent\" src=\"https:\/\/hikitec.de\/wp-content\/uploads\/2016\/12\/zzz_HIKITEC_Favicon_32.png\" alt=\"https:\/\/hikitec.de\/wp-content\/uploads\/2016\/12\/zzz_HIKITEC_Favicon_32.png\" width=\"11\" height=\"12\"> Wpisz &#8222;CMD&#8221; i naci\u015bnij Enter. Otworzy si\u0119 nowe czarne okno (konsola).<br \/>\n<img loading=\"lazy\" decoding=\"async\" class=\"transparent\" src=\"https:\/\/hikitec.de\/wp-content\/uploads\/2016\/12\/zzz_HIKITEC_Favicon_32.png\" alt=\"https:\/\/hikitec.de\/wp-content\/uploads\/2016\/12\/zzz_HIKITEC_Favicon_32.png\" width=\"11\" height=\"12\"> Tutaj nale\u017cy wpisa\u0107 &#8222;format&#8221;, nast\u0119pnie liter\u0119 dysku tutaj w przyk\u0142adzie &#8222;E:&#8221; nast\u0119pnie &#8222;\/FS&#8221; do formatowania, a nast\u0119pnie format tutaj w przyk\u0142adzie &#8222;FAT32&#8221;. Potwierd\u017a wprowadzone dane klawiszem Enter. &#8222;format E: \/FS:FAT32&#8221; ) Wi\u0119cej informacji mo\u017cna znale\u017a\u0107 tutaj: https:\/\/ss64.com\/nt\/format.html<br \/>\n<img loading=\"lazy\" decoding=\"async\" class=\"transparent\" src=\"https:\/\/hikitec.de\/wp-content\/uploads\/2016\/12\/zzz_HIKITEC_Favicon_32.png\" alt=\"https:\/\/hikitec.de\/wp-content\/uploads\/2016\/12\/zzz_HIKITEC_Favicon_32.png\" width=\"11\" height=\"12\"> Teraz otrzymasz przegl\u0105d pami\u0119ci USB ponownie w przyk\u0142adzie &#8222;TYP systemu plik\u00f3w&#8221;, rozmiar pami\u0119ci i jakie formatowanie zosta\u0142o wybrane. Je\u015bli wszystko jest w porz\u0105dku, potwierd\u017a to naciskaj\u0105c J + Enter.<br \/>\n<img loading=\"lazy\" decoding=\"async\" class=\"transparent\" src=\"https:\/\/hikitec.de\/wp-content\/uploads\/2016\/12\/zzz_HIKITEC_Favicon_32.png\" alt=\"https:\/\/hikitec.de\/wp-content\/uploads\/2016\/12\/zzz_HIKITEC_Favicon_32.png\" width=\"11\" height=\"12\"> Nast\u0119pnie mo\u017cna nada\u0107 pami\u0119ci USB oznaczenie nap\u0119du (11 znak\u00f3w) i potwierdzi\u0107 Enterem.<br \/>\n<img loading=\"lazy\" decoding=\"async\" class=\"transparent\" src=\"https:\/\/hikitec.de\/wp-content\/uploads\/2016\/12\/zzz_HIKITEC_Favicon_32.png\" alt=\"https:\/\/hikitec.de\/wp-content\/uploads\/2016\/12\/zzz_HIKITEC_Favicon_32.png\" width=\"11\" height=\"12\"> Nast\u0119pnie pami\u0119\u0107 USB zostanie sformatowana.<\/p>\n<p><strong>*U\u017cywaj na w\u0142asne ryzyko! W przypadku niew\u0142a\u015bciwego u\u017cycia mo\u017ce doj\u015b\u0107 do niezamierzonego usuni\u0119cia wa\u017cnych danych.<\/strong><\/p>\n<\/div><\/section><\/div>\n<style type=\"text\/css\" id=\"style-css-av-quhhhi-f9b08ee2d3bece9668d7bba6309792b5\">\n#top .flex_column.av-quhhhi-f9b08ee2d3bece9668d7bba6309792b5{\nborder-radius:0px;\n-webkit-border-radius:0px;\n-moz-border-radius:0px;\npadding:0px;\n}\n<\/style>\n<div class='flex_column av-quhhhi-f9b08ee2d3bece9668d7bba6309792b5 av_one_full  avia-builder-el-13  el_after_av_one_full  avia-builder-el-last  first flex_column_div av-zero-column-padding column-top-margin'   ><section class=\"av_textblock_section \"  itemscope=\"itemscope\" itemtype=\"https:\/\/schema.org\/CreativeWork\" ><div class='avia_textblock  '   itemprop=\"text\" ><input type=\"button\" value=\"Powr\u00f3t\" class=\"alg_back_button_input \" style=\"\" onclick=\"window.history.back()\" \/>\n<\/div><\/section><\/div><\/p>\n","protected":false},"excerpt":{"rendered":"","protected":false},"author":2,"featured_media":0,"parent":0,"menu_order":0,"comment_status":"closed","ping_status":"closed","template":"","meta":{"footnotes":""},"class_list":["post-187899","page","type-page","status-publish","hentry"],"_links":{"self":[{"href":"https:\/\/hikitec.de\/pl\/wp-json\/wp\/v2\/pages\/187899","targetHints":{"allow":["GET"]}}],"collection":[{"href":"https:\/\/hikitec.de\/pl\/wp-json\/wp\/v2\/pages"}],"about":[{"href":"https:\/\/hikitec.de\/pl\/wp-json\/wp\/v2\/types\/page"}],"author":[{"embeddable":true,"href":"https:\/\/hikitec.de\/pl\/wp-json\/wp\/v2\/users\/2"}],"replies":[{"embeddable":true,"href":"https:\/\/hikitec.de\/pl\/wp-json\/wp\/v2\/comments?post=187899"}],"version-history":[{"count":5,"href":"https:\/\/hikitec.de\/pl\/wp-json\/wp\/v2\/pages\/187899\/revisions"}],"predecessor-version":[{"id":187909,"href":"https:\/\/hikitec.de\/pl\/wp-json\/wp\/v2\/pages\/187899\/revisions\/187909"}],"wp:attachment":[{"href":"https:\/\/hikitec.de\/pl\/wp-json\/wp\/v2\/media?parent=187899"}],"curies":[{"name":"wp","href":"https:\/\/api.w.org\/{rel}","templated":true}]}}