{"id":27606,"date":"2021-03-23T14:45:37","date_gmt":"2021-03-23T13:45:37","guid":{"rendered":"https:\/\/hikitec.de\/zamowienie\/"},"modified":"2021-03-23T15:37:31","modified_gmt":"2021-03-23T14:37:31","slug":"zamowienie","status":"publish","type":"page","link":"https:\/\/hikitec.de\/pl\/zamowienie\/","title":{"rendered":"Zam\u00f3wienie"},"content":{"rendered":"<section class=\"av_textblock_section \"  itemscope=\"itemscope\" itemtype=\"https:\/\/schema.org\/CreativeWork\" ><div class='avia_textblock  '   itemprop=\"text\" ><p><strong>Jak mog\u0119 z\u0142o\u017cy\u0107 zam\u00f3wienie w HIKITEC?<\/strong><\/p>\n<\/div><\/section>\n<section class=\"av_textblock_section \"  itemscope=\"itemscope\" itemtype=\"https:\/\/schema.org\/CreativeWork\" ><div class='avia_textblock  '   itemprop=\"text\" ><p>Jak sobie \u017cyczysz!<\/p>\n<p>Najprostszym sposobem jest e-mail: Wystarczy wybra\u0107 elementy, okre\u015bli\u0107 ilo\u015b\u0107 i \u017c\u0105dane opcje drukowania i zam\u00f3wi\u0107.<\/p>\n<p>Prosimy o zwr\u00f3cenie uwagi na podane minimalne ilo\u015bci zam\u00f3wienia (z wyj\u0105tkiem zam\u00f3wie\u0144 pr\u00f3bnych).<\/p>\n<p>Oczywi\u015bcie mo\u017cna r\u00f3wnie\u017c zamawia\u0107 drog\u0105 elektroniczn\u0105, faksem lub poczt\u0105.<\/p>\n<\/div><\/section>\n<section class=\"av_textblock_section \"  itemscope=\"itemscope\" itemtype=\"https:\/\/schema.org\/CreativeWork\" ><div class='avia_textblock  '   itemprop=\"text\" ><input type=\"button\" value=\"Powr\u00f3t\" class=\"alg_back_button_input \" style=\"\" onclick=\"window.history.back()\" \/>\n<\/div><\/section>\n","protected":false},"excerpt":{"rendered":"","protected":false},"author":2,"featured_media":0,"parent":0,"menu_order":0,"comment_status":"closed","ping_status":"closed","template":"","meta":{"footnotes":""},"class_list":["post-27606","page","type-page","status-publish","hentry"],"_links":{"self":[{"href":"https:\/\/hikitec.de\/pl\/wp-json\/wp\/v2\/pages\/27606","targetHints":{"allow":["GET"]}}],"collection":[{"href":"https:\/\/hikitec.de\/pl\/wp-json\/wp\/v2\/pages"}],"about":[{"href":"https:\/\/hikitec.de\/pl\/wp-json\/wp\/v2\/types\/page"}],"author":[{"embeddable":true,"href":"https:\/\/hikitec.de\/pl\/wp-json\/wp\/v2\/users\/2"}],"replies":[{"embeddable":true,"href":"https:\/\/hikitec.de\/pl\/wp-json\/wp\/v2\/comments?post=27606"}],"version-history":[{"count":4,"href":"https:\/\/hikitec.de\/pl\/wp-json\/wp\/v2\/pages\/27606\/revisions"}],"predecessor-version":[{"id":27705,"href":"https:\/\/hikitec.de\/pl\/wp-json\/wp\/v2\/pages\/27606\/revisions\/27705"}],"wp:attachment":[{"href":"https:\/\/hikitec.de\/pl\/wp-json\/wp\/v2\/media?parent=27606"}],"curies":[{"name":"wp","href":"https:\/\/api.w.org\/{rel}","templated":true}]}}