{"id":27609,"date":"2021-03-23T14:47:41","date_gmt":"2021-03-23T13:47:41","guid":{"rendered":"https:\/\/hikitec.de\/prawo-dotyczace-baterii\/"},"modified":"2021-03-23T14:47:41","modified_gmt":"2021-03-23T13:47:41","slug":"prawo-dotyczace-baterii","status":"publish","type":"page","link":"https:\/\/hikitec.de\/pl\/prawo-dotyczace-baterii\/","title":{"rendered":"Prawo dotycz\u0105ce baterii"},"content":{"rendered":"<section class=\"av_textblock_section \"  itemscope=\"itemscope\" itemtype=\"https:\/\/schema.org\/CreativeWork\" ><div class='avia_textblock  '   itemprop=\"text\" ><p>Informacje obowi\u0105zkowe i techniczne dotycz\u0105ce baterii lub akumulator\u00f3w<\/p>\n<p>Obowi\u0105zek odbioru jako dystrybutor:<\/p>\n<p>W BattG jeste\u015bmy prawnie zobowi\u0105zani do przyj\u0119cia z powrotem baterii lub akumulator\u00f3w, kt\u00f3re zosta\u0142y u nas nieodp\u0142atnie nabyte. Prosimy o przyj\u0119cie tej oferty i pomoc w pozbyciu si\u0119 ich w spos\u00f3b przyjazny dla \u015brodowiska.<\/p>\n<p>Obowi\u0105zek zwrotu jako konsument:<\/p>\n<p><img loading=\"lazy\" decoding=\"async\" class=\"shrinkToFit alignleft\" src=\"http:\/\/hikitec.de\/wp-content\/uploads\/2017\/01\/muelltonne.jpg\" width=\"60\" height=\"60\"><\/p>\n<p>Baterie lub akumulatory oznaczone symbolem przekre\u015blonego kosza na \u015bmieci nie mog\u0105 by\u0107 wyrzucane razem z odpadami domowymi. Rozporz\u0105dzenie w sprawie baterii zobowi\u0105zuje wszystkich u\u017cytkownik\u00f3w ko\u0144cowych do pozbywania si\u0119 baterii lub akumulator\u00f3w wy\u0142\u0105cznie za po\u015brednictwem handlu lub specjalnie utworzonych w tym celu punkt\u00f3w zbi\u00f3rki. Je\u015bli chcesz zwr\u00f3ci\u0107 nam zakupione u nas baterie lub akumulatory, ode\u015blij je do nas bezp\u0142atnie z dopiskiem &#8222;Entsorgung BattG&#8221; oraz z kopi\u0105 faktury.<\/p>\n<\/div><\/section>\n<section class=\"av_textblock_section \"  itemscope=\"itemscope\" itemtype=\"https:\/\/schema.org\/CreativeWork\" ><div class='avia_textblock  '   itemprop=\"text\" ><input type=\"button\" value=\"Powr\u00f3t\" class=\"alg_back_button_input \" style=\"\" onclick=\"window.history.back()\" \/>\n<\/div><\/section>\n","protected":false},"excerpt":{"rendered":"","protected":false},"author":2,"featured_media":0,"parent":0,"menu_order":0,"comment_status":"closed","ping_status":"closed","template":"","meta":{"footnotes":""},"class_list":["post-27609","page","type-page","status-publish","hentry"],"_links":{"self":[{"href":"https:\/\/hikitec.de\/pl\/wp-json\/wp\/v2\/pages\/27609","targetHints":{"allow":["GET"]}}],"collection":[{"href":"https:\/\/hikitec.de\/pl\/wp-json\/wp\/v2\/pages"}],"about":[{"href":"https:\/\/hikitec.de\/pl\/wp-json\/wp\/v2\/types\/page"}],"author":[{"embeddable":true,"href":"https:\/\/hikitec.de\/pl\/wp-json\/wp\/v2\/users\/2"}],"replies":[{"embeddable":true,"href":"https:\/\/hikitec.de\/pl\/wp-json\/wp\/v2\/comments?post=27609"}],"version-history":[{"count":2,"href":"https:\/\/hikitec.de\/pl\/wp-json\/wp\/v2\/pages\/27609\/revisions"}],"predecessor-version":[{"id":27611,"href":"https:\/\/hikitec.de\/pl\/wp-json\/wp\/v2\/pages\/27609\/revisions\/27611"}],"wp:attachment":[{"href":"https:\/\/hikitec.de\/pl\/wp-json\/wp\/v2\/media?parent=27609"}],"curies":[{"name":"wp","href":"https:\/\/api.w.org\/{rel}","templated":true}]}}