{"id":27742,"date":"2021-03-23T15:43:03","date_gmt":"2021-03-23T14:43:03","guid":{"rendered":"https:\/\/hikitec.de\/ce\/"},"modified":"2021-03-23T15:43:04","modified_gmt":"2021-03-23T14:43:04","slug":"ce","status":"publish","type":"page","link":"https:\/\/hikitec.de\/pl\/ce\/","title":{"rendered":"CE"},"content":{"rendered":"<section class=\"av_textblock_section \"  itemscope=\"itemscope\" itemtype=\"https:\/\/schema.org\/CreativeWork\" ><div class='avia_textblock  '   itemprop=\"text\" ><p><strong>Czy produkty musz\u0105 posiada\u0107 oznaczenie CE?<\/strong><\/p>\n<\/div><\/section>\n<section class=\"av_textblock_section \"  itemscope=\"itemscope\" itemtype=\"https:\/\/schema.org\/CreativeWork\" ><div class='avia_textblock  '   itemprop=\"text\" ><p>Oznaczenie CE jest &#8222;OBOWI\u0104ZKOWE&#8221; przy sprzeda\u017cy produkt\u00f3w technicznych w UE.<\/p>\n<p>Podstaw\u0105 oznakowania CE s\u0105 wymagania prawne (obowi\u0105zuj\u0105ce ustawy, dyrektywy WE i normy DIN EN).<\/p>\n<\/div><\/section>\n<section class=\"av_textblock_section \"  itemscope=\"itemscope\" itemtype=\"https:\/\/schema.org\/CreativeWork\" ><div class='avia_textblock  '   itemprop=\"text\" ><input type=\"button\" value=\"Powr\u00f3t\" class=\"alg_back_button_input \" style=\"\" onclick=\"window.history.back()\" \/>\n<\/div><\/section>\n","protected":false},"excerpt":{"rendered":"","protected":false},"author":2,"featured_media":0,"parent":0,"menu_order":0,"comment_status":"closed","ping_status":"closed","template":"","meta":{"footnotes":""},"class_list":["post-27742","page","type-page","status-publish","hentry"],"_links":{"self":[{"href":"https:\/\/hikitec.de\/pl\/wp-json\/wp\/v2\/pages\/27742","targetHints":{"allow":["GET"]}}],"collection":[{"href":"https:\/\/hikitec.de\/pl\/wp-json\/wp\/v2\/pages"}],"about":[{"href":"https:\/\/hikitec.de\/pl\/wp-json\/wp\/v2\/types\/page"}],"author":[{"embeddable":true,"href":"https:\/\/hikitec.de\/pl\/wp-json\/wp\/v2\/users\/2"}],"replies":[{"embeddable":true,"href":"https:\/\/hikitec.de\/pl\/wp-json\/wp\/v2\/comments?post=27742"}],"version-history":[{"count":2,"href":"https:\/\/hikitec.de\/pl\/wp-json\/wp\/v2\/pages\/27742\/revisions"}],"predecessor-version":[{"id":27744,"href":"https:\/\/hikitec.de\/pl\/wp-json\/wp\/v2\/pages\/27742\/revisions\/27744"}],"wp:attachment":[{"href":"https:\/\/hikitec.de\/pl\/wp-json\/wp\/v2\/media?parent=27742"}],"curies":[{"name":"wp","href":"https:\/\/api.w.org\/{rel}","templated":true}]}}