{"id":27784,"date":"2021-03-24T15:27:42","date_gmt":"2021-03-24T14:27:42","guid":{"rendered":"https:\/\/hikitec.de\/proces-druku-cmyk-rozmiar-danych-i-prawidlowe-spady\/"},"modified":"2021-03-24T15:27:42","modified_gmt":"2021-03-24T14:27:42","slug":"proces-druku-cmyk-rozmiar-danych-i-prawidlowe-spady","status":"publish","type":"page","link":"https:\/\/hikitec.de\/pl\/proces-druku-cmyk-rozmiar-danych-i-prawidlowe-spady\/","title":{"rendered":"Proces druku CMYK &#8211; rozmiar danych i prawid\u0142owe spady"},"content":{"rendered":"<section class=\"av_textblock_section \"  itemscope=\"itemscope\" itemtype=\"https:\/\/schema.org\/CreativeWork\" ><div class='avia_textblock  '   itemprop=\"text\" ><p><strong>W przypadku druku CMYK nale\u017cy zwr\u00f3ci\u0107 uwag\u0119 na formaty, kolory, rozmiar danych, rozdzielczo\u015b\u0107 i spad:<\/strong><\/p>\n<p><strong>Wielko\u015b\u0107 danych \/ rozdzielczo\u015b\u0107<\/strong><br \/>\nWymagamy danych do druku w rozdzielczo\u015bci co najmniej 300 dpi dla danych pikselowych takich jak JPG, bitmap, tiff z uwzgl\u0119dnieniem spadu <strong>3<\/strong> mm na stron\u0119 bez spad\u00f3w.<br \/>\nAlternatywnie mo\u017cna r\u00f3wnie\u017c dostarczy\u0107 skalowalne dane wektorowe jako EPS, PDF, CDR &#8230;. Je\u015bli pliki te zawieraj\u0105 czcionki, musz\u0105 one zosta\u0107 osadzone. Je\u015bli plik zawiera osadzone dane pikselowe, to r\u00f3wnie\u017c one wymagaj\u0105 minimalnej rozdzielczo\u015bci 300dpi.<\/p>\n<p><strong>Druk cyfrowy (C M Y K):<\/strong><br \/>\nDane drukowania w CMYK wymagaj\u0105 300 dpi i oryginalnego rozmiaru drukowanego obszaru. Mo\u017cemy przeskalowa\u0107 plik do druku, ale mo\u017ce to spowodowa\u0107 pewn\u0105 utrat\u0119 jako\u015bci. Nale\u017cy pami\u0119ta\u0107, \u017ce kolor bia\u0142y nie mo\u017ce by\u0107 drukowany za pomoc\u0105 standardowego druku cyfrowego. Bia\u0142e obszary nie s\u0105 drukowane w wyniku drukowania (przezroczyste). W ten spos\u00f3b widoczny jest materia\u0142 pod\u0142o\u017ca. Aby wydrukowa\u0107 bia\u0142y jako pi\u0105ty kolor mieszany, prosz\u0119 u\u017cy\u0107 druku cyfrowego UV.<\/p>\n<p><strong>Druk cyfrowy HD (C M Y K):<br \/>\n<\/strong> Dla bardzo szczeg\u00f3\u0142owych danych wydruku zalecamy wyb\u00f3r druku cyfrowego HD. W tym przypadku na tym samym obszarze druku drukuje si\u0119 wi\u0119cej punkt\u00f3w.<\/p>\n<p><strong>Druk cyfrowy UV ( W + C M Y K )<\/strong><br \/>\nG\u0142\u00f3wn\u0105 r\u00f3\u017cnic\u0105 w stosunku do konwencjonalnego druku cyfrowego jest to, \u017ce farba nie wnika ca\u0142kowicie w materia\u0142, lecz le\u017cy na wierzchu materia\u0142u drukarskiego. Umo\u017cliwia to drukowanie na prawie wszystkich materia\u0142ach. Farba jest utwardzana \u015bwiat\u0142em ultrafioletowym. Kolor bia\u0142y jest r\u00f3wnie\u017c mo\u017cliwy jako pi\u0105ty kolor mieszany w tym procesie drukowania.<\/p>\n<p><strong>Potrzebujemy Twoich danych do druku w formacie PDF, Tiff lub JPG.<\/strong><br \/>\nNale\u017cy ustawi\u0107 tryb kolor\u00f3w CMYK &#8211; ten tryb kolor\u00f3w jest podstawowym wymogiem dla nowoczesnego druku czterokolorowego. CMYK to skr\u00f3t od podstawowych kolor\u00f3w: cyjan, magenta, \u017c\u00f3\u0142ty i czarny. Kolorowy obraz jest dzielony na cztery kolory drukarskie za pomoc\u0105 punkt\u00f3w p\u00f3\u0142tonowych. Na warto\u015b\u0107 tonaln\u0105 wp\u0142ywa wielko\u015b\u0107 kropek p\u00f3\u0142tonu &#8211; ma\u0142e kropki daj\u0105 jasny ton, du\u017ce &#8211; ciemny. Wskaz\u00f3wka: Aby uzyska\u0107 jednolit\u0105 czer\u0144, zalecamy 100% czerni i 45% cyjanu.<\/p>\n<p><strong>PDF<\/strong><br \/>\nSta\u0142o si\u0119 to \u015bwiatowym standardem wymiany danych i jest niezale\u017cne od platformy. Aby zapewni\u0107 p\u0142ynny przep\u0142yw pracy, nale\u017cy stosowa\u0107 standard PDF\/X 1a 2001.<\/p>\n<p><strong>Tiff<\/strong><br \/>\nW przypadku plik\u00f3w tiffs nale\u017cy wybra\u0107 kompresj\u0119 LZW, aby uzyska\u0107 najwy\u017csz\u0105 jako\u015b\u0107 wyj\u015bciow\u0105.<\/p>\n<p><strong>JPG<\/strong><br \/>\nZapisz pliki JPG z najwy\u017cszym poziomem jako\u015bci.<\/p>\n<p><strong>Tworzenie prawid\u0142owego spadu w przypadku drukowania na ca\u0142ej powierzchni :<\/strong><br \/>\nProsimy o zachowanie 3 mm spadu dla wszystkich materia\u0142\u00f3w drukowanych. Potrzebujemy spadu, aby skompensowa\u0107 tolerancje druku w produkcji.<\/p>\n<p><strong>Prawid\u0142owa odleg\u0142o\u015b\u0107 wszystkich wa\u017cnych obiekt\u00f3w od kraw\u0119dzi<\/strong><br \/>\nZalecamy zachowanie \u015bredniej odleg\u0142o\u015bci 3-5 mm od kraw\u0119dzi dla wszystkich wa\u017cnych obiekt\u00f3w i czcionek.<\/p>\n<p><strong>UWAGA:<br \/>\n<\/strong> Nale\u017cy pami\u0119ta\u0107, \u017ce nieprawid\u0142owo utworzone dane wydruku mog\u0105 spowodowa\u0107 utrat\u0119 jako\u015bci.<\/p>\n<\/div><\/section>\n<section class=\"av_textblock_section \"  itemscope=\"itemscope\" itemtype=\"https:\/\/schema.org\/CreativeWork\" ><div class='avia_textblock  '   itemprop=\"text\" ><input type=\"button\" value=\"Powr\u00f3t\" class=\"alg_back_button_input \" style=\"\" onclick=\"window.history.back()\" \/>\n<\/div><\/section>\n","protected":false},"excerpt":{"rendered":"","protected":false},"author":2,"featured_media":0,"parent":0,"menu_order":0,"comment_status":"closed","ping_status":"closed","template":"","meta":{"footnotes":""},"class_list":["post-27784","page","type-page","status-publish","hentry"],"_links":{"self":[{"href":"https:\/\/hikitec.de\/pl\/wp-json\/wp\/v2\/pages\/27784","targetHints":{"allow":["GET"]}}],"collection":[{"href":"https:\/\/hikitec.de\/pl\/wp-json\/wp\/v2\/pages"}],"about":[{"href":"https:\/\/hikitec.de\/pl\/wp-json\/wp\/v2\/types\/page"}],"author":[{"embeddable":true,"href":"https:\/\/hikitec.de\/pl\/wp-json\/wp\/v2\/users\/2"}],"replies":[{"embeddable":true,"href":"https:\/\/hikitec.de\/pl\/wp-json\/wp\/v2\/comments?post=27784"}],"version-history":[{"count":2,"href":"https:\/\/hikitec.de\/pl\/wp-json\/wp\/v2\/pages\/27784\/revisions"}],"predecessor-version":[{"id":27786,"href":"https:\/\/hikitec.de\/pl\/wp-json\/wp\/v2\/pages\/27784\/revisions\/27786"}],"wp:attachment":[{"href":"https:\/\/hikitec.de\/pl\/wp-json\/wp\/v2\/media?parent=27784"}],"curies":[{"name":"wp","href":"https:\/\/api.w.org\/{rel}","templated":true}]}}