{"id":286889,"date":"2021-06-10T16:35:11","date_gmt":"2021-06-10T14:35:11","guid":{"rendered":"https:\/\/hikitec.de\/warunki-platnosci\/"},"modified":"2021-06-10T16:35:14","modified_gmt":"2021-06-10T14:35:14","slug":"warunki-platnosci","status":"publish","type":"page","link":"https:\/\/hikitec.de\/pl\/warunki-platnosci\/","title":{"rendered":"Warunki p\u0142atno\u015bci"},"content":{"rendered":"<section class=\"av_textblock_section \"  itemscope=\"itemscope\" itemtype=\"https:\/\/schema.org\/CreativeWork\" ><div class='avia_textblock  '   itemprop=\"text\" ><p><strong>Jakie metody p\u0142atno\u015bci s\u0105 dost\u0119pne?<\/strong><\/p>\n<\/div><\/section>\n<section class=\"av_textblock_section \"  itemscope=\"itemscope\" itemtype=\"https:\/\/schema.org\/CreativeWork\" ><div class='avia_textblock  '   itemprop=\"text\" ><p><strong>got\u00f3wka z g\u00f3ry<\/strong><\/p>\n<p>W procesie sk\u0142adania zam\u00f3wienia wybierasz metod\u0119 p\u0142atno\u015bci &#8222;Przedp\u0142ata&#8221;. Kwota do zap\u0142aty znajduje si\u0119 na fakturze przedp\u0142aty przes\u0142anej poczt\u0105 elektroniczn\u0105. Na fakturze zaliczkowej znajduje si\u0119 termin p\u0142atno\u015bci. Przestrzeganie ich jest dla nas bardzo wa\u017cne, aby\u015bmy mogli wyprodukowa\u0107 Pa\u0144stwa towar na czas i aby termin dostawy nie by\u0142 op\u00f3\u017aniony. Dop\u00f3ki kwota nie wp\u0142ynie na jedno z naszych poni\u017cszych kont, produkcja Twoich towar\u00f3w nie rozpocznie si\u0119.<\/p>\n<p>Kwot\u0119 wynikaj\u0105c\u0105 z faktury zaliczkowej prosimy przela\u0107, podaj\u0105c numer faktury, na konto:<\/p>\n<p>Odbiorca: HIKITEC GmbH<br \/>\nBank: Stadtsparkasse D\u00fcsseldorf<br \/>\nIBAN: DE96 3005 0110 1007 6369 11<br \/>\nBIC: DUSSDEDDXXX<\/p>\n<p><strong>P\u0142atno\u015b\u0107 na konto* po sprawdzeniu zdolno\u015bci kredytowej<br \/>\n<\/strong><\/p>\n<p>Zamawiaj wygodnie na konto i zap\u0142a\u0107 kwot\u0119 z faktury po otrzymaniu towaru. Kwota do zap\u0142aty znajduje si\u0119 na fakturze wys\u0142anej do Pa\u0144stwa po dostawie. Faktur\u0119 wy\u015blemy Ci e-mailem.<\/p>\n<p>Kwot\u0119 wraz z numerem faktury prosimy przela\u0107 na konto:<\/p>\n<p>Odbiorca: HIKITEC GmbH<br \/>\nBank: Stadtsparkasse D\u00fcsseldorf<br \/>\nIBAN: DE96 3005 0110 1007 6369 11<br \/>\nBIC: DUSSDEDDXXX<\/p>\n<p>*Wszystkie dostarczone towary pozostaj\u0105 w\u0142asno\u015bci\u0105 firmy HIKITEC GmbH do momentu spe\u0142nienia wszystkich naszych roszcze\u0144.<\/p>\n<p>Je\u015bli zalegasz z p\u0142atno\u015bci\u0105, naliczymy Ci op\u0142aty za upomnienie i odsetki.<\/p>\n<\/div><\/section>\n<section class=\"av_textblock_section \"  itemscope=\"itemscope\" itemtype=\"https:\/\/schema.org\/CreativeWork\" ><div class='avia_textblock  '   itemprop=\"text\" ><input type=\"button\" value=\"Powr\u00f3t\" class=\"alg_back_button_input \" style=\"\" onclick=\"window.history.back()\" \/>\n<\/div><\/section>\n","protected":false},"excerpt":{"rendered":"","protected":false},"author":2,"featured_media":0,"parent":0,"menu_order":0,"comment_status":"closed","ping_status":"closed","template":"","meta":{"footnotes":""},"class_list":["post-286889","page","type-page","status-publish","hentry"],"_links":{"self":[{"href":"https:\/\/hikitec.de\/pl\/wp-json\/wp\/v2\/pages\/286889","targetHints":{"allow":["GET"]}}],"collection":[{"href":"https:\/\/hikitec.de\/pl\/wp-json\/wp\/v2\/pages"}],"about":[{"href":"https:\/\/hikitec.de\/pl\/wp-json\/wp\/v2\/types\/page"}],"author":[{"embeddable":true,"href":"https:\/\/hikitec.de\/pl\/wp-json\/wp\/v2\/users\/2"}],"replies":[{"embeddable":true,"href":"https:\/\/hikitec.de\/pl\/wp-json\/wp\/v2\/comments?post=286889"}],"version-history":[{"count":5,"href":"https:\/\/hikitec.de\/pl\/wp-json\/wp\/v2\/pages\/286889\/revisions"}],"predecessor-version":[{"id":286894,"href":"https:\/\/hikitec.de\/pl\/wp-json\/wp\/v2\/pages\/286889\/revisions\/286894"}],"wp:attachment":[{"href":"https:\/\/hikitec.de\/pl\/wp-json\/wp\/v2\/media?parent=286889"}],"curies":[{"name":"wp","href":"https:\/\/api.w.org\/{rel}","templated":true}]}}