{"id":33732,"date":"2021-03-29T13:18:09","date_gmt":"2021-03-29T11:18:09","guid":{"rendered":"https:\/\/hikitec.de\/gwarancja\/"},"modified":"2021-03-29T13:18:09","modified_gmt":"2021-03-29T11:18:09","slug":"gwarancja","status":"publish","type":"page","link":"https:\/\/hikitec.de\/pl\/gwarancja\/","title":{"rendered":"Gwarancja"},"content":{"rendered":"<section class=\"av_textblock_section \"  itemscope=\"itemscope\" itemtype=\"https:\/\/schema.org\/CreativeWork\" ><div class='avia_textblock  '   itemprop=\"text\" ><p><strong>Jaka jest gwarancja?<\/strong><\/p>\n<\/div><\/section>\n<section class=\"av_textblock_section \"  itemscope=\"itemscope\" itemtype=\"https:\/\/schema.org\/CreativeWork\" ><div class='avia_textblock  '   itemprop=\"text\" ><p><strong>Jak d\u0142ugo wa\u017cna jest gwarancja?<\/strong><\/p>\n<p>Gwarancja wynosi 10 lat na pami\u0119ci USB i 2 lata na wszystkie inne produkty i jest wa\u017cna od daty wystawienia faktury.<\/p>\n<p><strong>Co jest obj\u0119te gwarancj\u0105?<\/strong><\/p>\n<p>Gwarancja nie obejmuje uszkodze\u0144 spowodowanych napraw\u0105 lub wymian\u0105 komponent\u00f3w, niew\u0142a\u015bciwym u\u017cytkowaniem, wypadkami, modyfikacjami produktu, nieodpowiednim \u015brodowiskiem pracy lub nieprawid\u0142ow\u0105 konserwacj\u0105. Uszkodzenia lub nieprawid\u0142owe dzia\u0142anie nie s\u0105 obj\u0119te gwarancj\u0105, je\u015bli produkty s\u0105 u\u017cywane w po\u0142\u0105czeniu z profesjonalnym lub niestandardowym sprz\u0119tem lub u\u017cywane w dowolnym zastosowaniu innym ni\u017c og\u00f3lne przechowywanie danych niekrytycznych.<\/p>\n<p><strong>Czy na wszystkie oferowane produkty udzielana jest gwarancja?<\/strong><\/p>\n<p>Na wszystkie oferowane produkty udzielamy gwarancji na brak uszkodze\u0144 i wad funkcjonalnych.<\/p>\n<p><strong>W jakich okoliczno\u015bciach wygasa gwarancja?<\/strong><\/p>\n<p>W celu weryfikacji okresu gwarancji wymagany jest dow\u00f3d zakupu lub data wysy\u0142ki. Gwarancja zostaje uniewa\u017cniona, je\u015bli produkt zostanie zmieniony, u\u017cyty niezgodnie z przeznaczeniem, stanie si\u0119 bezu\u017cyteczny w wyniku nieprawid\u0142owego formatowania, zostanie uszkodzony w wyniku wypadku lub zaniedbania, lub je\u015bli cz\u0119\u015bci zostan\u0105 nieprawid\u0142owo zainstalowane lub wymienione przez u\u017cytkownika.<\/p>\n<\/div><\/section>\n<section class=\"av_textblock_section \"  itemscope=\"itemscope\" itemtype=\"https:\/\/schema.org\/CreativeWork\" ><div class='avia_textblock  '   itemprop=\"text\" ><input type=\"button\" value=\"Powr\u00f3t\" class=\"alg_back_button_input \" style=\"\" onclick=\"window.history.back()\" \/>\n<\/div><\/section>\n","protected":false},"excerpt":{"rendered":"","protected":false},"author":2,"featured_media":0,"parent":0,"menu_order":0,"comment_status":"closed","ping_status":"closed","template":"","meta":{"footnotes":""},"class_list":["post-33732","page","type-page","status-publish","hentry"],"_links":{"self":[{"href":"https:\/\/hikitec.de\/pl\/wp-json\/wp\/v2\/pages\/33732","targetHints":{"allow":["GET"]}}],"collection":[{"href":"https:\/\/hikitec.de\/pl\/wp-json\/wp\/v2\/pages"}],"about":[{"href":"https:\/\/hikitec.de\/pl\/wp-json\/wp\/v2\/types\/page"}],"author":[{"embeddable":true,"href":"https:\/\/hikitec.de\/pl\/wp-json\/wp\/v2\/users\/2"}],"replies":[{"embeddable":true,"href":"https:\/\/hikitec.de\/pl\/wp-json\/wp\/v2\/comments?post=33732"}],"version-history":[{"count":2,"href":"https:\/\/hikitec.de\/pl\/wp-json\/wp\/v2\/pages\/33732\/revisions"}],"predecessor-version":[{"id":33734,"href":"https:\/\/hikitec.de\/pl\/wp-json\/wp\/v2\/pages\/33732\/revisions\/33734"}],"wp:attachment":[{"href":"https:\/\/hikitec.de\/pl\/wp-json\/wp\/v2\/media?parent=33732"}],"curies":[{"name":"wp","href":"https:\/\/api.w.org\/{rel}","templated":true}]}}