{"id":383645,"date":"2021-06-25T12:04:04","date_gmt":"2021-06-25T10:04:04","guid":{"rendered":"https:\/\/hikitec.de\/koszty-wysylki-i-czas-dostawy\/"},"modified":"2021-06-25T12:04:04","modified_gmt":"2021-06-25T10:04:04","slug":"koszty-wysylki-i-czas-dostawy","status":"publish","type":"page","link":"https:\/\/hikitec.de\/pl\/koszty-wysylki-i-czas-dostawy\/","title":{"rendered":"Koszty wysy\u0142ki i czas dostawy"},"content":{"rendered":"<p><strong>Wysy\u0142ka na terenie Niemiec<\/strong><\/p>\n<p>Wysy\u0142ka na terenie Niemiec odbywa si\u0119 za po\u015brednictwem zleconej przez nas firmy kurierskiej.<\/p>\n<p>Koszty frachtu naliczamy wed\u0142ug nak\u0142ad\u00f3w \/ ilo\u015bci sztuk plus ubezpieczenie transportu.<\/p>\n<p>Dostarczamy bezpo\u015brednio na adres Pa\u0144stwa firmy lub neutralnie na wybrany przez Pa\u0144stwa adres dostawy z podanym przez Pa\u0144stwa dowodem dostawy.<\/p>\n<p>Do dostarczenia towaru potrzebujemy adresu pocztowego, pod kt\u00f3rym Ty lub Tw\u00f3j klient mo\u017cecie si\u0119 faktycznie znale\u017a\u0107 i pod kt\u00f3rym mo\u017cecie osobi\u015bcie odebra\u0107 towar. Tylko w ten spos\u00f3b mo\u017cna zagwarantowa\u0107 dostaw\u0119. Niestety, dostawa do punkt\u00f3w pakowania nie jest mo\u017cliwa. Bezpo\u015brednia dostawa na targi musi by\u0107 wcze\u015bniej uzgodniona i jest mo\u017cliwa tylko w ograniczonym zakresie; mog\u0105 powsta\u0107 dodatkowe koszty.<\/p>\n<p>Poniewa\u017c wielokrotne dostawy przez dostawc\u0119 us\u0142ug spedycyjnych mog\u0105 wi\u0105za\u0107 si\u0119 z dodatkowymi kosztami, nalegamy na naszych klient\u00f3w, aby upewnili si\u0119, \u017ce s\u0105 gotowi na przyj\u0119cie dostawy. Dla Pa\u0144stwa informacji, w momencie wysy\u0142ki towaru otrzymaj\u0105 Pa\u0144stwo od nas numer przesy\u0142ki, na podstawie kt\u00f3rego mo\u017cna \u015bledzi\u0107 status dostawy i oczekiwany termin dostawy.<\/p>\n<p>&nbsp;<\/p>\n<p><strong>Cechy szczeg\u00f3lne dla wysy\u0142ki na terenie UE<\/strong><\/p>\n<p>Na terenie UE nasze towary wysy\u0142ane s\u0105 r\u00f3wnie\u017c za po\u015brednictwem firmy kurierskiej UPS. Koszty frachtu zale\u017c\u0105 od strefy taryfowej UPS danego kraju dostawy i s\u0105 z regu\u0142y wy\u017csze ni\u017c w przypadku wysy\u0142ki na terenie Niemiec. Tutaj kalkulujemy koszty wed\u0142ug nak\u0142ad\u00f3w \/ ilo\u015bci sztuk plus ubezpieczenie transportu.<\/p>\n<p>W przeciwnym razie obowi\u0105zuj\u0105 takie same warunki dostawy towaru jak w przypadku wysy\u0142ki na terenie Niemiec.<\/p>\n<p><strong> <\/strong><\/p>\n<p><strong>Dostawa do Szwajcarii i innych kraj\u00f3w spoza UE<\/strong><\/p>\n<p>Dostarczamy r\u00f3wnie\u017c do Szwajcarii, a w razie potrzeby do innych kraj\u00f3w spoza UE. W tym miejscu nale\u017cy zwr\u00f3ci\u0107 uwag\u0119 na pewne cechy szczeg\u00f3lne. Koszty wysy\u0142ki s\u0105 zazwyczaj wy\u017csze, ze wzgl\u0119du na oddzielne op\u0142aty i wi\u0119kszy nak\u0142ad pracy na obs\u0142ug\u0119 wysy\u0142ki. Do wysy\u0142ki towar\u00f3w do tych kraj\u00f3w potrzebujemy faktury proforma od naszych klient\u00f3w. Stosuje si\u0119, \u017ce eksporter musi zawsze przygotowa\u0107 zg\u0142oszenie wywozowe dla towar\u00f3w o warto\u015bci 1.000 euro lub wadze 1.000 kilogram\u00f3w lub wi\u0119cej.<\/p>\n<p>&nbsp;<\/p>\n<p><strong>Dostawa jako przesy\u0142ka neutralna bezpo\u015brednio do Pa\u0144stwa klient\u00f3w<\/strong><\/p>\n<p>Ch\u0119tnie przejmiemy wysy\u0142k\u0119 towaru bezpo\u015brednio i bezstronnie do Pa\u0144stwa klienta z Pa\u0144stwa dowodem dostawy i w Pa\u0144stwa imieniu. Wszystko czego potrzebujemy to adres do wysy\u0142ki i list przewozowy w formie pliku pdf. Wysy\u0142ka bezpo\u015brednia to oszcz\u0119dno\u015b\u0107 czasu i koszt\u00f3w, poniewa\u017c nie s\u0105 potrzebne dodatkowe drogi transportu, a towar szybciej dociera do klienta. Kolejnym pozytywnym efektem ubocznym jest to, \u017ce w ten spos\u00f3b redukujemy emisj\u0119 CO<sub>2<\/sub> i w ten spos\u00f3b przyczyniamy si\u0119 do ochrony \u015brodowiska. Jeszcze jedna uwaga: Do wysy\u0142anego towaru nie s\u0105 do\u0142\u0105czane \u017cadne broszury promocyjne.<\/p>\n<p>&nbsp;<\/p>\n<p><strong>Ekspresowa wysy\u0142ka<\/strong><\/p>\n<p>Je\u015bli potrzebujesz towaru z przyspieszonym czasem wysy\u0142ki, na \u017cyczenie mo\u017cemy zaoferowa\u0107 Ci r\u00f3wnie\u017c wysy\u0142k\u0119 ekspresow\u0105. Ceny zale\u017c\u0105 od wagi paczki, po\u017c\u0105danego czasu dostawy i miejsca dostawy. W tym celu prosimy o bezpo\u015bredni kontakt z nami.<\/p>\n<p>&nbsp;<\/p>\n<p><strong>Czas dostawy<\/strong><\/p>\n<p>Nasz standardowy czas dostawy dla produkt\u00f3w standardowych wynosi ok. 10 dni roboczych od momentu potwierdzenia zam\u00f3wienia z magazynu w Niemczech, tzn. po wyja\u015bnieniu wszystkich warunk\u00f3w wst\u0119pnych niezb\u0119dnych do produkcji, takich jak np. zatwierdzenie druku. Czas dostawy zale\u017cy od produktu, w przypadku niekt\u00f3rych produkt\u00f3w, takich jak konkretne pami\u0119ci USB lub powerbanki, czas dostawy mo\u017ce by\u0107 d\u0142u\u017cszy. Dlatego prosimy o wcze\u015bniejsze poinformowanie si\u0119 o czasie dostawy wybranego produktu.<\/p>\n<p>Ze wzgl\u0119du na trwaj\u0105c\u0105 pandemi\u0119 wirusa Corona, obecnie mog\u0105 wyst\u0105pi\u0107 op\u00f3\u017anienia w dostawie wynosz\u0105ce do oko\u0142o 10 dni roboczych.<\/p>\n<p>Przy wysy\u0142ce nale\u017cy pami\u0119ta\u0107, \u017ce ewentualne procesy celne, jak r\u00f3wnie\u017c \u015bwi\u0119ta, musz\u0105 by\u0107 uwzgl\u0119dnione czasowo. Dotyczy to w szczeg\u00f3lno\u015bci dostaw za granic\u0119.<\/p>\n<p>Niestety nie ponosimy odpowiedzialno\u015bci za op\u00f3\u017anienia w dostawie wynikaj\u0105ce z winy dostawcy us\u0142ug spedycyjnych lub si\u0142y wy\u017cszej.<\/p>\n<p>Dok\u0142adamy wszelkich stara\u0144, aby towar by\u0142 zawsze wysy\u0142any na czas i aby czas dostawy by\u0142 jak najkr\u00f3tszy.<\/p>\n","protected":false},"excerpt":{"rendered":"<p>Wysy\u0142ka na terenie Niemiec Wysy\u0142ka na terenie Niemiec odbywa si\u0119 za po\u015brednictwem zleconej przez nas firmy kurierskiej. Koszty frachtu naliczamy wed\u0142ug nak\u0142ad\u00f3w \/ ilo\u015bci sztuk plus ubezpieczenie transportu. Dostarczamy bezpo\u015brednio na adres Pa\u0144stwa firmy lub neutralnie na wybrany przez Pa\u0144stwa adres dostawy z podanym przez Pa\u0144stwa dowodem dostawy. Do dostarczenia towaru potrzebujemy adresu pocztowego, pod [&hellip;]<\/p>\n","protected":false},"author":2,"featured_media":0,"parent":0,"menu_order":0,"comment_status":"closed","ping_status":"closed","template":"","meta":{"footnotes":""},"class_list":["post-383645","page","type-page","status-publish","hentry"],"_links":{"self":[{"href":"https:\/\/hikitec.de\/pl\/wp-json\/wp\/v2\/pages\/383645","targetHints":{"allow":["GET"]}}],"collection":[{"href":"https:\/\/hikitec.de\/pl\/wp-json\/wp\/v2\/pages"}],"about":[{"href":"https:\/\/hikitec.de\/pl\/wp-json\/wp\/v2\/types\/page"}],"author":[{"embeddable":true,"href":"https:\/\/hikitec.de\/pl\/wp-json\/wp\/v2\/users\/2"}],"replies":[{"embeddable":true,"href":"https:\/\/hikitec.de\/pl\/wp-json\/wp\/v2\/comments?post=383645"}],"version-history":[{"count":0,"href":"https:\/\/hikitec.de\/pl\/wp-json\/wp\/v2\/pages\/383645\/revisions"}],"wp:attachment":[{"href":"https:\/\/hikitec.de\/pl\/wp-json\/wp\/v2\/media?parent=383645"}],"curies":[{"name":"wp","href":"https:\/\/api.w.org\/{rel}","templated":true}]}}