{"id":383831,"date":"2021-06-30T14:19:04","date_gmt":"2021-06-30T12:19:04","guid":{"rendered":"https:\/\/hikitec.de\/podglad\/"},"modified":"2021-06-30T14:19:06","modified_gmt":"2021-06-30T12:19:06","slug":"podglad","status":"publish","type":"page","link":"https:\/\/hikitec.de\/pl\/podglad\/","title":{"rendered":"Podgl\u0105d"},"content":{"rendered":"<section class=\"av_textblock_section \"  itemscope=\"itemscope\" itemtype=\"https:\/\/schema.org\/CreativeWork\" ><div class='avia_textblock  '   itemprop=\"text\" ><p><strong>Jak b\u0119dzie wygl\u0105da\u0142o moje logo na produkcie promocyjnym? Czy jest jaki\u015b podgl\u0105d?<\/strong><\/p>\n<\/div><\/section>\n<section class=\"av_textblock_section \"  itemscope=\"itemscope\" itemtype=\"https:\/\/schema.org\/CreativeWork\" ><div class='avia_textblock  '   itemprop=\"text\" ><p>W przypadku zam\u00f3wienia lub na \u017cyczenie w ramach oferty wy\u015blemy Ci bezp\u0142atnie wirtualny podgl\u0105d wydruku (stand sketch) Twojego artyku\u0142u promocyjnego z Twoim logo lub zdj\u0119ciem.<br \/>\nProsimy o przes\u0142anie nam \u017c\u0105danego motywu poczt\u0105 elektroniczn\u0105 na adres anfrage@hikitec.de. Nast\u0119pnie umie\u015bcimy motyw na Twoim produkcie promocyjnym i prze\u015blemy Ci szkic stoiska.<br \/>\nniezw\u0142ocznie.<\/p>\n<\/div><\/section>\n<section class=\"av_textblock_section \"  itemscope=\"itemscope\" itemtype=\"https:\/\/schema.org\/CreativeWork\" ><div class='avia_textblock  '   itemprop=\"text\" ><input type=\"button\" value=\"Powr\u00f3t\" class=\"alg_back_button_input \" style=\"\" onclick=\"window.history.back()\" \/>\n<\/div><\/section>\n","protected":false},"excerpt":{"rendered":"","protected":false},"author":2,"featured_media":0,"parent":0,"menu_order":0,"comment_status":"closed","ping_status":"closed","template":"","meta":{"footnotes":""},"class_list":["post-383831","page","type-page","status-publish","hentry"],"_links":{"self":[{"href":"https:\/\/hikitec.de\/pl\/wp-json\/wp\/v2\/pages\/383831","targetHints":{"allow":["GET"]}}],"collection":[{"href":"https:\/\/hikitec.de\/pl\/wp-json\/wp\/v2\/pages"}],"about":[{"href":"https:\/\/hikitec.de\/pl\/wp-json\/wp\/v2\/types\/page"}],"author":[{"embeddable":true,"href":"https:\/\/hikitec.de\/pl\/wp-json\/wp\/v2\/users\/2"}],"replies":[{"embeddable":true,"href":"https:\/\/hikitec.de\/pl\/wp-json\/wp\/v2\/comments?post=383831"}],"version-history":[{"count":5,"href":"https:\/\/hikitec.de\/pl\/wp-json\/wp\/v2\/pages\/383831\/revisions"}],"predecessor-version":[{"id":383836,"href":"https:\/\/hikitec.de\/pl\/wp-json\/wp\/v2\/pages\/383831\/revisions\/383836"}],"wp:attachment":[{"href":"https:\/\/hikitec.de\/pl\/wp-json\/wp\/v2\/media?parent=383831"}],"curies":[{"name":"wp","href":"https:\/\/api.w.org\/{rel}","templated":true}]}}