{"id":43556,"date":"2021-03-29T15:16:49","date_gmt":"2021-03-29T13:16:49","guid":{"rendered":"https:\/\/hikitec.de\/dane-do-druku\/"},"modified":"2021-03-29T15:16:50","modified_gmt":"2021-03-29T13:16:50","slug":"dane-do-druku","status":"publish","type":"page","link":"https:\/\/hikitec.de\/pl\/dane-do-druku\/","title":{"rendered":"dane do druku"},"content":{"rendered":"<section class=\"av_textblock_section \"  itemscope=\"itemscope\" itemtype=\"https:\/\/schema.org\/CreativeWork\" ><div class='avia_textblock  '   itemprop=\"text\" ><p><strong>Czy mo\u017cemy Ci pom\u00f3c, je\u015bli nie masz danych do druku?<\/strong><\/p>\n<\/div><\/section>\n<section class=\"av_textblock_section \"  itemscope=\"itemscope\" itemtype=\"https:\/\/schema.org\/CreativeWork\" ><div class='avia_textblock  '   itemprop=\"text\" ><p>Tak. Cieszymy si\u0119, \u017ce mo\u017cemy zaoferowa\u0107 t\u0119 us\u0142ug\u0119. Wy\u015blij nam swoje logo, a my za op\u0142at\u0105 wykonamy dla Ciebie wektoryzacj\u0119.<\/p>\n<p>Wektoryzacja za pomoc\u0105 narz\u0119dzia online &#8211; Jest to najprostsza opcja.<\/p>\n<p><strong>Uwaga:<\/strong> Narz\u0119dzia do wektoryzacji online mog\u0105 by\u0107 u\u017cywane tylko do grawerowania laserowego oraz jednokolorowych sitodruk\u00f3w i tampodruk\u00f3w.<\/p>\n<p>Nale\u017cy pami\u0119ta\u0107 o podaniu numer\u00f3w kolor\u00f3w w programie graficznym. W naszych testach, darmowy serwis &#8222;<a href=\"https:\/\/www.vectorization.org\/\">Vectorization.org<\/a>&#8221; osi\u0105gn\u0105\u0142 stosunkowo dobre wyniki<\/p>\n<p>R\u0119czne \u015bledzenie za pomoc\u0105 program\u00f3w offline. Je\u015bli nie jeste\u015b zadowolony z rezultatu wektoryzacji online, mo\u017cesz r\u00f3wnie\u017c prze\u015bledzi\u0107 pikselow\u0105 grafik\u0119 za pomoc\u0105 program\u00f3w wektorowych, takich jak Adobe Illustrator lub Inkscape.<\/p>\n<p>Uruchomienie specjalnej agencji ds. wektor\u00f3w. Alternatywnie, sensownym rozwi\u0105zaniem mo\u017ce by\u0107 wynaj\u0119cie profesjonalnej agencji do przeprowadzenia wektoryzacji. Dotyczy to zw\u0142aszcza grafik dwu- lub wielokolorowych oraz grafik cz\u0119sto u\u017cywanych, takich jak loga.<\/p>\n<\/div><\/section>\n<section class=\"av_textblock_section \"  itemscope=\"itemscope\" itemtype=\"https:\/\/schema.org\/CreativeWork\" ><div class='avia_textblock  '   itemprop=\"text\" ><input type=\"button\" value=\"Powr\u00f3t\" class=\"alg_back_button_input \" style=\"\" onclick=\"window.history.back()\" \/>\n<\/div><\/section>\n","protected":false},"excerpt":{"rendered":"","protected":false},"author":2,"featured_media":0,"parent":0,"menu_order":0,"comment_status":"closed","ping_status":"closed","template":"","meta":{"footnotes":""},"class_list":["post-43556","page","type-page","status-publish","hentry"],"_links":{"self":[{"href":"https:\/\/hikitec.de\/pl\/wp-json\/wp\/v2\/pages\/43556","targetHints":{"allow":["GET"]}}],"collection":[{"href":"https:\/\/hikitec.de\/pl\/wp-json\/wp\/v2\/pages"}],"about":[{"href":"https:\/\/hikitec.de\/pl\/wp-json\/wp\/v2\/types\/page"}],"author":[{"embeddable":true,"href":"https:\/\/hikitec.de\/pl\/wp-json\/wp\/v2\/users\/2"}],"replies":[{"embeddable":true,"href":"https:\/\/hikitec.de\/pl\/wp-json\/wp\/v2\/comments?post=43556"}],"version-history":[{"count":5,"href":"https:\/\/hikitec.de\/pl\/wp-json\/wp\/v2\/pages\/43556\/revisions"}],"predecessor-version":[{"id":43563,"href":"https:\/\/hikitec.de\/pl\/wp-json\/wp\/v2\/pages\/43556\/revisions\/43563"}],"wp:attachment":[{"href":"https:\/\/hikitec.de\/pl\/wp-json\/wp\/v2\/media?parent=43556"}],"curies":[{"name":"wp","href":"https:\/\/api.w.org\/{rel}","templated":true}]}}