{"id":56554,"date":"2021-03-30T13:50:31","date_gmt":"2021-03-30T11:50:31","guid":{"rendered":"https:\/\/hikitec.de\/rejestracja-danych\/"},"modified":"2021-03-30T13:50:33","modified_gmt":"2021-03-30T11:50:33","slug":"rejestracja-danych","status":"publish","type":"page","link":"https:\/\/hikitec.de\/pl\/rejestracja-danych\/","title":{"rendered":"Rejestracja danych"},"content":{"rendered":"\n<style type=\"text\/css\" id=\"style-css-av-1duggy-4f1643736bc77dd1debbdad9c9106241\">\n#top .flex_column.av-1duggy-4f1643736bc77dd1debbdad9c9106241{\nborder-radius:0px;\n-webkit-border-radius:0px;\n-moz-border-radius:0px;\npadding:0px;\n}\n<\/style>\n<div class='flex_column av-1duggy-4f1643736bc77dd1debbdad9c9106241 av_one_full  avia-builder-el-0  el_before_av_one_full  avia-builder-el-first  first flex_column_div av-zero-column-padding '   ><section class=\"av_textblock_section \"  itemscope=\"itemscope\" itemtype=\"https:\/\/schema.org\/CreativeWork\" ><div class='avia_textblock  '   itemprop=\"text\" ><p><strong>Zapisywanie danych do pami\u0119ci USB<br \/>\n<\/strong><\/p>\n<p>Pami\u0119ci USB mog\u0105 by\u0107 bez problemu nagrywane przez nas z indywidualnymi danymi (katalog; zdj\u0119cia; itp.). Tw\u00f3j kij z indywidualnymi danymi jest op\u0142acaln\u0105 alternatyw\u0105 dla papierowej broszury reklamowej. Pami\u0119\u0107 USB z zapisem danych jest bardziej trwa\u0142a ni\u017c przekaz papierowy, poniewa\u017c gdy klient usunie dane, nadal b\u0119dzie korzysta\u0142 z pami\u0119ci USB z Twoim przekazem reklamowym. Z kolei papier po kr\u00f3tkim czasie wyl\u0105duje w koszu. Oferujemy r\u00f3wnie\u017c naszym klientom nagrywanie ka\u017cdej pami\u0119ci USB indywidualnie i traktowanie danych jako \u015bci\u015ble poufne. Prosimy o kontakt z zespo\u0142em HIKITEC GmbH.<\/p>\n<p>Wgrywamy Twoje dane na wyprodukowan\u0105 przez nas pami\u0119\u0107 USB <u>lub<\/u>dostarczasz nam swoj\u0105 pami\u0119\u0107 USB, a my je potem zapisujemy. Przes\u0142a\u0107 nam wraz z zam\u00f3wieniem (lub nawet kilka dni p\u00f3\u017aniej) dane za po\u015brednictwem poczty elektronicznej\/FTP\/\u0142\u0105cza do pobrania lub <a href=\"https:\/\/wetransfer.com\/\" target=\"_blank\" rel=\"noopener\"><img loading=\"lazy\" decoding=\"async\" class=\"alignnone size-full wp-image-9014\" src=\"https:\/\/hikitec.de\/wp-content\/uploads\/2020\/05\/wetransfer.gif\" alt=\"\" width=\"102\" height=\"18\"><\/a> a my zasilimy twoj\u0105 pami\u0119\u0107 USB. Proste, bezpieczne i szybkie.<\/p>\n<\/div><\/section><\/div>\n\n<style type=\"text\/css\" id=\"style-css-av-13m7iy-22fa7a734fd720b59842470314828c86\">\n#top .flex_column.av-13m7iy-22fa7a734fd720b59842470314828c86{\nborder-radius:0px;\n-webkit-border-radius:0px;\n-moz-border-radius:0px;\npadding:0px;\n}\n<\/style>\n<div class='flex_column av-13m7iy-22fa7a734fd720b59842470314828c86 av_one_full  avia-builder-el-2  el_after_av_one_full  el_before_av_one_full  first flex_column_div av-zero-column-padding column-top-margin'   ><section class=\"av_textblock_section \"  itemscope=\"itemscope\" itemtype=\"https:\/\/schema.org\/CreativeWork\" ><div class='avia_textblock  '   itemprop=\"text\" ><p><strong>Spis tre\u015bci<\/strong><\/p>\n<ul>\n<li><a href=\"#DPC\"><strong>Zapisywanie danych w produkcji<\/strong><\/a><\/li>\n<li><a href=\"#DIDBL\"><strong>Zapisywanie danych w Niemczech<\/strong><\/a><\/li>\n<li><a href=\"#VDD\"><strong>Poufne dane zarejestrowane w Niemczech<\/strong><\/a><\/li>\n<li><a href=\"#DLA\"><strong>Wczytywanie danych z mo\u017cliwo\u015bci\u0105 kasowania<\/strong><\/a><\/li>\n<li><a href=\"#DUA\"><strong>Importowanie danych w spos\u00f3b uniemo\u017cliwiaj\u0105cy ich usuni\u0119cie<\/strong><\/a><\/li>\n<li><a href=\"#LWN\"><strong>Etykietowanie nazw nap\u0119d\u00f3w<\/strong><\/a><\/li>\n<\/ul>\n<\/div><\/section><\/div>\n\n<style type=\"text\/css\" id=\"style-css-av-13m7iy-22fa7a734fd720b59842470314828c86\">\n#top .flex_column.av-13m7iy-22fa7a734fd720b59842470314828c86{\nborder-radius:0px;\n-webkit-border-radius:0px;\n-moz-border-radius:0px;\npadding:0px;\n}\n<\/style>\n<div class='flex_column av-13m7iy-22fa7a734fd720b59842470314828c86 av_one_full  avia-builder-el-4  el_after_av_one_full  el_before_av_one_full  first flex_column_div av-zero-column-padding column-top-margin'   ><section class=\"av_textblock_section \"  itemscope=\"itemscope\" itemtype=\"https:\/\/schema.org\/CreativeWork\" ><div class='avia_textblock  '   itemprop=\"text\" ><p id=\"DPC\" class=\"pt-20\"><strong>Rejestrowanie danych w produkcji<\/strong><\/p>\n<p>Przes\u0142a\u0107 nam dane (lub nawet kilka dni p\u00f3\u017aniej) za po\u015brednictwem poczty elektronicznej\/FTP\/\u0142\u0105cza do pobrania lub <a class=\"alignnone\" href=\"https:\/\/wetransfer.com\/\" target=\"_blank\" rel=\"noopener\"><img loading=\"lazy\" decoding=\"async\" class=\"alignnone size-full wp-image-9014\" src=\"https:\/\/hikitec.de\/wp-content\/uploads\/2020\/05\/wetransfer.gif\" alt=\"\" width=\"102\" height=\"18\"><\/a> und wir schalten Ihren USB-Stick ein. Proste, bezpieczne i szybkie.<\/p>\n<p><strong>czas trwania<\/strong><\/p>\n<p>\u0141adowanie danych <u>nie<\/u> wyd\u0142u\u017ca czasu produkcji!<\/p>\n<\/div><\/section><\/div>\n\n<style type=\"text\/css\" id=\"style-css-av-13m7iy-22fa7a734fd720b59842470314828c86\">\n#top .flex_column.av-13m7iy-22fa7a734fd720b59842470314828c86{\nborder-radius:0px;\n-webkit-border-radius:0px;\n-moz-border-radius:0px;\npadding:0px;\n}\n<\/style>\n<div class='flex_column av-13m7iy-22fa7a734fd720b59842470314828c86 av_one_full  avia-builder-el-6  el_after_av_one_full  el_before_av_one_full  first flex_column_div av-zero-column-padding column-top-margin'   ><section class=\"av_textblock_section \"  itemscope=\"itemscope\" itemtype=\"https:\/\/schema.org\/CreativeWork\" ><div class='avia_textblock  '   itemprop=\"text\" ><p id=\"DIDBL\" class=\"pt-20\"><strong>Dane dotycz\u0105ce rekord\u00f3w w Niemczech<\/strong><\/p>\n<p>Wysy\u0142asz nam swoje pami\u0119ci USB, z kt\u00f3rych <u>1<\/u> powinna by\u0107 ju\u017c nagrana z \u017c\u0105danymi danymi, tzw. <strong>g\u0142\u00f3wna pami\u0119\u0107 USB<\/strong>. Powielamy t\u0119 czynno\u015b\u0107 dla wszystkich pozosta\u0142ych pami\u0119ci USB, sprawdzaj\u0105c ponownie pami\u0119\u0107 USB pod k\u0105tem poprawno\u015bci i czytelno\u015bci. Wadliwe pami\u0119ci USB s\u0105 przez nas odpowiednio sortowane.<\/p>\n<p><strong>czas trwania<\/strong><\/p>\n<p>Regularny czas odtwarzania wynosi od 3 dni roboczych na 5000 sztuk (w zale\u017cno\u015bci od wielko\u015bci danych i opakowania). Bitte melden Sie unbedingt rechtzeitig anstehende Bespielauftr\u00e4ge an. Produkcje ekspresowe (tego samego dnia) po uzgodnieniu. Zwyk\u0142e i mniejsze partie pr\u00f3bek wymagaj\u0105 zwykle jednej, maksimum. dwa dni robocze.<\/p>\n<p>Wysy\u0142asz nam swoje pami\u0119ci USB, a my przenosimy Twoje dane na Tw\u00f3j no\u015bnik.<br \/>\nDane te s\u0105 nast\u0119pnie por\u00f3wnywane (weryfikowane) z orygina\u0142em. Uszkodzone no\u015bniki s\u0105 wykrywane, sortowane i pakowane oddzielnie.<\/p>\n<p>Proces produkcji<strong><br \/>\n<\/strong><\/p>\n<p>1. zapowiadasz swoje zam\u00f3wienie z wyprzedzeniem.<br \/>\n2. Jak najwcze\u015bniej prze\u015blecie nam Pa\u0144stwo swoje no\u015bniki danych.<br \/>\n3. rozpakowujemy ka\u017cd\u0105 pojedyncz\u0105 pami\u0119\u0107 USB.<br \/>\n3. rozpakowujemy ka\u017cd\u0105 pojedyncz\u0105 pami\u0119\u0107 USB.<br \/>\n5. przes\u0142ania nam danych kopii online lub poczt\u0105.<br \/>\n6. W razie potrzeby tworzymy g\u0142\u00f3wn\u0105 pami\u0119\u0107 USB.<br \/>\n7. Wydaj\u0105 nam Pa\u0144stwo zezwolenie na podstawie pliku testowego lub pr\u00f3bki danych.<br \/>\n8. Kopiujemy i testujemy patyczki.<br \/>\n9. Zmontujemy i zapakujemy patyczki.<br \/>\n10. wysy\u0142ka do Ciebie lub bezpo\u015brednio do Twojego klienta.<\/p>\n<\/div><\/section><\/div>\n\n<style type=\"text\/css\" id=\"style-css-av-zdim2-2cfa4d4eb3959b3e9ca4fc8611307c8d\">\n#top .flex_column.av-zdim2-2cfa4d4eb3959b3e9ca4fc8611307c8d{\nborder-radius:0px;\n-webkit-border-radius:0px;\n-moz-border-radius:0px;\npadding:0px;\n}\n<\/style>\n<div class='flex_column av-zdim2-2cfa4d4eb3959b3e9ca4fc8611307c8d av_one_full  avia-builder-el-8  el_after_av_one_full  el_before_av_one_full  first flex_column_div av-zero-column-padding column-top-margin'   ><section class=\"av_textblock_section \"  itemscope=\"itemscope\" itemtype=\"https:\/\/schema.org\/CreativeWork\" ><div class='avia_textblock  '   itemprop=\"text\" ><p><a id=\"VDD\"><\/a><strong>Poufne dane zarejestrowane w Niemczech<\/strong><\/p>\n<p>Czy masz poufne i bardzo wa\u017cne dane, kt\u00f3re musz\u0105 by\u0107 zapisane na pami\u0119ci USB? Czy masz poufne i bardzo wa\u017cne dane, kt\u00f3re musz\u0105 by\u0107 zapisane na pami\u0119ci USB? Wysy\u0142asz nam swoje pami\u0119ci USB, z kt\u00f3rych <u>1<\/u> powinna by\u0107 ju\u017c nagrana z \u017c\u0105danymi danymi, tzw. <strong>g\u0142\u00f3wna pami\u0119\u0107 USB<\/strong>. (nie przez Dropbox, wetransfer czy inne publiczne us\u0142ugi). Powielamy t\u0119 czynno\u015b\u0107 dla wszystkich pozosta\u0142ych pami\u0119ci USB, sprawdzaj\u0105c ponownie pami\u0119\u0107 USB pod k\u0105tem poprawno\u015bci i czytelno\u015bci. Wadliwe pami\u0119ci USB s\u0105 przez nas odpowiednio sortowane. Nie kopiujemy Twoich danych lokalnie na komputer, ani nie tworzymy g\u0142\u00f3wnej pami\u0119ci USB. Pa\u0144stwa dane nie maj\u0105 kontaktu z nasz\u0105 sieci\u0105 i\/lub s\u0105 przechowywane przez nas lokalnie na komputerach. W dniu nagrania wyznaczana jest osoba odpowiedzialna za nagranie i no\u015bnik pami\u0119ci USB. Osoba ta \u015bledzi nagranie przez ca\u0142\u0105 drog\u0119 do wysy\u0142ki. Dzi\u0119ki temu jeste\u015bmy w stanie zagwarantowa\u0107 bezproblemowy przebieg procesu z naszej strony. Ch\u0119tnie podpiszemy r\u00f3wnie\u017c umow\u0119 o zachowaniu poufno\u015bci z Pa\u0144stwa strony.<\/p>\n<p><strong>Czas trwania pomocy<\/strong><\/p>\n<p>Regularny czas odtwarzania wynosi od 3 dni roboczych na 5000 sztuk (w zale\u017cno\u015bci od wielko\u015bci danych i opakowania). Prosz\u0119 pami\u0119ta\u0107, aby powiadomi\u0107 nas o wszelkich nadchodz\u0105cych terminach zabaw w odpowiednim czasie. Produkcje ekspresowe (tego samego dnia) po uzgodnieniu. Zwyk\u0142e i mniejsze partie pr\u00f3bek wymagaj\u0105 zwykle jednej, maksimum. dwa dni robocze.<\/p>\n<p>Wysy\u0142asz nam swoje pami\u0119ci USB, a my przenosimy Twoje dane na Tw\u00f3j no\u015bnik.<br \/>\nDane te s\u0105 nast\u0119pnie por\u00f3wnywane (weryfikowane) z orygina\u0142em. Uszkodzone no\u015bniki s\u0105 wykrywane, sortowane i pakowane oddzielnie.<\/p>\n<p><strong>Proces produkcji<br \/>\n<\/strong><\/p>\n<p>1. zapowiadasz swoje zam\u00f3wienie z wyprzedzeniem.<br \/>\n2. Jak najwcze\u015bniej prze\u015blecie nam Pa\u0144stwo swoje no\u015bniki danych.<br \/>\n3. rozpakowujemy ka\u017cd\u0105 pojedyncz\u0105 pami\u0119\u0107 USB.<br \/>\n3. rozpakowujemy ka\u017cd\u0105 pojedyncz\u0105 pami\u0119\u0107 USB.<br \/>\n5. Wysy\u0142asz nam swoj\u0105 g\u0142\u00f3wn\u0105 pami\u0119\u0107 USB.<br \/>\n6. kopiujemy i sprawdzamy patyczki.<br \/>\n7. zmontujemy i zapakujemy patyczki.<br \/>\n8. wysy\u0142ka do Ciebie lub bezpo\u015brednio do Twojego klienta.<\/p>\n<\/div><\/section><\/div>\n\n<style type=\"text\/css\" id=\"style-css-av-qoyaq-c6ce64bab3e42d2b29105200dbaebcf9\">\n#top .flex_column.av-qoyaq-c6ce64bab3e42d2b29105200dbaebcf9{\nborder-radius:0px;\n-webkit-border-radius:0px;\n-moz-border-radius:0px;\npadding:0px;\n}\n<\/style>\n<div class='flex_column av-qoyaq-c6ce64bab3e42d2b29105200dbaebcf9 av_one_full  avia-builder-el-10  el_after_av_one_full  el_before_av_one_full  first flex_column_div av-zero-column-padding column-top-margin'   ><section class=\"av_textblock_section \"  itemscope=\"itemscope\" itemtype=\"https:\/\/schema.org\/CreativeWork\" ><div class='avia_textblock  '   itemprop=\"text\" ><p><a id=\"DLA\"><\/a><strong>Wczytywanie danych z mo\u017cliwo\u015bci\u0105 kasowania<\/strong><\/p>\n<p>U\u017cytkownik ko\u0144cowy otrzymuje pendrive z Twoimi indywidualnymi danymi, kt\u00f3rymi mo\u017ce dowolnie dysponowa\u0107\/zdecydowa\u0107.<\/p>\n<\/div><\/section><\/div>\n\n<style type=\"text\/css\" id=\"style-css-av-nh4jm-bc85565081e976db16930af39a6652e0\">\n#top .flex_column.av-nh4jm-bc85565081e976db16930af39a6652e0{\nborder-radius:0px;\n-webkit-border-radius:0px;\n-moz-border-radius:0px;\npadding:0px;\n}\n<\/style>\n<div class='flex_column av-nh4jm-bc85565081e976db16930af39a6652e0 av_one_full  avia-builder-el-12  el_after_av_one_full  el_before_av_one_full  first flex_column_div av-zero-column-padding column-top-margin'   ><section class=\"av_textblock_section \"  itemscope=\"itemscope\" itemtype=\"https:\/\/schema.org\/CreativeWork\" ><div class='avia_textblock  '   itemprop=\"text\" ><p><a id=\"DUA\"><\/a><strong>Importowanie danych w spos\u00f3b uniemo\u017cliwiaj\u0105cy ich usuni\u0119cie<\/strong><\/p>\n<p>W pami\u0119ci USB tworzone s\u0105 dwie partycje. Partycja jest tworzona jako dysk tylko do odczytu. Ten nap\u0119d ma tak\u0105 sam\u0105 funkcj\u0119 jak CD lub DVD, kt\u00f3ry jest r\u00f3wnie\u017c chroniony formacj\u0105. Pozosta\u0142a wolna pami\u0119\u0107 jest sformatowana jako dysk Write &amp; Read, u\u017cytkownik mo\u017ce swobodnie dysponowa\u0107 t\u0105 drug\u0105 partycj\u0105 i przechowywa\u0107 na niej swoje dane osobowe, w razie potrzeby usun\u0105\u0107 i sformatowa\u0107 t\u0119 partycj\u0119.<\/p>\n<p>Prosz\u0119 zauwa\u017cy\u0107, \u017ce nagrywamy pami\u0119ci USB z danymi ex works i partycjonujemy je bezpo\u015brednio. P\u00f3\u017aniejszy podzia\u0142 Niemiec <u>nie jest mo\u017cliwy<\/u>.<\/p>\n<\/div><\/section><\/div>\n\n<style type=\"text\/css\" id=\"style-css-av-eb78a-94656ec42f31d4e0eb53b968cbf58313\">\n#top .flex_column.av-eb78a-94656ec42f31d4e0eb53b968cbf58313{\nborder-radius:0px;\n-webkit-border-radius:0px;\n-moz-border-radius:0px;\npadding:0px;\n}\n<\/style>\n<div class='flex_column av-eb78a-94656ec42f31d4e0eb53b968cbf58313 av_one_full  avia-builder-el-14  el_after_av_one_full  el_before_av_one_full  first flex_column_div av-zero-column-padding column-top-margin'   ><section class=\"av_textblock_section \"  itemscope=\"itemscope\" itemtype=\"https:\/\/schema.org\/CreativeWork\" ><div class='avia_textblock  '   itemprop=\"text\" ><p><a id=\"LWN\"><\/a><strong>Etykieta nap\u0119du<\/strong><\/p>\n<p>Dzi\u0119ki etykiecie nap\u0119du mo\u017cna ustawi\u0107 z wyprzedzeniem, w jaki spos\u00f3b pami\u0119\u0107 USB ma by\u0107 wy\u015bwietlana na komputerze jako nazwa. W ten spos\u00f3b klient wie dok\u0142adnie, kt\u00f3ry z nich jest jego, nawet je\u015bli u\u017cywa kilku kij\u00f3w. Prosz\u0119 zwr\u00f3ci\u0107 uwag\u0119, \u017ce dost\u0119pnych jest tylko <strong>11 znak\u00f3w<\/strong>. D\u0142ugo\u015b\u0107 wynika ze starej konwencji nazewnictwa w czasach DOS: 8+3=11 znak\u00f3w. Jedynym dozwolonym znakiem specjalnym jest podkre\u015blenie &#8222;_&#8221;.<\/p>\n<\/div><\/section><\/div>\n\n<style type=\"text\/css\" id=\"style-css-av-7me8y-939388d2d40753a90d0a46e0acca8803\">\n#top .flex_column.av-7me8y-939388d2d40753a90d0a46e0acca8803{\nborder-radius:0px;\n-webkit-border-radius:0px;\n-moz-border-radius:0px;\npadding:0px;\n}\n<\/style>\n<div class='flex_column av-7me8y-939388d2d40753a90d0a46e0acca8803 av_one_full  avia-builder-el-16  el_after_av_one_full  el_before_av_textblock  first flex_column_div av-zero-column-padding column-top-margin'   ><section class=\"av_textblock_section \"  itemscope=\"itemscope\" itemtype=\"https:\/\/schema.org\/CreativeWork\" ><div class='avia_textblock  '   itemprop=\"text\" ><p><strong>Zalecenie<\/strong><\/p>\n<p>Nazwy plik\u00f3w \/ nazewnictwo nie mog\u0105 zawiera\u0107 znak\u00f3w specjalnych, poniewa\u017c znaki specjalne to wszystkie litery i znaki spoza 26 podstawowych liter alfabetu \u0142aci\u0144skiego. Dotyczy to zar\u00f3wno symboli (\u00a7 \/ # $ % [ } + @ \u20ac &#8230;), jak i dodatkowych liter (\u00f0 ? ? ? ? \u00fe &#8230;), ligatur dw\u00f3ch liter (&amp; \u00df \u00e6 \u0153 &#8230;), a zw\u0142aszcza liter z tzw. znakami diakrytycznymi (\u00fc \u00e1 \u00f4 \u00e8 \u00f1 \u013a \u00e7 \u00f8 \u0161 ? ? ? ? ? ? &#8230;). Prosz\u0119 pami\u0119ta\u0107, \u017ce dane musz\u0105 by\u0107 wieloj\u0119zyczne!<\/p>\n<\/div><\/section><\/div>\n<section class=\"av_textblock_section \"  itemscope=\"itemscope\" itemtype=\"https:\/\/schema.org\/CreativeWork\" ><div class='avia_textblock  '   itemprop=\"text\" ><input type=\"button\" value=\"Powr\u00f3t\" class=\"alg_back_button_input \" style=\"\" onclick=\"window.history.back()\" \/>\n<\/div><\/section>\n","protected":false},"excerpt":{"rendered":"","protected":false},"author":2,"featured_media":0,"parent":0,"menu_order":0,"comment_status":"closed","ping_status":"closed","template":"","meta":{"footnotes":""},"class_list":["post-56554","page","type-page","status-publish","hentry"],"_links":{"self":[{"href":"https:\/\/hikitec.de\/pl\/wp-json\/wp\/v2\/pages\/56554","targetHints":{"allow":["GET"]}}],"collection":[{"href":"https:\/\/hikitec.de\/pl\/wp-json\/wp\/v2\/pages"}],"about":[{"href":"https:\/\/hikitec.de\/pl\/wp-json\/wp\/v2\/types\/page"}],"author":[{"embeddable":true,"href":"https:\/\/hikitec.de\/pl\/wp-json\/wp\/v2\/users\/2"}],"replies":[{"embeddable":true,"href":"https:\/\/hikitec.de\/pl\/wp-json\/wp\/v2\/comments?post=56554"}],"version-history":[{"count":5,"href":"https:\/\/hikitec.de\/pl\/wp-json\/wp\/v2\/pages\/56554\/revisions"}],"predecessor-version":[{"id":56560,"href":"https:\/\/hikitec.de\/pl\/wp-json\/wp\/v2\/pages\/56554\/revisions\/56560"}],"wp:attachment":[{"href":"https:\/\/hikitec.de\/pl\/wp-json\/wp\/v2\/media?parent=56554"}],"curies":[{"name":"wp","href":"https:\/\/api.w.org\/{rel}","templated":true}]}}