{"id":56622,"date":"2021-03-31T15:16:25","date_gmt":"2021-03-31T13:16:25","guid":{"rendered":"https:\/\/hikitec.de\/ochrona-danych\/"},"modified":"2023-03-01T15:49:58","modified_gmt":"2023-03-01T14:49:58","slug":"ochrona-danych","status":"publish","type":"page","link":"https:\/\/hikitec.de\/pl\/ochrona-danych\/","title":{"rendered":"Ochrona danych"},"content":{"rendered":"<section class=\"av_textblock_section \"  itemscope=\"itemscope\" itemtype=\"https:\/\/schema.org\/CreativeWork\" ><div class='avia_textblock  '   itemprop=\"text\" ><p><strong>Polityka prywatno\u015bci<\/strong><\/p>\n<p>My, firma HIKITEC GmbH, cieszymy si\u0119 z Pa\u0144stwa wizyty na naszej stronie internetowej www.hikitec.de i zainteresowania nasz\u0105 firm\u0105. Ochrona Pa\u0144stwa danych osobowych jest dla nas bardzo wa\u017cna. Dane osobowe to indywidualne informacje o okoliczno\u015bciach osobistych lub faktycznych dotycz\u0105cych zidentyfikowanej lub mo\u017cliwej do zidentyfikowania osoby fizycznej. Obejmuje to takie informacje, jak nazwisko cywilne, adres, numer telefonu i data urodzenia.<\/p>\n<p>Dane te podlegaj\u0105 szczeg\u00f3lnej ochronie i s\u0105 nam przekazywane tylko w technicznie koniecznym zakresie. Zgodnie z naszym obowi\u0105zkiem wyja\u015bnimy Pa\u0144stwu w dalszej cz\u0119\u015bci, jakie informacje s\u0105 wykorzystywane podczas Pa\u0144stwa obecno\u015bci na naszej stronie internetowej.<\/p>\n<p>Nasza praktyka ochrony danych jest zgodna z przepisami federalnej ustawy o ochronie danych osobowych (BDSG) oraz ustawy o telemediach (TMG). Gromadzimy, przetwarzamy i przechowujemy Pa\u0144stwa dane osobowe wy\u0142\u0105cznie w celu opracowania zapyta\u0144 oraz, w razie potrzeby, w celu realizacji zam\u00f3wie\u0144\/kontrakt\u00f3w. Pa\u0144stwa dane b\u0119d\u0105 wykorzystywane tylko wtedy, gdy uprzednio wyrazili Pa\u0144stwo na to odr\u0119bn\u0105 zgod\u0119 i tylko do \u015bci\u015ble okre\u015blonych cel\u00f3w, np. do informowania o ofertach poprzez newsletter itp.<\/p>\n<p><strong>Podmiot odpowiedzialny w rozumieniu \u00a7 13 ust. 1 TMG<\/strong><\/p>\n<p>Organem odpowiedzialnym w rozumieniu prawa o ochronie danych osobowych jest:<\/p>\n<p>HIKITEC GmbH \u2022 Quettinger Stra\u00dfe 171 \u2022 D \u2022 51381 Leverkusen \u2022 E-Mail: anfrage@hikitec.de \u2022 Telefon:+49 (0) 2171 79 26 668<\/p>\n<p><strong>Pseudonimiczne korzystanie z witryny<\/strong><\/p>\n<p>Zasadniczo mog\u0105 Pa\u0144stwo odwiedza\u0107 nasz\u0105 stron\u0119 internetow\u0105 bez podawania nam danych osobowych. Pseudonimizowane dane u\u017cytkowe nie s\u0105 \u0142\u0105czone z danymi posiadacza pseudonimu. Nie tworzy si\u0119 pseudonimowych profili u\u017cytkowania.<\/p>\n<p><strong>Specjalne funkcje strony internetowej<\/strong><\/p>\n<p>Na naszej stronie internetowej oferujemy Pa\u0144stwu r\u00f3\u017cne funkcje. Podczas u\u017cytkowania, dane osobowe s\u0105 przez nas gromadzone, przetwarzane i przechowywane. Poni\u017cej wyja\u015bniamy, co dzieje si\u0119 z tymi danymi:<\/p>\n<p><strong>Formularz kontaktowy<\/strong><\/p>\n<p>Dane zapisane za po\u015brednictwem naszego formularza kontaktowego b\u0119d\u0105 wykorzystywane wy\u0142\u0105cznie do przetwarzania zapyta\u0144 otrzymanych za po\u015brednictwem formularza kontaktowego. Zgromadzone dane zostan\u0105 usuni\u0119te na \u017c\u0105danie w ci\u0105gu sze\u015bciu miesi\u0119cy od rozpatrzenia wniosku.<\/p>\n<p><strong>Biuletyn informacyjny<\/strong><\/p>\n<p>Dane zapisane w masce rejestracyjnej naszego newslettera b\u0119d\u0105 przez nas wykorzystywane wy\u0142\u0105cznie do wysy\u0142ania naszego newslettera. W ten spos\u00f3b zostan\u0105 Pa\u0144stwo poinformowani o naszych us\u0142ugach. Aby zako\u0144czy\u0107 rejestracj\u0119, otrzymasz od nas wiadomo\u015b\u0107 e-mail z potwierdzeniem. Zawiera on link, kt\u00f3ry nale\u017cy klikn\u0105\u0107, aby zako\u0144czy\u0107 rejestracj\u0119 do naszego newslettera (double opt-in). W ka\u017cdej chwili mo\u017cesz zrezygnowa\u0107 z otrzymywania newslettera, wysy\u0142aj\u0105c wiadomo\u015b\u0107 e-mail z rezygnacj\u0105. Po rezygnacji z subskrypcji, Twoje dane zostan\u0105 usuni\u0119te w ci\u0105gu sze\u015bciu miesi\u0119cy.<\/p>\n<p>Przekazane nam dane wykorzystujemy do cel\u00f3w reklamowych produkt\u00f3w HIKITEC i sp\u00f3\u0142ek powi\u0105zanych, je\u017celi klient zapisa\u0142 si\u0119 na nasz bezp\u0142atny newsletter. Klient mo\u017ce w ka\u017cdej chwili sprzeciwi\u0107 si\u0119 dalszemu wykorzystywaniu jego danych w tym celu, wystarczy, \u017ce poinformuje nas o tym drog\u0105 mailow\u0105 (anfrage@hikitec.de).<\/p>\n<p><strong>Analiza statystyczna wizyt na tej stronie<\/strong><\/p>\n<p>Nast\u0119puj\u0105ce dane lub pojedyncze pliki s\u0105 pobierane, przetwarzane i przechowywane podczas dost\u0119pu do strony internetowej: Adres IP, strona internetowa, z kt\u00f3rej plik zosta\u0142 pobrany, nazwa pliku, data i godzina pobrania, ilo\u015b\u0107 przes\u0142anych danych oraz raport o powodzeniu pobrania (tzw. web log). W celu sta\u0142ego ulepszania naszej oferty internetowej oraz do cel\u00f3w statystycznych wykorzystujemy te dane dost\u0119powe wy\u0142\u0105cznie w formie niespersonalizowanej.<\/p>\n<p><strong>Google Analytics<\/strong><\/p>\n<p>Nie u\u017cywamy Google Analytics na tej stronie.<\/p>\n<p><strong>Zawarto\u015b\u0107 zewn\u0119trzna \/ przetwarzanie danych poza UE<\/strong><\/p>\n<p>Na naszej stronie internetowej u\u017cywamy aktywnych tre\u015bci Java-Script od zewn\u0119trznych dostawc\u00f3w. Kiedy odwiedzasz nasz\u0105 stron\u0119 internetow\u0105, ci zewn\u0119trzni dostawcy mog\u0105 otrzyma\u0107 dane osobowe dotycz\u0105ce Twojej wizyty na naszej stronie. Mo\u017cna temu zapobiec instaluj\u0105c blokad\u0119 JavaScript, tak\u0105 jak wtyczka do przegl\u0105darki &#8222;NoScript&#8221; (www.noscript.net) lub dezaktywuj\u0105c JavaScript w przegl\u0105darce. Mo\u017ce to prowadzi\u0107 do ogranicze\u0144 funkcjonalnych na odwiedzanych przez u\u017cytkownika stronach internetowych.<\/p>\n<p><strong>Polityka prywatno\u015bci dotycz\u0105ca korzystania z wtyczek Facebooka<\/strong><\/p>\n<p>Na tej stronie nie u\u017cywamy wtyczek Facebooka.<\/p>\n<p><strong>Polityka prywatno\u015bci dotycz\u0105ca korzystania z wtyczek Twittera<\/strong><\/p>\n<p>Na tej stronie nie u\u017cywamy wtyczek Twittera.<\/p>\n<p><strong>Polityka prywatno\u015bci dotycz\u0105ca korzystania z wtyczek YouTube<\/strong><\/p>\n<p>Na tej stronie nie u\u017cywamy wtyczek YouTube.<\/p>\n<p><strong>Informacje o stosowaniu plik\u00f3w cookie<\/strong><\/p>\n<p>Na tej stronie nie u\u017cywamy plik\u00f3w cookies (<a href=\"https:\/\/www.cookiebot.com\/de\/\" target=\"_blank\" rel=\"noopener\">Cookiebot<\/a>check od 22.09.2020).<\/p>\n<p><strong>Bezpiecze\u0144stwo i ochrona danych, komunikacja za po\u015brednictwem poczty elektronicznej<\/strong><\/p>\n<p>Dzi\u0119ki wykorzystaniu wszelkich mo\u017cliwo\u015bci technicznych i organizacyjnych, Pa\u0144stwa dane osobowe s\u0105 przechowywane w taki spos\u00f3b, aby by\u0142y niedost\u0119pne dla os\u00f3b trzecich. Nie mo\u017cemy zagwarantowa\u0107 ca\u0142kowitego bezpiecze\u0144stwa danych w przypadku komunikacji za po\u015brednictwem poczty elektronicznej, dlatego zalecamy przesy\u0142anie nam informacji wymagaj\u0105cych wysokiego stopnia poufno\u015bci poczt\u0105.<\/p>\n<p><strong>Osoba kontaktowa w sprawach ochrony danych &#8211; inspektor ochrony danych<\/strong><br \/>\nW kwestiach zwi\u0105zanych z ochron\u0105 danych osobowych nasza centrala jest do Pa\u0144stwa dyspozycji:<\/p>\n<p>Fon:+49 (0) 2103 \u2013 71 54 \u2013 260 \u2022 E-Mail: anfrage@hikitec.de<\/p>\n<p><strong>Wycofanie zgody &#8211; Informacje o danych i wnioski o zmian\u0119<\/strong><\/p>\n<p>Zgodnie z federaln\u0105 ustaw\u0105 o ochronie danych osobowych maj\u0105 Pa\u0144stwo prawo do bezp\u0142atnej informacji o swoich zapisanych danych oraz, w razie potrzeby, prawo do korekty, zablokowania lub usuni\u0119cia tych danych.<\/p>\n<p>Je\u017celi nie ma przeciwwskaza\u0144 prawnych, Pa\u0144stwa dane zostan\u0105 usuni\u0119te. W ka\u017cdej chwili mog\u0105 Pa\u0144stwo cofn\u0105\u0107 zgod\u0119 na wykorzystanie swoich danych osobowych. Wnioski o udzielenie informacji, usuni\u0119cie i autoryzacj\u0119 danych, jak r\u00f3wnie\u017c sugestie mo\u017cna w ka\u017cdej chwili przesy\u0142a\u0107 na nast\u0119puj\u0105cy adres:<\/p>\n<p>HIKITEC GmbH \u2022 Quettinger Stra\u00dfe 171 \u2022 D \u2022 51381 Leverkusen<\/p>\n<p><strong>PRAWNA<\/strong><\/p>\n<p><strong>Tre\u015b\u0107 oferty online<\/strong><\/p>\n<p>Autor zastrzega sobie prawo do nie ponoszenia odpowiedzialno\u015bci za aktualno\u015b\u0107, poprawno\u015b\u0107, kompletno\u015b\u0107 lub jako\u015b\u0107 udost\u0119pnianych informacji. Roszczenia z tytu\u0142u odpowiedzialno\u015bci cywilnej wobec autora, kt\u00f3re odnosz\u0105 si\u0119 do szk\u00f3d materialnych lub ideowych, kt\u00f3re zosta\u0142y spowodowane przez wykorzystanie lub niewykorzystanie przedstawionych informacji i\/lub przez wykorzystanie b\u0142\u0119dnych i niekompletnych informacji, s\u0105 zasadniczo niemo\u017cliwe, je\u015bli ze strony autora nie mo\u017cna udowodni\u0107 umy\u015blnego lub mniej lub bardziej niedba\u0142ego zawinienia.<\/p>\n<p>Wszystkie oferty mog\u0105 ulec zmianie i nie s\u0105 wi\u0105\u017c\u0105ce. Autor zastrzega sobie wyra\u017anie prawo do zmiany, uzupe\u0142nienia lub usuni\u0119cia cz\u0119\u015bci stron lub ca\u0142ej oferty bez uprzedzenia, a tak\u017ce do czasowego lub ostatecznego zaprzestania publikacji.<\/p>\n<p><strong>Linki do innych stron internetowych<\/strong><\/p>\n<p>Niniejsza strona zawiera linki do innych stron internetowych. HIKITEC GmbH nie przejmuje odpowiedzialno\u015bci za strategie ochrony danych lub zawarto\u015b\u0107 tych innych stron internetowych.<\/p>\n<p><strong>Prawo autorskie i prawo znak\u00f3w towarowych<\/strong><\/p>\n<p>Autor stara si\u0119 przestrzega\u0107 praw autorskich u\u017cytych we wszystkich publikacjach grafik, dokument\u00f3w d\u017awi\u0119kowych, sekwencji wideo i tekst\u00f3w, wykorzystywa\u0107 samodzielnie stworzone grafiki, dokumenty d\u017awi\u0119kowe, sekwencje wideo i teksty lub si\u0119ga\u0107 po grafiki, dokumenty d\u017awi\u0119kowe, sekwencje wideo i teksty bez licencji.<\/p>\n<p>Wszystkie wymienione na stronie internetowej i ewentualnie chronione przez osoby trzecie nazwy marek i znaki towarowe podlegaj\u0105 bez ogranicze\u0144 postanowieniom obowi\u0105zuj\u0105cego prawa o znakach towarowych oraz prawom w\u0142asno\u015bci poszczeg\u00f3lnych zarejestrowanych w\u0142a\u015bcicieli. Samo wymienienie znaku towarowego nie oznacza, \u017ce nie jest on chroniony prawami os\u00f3b trzecich!<\/p>\n<p>Prawa autorskie do opublikowanych obiekt\u00f3w stworzonych przez samego autora pozostaj\u0105 wy\u0142\u0105cznie przy autorze stron. Powielanie lub wykorzystywanie obiekt\u00f3w takich jak diagramy, d\u017awi\u0119ki lub teksty w innych publikacjach elektronicznych lub drukowanych bez zgody autora jest zabronione.<\/p>\n<p><strong>Pobieranie danych, plik\u00f3w i program\u00f3w<\/strong><\/p>\n<p>Korzystanie z danych, plik\u00f3w i program\u00f3w udost\u0119pnionych przez autora odbywa si\u0119 na w\u0142asne ryzyko. Dotyczy to w szczeg\u00f3lno\u015bci funkcjonalno\u015bci i braku wirus\u00f3w w danych i programach, kt\u00f3re mo\u017cna za\u0142adowa\u0107 z tej strony internetowej. Niestety, nie mo\u017cna zapewni\u0107 100% poufno\u015bci i bezpiecze\u0144stwa podczas przesy\u0142ania danych przez Internet. Nie ponosimy odpowiedzialno\u015bci za jakiekolwiek szkody, kt\u00f3re mog\u0105 powsta\u0107 w wyniku przerwania, ingerencji lub niew\u0142a\u015bciwego wykorzystania informacji przesy\u0142anych przez Internet.<\/p>\n<p>Autor nie ponosi odpowiedzialno\u015bci za ewentualne uszkodzenia oprogramowania lub sprz\u0119tu. Wszelka odpowiedzialno\u015b\u0107 za oprogramowanie oferowane na tej stronie spoczywa na u\u017cytkowniku oprogramowania.<\/p>\n<p><strong>Wa\u017cno\u015b\u0107 prawna niniejszego wy\u0142\u0105czenia odpowiedzialno\u015bci<\/strong><\/p>\n<p>Je\u017celi cz\u0119\u015bci lub poszczeg\u00f3lne sformu\u0142owania niniejszego o\u015bwiadczenia s\u0105 niezgodne z prawem lub nieprawid\u0142owe, nie ma to wp\u0142ywu na tre\u015b\u0107 lub wa\u017cno\u015b\u0107 pozosta\u0142ych cz\u0119\u015bci.<\/p>\n<p><strong>Dzieci<\/strong><\/p>\n<p>Prosimy o dopilnowanie, aby dzieci nie podawa\u0142y na tej stronie \u017cadnych danych osobowych bez zgody rodzic\u00f3w lub opiekun\u00f3w. Firma HIKITEC GmbH zaleca wszystkim rodzicom i opiekunom, aby poinstruowali swoje dzieci w zakresie bezpiecznego i odpowiedzialnego obchodzenia si\u0119 z danymi osobowymi w Internecie. HIKITEC w \u017cadnym wypadku nie b\u0119dzie \u015bwiadomie przechowywa\u0107 ani w \u017caden spos\u00f3b wykorzystywa\u0107 danych osobowych dzieci, ani te\u017c przekazywa\u0107 ich osobom trzecim bez upowa\u017cnienia.<\/p>\n<\/div><\/section>\n<section class=\"av_textblock_section \"  itemscope=\"itemscope\" itemtype=\"https:\/\/schema.org\/CreativeWork\" ><div class='avia_textblock  '   itemprop=\"text\" ><input type=\"button\" value=\"Powr\u00f3t\" class=\"alg_back_button_input \" style=\"\" onclick=\"window.history.back()\" \/>\n<\/div><\/section>\n","protected":false},"excerpt":{"rendered":"","protected":false},"author":2,"featured_media":0,"parent":0,"menu_order":0,"comment_status":"closed","ping_status":"closed","template":"","meta":{"footnotes":""},"class_list":["post-56622","page","type-page","status-publish","hentry"],"_links":{"self":[{"href":"https:\/\/hikitec.de\/pl\/wp-json\/wp\/v2\/pages\/56622","targetHints":{"allow":["GET"]}}],"collection":[{"href":"https:\/\/hikitec.de\/pl\/wp-json\/wp\/v2\/pages"}],"about":[{"href":"https:\/\/hikitec.de\/pl\/wp-json\/wp\/v2\/types\/page"}],"author":[{"embeddable":true,"href":"https:\/\/hikitec.de\/pl\/wp-json\/wp\/v2\/users\/2"}],"replies":[{"embeddable":true,"href":"https:\/\/hikitec.de\/pl\/wp-json\/wp\/v2\/comments?post=56622"}],"version-history":[{"count":9,"href":"https:\/\/hikitec.de\/pl\/wp-json\/wp\/v2\/pages\/56622\/revisions"}],"predecessor-version":[{"id":717646,"href":"https:\/\/hikitec.de\/pl\/wp-json\/wp\/v2\/pages\/56622\/revisions\/717646"}],"wp:attachment":[{"href":"https:\/\/hikitec.de\/pl\/wp-json\/wp\/v2\/media?parent=56622"}],"curies":[{"name":"wp","href":"https:\/\/api.w.org\/{rel}","templated":true}]}}