{"id":56666,"date":"2021-04-01T09:58:51","date_gmt":"2021-04-01T07:58:51","guid":{"rendered":"https:\/\/hikitec.de\/faq\/"},"modified":"2023-03-01T15:55:11","modified_gmt":"2023-03-01T14:55:11","slug":"faq","status":"publish","type":"page","link":"https:\/\/hikitec.de\/pl\/faq\/","title":{"rendered":"FAQ"},"content":{"rendered":"<div id='av_section_1'  class='avia-section av-fvjo6-0d5254b2c881c5829c60a1dddcb5aa7b main_color avia-section-default avia-no-border-styling  avia-builder-el-0  el_before_av_toggle_container  avia-builder-el-first  avia-bg-style-scroll  container_wrap fullsize'  ><div class='container av-section-cont-open' ><main  role=\"main\" itemprop=\"mainContentOfPage\"  class='template-page content  av-content-full alpha units'><div class='post-entry post-entry-type-page post-entry-56666'><div class='entry-content-wrapper clearfix'>\n\n<style type=\"text\/css\" id=\"style-css-av-35a28m-8bccc125ce8bb830b69f56c4ed5589a3\">\n#top .flex_column.av-35a28m-8bccc125ce8bb830b69f56c4ed5589a3{\nborder-radius:0px;\n-webkit-border-radius:0px;\n-moz-border-radius:0px;\npadding:0px;\n}\n<\/style>\n<div class='flex_column av-35a28m-8bccc125ce8bb830b69f56c4ed5589a3 av_one_full  avia-builder-el-1  avia-builder-el-no-sibling  first flex_column_div av-zero-column-padding '   ><section class=\"av_textblock_section \"  itemscope=\"itemscope\" itemtype=\"https:\/\/schema.org\/CreativeWork\" ><div class='avia_textblock  '   itemprop=\"text\" ><div>\n<h3><strong>F<\/strong><strong>AQ<\/strong><strong><img loading=\"lazy\" decoding=\"async\" class=\"size-thumbnail wp-image-9115 alignright\" src=\"https:\/\/hikitec.de\/wp-content\/uploads\/2020\/05\/Erklaerung-80x80.png\" alt=\"\" width=\"80\" height=\"80\" srcset=\"https:\/\/hikitec.de\/wp-content\/uploads\/2020\/05\/Erklaerung-80x80.png 80w, https:\/\/hikitec.de\/wp-content\/uploads\/2020\/05\/Erklaerung-36x36.png 36w, https:\/\/hikitec.de\/wp-content\/uploads\/2020\/05\/Erklaerung-180x180.png 180w, https:\/\/hikitec.de\/wp-content\/uploads\/2020\/05\/Erklaerung-120x120.png 120w, https:\/\/hikitec.de\/wp-content\/uploads\/2020\/05\/Erklaerung-450x450.png 450w\" sizes=\"auto, (max-width: 80px) 100vw, 80px\" \/><\/strong><\/h3>\n<\/div>\n<div class=\"after\">Znajd\u017a odpowiedzi na swoje pytania dotycz\u0105ce wa\u017cnych temat\u00f3w<\/div>\n<\/div><\/section><\/div>\n<\/div><\/div><\/main><!-- close content main element --><\/div><\/div><div id='after_section_1'  class='main_color av_default_container_wrap container_wrap fullsize'  ><div class='container av-section-cont-open' ><div class='template-page content  av-content-full alpha units'><div class='post-entry post-entry-type-page post-entry-56666'><div class='entry-content-wrapper clearfix'>\n<\/div><\/div><\/div><!-- close content main div --><\/div><\/div><div id='av_section_2'  class='avia-section av-1rf0bq-183fae09a56627684d823c740cce80bd main_color avia-section-default avia-no-border-styling avia-bg-style-scroll  container_wrap fullsize'  ><div class='container av-section-cont-open' ><div class='template-page content  av-content-full alpha units'><div class='post-entry post-entry-type-page post-entry-56666'><div class='entry-content-wrapper clearfix'>\n\n<style type=\"text\/css\" id=\"style-css-av-gfn7nq-e7061757412d00677e9bddd5246a8030\">\n.togglecontainer.av-gfn7nq-e7061757412d00677e9bddd5246a8030 p.toggler{\ncolor:#000000;\nbackground-color:#ffffff;\nborder-color:#745f7e;\n}\n.togglecontainer.av-gfn7nq-e7061757412d00677e9bddd5246a8030 p.toggler .toggle_icon{\nborder-color:#000000;\n}\n.togglecontainer.av-gfn7nq-e7061757412d00677e9bddd5246a8030 .toggle_wrap .toggle_content{\ncolor:#000000;\nbackground-color:#ffffff;\nborder-color:#745f7e;\n}\n<\/style>\n<div  class='togglecontainer av-gfn7nq-e7061757412d00677e9bddd5246a8030 av-minimal-toggle  avia-builder-el-3  el_after_av_section  el_before_av_textblock  avia-builder-el-first  toggle_close_all ' >\n<section class='av_toggle_section av-elggc6-4e4baf16431603a842a99986eb2ec867'  itemscope=\"itemscope\" itemtype=\"https:\/\/schema.org\/CreativeWork\" ><div role=\"tablist\" class=\"single_toggle\" data-tags=\"{Wszystko} \"  ><p data-fake-id='#toggle-id-1' class='toggler hasCustomColor  av-inherit-font-color av-inherit-border-color'  itemprop=\"headline\"  role='tab' tabindex='0' aria-controls='toggle-id-1'>ZAM\u00d3WIENIE I ORZECZENIE<span class=\"toggle_icon\"><span class=\"vert_icon\"><\/span><span class=\"hor_icon\"><\/span><\/span><\/p><div id='toggle-id-1' class='toggle_wrap  '  ><div class='toggle_content invers-color av-inherit-font-color av-inherit-border-color'  itemprop=\"text\" ><p><a href=\"https:\/\/hikitec.de\/de\/auftrag\/\">Wie kann ich eine Bestellung bei HIKITEC aufgeben?<\/a><br \/>\n<a href=\"https:\/\/hikitec.de\/de\/standskizze\/\">Co to jest stand sketch &#8211; wirtualny podgl\u0105d wydruku?<\/a><br \/>\n<a href=\"https:\/\/hikitec.de\/de\/produktionszeit\/\">Jakie s\u0105 czasy dostawy?<\/a><br \/>\n<a href=\"https:\/\/hikitec.de\/de\/preisentwicklung\/\">Dlaczego ceny pami\u0119ci USB mog\u0105 si\u0119 waha\u0107?<\/a><br \/>\n<a href=\"https:\/\/hikitec.de\/de\/nachbestellungen\/\">Co nale\u017cy wzi\u0105\u0107 pod uwag\u0119 przy ponownych zam\u00f3wieniach 1 do 1?<\/a><br \/>\n<a href=\"https:\/\/hikitec.de\/pl\/usluga-kopiowania\/lieferung-2\/\">Dok\u0105d HIKITEC mo\u017ce dostarczy\u0107 towar?<\/a><br \/>\n<a href=\"https:\/\/hikitec.de\/de\/zahlungsbedingungen\/\">Jakie metody p\u0142atno\u015bci s\u0105 dost\u0119pne?<\/a><br \/>\n<a href=\"https:\/\/hikitec.de\/de\/umtausch\/\">Czy mog\u0119 wymieni\u0107 towar?<\/a><br \/>\n<a href=\"https:\/\/hikitec.de\/de\/garantie\/\">Jaka jest gwarancja?<\/a><br \/>\n<a href=\"https:\/\/hikitec.de\/de\/prodsg\/\">Co to jest ustawa o bezpiecze\u0144stwie produkt\u00f3w?<\/a><br \/>\n<a href=\"https:\/\/hikitec.de\/de\/batteriegesetz\/\">Co to jest prawo baterii?<\/a><br \/>\n<a href=\"https:\/\/hikitec.de\/de\/agb\/\">Gdzie mog\u0119 znale\u017a\u0107 regulamin?<\/a><br \/>\n<a href=\"https:\/\/hikitec.de\/de\/weee-elektrog-erklaerung\/\">Gdzie mog\u0119 znale\u017a\u0107 numer WEEE?<\/a><br \/>\n<a href=\"https:\/\/hikitec.de\/de\/lucid\/\">Gdzie mog\u0119 znale\u017a\u0107 numer LUCID?<\/a><br \/>\n<a href=\"https:\/\/hikitec.de\/de\/ce\/\">M\u00fcssen Produkte CE-gekennzeichnet sein?<\/a><br \/>\n<a href=\"https:\/\/hikitec.de\/de\/bsci\/\">Czy Pa\u0144stwa produkty posiadaj\u0105 audyt BSCI?<\/a><\/p>\n<\/div><\/div><\/div><\/section>\n<section class='av_toggle_section av-cmfvau-472d294cf012515c833215eefcea959d'  itemscope=\"itemscope\" itemtype=\"https:\/\/schema.org\/CreativeWork\" ><div role=\"tablist\" class=\"single_toggle\" data-tags=\"{Wszystko} \"  ><p data-fake-id='#toggle-id-2' class='toggler hasCustomColor  av-inherit-font-color av-inherit-border-color'  itemprop=\"headline\"  role='tab' tabindex='0' aria-controls='toggle-id-2'>DANE DOTYCZ\u0104CE REKLAMY I DRUKU<span class=\"toggle_icon\"><span class=\"vert_icon\"><\/span><span class=\"hor_icon\"><\/span><\/span><\/p><div id='toggle-id-2' class='toggle_wrap  '  ><div class='toggle_content invers-color av-inherit-font-color av-inherit-border-color'  itemprop=\"text\" ><p><a href=\"https:\/\/hikitec.de\/de\/veredelungsservice\/\">Jakie s\u0105 rodzaje wyko\u0144czenia?<\/a><br \/>\n<a href=\"https:\/\/hikitec.de\/de\/vektordaten\/\">Jakie dane musz\u0119 poda\u0107?<br \/>\n<a href=\"https:\/\/hikitec.de\/de\/\/vektor-vs-pixel-daten\/\">Dane wektorowe a dane pikselowe<\/a><br \/>\n<a href=\"https:\/\/hikitec.de\/de\/pantone\/\">Dlaczego definicje kolor\u00f3w w PANTONE?<\/a><br \/>\n<a href=\"https:\/\/hikitec.de\/de\/vorabansicht\/\">Jak b\u0119dzie wygl\u0105da\u0142o moje logo na produkcie promocyjnym? Czy jest jaki\u015b podgl\u0105d?<\/a><br \/>\n<a href=\"https:\/\/hikitec.de\/de\/druckdaten\/\">Jaki format musz\u0105 mie\u0107 moje dane do druku?<\/a><br \/>\n<a href=\"https:\/\/hikitec.de\/de\/cmyk-druckverfahren-datengroesse-und-richtiger-beschnitt\/\">Na co musz\u0119 zwr\u00f3ci\u0107 uwag\u0119 w procesie druku CMYK, je\u015bli chodzi o rozmiar danych i prawid\u0142owe spadki?<\/a><br \/>\n<a href=\"https:\/\/hikitec.de\/de\/druckfaehigen_daten\/\">Czy mo\u017cecie mi pom\u00f3c, je\u015bli nie mam danych do druku?<\/a><br \/>\n<a href=\"https:\/\/hikitec.de\/de\/differenzen\/\"> Gibt es in einer Produktion Differenzen?\/?<\/a><\/p>\n<\/div><\/div><\/div><\/section>\n<section class='av_toggle_section av-ab496u-9d0bad3fce47e877636bf32e0f0b8473'  itemscope=\"itemscope\" itemtype=\"https:\/\/schema.org\/CreativeWork\" ><div role=\"tablist\" class=\"single_toggle\" data-tags=\"{Wszystko} \"  ><p data-fake-id='#toggle-id-3' class='toggler hasCustomColor  av-inherit-font-color av-inherit-border-color'  itemprop=\"headline\"  role='tab' tabindex='0' aria-controls='toggle-id-3'>P\u0141ATNO\u015a\u0106 I FAKTURA<span class=\"toggle_icon\"><span class=\"vert_icon\"><\/span><span class=\"hor_icon\"><\/span><\/span><\/p><div id='toggle-id-3' class='toggle_wrap  '  ><div class='toggle_content invers-color av-inherit-font-color av-inherit-border-color'  itemprop=\"text\" ><p><strong><img loading=\"lazy\" decoding=\"async\" class=\"transparent lazy loaded\" src=\"https:\/\/hikitec.de\/wp-content\/uploads\/2021\/04\/zzz_HIKITEC_Favicon_weiss_32.png\" alt=\"https:\/\/hikitec.de\/wp-content\/uploads\/2021\/04\/zzz_HIKITEC_Favicon_weiss_32.png\" width=\"11\" height=\"12\" data-src=\"https:\/\/hikitec.de\/wp-content\/uploads\/2021\/04\/zzz_HIKITEC_Favicon_weiss_32.png\" data-was-processed=\"true\"> <\/strong><a href=\"https:\/\/hikitec.de\/pl\/warunki-platnosci\/\">Jakie metody p\u0142atno\u015bci s\u0105 dost\u0119pne?<\/a><br \/>\n<strong><img loading=\"lazy\" decoding=\"async\" class=\"transparent lazy loaded\" src=\"https:\/\/hikitec.de\/wp-content\/uploads\/2021\/04\/zzz_HIKITEC_Favicon_weiss_32.png\" alt=\"https:\/\/hikitec.de\/wp-content\/uploads\/2021\/04\/zzz_HIKITEC_Favicon_weiss_32.png\" width=\"11\" height=\"12\" data-src=\"https:\/\/hikitec.de\/wp-content\/uploads\/2021\/04\/zzz_HIKITEC_Favicon_weiss_32.png\" data-was-processed=\"true\"> <\/strong><a href=\"https:\/\/hikitec.de\/pl\/wysylka-faktur\/\">Jak mog\u0119 otrzyma\u0107 moje faktury?<\/a><\/p>\n<\/div><\/div><\/div><\/section>\n<section class='av_toggle_section av-8shb06-debef34fa4a817544eddd4f01868187b'  itemscope=\"itemscope\" itemtype=\"https:\/\/schema.org\/CreativeWork\" ><div role=\"tablist\" class=\"single_toggle\" data-tags=\"{Wszystko} \"  ><p data-fake-id='#toggle-id-4' class='toggler hasCustomColor  av-inherit-font-color av-inherit-border-color'  itemprop=\"headline\"  role='tab' tabindex='0' aria-controls='toggle-id-4'>WYSY\u0141KA I DOSTAWA<span class=\"toggle_icon\"><span class=\"vert_icon\"><\/span><span class=\"hor_icon\"><\/span><\/span><\/p><div id='toggle-id-4' class='toggle_wrap  '  ><div class='toggle_content invers-color av-inherit-font-color av-inherit-border-color'  itemprop=\"text\" ><p><strong><img loading=\"lazy\" decoding=\"async\" class=\"transparent lazy loaded\" src=\"..\/wp-content\/uploads\/2021\/04\/zzz_HIKITEC_Favicon_weiss_32.png\" alt=\"https:\/\/hikitec.de\/wp-content\/uploads\/2021\/04\/zzz_HIKITEC_Favicon_weiss_32.png\" width=\"11\" height=\"12\" data-src=\"https:\/\/hikitec.de\/wp-content\/uploads\/2021\/04\/zzz_HIKITEC_Favicon_weiss_32.png\" data-was-processed=\"true\"> <\/strong><a href=\"..\/produktionszeit\/\">Jakie s\u0105 czasy dostawy?<\/a><br \/>\n<strong><img loading=\"lazy\" decoding=\"async\" class=\"transparent lazy loaded\" src=\"..\/wp-content\/uploads\/2021\/04\/zzz_HIKITEC_Favicon_weiss_32.png\" alt=\"https:\/\/hikitec.de\/wp-content\/uploads\/2021\/04\/zzz_HIKITEC_Favicon_weiss_32.png\" width=\"11\" height=\"12\" data-src=\"https:\/\/hikitec.de\/wp-content\/uploads\/2021\/04\/zzz_HIKITEC_Favicon_weiss_32.png\" data-was-processed=\"true\"> <\/strong><a href=\"..\/lieferung\/\">Dok\u0105d HIKITEC mo\u017ce dostarczy\u0107 towar?<\/a><br \/>\n<strong><img loading=\"lazy\" decoding=\"async\" class=\"transparent lazy loaded\" src=\"..\/wp-content\/uploads\/2021\/04\/zzz_HIKITEC_Favicon_weiss_32.png\" alt=\"https:\/\/hikitec.de\/wp-content\/uploads\/2021\/04\/zzz_HIKITEC_Favicon_weiss_32.png\" width=\"11\" height=\"12\" data-src=\"https:\/\/hikitec.de\/wp-content\/uploads\/2021\/04\/zzz_HIKITEC_Favicon_weiss_32.png\" data-was-processed=\"true\"> <\/strong><a href=\"..\/versandkosten-und-lieferzeit\/\">Jakie s\u0105 koszty wysy\u0142ki?<\/a><br \/>\n<span id=\"Informationen_zur_Ausfuhrbegleitdokument_Erstellung\"><strong><img loading=\"lazy\" decoding=\"async\" class=\"transparent lazy loaded\" src=\"..\/wp-content\/uploads\/2021\/04\/zzz_HIKITEC_Favicon_weiss_32.png\" alt=\"https:\/\/hikitec.de\/wp-content\/uploads\/2021\/04\/zzz_HIKITEC_Favicon_weiss_32.png\" width=\"11\" height=\"12\" data-src=\"https:\/\/hikitec.de\/wp-content\/uploads\/2021\/04\/zzz_HIKITEC_Favicon_weiss_32.png\" data-was-processed=\"true\"> <\/strong><a href=\"..\/ausfuhrbegleitdokument\/\">Kiedy musi by\u0107 wystawiony Wywozowy Dokument Towarzysz\u0105cy (ABD)?<\/a><br \/>\n<\/span><\/p>\n<\/div><\/div><\/div><\/section>\n<section class='av_toggle_section av-7vv6hi-0060933c5022d33107e135b00f5e936f'  itemscope=\"itemscope\" itemtype=\"https:\/\/schema.org\/CreativeWork\" ><div role=\"tablist\" class=\"single_toggle\" data-tags=\"{Wszystko} \"  ><p data-fake-id='#toggle-id-5' class='toggler hasCustomColor  av-inherit-font-color av-inherit-border-color'  itemprop=\"headline\"  role='tab' tabindex='0' aria-controls='toggle-id-5'>GAMA PRODUKT\u00d3W<span class=\"toggle_icon\"><span class=\"vert_icon\"><\/span><span class=\"hor_icon\"><\/span><\/span><\/p><div id='toggle-id-5' class='toggle_wrap  '  ><div class='toggle_content invers-color av-inherit-font-color av-inherit-border-color'  itemprop=\"text\" ><p><strong><img loading=\"lazy\" decoding=\"async\" class=\"transparent lazy loaded\" src=\"https:\/\/hikitec.de\/wp-content\/uploads\/2021\/04\/zzz_HIKITEC_Favicon_weiss_32.png\" alt=\"https:\/\/hikitec.de\/wp-content\/uploads\/2021\/04\/zzz_HIKITEC_Favicon_weiss_32.png\" width=\"11\" height=\"12\" data-src=\"https:\/\/hikitec.de\/wp-content\/uploads\/2021\/04\/zzz_HIKITEC_Favicon_weiss_32.png\" data-was-processed=\"true\"> <\/strong><a href=\"https:\/\/hikitec.de\/pl\/artykul-specjalny\/\">Czy HIKITEC oferuje r\u00f3wnie\u017c artyku\u0142y, kt\u00f3re nie s\u0105 dost\u0119pne w sklepie?<\/a><br \/>\n<strong><img loading=\"lazy\" decoding=\"async\" class=\"transparent lazy loaded\" src=\"https:\/\/hikitec.de\/wp-content\/uploads\/2021\/04\/zzz_HIKITEC_Favicon_weiss_32.png\" alt=\"https:\/\/hikitec.de\/wp-content\/uploads\/2021\/04\/zzz_HIKITEC_Favicon_weiss_32.png\" width=\"11\" height=\"12\" data-src=\"https:\/\/hikitec.de\/wp-content\/uploads\/2021\/04\/zzz_HIKITEC_Favicon_weiss_32.png\" data-was-processed=\"true\"> <\/strong><a href=\"https:\/\/hikitec.de\/pl\/polaczenie-sklepow\/\">Jak mog\u0119 zintegrowa\u0107 artyku\u0142y HIKITEC z moim SKLEPEM?<\/a><br \/>\n<strong><img loading=\"lazy\" decoding=\"async\" class=\"transparent lazy loaded\" src=\"https:\/\/hikitec.de\/wp-content\/uploads\/2021\/04\/zzz_HIKITEC_Favicon_weiss_32.png\" alt=\"https:\/\/hikitec.de\/wp-content\/uploads\/2021\/04\/zzz_HIKITEC_Favicon_weiss_32.png\" width=\"11\" height=\"12\" data-src=\"https:\/\/hikitec.de\/wp-content\/uploads\/2021\/04\/zzz_HIKITEC_Favicon_weiss_32.png\" data-was-processed=\"true\"> <\/strong><a href=\"https:\/\/hikitec.de\/pl\/formularz-specjalny\/\">Czy HIKITEC wykonuje produkty na indywidualne zam\u00f3wienie?<\/a><br \/>\n<strong><img loading=\"lazy\" decoding=\"async\" class=\"transparent lazy loaded\" src=\"https:\/\/hikitec.de\/wp-content\/uploads\/2021\/04\/zzz_HIKITEC_Favicon_weiss_32.png\" alt=\"https:\/\/hikitec.de\/wp-content\/uploads\/2021\/04\/zzz_HIKITEC_Favicon_weiss_32.png\" width=\"11\" height=\"12\" data-src=\"https:\/\/hikitec.de\/wp-content\/uploads\/2021\/04\/zzz_HIKITEC_Favicon_weiss_32.png\" data-was-processed=\"true\"> <\/strong><a href=\"https:\/\/hikitec.de\/pl\/jakosc-pamieci-usb\/\">Jaka jest jako\u015b\u0107 pami\u0119ci USB?<\/a><br \/>\n<strong><img loading=\"lazy\" decoding=\"async\" class=\"transparent lazy loaded\" src=\"https:\/\/hikitec.de\/wp-content\/uploads\/2021\/04\/zzz_HIKITEC_Favicon_weiss_32.png\" alt=\"https:\/\/hikitec.de\/wp-content\/uploads\/2021\/04\/zzz_HIKITEC_Favicon_weiss_32.png\" width=\"11\" height=\"12\" data-src=\"https:\/\/hikitec.de\/wp-content\/uploads\/2021\/04\/zzz_HIKITEC_Favicon_weiss_32.png\" data-was-processed=\"true\"> <\/strong><a href=\"https:\/\/hikitec.de\/pl\/usb-2-0-vs-3-0\/\">Jaka jest r\u00f3\u017cnica mi\u0119dzy USB 2.0 a 3.0?<\/a><br \/>\n<strong><img loading=\"lazy\" decoding=\"async\" class=\"transparent lazy loaded\" src=\"https:\/\/hikitec.de\/wp-content\/uploads\/2021\/04\/zzz_HIKITEC_Favicon_weiss_32.png\" alt=\"https:\/\/hikitec.de\/wp-content\/uploads\/2021\/04\/zzz_HIKITEC_Favicon_weiss_32.png\" width=\"11\" height=\"12\" data-src=\"https:\/\/hikitec.de\/wp-content\/uploads\/2021\/04\/zzz_HIKITEC_Favicon_weiss_32.png\" data-was-processed=\"true\"> <\/strong><a href=\"https:\/\/hikitec.de\/pl\/formatuj-pamiec-usb\/\">Jak s\u0105 sformatowane pami\u0119ci USB?<\/a><br \/>\n<strong><img loading=\"lazy\" decoding=\"async\" class=\"transparent lazy loaded\" src=\"https:\/\/hikitec.de\/wp-content\/uploads\/2021\/04\/zzz_HIKITEC_Favicon_weiss_32.png\" alt=\"https:\/\/hikitec.de\/wp-content\/uploads\/2021\/04\/zzz_HIKITEC_Favicon_weiss_32.png\" width=\"11\" height=\"12\" data-src=\"https:\/\/hikitec.de\/wp-content\/uploads\/2021\/04\/zzz_HIKITEC_Favicon_weiss_32.png\" data-was-processed=\"true\"> <\/strong><a href=\"https:\/\/hikitec.de\/pl\/pamieci-usb-wykonane-z-pla\/\">Czy istniej\u0105 przyjazne dla \u015brodowiska pami\u0119ci USB wykonane z plastiku PLA?<\/a><\/p>\n<\/div><\/div><\/div><\/section>\n<section class='av_toggle_section av-646nme-71cc17590370dd784e64c6eaff051522'  itemscope=\"itemscope\" itemtype=\"https:\/\/schema.org\/CreativeWork\" ><div role=\"tablist\" class=\"single_toggle\" data-tags=\"{Wszystko} \"  ><p data-fake-id='#toggle-id-6' class='toggler hasCustomColor  av-inherit-font-color av-inherit-border-color'  itemprop=\"headline\"  role='tab' tabindex='0' aria-controls='toggle-id-6'>PRZYK\u0141ADOWE ARTYKU\u0141Y<span class=\"toggle_icon\"><span class=\"vert_icon\"><\/span><span class=\"hor_icon\"><\/span><\/span><\/p><div id='toggle-id-6' class='toggle_wrap  '  ><div class='toggle_content invers-color av-inherit-font-color av-inherit-border-color'  itemprop=\"text\" ><p><strong><img loading=\"lazy\" decoding=\"async\" class=\"transparent lazy loaded\" src=\"https:\/\/hikitec.de\/wp-content\/uploads\/2021\/04\/zzz_HIKITEC_Favicon_weiss_32.png\" alt=\"https:\/\/hikitec.de\/wp-content\/uploads\/2021\/04\/zzz_HIKITEC_Favicon_weiss_32.png\" width=\"11\" height=\"12\" data-src=\"https:\/\/hikitec.de\/wp-content\/uploads\/2021\/04\/zzz_HIKITEC_Favicon_weiss_32.png\" data-was-processed=\"true\"> <\/strong>Czy mog\u0119 zam\u00f3wi\u0107 pr\u00f3bki artyku\u0142\u00f3w promocyjnych?<br \/>\n<strong><img loading=\"lazy\" decoding=\"async\" class=\"transparent lazy loaded\" src=\"https:\/\/hikitec.de\/wp-content\/uploads\/2021\/04\/zzz_HIKITEC_Favicon_weiss_32.png\" alt=\"https:\/\/hikitec.de\/wp-content\/uploads\/2021\/04\/zzz_HIKITEC_Favicon_weiss_32.png\" width=\"11\" height=\"12\" data-src=\"https:\/\/hikitec.de\/wp-content\/uploads\/2021\/04\/zzz_HIKITEC_Favicon_weiss_32.png\" data-was-processed=\"true\"> <\/strong>Czy mog\u0119 zleci\u0107 wydrukowanie pr\u00f3bek?<br \/>\n<strong><img loading=\"lazy\" decoding=\"async\" class=\"transparent lazy loaded\" src=\"https:\/\/hikitec.de\/wp-content\/uploads\/2021\/04\/zzz_HIKITEC_Favicon_weiss_32.png\" alt=\"https:\/\/hikitec.de\/wp-content\/uploads\/2021\/04\/zzz_HIKITEC_Favicon_weiss_32.png\" width=\"11\" height=\"12\" data-src=\"https:\/\/hikitec.de\/wp-content\/uploads\/2021\/04\/zzz_HIKITEC_Favicon_weiss_32.png\" data-was-processed=\"true\"> <\/strong>Jak obliczane s\u0105 wzory?<\/p>\n<\/div><\/div><\/div><\/section>\n<section class='av_toggle_section av-4m07km-cd67c31570bebafcde44144ceed7bdd1'  itemscope=\"itemscope\" itemtype=\"https:\/\/schema.org\/CreativeWork\" ><div role=\"tablist\" class=\"single_toggle\" data-tags=\"{Wszystko} \"  ><p data-fake-id='#toggle-id-7' class='toggler hasCustomColor  av-inherit-font-color av-inherit-border-color'  itemprop=\"headline\"  role='tab' tabindex='0' aria-controls='toggle-id-7'>REKULTYWACJA<span class=\"toggle_icon\"><span class=\"vert_icon\"><\/span><span class=\"hor_icon\"><\/span><\/span><\/p><div id='toggle-id-7' class='toggle_wrap  '  ><div class='toggle_content invers-color av-inherit-font-color av-inherit-border-color'  itemprop=\"text\" ><p><strong><img loading=\"lazy\" decoding=\"async\" class=\"transparent lazy loaded\" src=\"https:\/\/hikitec.de\/wp-content\/uploads\/2021\/04\/zzz_HIKITEC_Favicon_weiss_32.png\" alt=\"https:\/\/hikitec.de\/wp-content\/uploads\/2021\/04\/zzz_HIKITEC_Favicon_weiss_32.png\" width=\"11\" height=\"12\" data-src=\"https:\/\/hikitec.de\/wp-content\/uploads\/2021\/04\/zzz_HIKITEC_Favicon_weiss_32.png\" data-was-processed=\"true\"> <\/strong><a href=\"https:\/\/hikitec.de\/pl\/reklamacja\/\">Jak nale\u017cy post\u0119powa\u0107 w przypadku reklamacji?<\/a><\/p>\n<\/div><\/div><\/div><\/section>\n<section class='av_toggle_section av-32t42u-ebf9af02e9431cdde370f5312906728e'  itemscope=\"itemscope\" itemtype=\"https:\/\/schema.org\/CreativeWork\" ><div role=\"tablist\" class=\"single_toggle\" data-tags=\"{Wszystko} \"  ><p data-fake-id='#toggle-id-8' class='toggler hasCustomColor  av-inherit-font-color av-inherit-border-color'  itemprop=\"headline\"  role='tab' tabindex='0' aria-controls='toggle-id-8'>US\u0141UGI<span class=\"toggle_icon\"><span class=\"vert_icon\"><\/span><span class=\"hor_icon\"><\/span><\/span><\/p><div id='toggle-id-8' class='toggle_wrap  '  ><div class='toggle_content invers-color av-inherit-font-color av-inherit-border-color'  itemprop=\"text\" ><p><strong><img loading=\"lazy\" decoding=\"async\" class=\"transparent lazy loaded\" src=\"https:\/\/hikitec.de\/wp-content\/uploads\/2021\/04\/zzz_HIKITEC_Favicon_weiss_32.png\" alt=\"https:\/\/hikitec.de\/wp-content\/uploads\/2021\/04\/zzz_HIKITEC_Favicon_weiss_32.png\" width=\"11\" height=\"12\" data-src=\"https:\/\/hikitec.de\/wp-content\/uploads\/2021\/04\/zzz_HIKITEC_Favicon_weiss_32.png\" data-was-processed=\"true\"> <\/strong><a href=\"https:\/\/hikitec.de\/pl\/usluga-uszlachetniania\/\">Us\u0142uga uszlachetniania<\/a><br \/>\n<strong><img loading=\"lazy\" decoding=\"async\" class=\"transparent lazy loaded\" src=\"https:\/\/hikitec.de\/wp-content\/uploads\/2021\/04\/zzz_HIKITEC_Favicon_weiss_32.png\" alt=\"https:\/\/hikitec.de\/wp-content\/uploads\/2021\/04\/zzz_HIKITEC_Favicon_weiss_32.png\" width=\"11\" height=\"12\" data-src=\"https:\/\/hikitec.de\/wp-content\/uploads\/2021\/04\/zzz_HIKITEC_Favicon_weiss_32.png\" data-was-processed=\"true\"> <\/strong><a href=\"https:\/\/hikitec.de\/pl\/rejestracja-danych\/\">Us\u0142uga rejestracji danych<\/a><\/p>\n<\/div><\/div><\/div><\/section>\n<\/div>\n<section class=\"av_textblock_section \"  itemscope=\"itemscope\" itemtype=\"https:\/\/schema.org\/CreativeWork\" ><div class='avia_textblock  '   itemprop=\"text\" ><p>Nie znalaz\u0142e\u015b w\u0142a\u015bciwej odpowiedzi? <a href=\"https:\/\/hikitec.de\/pl\/kontakt\/\">Napisz do nas wiadomo\u015b\u0107.<\/a> Z przyjemno\u015bci\u0105 zamie\u015bcimy Twoje pytanie w naszym FAQ.<\/p>\n<\/div><\/section><\/p>\n<section class=\"av_textblock_section \"  itemscope=\"itemscope\" itemtype=\"https:\/\/schema.org\/CreativeWork\" ><div class='avia_textblock  '   itemprop=\"text\" ><input type=\"button\" value=\"Powr\u00f3t\" class=\"alg_back_button_input \" style=\"\" onclick=\"window.history.back()\" \/>\n<\/div><\/section>\n","protected":false},"excerpt":{"rendered":"","protected":false},"author":2,"featured_media":0,"parent":0,"menu_order":0,"comment_status":"closed","ping_status":"closed","template":"","meta":{"footnotes":""},"class_list":["post-56666","page","type-page","status-publish","hentry"],"_links":{"self":[{"href":"https:\/\/hikitec.de\/pl\/wp-json\/wp\/v2\/pages\/56666","targetHints":{"allow":["GET"]}}],"collection":[{"href":"https:\/\/hikitec.de\/pl\/wp-json\/wp\/v2\/pages"}],"about":[{"href":"https:\/\/hikitec.de\/pl\/wp-json\/wp\/v2\/types\/page"}],"author":[{"embeddable":true,"href":"https:\/\/hikitec.de\/pl\/wp-json\/wp\/v2\/users\/2"}],"replies":[{"embeddable":true,"href":"https:\/\/hikitec.de\/pl\/wp-json\/wp\/v2\/comments?post=56666"}],"version-history":[{"count":34,"href":"https:\/\/hikitec.de\/pl\/wp-json\/wp\/v2\/pages\/56666\/revisions"}],"predecessor-version":[{"id":717668,"href":"https:\/\/hikitec.de\/pl\/wp-json\/wp\/v2\/pages\/56666\/revisions\/717668"}],"wp:attachment":[{"href":"https:\/\/hikitec.de\/pl\/wp-json\/wp\/v2\/media?parent=56666"}],"curies":[{"name":"wp","href":"https:\/\/api.w.org\/{rel}","templated":true}]}}