{"id":56720,"date":"2021-04-01T10:41:09","date_gmt":"2021-04-01T08:41:09","guid":{"rendered":"https:\/\/hikitec.de\/dane-do-druku-2\/"},"modified":"2021-04-01T10:41:57","modified_gmt":"2021-04-01T08:41:57","slug":"dane-do-druku-2","status":"publish","type":"page","link":"https:\/\/hikitec.de\/pl\/dane-do-druku-2\/","title":{"rendered":"Dane do druku"},"content":{"rendered":"<section class=\"av_textblock_section \"  itemscope=\"itemscope\" itemtype=\"https:\/\/schema.org\/CreativeWork\" ><div class='avia_textblock  '   itemprop=\"text\" ><p><strong>Jaki format musz\u0105 mie\u0107 moje dane do druku?<\/strong><\/p>\n<\/div><\/section>\n<section class=\"av_textblock_section \"  itemscope=\"itemscope\" itemtype=\"https:\/\/schema.org\/CreativeWork\" ><div class='avia_textblock  '   itemprop=\"text\" ><p>Dla czystej aplikacji Twojego logo zalecamy formaty plik\u00f3w .pdf, .eps, jak r\u00f3wnie\u017c .ai. Pliki mog\u0105 zawiera\u0107 tylko dane wektorowe.<\/p>\n<\/div><\/section>\n<section class=\"av_textblock_section \"  itemscope=\"itemscope\" itemtype=\"https:\/\/schema.org\/CreativeWork\" ><div class='avia_textblock  '   itemprop=\"text\" ><input type=\"button\" value=\"Powr\u00f3t\" class=\"alg_back_button_input \" style=\"\" onclick=\"window.history.back()\" \/>\n<\/div><\/section>\n","protected":false},"excerpt":{"rendered":"","protected":false},"author":2,"featured_media":0,"parent":0,"menu_order":0,"comment_status":"closed","ping_status":"closed","template":"","meta":{"footnotes":""},"class_list":["post-56720","page","type-page","status-publish","hentry"],"_links":{"self":[{"href":"https:\/\/hikitec.de\/pl\/wp-json\/wp\/v2\/pages\/56720","targetHints":{"allow":["GET"]}}],"collection":[{"href":"https:\/\/hikitec.de\/pl\/wp-json\/wp\/v2\/pages"}],"about":[{"href":"https:\/\/hikitec.de\/pl\/wp-json\/wp\/v2\/types\/page"}],"author":[{"embeddable":true,"href":"https:\/\/hikitec.de\/pl\/wp-json\/wp\/v2\/users\/2"}],"replies":[{"embeddable":true,"href":"https:\/\/hikitec.de\/pl\/wp-json\/wp\/v2\/comments?post=56720"}],"version-history":[{"count":8,"href":"https:\/\/hikitec.de\/pl\/wp-json\/wp\/v2\/pages\/56720\/revisions"}],"predecessor-version":[{"id":56731,"href":"https:\/\/hikitec.de\/pl\/wp-json\/wp\/v2\/pages\/56720\/revisions\/56731"}],"wp:attachment":[{"href":"https:\/\/hikitec.de\/pl\/wp-json\/wp\/v2\/media?parent=56720"}],"curies":[{"name":"wp","href":"https:\/\/api.w.org\/{rel}","templated":true}]}}