{"id":56857,"date":"2021-04-01T15:21:44","date_gmt":"2021-04-01T13:21:44","guid":{"rendered":"https:\/\/hikitec.de\/usluga-kopiowania\/"},"modified":"2021-04-26T10:03:50","modified_gmt":"2021-04-26T08:03:50","slug":"usluga-kopiowania","status":"publish","type":"page","link":"https:\/\/hikitec.de\/pl\/usluga-kopiowania\/","title":{"rendered":"Us\u0142uga kopiowania"},"content":{"rendered":"\n<style type=\"text\/css\" id=\"style-css-av-28be1fj-d1796febf94d07585edf9cb482946c7f\">\n#top .flex_column.av-28be1fj-d1796febf94d07585edf9cb482946c7f{\nborder-radius:0px;\n-webkit-border-radius:0px;\n-moz-border-radius:0px;\npadding:0px;\n}\n<\/style>\n<div class='flex_column av-28be1fj-d1796febf94d07585edf9cb482946c7f av_one_full  avia-builder-el-0  el_before_av_one_half  avia-builder-el-first  first flex_column_div av-zero-column-padding '   ><section class=\"av_textblock_section \"  itemscope=\"itemscope\" itemtype=\"https:\/\/schema.org\/CreativeWork\" ><div class='avia_textblock  '   itemprop=\"text\" ><p><strong>US\u0141UGA KOPIOWANIA USB &#8211; Klonowanie 1:1 &#8211; Powielanie &#8211; Zapis danych<\/strong><\/p>\n<p><span style=\"font-size: 10.0pt; font-family: inherit; color: #666666;\">Chcesz mie\u0107 dane skopiowane na pami\u0119\u0107 USB? Nie chcesz rozpakowywa\u0107 ka\u017cdej pami\u0119ci z osobna i inwestowa\u0107 czasu w nagrywanie wszystkich pami\u0119ci USB? Firma HIKITEC GmbH kopiuje Twoje dane na pami\u0119ci USB w ilo\u015bci do kilku tysi\u0119cy sztuk. Dzi\u0119ki naszemu profesjonalnemu sprz\u0119towi nast\u0119puje dok\u0142adna duplikacja zgodnie z Twoim master stick&#8217;iem (100% Verify). Bez wzgl\u0119du na to, czy jest to PDF, obrazy czy oprogramowanie, kopie odpowiadaj\u0105 w 100% orygina\u0142owi dzi\u0119ki p\u00f3\u017aniejszemu procesowi weryfikacji bitowej ka\u017cdej pojedynczej kopii USB. Kolejne operacje weryfikacji bitowej zapewniaj\u0105 por\u00f3wnanie zawarto\u015bci no\u015bnika g\u0142\u00f3wnego i no\u015bnika docelowego. W ten spos\u00f3b wadliwe dr\u0105\u017cki i wadliwe transfery danych s\u0105 wykrywane, sortowane i sprawdzane przez naszych pracownik\u00f3w. Je\u015bli wykryte zostan\u0105 wadliwe pami\u0119ci USB, s\u0105 one sortowane i pakowane oddzielnie.<\/span><\/p>\n<\/div><\/section><\/div>\n\n<style type=\"text\/css\" id=\"style-css-av-566s2n-0c19b9fdbae566645db54869c3378ecd\">\n#top .flex_column.av-566s2n-0c19b9fdbae566645db54869c3378ecd{\nborder-radius:0px;\n-webkit-border-radius:0px;\n-moz-border-radius:0px;\npadding:0px;\n}\n<\/style>\n<div class='flex_column av-566s2n-0c19b9fdbae566645db54869c3378ecd av_one_half  avia-builder-el-2  el_after_av_one_full  el_before_av_one_half  first flex_column_div av-zero-column-padding column-top-margin'   ><p><section class=\"av_textblock_section \"  itemscope=\"itemscope\" itemtype=\"https:\/\/schema.org\/CreativeWork\" ><div class='avia_textblock  '   itemprop=\"text\" ><p><strong>BIE\u017b\u0104CA<\/strong><\/p>\n<p style=\"line-height: 19.8pt; background: white; vertical-align: baseline; margin: 10.2pt 0cm 10.2pt 0cm;\"><span style=\"font-size: 10.0pt; font-family: inherit; color: #666666;\">Wysy\u0142asz nam swoje pami\u0119ci USB, a my przenosimy Twoje dane na Tw\u00f3j no\u015bnik. Dane te s\u0105 nast\u0119pnie por\u00f3wnywane (weryfikowane) z orygina\u0142em. Uszkodzone no\u015bniki s\u0105 wykrywane, sortowane i pakowane oddzielnie.<\/span><\/p>\n<\/div><\/section><br \/>\n\n<style type=\"text\/css\" id=\"style-css-av-km39vrcy-91cc20ad1a452a079bd1fa37e0e64620\">\n.togglecontainer.av-km39vrcy-91cc20ad1a452a079bd1fa37e0e64620 p.toggler{\ncolor:#ffffff;\nbackground-color:#0039a6;\nborder-color:#745f7e;\n}\n.togglecontainer.av-km39vrcy-91cc20ad1a452a079bd1fa37e0e64620 p.toggler .toggle_icon{\nborder-color:#ffffff;\n}\n.togglecontainer.av-km39vrcy-91cc20ad1a452a079bd1fa37e0e64620 .toggle_wrap .toggle_content{\ncolor:#ffffff;\nbackground-color:#0039a6;\nborder-color:#745f7e;\n}\n<\/style>\n<div  class='togglecontainer av-km39vrcy-91cc20ad1a452a079bd1fa37e0e64620  avia-builder-el-4  el_after_av_textblock  avia-builder-el-last  toggle_close_all ' >\n<section class='av_toggle_section av-14omvcv-cb45bfb6c2134ea4d4147ca71653d658'  itemscope=\"itemscope\" itemtype=\"https:\/\/schema.org\/CreativeWork\" ><div role=\"tablist\" class=\"single_toggle\" data-tags=\"{Wszystko} \"  ><p data-fake-id='#toggle-id-1' class='toggler hasCustomColor  av-inherit-font-color av-inherit-border-color'  itemprop=\"headline\"  role='tab' tabindex='0' aria-controls='toggle-id-1'>Proces produkcji<span class=\"toggle_icon\"><span class=\"vert_icon\"><\/span><span class=\"hor_icon\"><\/span><\/span><\/p><div id='toggle-id-1' class='toggle_wrap  '  ><div class='toggle_content invers-color av-inherit-font-color av-inherit-border-color'  itemprop=\"text\" ><p><img loading=\"lazy\" decoding=\"async\" class=\"transparent\" src=\"https:\/\/hikitec.de\/wp-content\/uploads\/2021\/04\/zzz_HIKITEC_Favicon_weiss_32.png\" alt=\"https:\/\/hikitec.de\/wp-content\/uploads\/2021\/04\/zzz_HIKITEC_Favicon_weiss_32.png\" width=\"11\" height=\"12\"> Og\u0142aszasz swoje zam\u00f3wienie z wyprzedzeniem.<br \/>\n<img loading=\"lazy\" decoding=\"async\" class=\"transparent\" src=\"https:\/\/hikitec.de\/wp-content\/uploads\/2021\/04\/zzz_HIKITEC_Favicon_weiss_32.png\" alt=\"https:\/\/hikitec.de\/wp-content\/uploads\/2021\/04\/zzz_HIKITEC_Favicon_weiss_32.png\" width=\"11\" height=\"12\"> Prosimy o jak najwcze\u015bniejsze przes\u0142anie nam no\u015bnik\u00f3w danych.<br \/>\n<img loading=\"lazy\" decoding=\"async\" class=\"transparent\" src=\"https:\/\/hikitec.de\/wp-content\/uploads\/2021\/04\/zzz_HIKITEC_Favicon_weiss_32.png\" alt=\"https:\/\/hikitec.de\/wp-content\/uploads\/2021\/04\/zzz_HIKITEC_Favicon_weiss_32.png\" width=\"11\" height=\"12\"> Rozpakowujemy ka\u017cd\u0105 pojedyncz\u0105 pami\u0119\u0107 USB.<br \/>\n<img loading=\"lazy\" decoding=\"async\" class=\"transparent\" src=\"https:\/\/hikitec.de\/wp-content\/uploads\/2021\/04\/zzz_HIKITEC_Favicon_weiss_32.png\" alt=\"https:\/\/hikitec.de\/wp-content\/uploads\/2021\/04\/zzz_HIKITEC_Favicon_weiss_32.png\" width=\"11\" height=\"12\"> Poddajemy 2 do 3 pami\u0119ci USB kr\u00f3tkiemu testowi dzia\u0142ania.<br \/>\n<img loading=\"lazy\" decoding=\"async\" class=\"transparent\" src=\"https:\/\/hikitec.de\/wp-content\/uploads\/2021\/04\/zzz_HIKITEC_Favicon_weiss_32.png\" alt=\"https:\/\/hikitec.de\/wp-content\/uploads\/2021\/04\/zzz_HIKITEC_Favicon_weiss_32.png\" width=\"11\" height=\"12\"> Dane do kopiowania przesy\u0142asz nam online lub poczt\u0105.<br \/>\n<img loading=\"lazy\" decoding=\"async\" class=\"transparent\" src=\"https:\/\/hikitec.de\/wp-content\/uploads\/2021\/04\/zzz_HIKITEC_Favicon_weiss_32.png\" alt=\"https:\/\/hikitec.de\/wp-content\/uploads\/2021\/04\/zzz_HIKITEC_Favicon_weiss_32.png\" width=\"11\" height=\"12\"> Tworzymy g\u0142\u00f3wn\u0105 pami\u0119\u0107 USB.<br \/>\n<img loading=\"lazy\" decoding=\"async\" class=\"transparent\" src=\"https:\/\/hikitec.de\/wp-content\/uploads\/2021\/04\/zzz_HIKITEC_Favicon_weiss_32.png\" alt=\"https:\/\/hikitec.de\/wp-content\/uploads\/2021\/04\/zzz_HIKITEC_Favicon_weiss_32.png\" width=\"11\" height=\"12\"> Udzielasz nam zgody na podstawie pliku testowego lub pr\u00f3bki danych.<br \/>\n<img loading=\"lazy\" decoding=\"async\" class=\"transparent\" src=\"https:\/\/hikitec.de\/wp-content\/uploads\/2021\/04\/zzz_HIKITEC_Favicon_weiss_32.png\" alt=\"https:\/\/hikitec.de\/wp-content\/uploads\/2021\/04\/zzz_HIKITEC_Favicon_weiss_32.png\" width=\"11\" height=\"12\"> Kopiujemy i testujemy patyczki.<br \/>\n<img loading=\"lazy\" decoding=\"async\" class=\"transparent\" src=\"https:\/\/hikitec.de\/wp-content\/uploads\/2021\/04\/zzz_HIKITEC_Favicon_weiss_32.png\" alt=\"https:\/\/hikitec.de\/wp-content\/uploads\/2021\/04\/zzz_HIKITEC_Favicon_weiss_32.png\" width=\"11\" height=\"12\"> My montujemy i pakujemy kije.<br \/>\n<img loading=\"lazy\" decoding=\"async\" class=\"transparent\" src=\"https:\/\/hikitec.de\/wp-content\/uploads\/2021\/04\/zzz_HIKITEC_Favicon_weiss_32.png\" alt=\"https:\/\/hikitec.de\/wp-content\/uploads\/2021\/04\/zzz_HIKITEC_Favicon_weiss_32.png\" width=\"11\" height=\"12\"> Wysy\u0142ka odbywa si\u0119 do Pa\u0144stwa lub bezpo\u015brednio neutralnie do Pa\u0144stwa klienta.<\/p>\n<\/div><\/div><\/div><\/section>\n<\/div><\/p><\/div>\n<style type=\"text\/css\" id=\"style-css-av-566s2n-7c088c33459d6a730e0cf8c21a795181\">\n#top .flex_column.av-566s2n-7c088c33459d6a730e0cf8c21a795181{\nborder-radius:0px;\n-webkit-border-radius:0px;\n-moz-border-radius:0px;\npadding:0px;\n}\n<\/style>\n<div class='flex_column av-566s2n-7c088c33459d6a730e0cf8c21a795181 av_one_half  avia-builder-el-5  el_after_av_one_half  el_before_av_one_half  flex_column_div av-zero-column-padding column-top-margin'   ><section class=\"av_textblock_section \"  itemscope=\"itemscope\" itemtype=\"https:\/\/schema.org\/CreativeWork\" ><div class='avia_textblock  '   itemprop=\"text\" ><p><img loading=\"lazy\" decoding=\"async\" class=\"aligncenter wp-image-24930 size-medium\" src=\"https:\/\/hikitec.de\/wp-content\/uploads\/2021\/03\/Datenservice-e1615380861293-300x300.jpg\" alt=\"\" width=\"300\" height=\"300\" srcset=\"https:\/\/hikitec.de\/wp-content\/uploads\/2021\/03\/Datenservice-e1615380861293.jpg 300w, https:\/\/hikitec.de\/wp-content\/uploads\/2021\/03\/Datenservice-e1615380861293-80x80.jpg 80w, https:\/\/hikitec.de\/wp-content\/uploads\/2021\/03\/Datenservice-e1615380861293-36x36.jpg 36w, https:\/\/hikitec.de\/wp-content\/uploads\/2021\/03\/Datenservice-e1615380861293-180x180.jpg 180w, https:\/\/hikitec.de\/wp-content\/uploads\/2021\/03\/Datenservice-e1615380861293-120x120.jpg 120w\" sizes=\"auto, (max-width: 300px) 100vw, 300px\" \/><\/p>\n<\/div><\/section><\/div><\/p>\n\n<style type=\"text\/css\" id=\"style-css-av-l7zynz-5fe7c979f90293e46f176a744e701721\">\n#top .flex_column.av-l7zynz-5fe7c979f90293e46f176a744e701721{\nborder-radius:0px;\n-webkit-border-radius:0px;\n-moz-border-radius:0px;\npadding:0px;\n}\n<\/style>\n<div class='flex_column av-l7zynz-5fe7c979f90293e46f176a744e701721 av_one_half  avia-builder-el-7  el_after_av_one_half  el_before_av_one_half  first flex_column_div av-zero-column-padding column-top-margin'   ><\/div>\n\n<style type=\"text\/css\" id=\"style-css-av-l7zynz-974dfb4ffbd9dc8b6b43182f36e79b47\">\n#top .flex_column.av-l7zynz-974dfb4ffbd9dc8b6b43182f36e79b47{\nborder-radius:0px;\n-webkit-border-radius:0px;\n-moz-border-radius:0px;\npadding:0px;\n}\n<\/style>\n<div class='flex_column av-l7zynz-974dfb4ffbd9dc8b6b43182f36e79b47 av_one_half  avia-builder-el-8  el_after_av_one_half  el_before_av_one_half  flex_column_div av-zero-column-padding column-top-margin'   ><section class=\"av_textblock_section \"  itemscope=\"itemscope\" itemtype=\"https:\/\/schema.org\/CreativeWork\" ><div class='avia_textblock  '   itemprop=\"text\" ><p><strong>Twoje korzy\u015bci:<\/strong><\/p>\n<p><img loading=\"lazy\" decoding=\"async\" class=\"transparent\" src=\"https:\/\/hikitec.de\/wp-content\/uploads\/2016\/12\/zzz_HIKITEC_Favicon_32.png\" alt=\"https:\/\/hikitec.de\/wp-content\/uploads\/2016\/12\/zzz_HIKITEC_Favicon_32.png\" width=\"11\" height=\"12\"> Serwis Made in Germany<br \/>\n<img loading=\"lazy\" decoding=\"async\" class=\"transparent\" src=\"https:\/\/hikitec.de\/wp-content\/uploads\/2016\/12\/zzz_HIKITEC_Favicon_32.png\" alt=\"https:\/\/hikitec.de\/wp-content\/uploads\/2016\/12\/zzz_HIKITEC_Favicon_32.png\" width=\"11\" height=\"12\"> 100% kontrola<br \/>\n<img loading=\"lazy\" decoding=\"async\" class=\"transparent\" src=\"https:\/\/hikitec.de\/wp-content\/uploads\/2016\/12\/zzz_HIKITEC_Favicon_32.png\" alt=\"https:\/\/hikitec.de\/wp-content\/uploads\/2016\/12\/zzz_HIKITEC_Favicon_32.png\" width=\"11\" height=\"12\"> Szybki czas produkcji<br \/>\n<img loading=\"lazy\" decoding=\"async\" class=\"transparent\" src=\"https:\/\/hikitec.de\/wp-content\/uploads\/2016\/12\/zzz_HIKITEC_Favicon_32.png\" alt=\"https:\/\/hikitec.de\/wp-content\/uploads\/2016\/12\/zzz_HIKITEC_Favicon_32.png\" width=\"11\" height=\"12\"> Monta\u017c indywidualny<br \/>\n<img loading=\"lazy\" decoding=\"async\" class=\"transparent\" src=\"https:\/\/hikitec.de\/wp-content\/uploads\/2016\/12\/zzz_HIKITEC_Favicon_32.png\" alt=\"https:\/\/hikitec.de\/wp-content\/uploads\/2016\/12\/zzz_HIKITEC_Favicon_32.png\" width=\"11\" height=\"12\"> Neutralna przesy\u0142ka do klienta<\/p>\n<\/div><\/section><\/div>\n\n<style type=\"text\/css\" id=\"style-css-av-l7zynz-5fe7c979f90293e46f176a744e701721\">\n#top .flex_column.av-l7zynz-5fe7c979f90293e46f176a744e701721{\nborder-radius:0px;\n-webkit-border-radius:0px;\n-moz-border-radius:0px;\npadding:0px;\n}\n<\/style>\n<div class='flex_column av-l7zynz-5fe7c979f90293e46f176a744e701721 av_one_half  avia-builder-el-10  el_after_av_one_half  el_before_av_one_half  first flex_column_div av-zero-column-padding column-top-margin'   ><section class=\"av_textblock_section \"  itemscope=\"itemscope\" itemtype=\"https:\/\/schema.org\/CreativeWork\" ><div class='avia_textblock  '   itemprop=\"text\" ><p><strong>CZAS TRWANIA<\/strong><\/p>\n<p style=\"background: white; vertical-align: baseline; margin: 10.2pt 0cm 10.2pt 0cm;\"><span style=\"font-size: 10.0pt; font-family: inherit; color: #666666;\">Die regul\u00e4re Abspielzeit betr\u00e4gt ab 3 Arbeitstagen pro 5000 Einheiten (abh\u00e4ngig von Datengr\u00f6\u00dfe und Verpackung). Prosimy o terminowe informowanie nas o nadchodz\u0105cych pracach kopiowania. Po uzgodnieniu mo\u017cliwe s\u0105 produkcje ekspresowe (tego samego dnia). Zwyk\u0142e i mniejsze partie pr\u00f3bek wymagaj\u0105 zwykle jednej, maksimum. dwa dni robocze.<\/span><\/p>\n<p style=\"background: white; vertical-align: baseline; box-sizing: border-box; font-variant-ligatures: normal; font-variant-caps: normal; font-variant-numeric: inherit; font-variant-east-asian: inherit; font-stretch: inherit; line-height: inherit; orphans: 2; text-align: start; widows: 2; -webkit-text-stroke-width: 0px; text-decoration-thickness: initial; text-decoration-style: initial; text-decoration-color: initial; word-spacing: 0px; margin: 10.2pt 0cm 10.2pt 0cm;\"><span style=\"font-size: 10.0pt; font-family: inherit; color: #666666;\">Wysy\u0142asz nam swoje pami\u0119ci USB, a my przenosimy Twoje dane na Tw\u00f3j no\u015bnik.<br \/>\nDane te s\u0105 nast\u0119pnie por\u00f3wnywane (weryfikowane) z orygina\u0142em. Uszkodzone no\u015bniki s\u0105 wykrywane, sortowane i pakowane oddzielnie.<\/span><\/p>\n<\/div><\/section><\/div>\n\n<style type=\"text\/css\" id=\"style-css-av-l7zynz-974dfb4ffbd9dc8b6b43182f36e79b47\">\n#top .flex_column.av-l7zynz-974dfb4ffbd9dc8b6b43182f36e79b47{\nborder-radius:0px;\n-webkit-border-radius:0px;\n-moz-border-radius:0px;\npadding:0px;\n}\n<\/style>\n<div class='flex_column av-l7zynz-974dfb4ffbd9dc8b6b43182f36e79b47 av_one_half  avia-builder-el-12  el_after_av_one_half  el_before_av_one_full  flex_column_div av-zero-column-padding column-top-margin'   ><section class=\"av_textblock_section \"  itemscope=\"itemscope\" itemtype=\"https:\/\/schema.org\/CreativeWork\" ><div class='avia_textblock  '   itemprop=\"text\" ><p><img loading=\"lazy\" decoding=\"async\" class=\"aligncenter wp-image-24934 size-medium\" src=\"https:\/\/hikitec.de\/wp-content\/uploads\/2021\/03\/Lieferung-e1615381415663-300x232.jpg\" alt=\"\" width=\"300\" height=\"232\" srcset=\"https:\/\/hikitec.de\/wp-content\/uploads\/2021\/03\/Lieferung-e1615381415663-300x232.jpg 300w, https:\/\/hikitec.de\/wp-content\/uploads\/2021\/03\/Lieferung-e1615381415663-768x594.jpg 768w, https:\/\/hikitec.de\/wp-content\/uploads\/2021\/03\/Lieferung-e1615381415663-705x546.jpg 705w, https:\/\/hikitec.de\/wp-content\/uploads\/2021\/03\/Lieferung-e1615381415663-450x348.jpg 450w, https:\/\/hikitec.de\/wp-content\/uploads\/2021\/03\/Lieferung-e1615381415663.jpg 801w\" sizes=\"auto, (max-width: 300px) 100vw, 300px\" \/><\/p>\n<\/div><\/section><\/div>\n\n<style type=\"text\/css\" id=\"style-css-av-nnktr3-f748d71a900ddc94a69bce23d709dd46\">\n#top .flex_column.av-nnktr3-f748d71a900ddc94a69bce23d709dd46{\nborder-radius:0px;\n-webkit-border-radius:0px;\n-moz-border-radius:0px;\npadding:0px;\n}\n<\/style>\n<div class='flex_column av-nnktr3-f748d71a900ddc94a69bce23d709dd46 av_one_full  avia-builder-el-14  el_after_av_one_half  el_before_av_one_half  first flex_column_div av-zero-column-padding column-top-margin'   ><form action=\"https:\/\/hikitec.de\/pl\/usluga-kopiowania\/\" method=\"post\"  class=\"avia_ajax_form av-form-labels-visible   avia-builder-el-15  avia-builder-el-no-sibling   \" data-avia-form-id=\"1\" data-avia-redirect='' ><h3 class=''>Us\u0142uga kopiowania zapyta\u0144 ofertowych<\/h3><fieldset><p class='  first_form  form_element form_fullwidth' id='element_avia_1_1'><label for=\"avia_1_1\">Firma<\/label> <input name=\"avia_1_1\" class=\"text_input \" type=\"text\" id=\"avia_1_1\" value=\"\" \/><\/p><p class='  first_form  form_element form_element_third' id='element_avia_2_1'><label for=\"avia_2_1\">Salutation<\/label> <input name=\"avia_2_1\" class=\"text_input \" type=\"text\" id=\"avia_2_1\" value=\"\" \/><\/p><p class='  form_element form_element_third' id='element_avia_3_1'><label for=\"avia_3_1\">Imi\u0119<\/label> <input name=\"avia_3_1\" class=\"text_input \" type=\"text\" id=\"avia_3_1\" value=\"\" \/><\/p><p class='  form_element form_element_third' id='element_avia_4_1'><label for=\"avia_4_1\">nazwisko<\/label> <input name=\"avia_4_1\" class=\"text_input \" type=\"text\" id=\"avia_4_1\" value=\"\" \/><\/p><p class='  first_form  form_element form_fullwidth' id='element_avia_5_1'><label for=\"avia_5_1\">E-mail <abbr class=\"required\" title=\"required\">*<\/abbr><\/label> <input name=\"avia_5_1\" class=\"text_input is_email\" type=\"text\" id=\"avia_5_1\" value=\"\" \/><\/p><p class='  first_form  form_element form_fullwidth' id='element_avia_6_1'><label for=\"avia_6_1\" class=\"textare_label hidden textare_label_avia_6_1\">Wiadomo\u015b\u0107<\/label><textarea  name=\"avia_6_1\" class=\"text_area \" cols=\"40\" rows=\"7\" id=\"avia_6_1\" ><\/textarea><\/p><p class=' first_form  form_element form_fullwidth' id='element_avia_7_1'>    <input  name=\"avia_7_1\" class=\"input_checkbox is_empty\" type=\"checkbox\" id=\"avia_7_1\" value=\"true\"\/><label class=\"input_checkbox_label\" for=\"avia_7_1\">Przeczyta\u0142em i przyj\u0105\u0142em do wiadomo\u015bci informacj\u0119 o ochronie danych osobowych. <abbr class=\"required\" title=\"required\">*<\/abbr><\/label><\/p><div id='avia_8_1' class='av-form-text'><p>\n* Zapozna\u0142em si\u0119 z <a href=\"http:\/\/hikitec.de\/datenschutz\/\" target=\"_blank\" rel=\"noopener\">informacj\u0105<\/a> o ochronie danych osobowych oraz z informacj\u0105 o odst\u0105pieniu od umowy i akceptuj\u0119 je. Kompakt: Informacja o ochronie danych osobowych Tw\u00f3j adres e-mail b\u0119dzie wykorzystywany wy\u0142\u0105cznie w celu realizacji Twojego zapytania firmy HIKITEC. Zawieraj\u0105 one informacje o produktach, sezonowych promocjach czy nowo\u015bciach wydawniczych. Pa\u0144stwa adres e-mail nie b\u0119dzie nigdy przekazywany osobom trzecim w celach reklamowych i b\u0119dzie wykorzystywany wy\u0142\u0105cznie w ramach wysy\u0142ki newslettera.<\/p>\n<p>Powiadomienie o mo\u017cliwo\u015bci odwo\u0142ania zgody U\u017cytkownik mo\u017ce w ka\u017cdej chwili odwo\u0142a\u0107 t\u0119 zgod\u0119, wypisuj\u0105c si\u0119 z listy. Instrukcje dotycz\u0105ce rezygnacji z subskrypcji s\u0105 zawarte w ka\u017cdym newsletterze.<\/p>\n<\/div><p class=\"hidden\"><input type=\"text\" name=\"avia_9_1\" class=\"hidden \" id=\"avia_9_1\" value=\"\" \/><\/p><p class='   form_element form_fullwidth' id='element_avia_10_1'><span class='value_verifier_label'>5 + 0 = ?<\/span><input name=\"avia_10_1_verifier\" type=\"hidden\" id=\"avia_10_1_verifier\" value=\"785578742\"\/><label for=\"avia_10_1\">Please prove that you are human by solving the equation <abbr class=\"required\" title=\"required\">*<\/abbr><\/label><input name=\"avia_10_1\" class=\"text_input captcha\" type=\"text\" id=\"avia_10_1\" value=\"\"\/><\/p><p class=\"form_element \"><input type=\"hidden\" value=\"1\" name=\"avia_generated_form1\" \/><input type=\"submit\" value=\"Zapytania ofertowe\" class=\"button\"  data-sending-label=\"Trwa wysy\u0142anie...\"\/><\/p><\/fieldset><\/form><div id=\"ajaxresponse_1\" class=\"ajaxresponse ajaxresponse_1 hidden\"><\/div><\/div>\n\n<style type=\"text\/css\" id=\"style-css-av-l7zynz-5fe7c979f90293e46f176a744e701721\">\n#top .flex_column.av-l7zynz-5fe7c979f90293e46f176a744e701721{\nborder-radius:0px;\n-webkit-border-radius:0px;\n-moz-border-radius:0px;\npadding:0px;\n}\n<\/style>\n<div class='flex_column av-l7zynz-5fe7c979f90293e46f176a744e701721 av_one_half  avia-builder-el-16  el_after_av_one_full  el_before_av_one_half  first flex_column_div av-zero-column-padding column-top-margin'   ><section class=\"av_textblock_section \"  itemscope=\"itemscope\" itemtype=\"https:\/\/schema.org\/CreativeWork\" ><div class='avia_textblock  '   itemprop=\"text\" ><p><strong>BEZPIECZE\u0143STWO<\/strong><\/p>\n<p>Wszystkie przekazane nam dane (za po\u015brednictwem us\u0142ug online, p\u0142yt CD, DVD, kart SD, dysk\u00f3w twardych, pami\u0119ci USB itp.) s\u0105 zawsze sprawdzane przez r\u00f3\u017cne programy skanuj\u0105ce wirusy (w najnowszej wersji) natychmiast po ich otrzymaniu. Dopiero wtedy w trakcie &#8222;masteringu&#8221; tworzymy lub wykorzystujemy bezb\u0142\u0119dny no\u015bnik danych.<\/p>\n<\/div><\/section><\/div>\n\n<style type=\"text\/css\" id=\"style-css-av-l7zynz-974dfb4ffbd9dc8b6b43182f36e79b47\">\n#top .flex_column.av-l7zynz-974dfb4ffbd9dc8b6b43182f36e79b47{\nborder-radius:0px;\n-webkit-border-radius:0px;\n-moz-border-radius:0px;\npadding:0px;\n}\n<\/style>\n<div class='flex_column av-l7zynz-974dfb4ffbd9dc8b6b43182f36e79b47 av_one_half  avia-builder-el-18  el_after_av_one_half  el_before_av_one_full  flex_column_div av-zero-column-padding column-top-margin'   ><section class=\"av_textblock_section \"  itemscope=\"itemscope\" itemtype=\"https:\/\/schema.org\/CreativeWork\" ><div class='avia_textblock  '   itemprop=\"text\" ><p><img loading=\"lazy\" decoding=\"async\" class=\"aligncenter size-medium wp-image-24946\" src=\"https:\/\/hikitec.de\/wp-content\/uploads\/2021\/03\/Kopieren-1-300x300.jpeg\" alt=\"\" width=\"300\" height=\"300\" srcset=\"https:\/\/hikitec.de\/wp-content\/uploads\/2021\/03\/Kopieren-1-300x300.jpeg 300w, https:\/\/hikitec.de\/wp-content\/uploads\/2021\/03\/Kopieren-1-1030x1030.jpeg 1030w, https:\/\/hikitec.de\/wp-content\/uploads\/2021\/03\/Kopieren-1-80x80.jpeg 80w, https:\/\/hikitec.de\/wp-content\/uploads\/2021\/03\/Kopieren-1-768x768.jpeg 768w, https:\/\/hikitec.de\/wp-content\/uploads\/2021\/03\/Kopieren-1-36x36.jpeg 36w, https:\/\/hikitec.de\/wp-content\/uploads\/2021\/03\/Kopieren-1-180x180.jpeg 180w, https:\/\/hikitec.de\/wp-content\/uploads\/2021\/03\/Kopieren-1-1500x1500.jpeg 1500w, https:\/\/hikitec.de\/wp-content\/uploads\/2021\/03\/Kopieren-1-705x705.jpeg 705w, https:\/\/hikitec.de\/wp-content\/uploads\/2021\/03\/Kopieren-1-120x120.jpeg 120w, https:\/\/hikitec.de\/wp-content\/uploads\/2021\/03\/Kopieren-1-450x450.jpeg 450w, https:\/\/hikitec.de\/wp-content\/uploads\/2021\/03\/Kopieren-1.jpeg 1512w\" sizes=\"auto, (max-width: 300px) 100vw, 300px\" \/><\/p>\n<\/div><\/section><\/div>\n\n<style type=\"text\/css\" id=\"style-css-av-lpqohr-c2ca4ad580623b4af8e91243df6e01c7\">\n#top .flex_column.av-lpqohr-c2ca4ad580623b4af8e91243df6e01c7{\nborder-radius:0px;\n-webkit-border-radius:0px;\n-moz-border-radius:0px;\npadding:0px;\n}\n<\/style>\n<div class='flex_column av-lpqohr-c2ca4ad580623b4af8e91243df6e01c7 av_one_full  avia-builder-el-20  el_after_av_one_half  avia-builder-el-last  first flex_column_div av-zero-column-padding column-top-margin'   ><section class=\"av_textblock_section \"  itemscope=\"itemscope\" itemtype=\"https:\/\/schema.org\/CreativeWork\" ><div class='avia_textblock  '   itemprop=\"text\" ><input type=\"button\" value=\"Powr\u00f3t\" class=\"alg_back_button_input \" style=\"\" onclick=\"window.history.back()\" \/>\n<\/div><\/section><\/div>\n","protected":false},"excerpt":{"rendered":"","protected":false},"author":2,"featured_media":0,"parent":0,"menu_order":0,"comment_status":"closed","ping_status":"closed","template":"","meta":{"footnotes":""},"class_list":["post-56857","page","type-page","status-publish","hentry"],"_links":{"self":[{"href":"https:\/\/hikitec.de\/pl\/wp-json\/wp\/v2\/pages\/56857","targetHints":{"allow":["GET"]}}],"collection":[{"href":"https:\/\/hikitec.de\/pl\/wp-json\/wp\/v2\/pages"}],"about":[{"href":"https:\/\/hikitec.de\/pl\/wp-json\/wp\/v2\/types\/page"}],"author":[{"embeddable":true,"href":"https:\/\/hikitec.de\/pl\/wp-json\/wp\/v2\/users\/2"}],"replies":[{"embeddable":true,"href":"https:\/\/hikitec.de\/pl\/wp-json\/wp\/v2\/comments?post=56857"}],"version-history":[{"count":23,"href":"https:\/\/hikitec.de\/pl\/wp-json\/wp\/v2\/pages\/56857\/revisions"}],"predecessor-version":[{"id":127998,"href":"https:\/\/hikitec.de\/pl\/wp-json\/wp\/v2\/pages\/56857\/revisions\/127998"}],"wp:attachment":[{"href":"https:\/\/hikitec.de\/pl\/wp-json\/wp\/v2\/media?parent=56857"}],"curies":[{"name":"wp","href":"https:\/\/api.w.org\/{rel}","templated":true}]}}