{"id":56886,"date":"2021-04-01T16:09:52","date_gmt":"2021-04-01T14:09:52","guid":{"rendered":"https:\/\/hikitec.de\/platforma-os\/"},"modified":"2021-04-01T16:09:53","modified_gmt":"2021-04-01T14:09:53","slug":"platforma-os","status":"publish","type":"page","link":"https:\/\/hikitec.de\/pl\/platforma-os\/","title":{"rendered":"Platforma OS"},"content":{"rendered":"<p>Zgodnie z Rozporz\u0105dzeniem UE nr 524\/2013 Komisja UE udost\u0119pnia stron\u0119 internetow\u0105 (platform\u0119 ODR) s\u0142u\u017c\u0105c\u0105 do rozstrzygania spor\u00f3w pozas\u0105dowych wynikaj\u0105cych z internetowych czynno\u015bci prawnych. Platforma ODR Komisji Europejskiej znajduje si\u0119 pod tym linkiem: <a title=\"Platforma OS\" href=\"http:\/\/ec.europa.eu\/consumers\/odr\/\" target=\"_blank\" rel=\"noopener\">http:\/\/ec.europa.eu\/consumers\/odr\/<\/a><\/p>\n<p>Nasz adres e-mail to: info@hikitec.de<\/p>\n","protected":false},"excerpt":{"rendered":"<p>Zgodnie z Rozporz\u0105dzeniem UE nr 524\/2013 Komisja UE udost\u0119pnia stron\u0119 internetow\u0105 (platform\u0119 ODR) s\u0142u\u017c\u0105c\u0105 do rozstrzygania spor\u00f3w pozas\u0105dowych wynikaj\u0105cych z internetowych czynno\u015bci prawnych. Platforma ODR Komisji Europejskiej znajduje si\u0119 pod tym linkiem: http:\/\/ec.europa.eu\/consumers\/odr\/ Nasz adres e-mail to: info@hikitec.de<\/p>\n","protected":false},"author":2,"featured_media":0,"parent":0,"menu_order":0,"comment_status":"closed","ping_status":"closed","template":"","meta":{"footnotes":""},"class_list":["post-56886","page","type-page","status-publish","hentry"],"_links":{"self":[{"href":"https:\/\/hikitec.de\/pl\/wp-json\/wp\/v2\/pages\/56886","targetHints":{"allow":["GET"]}}],"collection":[{"href":"https:\/\/hikitec.de\/pl\/wp-json\/wp\/v2\/pages"}],"about":[{"href":"https:\/\/hikitec.de\/pl\/wp-json\/wp\/v2\/types\/page"}],"author":[{"embeddable":true,"href":"https:\/\/hikitec.de\/pl\/wp-json\/wp\/v2\/users\/2"}],"replies":[{"embeddable":true,"href":"https:\/\/hikitec.de\/pl\/wp-json\/wp\/v2\/comments?post=56886"}],"version-history":[{"count":1,"href":"https:\/\/hikitec.de\/pl\/wp-json\/wp\/v2\/pages\/56886\/revisions"}],"predecessor-version":[{"id":56887,"href":"https:\/\/hikitec.de\/pl\/wp-json\/wp\/v2\/pages\/56886\/revisions\/56887"}],"wp:attachment":[{"href":"https:\/\/hikitec.de\/pl\/wp-json\/wp\/v2\/media?parent=56886"}],"curies":[{"name":"wp","href":"https:\/\/api.w.org\/{rel}","templated":true}]}}