{"id":56909,"date":"2021-04-01T16:23:51","date_gmt":"2021-04-01T14:23:51","guid":{"rendered":"https:\/\/hikitec.de\/wysylka-faktur\/"},"modified":"2021-04-01T16:23:53","modified_gmt":"2021-04-01T14:23:53","slug":"wysylka-faktur","status":"publish","type":"page","link":"https:\/\/hikitec.de\/pl\/wysylka-faktur\/","title":{"rendered":"Wysy\u0142ka faktur"},"content":{"rendered":"<section class=\"av_textblock_section \"  itemscope=\"itemscope\" itemtype=\"https:\/\/schema.org\/CreativeWork\" ><div class='avia_textblock  '   itemprop=\"text\" ><p><strong>Jak mog\u0119 otrzyma\u0107 moje rachunki?<\/strong><\/p>\n<\/div><\/section>\n<section class=\"av_textblock_section \"  itemscope=\"itemscope\" itemtype=\"https:\/\/schema.org\/CreativeWork\" ><div class='avia_textblock  '   itemprop=\"text\" ><p>Jako przedsi\u0119biorstwo dzia\u0142aj\u0105ce zgodnie z zasadami zr\u00f3wnowa\u017conego rozwoju wysy\u0142amy Pa\u0144stwu faktury drog\u0105 elektroniczn\u0105. Minimalizuje to stosy papieru, a jednocze\u015bnie oszcz\u0119dza koszty i czas.<\/p>\n<p>Pa\u0144stwa zalety w skr\u00f3cie:<\/p>\n<ul>\n<li>przyjazny dla \u015brodowiska: plik PDF zamiast faktury papierowej<\/li>\n<li>wygodne: brak wpisywania kont, numer\u00f3w referencyjnych i kwot<\/li>\n<\/ul>\n<p>Us\u0142uga ta jest dla Pa\u0144stwa oczywi\u015bcie bezp\u0142atna.<\/p>\n<\/div><\/section>\n<section class=\"av_textblock_section \"  itemscope=\"itemscope\" itemtype=\"https:\/\/schema.org\/CreativeWork\" ><div class='avia_textblock  '   itemprop=\"text\" ><input type=\"button\" value=\"Powr\u00f3t\" class=\"alg_back_button_input \" style=\"\" onclick=\"window.history.back()\" \/>\n<\/div><\/section>\n","protected":false},"excerpt":{"rendered":"","protected":false},"author":2,"featured_media":0,"parent":0,"menu_order":0,"comment_status":"closed","ping_status":"closed","template":"","meta":{"footnotes":""},"class_list":["post-56909","page","type-page","status-publish","hentry"],"_links":{"self":[{"href":"https:\/\/hikitec.de\/pl\/wp-json\/wp\/v2\/pages\/56909","targetHints":{"allow":["GET"]}}],"collection":[{"href":"https:\/\/hikitec.de\/pl\/wp-json\/wp\/v2\/pages"}],"about":[{"href":"https:\/\/hikitec.de\/pl\/wp-json\/wp\/v2\/types\/page"}],"author":[{"embeddable":true,"href":"https:\/\/hikitec.de\/pl\/wp-json\/wp\/v2\/users\/2"}],"replies":[{"embeddable":true,"href":"https:\/\/hikitec.de\/pl\/wp-json\/wp\/v2\/comments?post=56909"}],"version-history":[{"count":6,"href":"https:\/\/hikitec.de\/pl\/wp-json\/wp\/v2\/pages\/56909\/revisions"}],"predecessor-version":[{"id":56915,"href":"https:\/\/hikitec.de\/pl\/wp-json\/wp\/v2\/pages\/56909\/revisions\/56915"}],"wp:attachment":[{"href":"https:\/\/hikitec.de\/pl\/wp-json\/wp\/v2\/media?parent=56909"}],"curies":[{"name":"wp","href":"https:\/\/api.w.org\/{rel}","templated":true}]}}