{"id":68034,"date":"2021-04-06T11:39:29","date_gmt":"2021-04-06T09:39:29","guid":{"rendered":"https:\/\/hikitec.de\/agb\/"},"modified":"2023-03-02T12:49:04","modified_gmt":"2023-03-02T11:49:04","slug":"agb","status":"publish","type":"page","link":"https:\/\/hikitec.de\/pl\/agb\/","title":{"rendered":"AGB"},"content":{"rendered":"<section class=\"av_textblock_section \"  itemscope=\"itemscope\" itemtype=\"https:\/\/schema.org\/CreativeWork\" ><div class='avia_textblock  '   itemprop=\"text\" ><p><strong>Og\u00f3lne warunki handlowe HIKITEC GmbH (stan na dzie\u0144 10\/2021)<\/strong><\/p>\n<p><strong>1. og\u00f3lne<\/strong><\/p>\n<p>Oferty cenowe firmy HIKITEC GmbH oraz wydane przez ni\u0105 warunki zam\u00f3wienia opieraj\u0105 si\u0119 wy\u0142\u0105cznie na nast\u0119puj\u0105cych warunkach. Wszelkie zmiany tych warunk\u00f3w wymagaj\u0105 pisemnej zgody firmy HIKITEC GmbH. Poza tym HIKITEC GmbH zastrzega sobie prawo do przyjmowania lub odrzucania zlece\u0144. Z\u0142o\u017cenie zam\u00f3wienia na podstawie oferty cenowej HIKITEC GmbH jest dla HIKITEC GmbH wi\u0105\u017c\u0105ce dopiero po otrzymaniu pisemnego potwierdzenia zam\u00f3wienia.<\/p>\n<p><strong> 2. ceny<\/strong><\/p>\n<p>Podane ceny s\u0105 cenami loco fabryka, do kt\u00f3rych nale\u017cy doliczy\u0107 ustawowy podatek VAT, fracht, ubezpieczenie, opakowanie i transfer danych. Paczki wysy\u0142ane s\u0105 za po\u015brednictwem firmy kurierskiej. Du\u017ce dostawy realizowane s\u0105 przez zleconego przez nas spedytora za darmo od kraw\u0119\u017cnika. Je\u015bli dojdzie do kolejnej dostawy lub dostawy na inny adres, powsta\u0142e koszty zostan\u0105 naliczone w p\u00f3\u017aniejszym terminie. Nasze ceny nie zawieraj\u0105 koszt\u00f3w utylizacji, chyba \u017ce podano je oddzielnie.<\/p>\n<p><strong> 3. wahania cen<\/strong><\/p>\n<p>3. Preisschwankungen Zastrzegamy sobie prawo do korekty cen (r\u00f3wnie\u017c ju\u017c potwierdzonych) w przypadku silnych waha\u0144, je\u015bli zajdzie taka potrzeba.<\/p>\n<p><strong> 4. roszczenia o odszkodowanie<\/strong><\/p>\n<p>Roszczenia klienta s\u0105 w ka\u017cdym przypadku wykluczone. W przypadku nie odebrania zam\u00f3wionego towaru nale\u017cy si\u0119 25% odszkodowania.<\/p>\n<p><strong> 5. zastrze\u017cenie tytu\u0142u prawnego<\/strong><\/p>\n<p>Wszystkie dostarczone towary pozostaj\u0105 nasz\u0105 w\u0142asno\u015bci\u0105 (towar zastrze\u017cony) do momentu spe\u0142nienia wszystkich naszych roszcze\u0144, nawet je\u015bli p\u0142atno\u015bci dokonywane s\u0105 za specjalnie oznaczone roszczenia. Kupuj\u0105cy zobowi\u0105zuje si\u0119 do sprzeda\u017cy towaru z zastrze\u017ceniem prawa w\u0142asno\u015bci wy\u0142\u0105cznie w zwyk\u0142ym obrocie handlowym, zgodnie z poni\u017cszymi postanowieniami, w ramach swoich normalnych warunk\u00f3w handlowych i tak d\u0142ugo, jak d\u0142ugo nie popadnie w zw\u0142ok\u0119. Kupuj\u0105cy niniejszym ceduje na nas swoje roszczenia wynikaj\u0105ce z odsprzeda\u017cy. Jest on uprawniony do \u015bci\u0105gania odst\u0105pionych wierzytelno\u015bci a\u017c do naszego odwo\u0142ania, kt\u00f3re jest mo\u017cliwe w ka\u017cdej chwili. O ile nasze roszczenia s\u0105 wymagalne, kupuj\u0105cy jest zobowi\u0105zany do niezw\u0142ocznego przekazania nam pobranych nale\u017cno\u015bci. Kupuj\u0105cy w \u017cadnym wypadku nie jest uprawniony do cesji wierzytelno\u015bci. Na nasze \u017c\u0105danie zamawiaj\u0105cy musi niezw\u0142ocznie poinformowa\u0107 swojego klienta o cesji i przekaza\u0107 nam dow\u00f3d zg\u0142oszenia, jak r\u00f3wnie\u017c informacje i dokumenty niezb\u0119dne do odbioru wraz z tym zg\u0142oszeniem. Zamawiaj\u0105cy musi poinformowa\u0107 nas listem poleconym o ka\u017cdym dost\u0119pie os\u00f3b trzecich do towaru lub wierzytelno\u015bci. Jeste\u015bmy uprawnieni w ka\u017cdej chwili do zakazania odsprzeda\u017cy towar\u00f3w obj\u0119tych zastrze\u017ceniem w\u0142asno\u015bci.<\/p>\n<p>oraz do odwo\u0142ania upowa\u017cnienia do polecenia zap\u0142aty, je\u017celi kupuj\u0105cy nie wywi\u0105zuje si\u0119 ze swoich zobowi\u0105za\u0144 lub je\u017celi ujawnione zostan\u0105 okoliczno\u015bci, kt\u00f3re mog\u0105 obni\u017cy\u0107 jego wiarygodno\u015b\u0107 kredytow\u0105. W takim przypadku jeste\u015bmy uprawnieni do \u017c\u0105dania zwrotu towaru na koszt kupuj\u0105cego, odebrania go lub, je\u015bli towar zosta\u0142 ju\u017c odsprzedany. Ale jeszcze nie zap\u0142acone w ca\u0142o\u015bci, aby za\u017c\u0105da\u0107 zap\u0142aty bezpo\u015brednio od klienta kupuj\u0105cego.<\/p>\n<p><strong> 6. produkcja<\/strong><\/p>\n<p>Dopuszczalne s\u0105 nieznaczne odst\u0119pstwa w zakresie jako\u015bci lub wzornictwa. HIKITEC GmbH zastrzega sobie prawo do wprowadzania zmian technicznych w celu ulepszenia produktu. Ze wzgl\u0119du na mo\u017cliwo\u015bci produkcyjne w krajach produkuj\u0105cych, zw\u0142aszcza w przypadku produkcji masowej, standardem jako\u015bci jest konwencjonalne &#8222;stopniowanie&#8221;. Og\u00f3lnie rzecz bior\u0105c, p\u00f3\u017aniejsze nieznaczne wady produktu ko\u0144cowego s\u0105 akceptowane przez kupuj\u0105cego i nie stanowi\u0105 podstawy do reklamacji. Farby drukarskie produkowane s\u0105 wed\u0142ug skali Pantone lub HKS. Ze wzgl\u0119du na pod\u0142o\u017ce mo\u017cna si\u0119 do nich przystosowa\u0107 tylko w ograniczonym zakresie i trzeba to zaakceptowa\u0107.<\/p>\n<p><strong> 7. tolerancje<\/strong><\/p>\n<p>Poniewa\u017c r\u00f3\u017cnicom nie mo\u017cna zapobiec w produkcji, maksymalne odchylenia s\u0105 okre\u015blone w warto\u015bciach tolerancji dla oczekiwanej jako\u015bci.<\/p>\n<p>Przez tolerancj\u0119 \u00b10,1 mm rozumie si\u0119 odchylenie o 0,2 mm. Z regu\u0142y materia\u0142y s\u0105 przetwarzane na produkty ko\u0144cowe, kt\u00f3re ju\u017c przed uszlachetnieniem druku wykazuj\u0105 r\u00f3\u017cnice w sobie i z powodu druku. Wyr\u00f3\u017cnia si\u0119 zatem:<\/p>\n<p>R\u00f3\u017cnice z importu<\/p>\n<p>Tolerancje w wyka\u0144czaniu druku<\/p>\n<p><strong>8 .pami\u0119\u0107<\/strong><\/p>\n<p>Niewielkie odchylenia w podanych pojemno\u015bciach pami\u0119ci (np. pami\u0119ci USB) wynikaj\u0105 z przyczyn technicznych i musz\u0105 zosta\u0107 zaakceptowane. Nie stanowi\u0105 one podstawy do wniesienia skargi.<\/p>\n<p><strong> 9. zakres dostaw i us\u0142ug<\/strong><\/p>\n<p>\u00dcber- oder Unterlieferungen von bis zu 10% (je nach Produktion und Artikel) sind technisch bedingt und m\u00fcssen akzeptiert werden. Nadwy\u017cki lub braki w dostawach b\u0119d\u0105 rozliczane z klientem. Dostawy nadmierne lub kr\u00f3tkie nie uprawniaj\u0105 klienta do odmowy przyj\u0119cia lub odst\u0105pienia od umowy.<\/p>\n<p><strong>10. raport o wadach<\/strong><\/p>\n<p>Zg\u0142oszenie wad musi by\u0107 dokonane przez kupuj\u0105cego w formie pisemnej w ci\u0105gu 10 dni od otrzymania przez nas towaru. Towar, kt\u00f3ry jest przedmiotem reklamacji, musi zosta\u0107 przes\u0142any do nas na \u017c\u0105danie na koszt i ryzyko kupuj\u0105cego. Towar uznany przez nas za wadliwy zostanie wed\u0142ug naszego uznania bezp\u0142atnie naprawiony, wymieniony lub przyj\u0119ty z powrotem za zaliczeniem kwoty faktury. Zamiast tego, mo\u017cemy r\u00f3wnie\u017c zast\u0105pi\u0107 zredukowan\u0105 warto\u015b\u0107. Dalsze roszczenia kupuj\u0105cego s\u0105 wykluczone. Uprawnienia kupuj\u0105cego z tytu\u0142u r\u0119kojmi wygasaj\u0105, je\u017celi kupuj\u0105cy popad\u0142 w zw\u0142ok\u0119 lub niew\u0142a\u015bciwie traktowa\u0142 towar, pr\u00f3bowa\u0142 dokona\u0107 napraw lub modyfikacji bez naszej zgody lub zleci\u0142 je osobom trzecim. Nie ponosimy odpowiedzialno\u015bci za naruszenie praw w\u0142asno\u015bci przemys\u0142owej. Przy dostawie rzeczy zamiennych obowi\u0105zuj\u0105 te same warunki, co przy dostawie rzeczy oryginalnych.<\/p>\n<p><strong> 11 Si\u0142a wy\u017csza<\/strong><\/p>\n<p>HIKITEC GmbH nie ponosi odpowiedzialno\u015bci za niewykonanie zobowi\u0105zania wynikaj\u0105cego z umowy, je\u017celi niewykonanie to jest bezpo\u015brednim lub po\u015brednim skutkiem zdarzenia, na kt\u00f3re Sprzedaj\u0105cy nie ma wp\u0142ywu. Obejmuje to, ale nie ogranicza si\u0119 do si\u0142y wy\u017cszej, odmowy, ograniczenia, zawieszenia lub wycofania licencji, zezwolenia lub innych dzia\u0142a\u0144 odpowiednich w\u0142adz, po\u017caru, eksplozji, powodzi, awarii maszyn, strajku, lokautu, braku materia\u0142\u00f3w, wojny, powstania, w\u0142adzy lub transportu lub innych spor\u00f3w zbiorowych.<\/p>\n<p><strong>12. eksport<\/strong><\/p>\n<p>Kupuj\u0105cy jest \u015bwiadomy, \u017ce eksport przedmiot\u00f3w dostawy mo\u017ce podlega\u0107 ograniczeniom, w szczeg\u00f3lno\u015bci, \u017ce mo\u017ce by\u0107 wymagane zezwolenie urz\u0119dowe. Je\u017celi kupuj\u0105cy zamierza na \u017c\u0105danie firmy HIKITEC GmbH dokona\u0107 reeksportu przedmiot\u00f3w dostawy z kraju, w kt\u00f3rym ma miejsce zamieszkania lub siedzib\u0119, lub z innego kraju, do kt\u00f3rego przedmioty te maj\u0105 by\u0107 dostarczone przez firm\u0119 HIKITEC GmbH, to poinformuje o tym firm\u0119 HIKITEC GmbH. Po otrzymaniu zg\u0142oszenia firma HIKITEC GmbH poinformuje kupuj\u0105cego o ewentualnych ograniczeniach eksportowych oraz o procedurze uzyskania pozwolenia na eksport. Dalsze roszczenia wobec HIKITEC GmbH nie istniej\u0105.<\/p>\n<p><strong>13. reklama<\/strong><\/p>\n<p>HIKITEC GmbH zastrzega sobie prawo do wykorzystywania artyku\u0142\u00f3w wyprodukowanych na zlecenie klienta jako pr\u00f3bek lub do cel\u00f3w reklamowych lub referencyjnych. Kupuj\u0105cy musi przed z\u0142o\u017ceniem zam\u00f3wienia wyra\u017anie zabroni\u0107 takiego wykorzystania, w przeciwnym razie uznaje si\u0119, \u017ce wykorzystanie jest dozwolone.<\/p>\n<p><strong>14. p\u0142atno\u015b\u0107<\/strong><\/p>\n<p>HIKITEC GmbH zastrzega sobie prawo do fakturowania uzgodnionej us\u0142ugi drog\u0105 elektroniczn\u0105 za po\u015brednictwem poczty elektronicznej. Dostawa towaru odbywa si\u0119 za zaliczk\u0105, chyba \u017ce strony umowy wyra\u017anie uzgodni\u0142y inny spos\u00f3b p\u0142atno\u015bci. O ile nie uzgodniono inaczej, nasze faktury s\u0105 p\u0142atne.<\/p>\n<p><strong>15. niebezpieczny nawis<\/strong><\/p>\n<p>Ryzyko przechodzi na kupuj\u0105cego z chwil\u0105 przekazania przesy\u0142ki osobie wykonuj\u0105cej transport. Je\u017celi wysy\u0142ka op\u00f3\u017ania si\u0119 na \u017cyczenie klienta, ryzyko przechodzi na klienta w momencie zg\u0142oszenia gotowo\u015bci do wysy\u0142ki.<\/p>\n<p><strong> 16. gwarancja<\/strong><\/p>\n<p>Firma HIKITEC GmbH gwarantuje przez okres 24 miesi\u0119cy od daty dostawy, \u017ce przedmioty dostawy s\u0105 wolne od wad zgodnie z aktualnym stanem techniki. Gwarancja jest wykluczona w nast\u0119puj\u0105cych przypadkach: Zwyk\u0142e zu\u017cycie, zu\u017cycie cz\u0119\u015bci, niew\u0142a\u015bciwe u\u017cytkowanie, nieprzestrzeganie instrukcji obs\u0142ugi, po\u017car, uderzenie pioruna, przepi\u0119cie, wilgo\u0107 dowolnego rodzaju, praca z niew\u0142a\u015bciwym typem pr\u0105du lub napi\u0119cia, manipulowanie lub naprawy przez osoby nieupowa\u017cnione, niekompatybilno\u015b\u0107 z nieobs\u0142ugiwanymi systemami operacyjnymi lub innym niekompatybilnym oprogramowaniem.<\/p>\n<p>Je\u017celi firma HIKITEC GmbH przyjmie przesy\u0142ki naprawcze po up\u0142ywie okresu gwarancji, kupuj\u0105cemu nie przys\u0142uguje wobec firmy HIKITEC GmbH prawo do obni\u017cenia ceny, odst\u0105pienia od umowy lub nowej dostawy. W takim przypadku firma HIKITEC GmbH przekazuje przedmiot naprawy swojemu poddostawcy na zlecenie kupuj\u0105cego, aby ten m\u00f3g\u0142 skorzysta\u0107 z ewentualnej d\u0142u\u017cszej gwarancji producenta. Widoczne wady nale\u017cy niezw\u0142ocznie zg\u0142osi\u0107 na pi\u015bmie, jednak nie p\u00f3\u017aniej ni\u017c 10 dni roboczych po otrzymaniu dostawy. W przeciwnym razie roszczenia z tytu\u0142u wad s\u0105 wykluczone. W transakcjach handlowych obowi\u0105zuj\u0105 dodatkowo \u00a7\u00a7 377, 387 HGB. Zwroty s\u0105 mo\u017cliwe tylko na podstawie numeru RMA, nadanego przez dzia\u0142 serwisowy HIKITEC GmbH. Do zwrotu, kt\u00f3ry jest zawsze bezp\u0142atny, nale\u017cy do\u0142\u0105czy\u0107 kopi\u0119 faktury i dok\u0142adny opis usterki. Je\u015bli dla danego produktu lub grupy produkt\u00f3w istnieje odr\u0119bny serwis producenta, zwroty nale\u017cy przesy\u0142a\u0107 bezpo\u015brednio do producenta zgodnie z jego instrukcjami. Firma HIKITEC GmbH zastrzega sobie prawo do zwrotu nieautoryzowanych, nieodp\u0142atnych, jak r\u00f3wnie\u017c zwrot\u00f3w bez dowodu zakupu lub innych brakuj\u0105cych dokument\u00f3w do kupuj\u0105cego na koszt kupuj\u0105cego plus op\u0142ata manipulacyjna zgodnie z cennikiem us\u0142ug. W przypadku wyst\u0105pienia wady przedmiotu dostawy, za kt\u00f3r\u0105 ponosimy odpowiedzialno\u015b\u0107, firma HIKITEC GmbH jest uprawniona wed\u0142ug w\u0142asnego uznania do usuni\u0119cia wady lub do wykonania nowej dostawy w rozumieniu \u00a7 439 BGB (niemieckiego kodeksu cywilnego). Dalszych praw, w szczeg\u00f3lno\u015bci prawa do odst\u0105pienia od umowy kupna-sprzeda\u017cy, mo\u017cemy dochodzi\u0107 dopiero po up\u0142ywie okre\u015blonego czasu na wykonanie uzupe\u0142niaj\u0105ce lub poprawienie lub po dwukrotnym niepowodzeniu. Po up\u0142ywie 12 miesi\u0119cy od daty dostawy roszczenia gwarancyjne s\u0105 ograniczone do usuni\u0119cia wad lub noty uznaniowej na aktualn\u0105 warto\u015b\u0107 wed\u0142ug uznania firmy HIKITEC GmbH. Zamawiaj\u0105cy jest zobowi\u0105zany do wykonania kopii zapasowej wymaganych przez niego danych przed zwrotem przedmiotu dostawy. HIKITEC GmbH nie ponosi odpowiedzialno\u015bci za utracone dane na no\u015bniku pami\u0119ci w momencie zwrotu. Wymiana cz\u0119\u015bci, podzespo\u0142\u00f3w lub ca\u0142ych urz\u0105dze\u0144 nie powoduje powstania nowych okres\u00f3w gwarancyjnych. Wymontowane lub wymienione cz\u0119\u015bci staj\u0105 si\u0119 w\u0142asno\u015bci\u0105 firmy HIKITEC GmbH. W przypadkach, w kt\u00f3rych &#8211; r\u00f3wnie\u017c dla naszego Kupuj\u0105cego &#8211; w ramach \u0142a\u0144cucha dostaw nie dochodzi do zakupu towar\u00f3w konsumpcyjnych, postanowienia \u00a7\u00a7 474-479 BGB nie maj\u0105 zastosowania. Je\u015bli kupuj\u0105cy odsprzedaje towar w ramach zakupu towar\u00f3w konsumpcyjnych, zwrotu poniesionych nak\u0142ad\u00f3w w rozumieniu \u00a7 478 BGB mo\u017cna \u017c\u0105da\u0107 tylko wtedy, gdy zostanie udowodnione, \u017ce nak\u0142ady zosta\u0142y poniesione. Rekompensata za takie wydatki mo\u017ce by\u0107 przyznana tylko do wysoko\u015bci 2% warto\u015bci netto towaru. Dalsze roszczenia, kt\u00f3re opieraj\u0105 si\u0119 na \u00a7 478 BGB, s\u0105 oddalane przez uzgodnion\u0105 24-miesi\u0119czn\u0105 gwarancj\u0119 jako r\u00f3wnowa\u017cne odszkodowanie w rozumieniu \u00a7 478 IV S. 1 BGB. Dalsze roszczenia zamawiaj\u0105cego &#8211; niezale\u017cnie od podstawy prawnej &#8211; s\u0105 wykluczone, o ile wyra\u017anie nie uzgodniono inaczej. Dlatego firma HIKITEC GmbH nie odpowiada za szkody, kt\u00f3re nie powsta\u0142y bezpo\u015brednio w przedmiocie dostawy, w szczeg\u00f3lno\u015bci nie odpowiada za utracony zysk lub inne straty finansowe kupuj\u0105cego. Powy\u017csze zwolnienie z odpowiedzialno\u015bci nie ma zastosowania, je\u015bli szkoda jest wynikiem dzia\u0142ania umy\u015blnego, ra\u017c\u0105cego zaniedbania, braku gwarantowanej cechy, naruszenia istotnych zobowi\u0105za\u0144 umownych, zw\u0142oki w wykonaniu, niemo\u017cliwo\u015bci lub roszcze\u0144 na podstawie \u00a7\u00a7 1.4 ustawy o odpowiedzialno\u015bci za produkt. Firma HIKITEC GmbH nie ponosi odpowiedzialno\u015bci za odzyskanie danych, je\u017celi szkoda zosta\u0142a spowodowana przez ni\u0105 umy\u015blnie lub wskutek ra\u017c\u0105cego niedbalstwa, a kupuj\u0105cy zapewni\u0142 wykonanie kopii zapasowej danych w taki spos\u00f3b, \u017ce dane mo\u017cna odtworzy\u0107 przy zachowaniu rozs\u0105dnych stara\u0144. Roszczenia odszkodowawcze wobec firmy HIKITEC GmbH mog\u0105 by\u0107 dochodzone we wszystkich przypadkach, r\u00f3wnie\u017c w przypadku nieudanej naprawy lub p\u00f3\u017aniejszej dostawy, tylko wtedy, gdy mo\u017cna udowodni\u0107, \u017ce firma HIKITEC GmbH dzia\u0142a\u0142a umy\u015blnie lub ra\u017c\u0105co niedbale, lub gdy brakuje gwarantowanych w\u0142a\u015bciwo\u015bci. O ile odpowiedzialno\u015b\u0107 firmy HIKITEC GmbH jest wy\u0142\u0105czona, dotyczy to w szczeg\u00f3lno\u015bci osobistej odpowiedzialno\u015bci jej pracownik\u00f3w, personelu, przedstawicieli i pe\u0142nomocnik\u00f3w. Opr\u00f3cz wymienionych tutaj punkt\u00f3w obowi\u0105zuj\u0105 w ka\u017cdym przypadku aktualne warunki zwrotu i serwisu firmy HIKITEC GmbH do\u0142\u0105czone do ka\u017cdej dostawy.<\/p>\n<p> <strong>17. naruszenie umowy<\/strong> <strong>i niewyp\u0142acalno\u015b\u0107 kupuj\u0105cego<\/strong><\/p>\n<p>Bez uszczerbku dla innych roszcze\u0144 i praw HIKITEC GmbH mo\u017ce wypowiedzie\u0107 stosunek umowny bez zachowania okresu wypowiedzenia, je\u017celi Kupuj\u0105cy nie wype\u0142ni w terminie swoich zobowi\u0105za\u0144 p\u0142atniczych lub naruszy inne istotne zobowi\u0105zania umowne, zako\u0144czy swoj\u0105 dzia\u0142alno\u015b\u0107 gospodarcz\u0105 lub z\u0142o\u017cy wniosek o wszcz\u0119cie post\u0119powania upad\u0142o\u015bciowego lub uk\u0142adowego, ponadto je\u017celi na wniosek osoby trzeciej zostanie wszcz\u0119te post\u0119powanie upad\u0142o\u015bciowe lub uk\u0142adowe w stosunku do maj\u0105tku Kupuj\u0105cego.<\/p>\n<p><strong> 18. bezpiecze\u0144stwo produkt\u00f3w<\/strong><\/p>\n<p>W celu przestrzegania ustawy o bezpiecze\u0144stwie produkt\u00f3w (ProdSG \u00a76) produkty s\u0105 standardowo oznaczone danymi kontaktowymi i adresowymi firmy HIKITEC GmbH, o ile klient nie poda innych informacji w tym zakresie. Eine Abweichung kann nur von der Selbstkostenkalkulation vorgenommen werden.<\/p>\n<p><strong> 19 Centralny Urz\u0105d ds. Praw do Prywatnego Transferu (ZP\u00dc)<\/strong><\/p>\n<p>Nasze ceny zawieraj\u0105 op\u0142aty GEMA, kt\u00f3re nale\u017cy ui\u015bci\u0107. Obowi\u0105zek dystrybutor\u00f3w produkt\u00f3w podlegaj\u0105cych wynagrodzeniu wynika z \u00a7 54b ust. 1 i 3 UrhG. Dealer ponosi odpowiedzialno\u015b\u0107 solidarn\u0105 z producentem i importerem. Zgodnie z art. 54 par. 3 UrhG, dystrybutor jest zwolniony z obowi\u0105zku uiszczania op\u0142at licencyjnych, je\u017celi powiadomi ZP\u00dc na pi\u015bmie, bez wezwania, o rodzaju i liczbie zakupionych urz\u0105dze\u0144 i no\u015bnik\u00f3w pami\u0119ci oraz \u017ar\u00f3dle ich pochodzenia do dnia 10 stycznia i 10 lipca ka\u017cdego roku za poprzednie p\u00f3\u0142rocze kalendarzowe (\u00a7 54b ust. 3 nr 2 UrhG).<\/p>\n<p><strong> 20 Prawo w\u0142a\u015bciwe, miejsce jurysdykcji<\/strong><\/p>\n<p>Umowy stron podlegaj\u0105 prawu niemieckiemu. S\u0105dem w\u0142a\u015bciwym jest s\u0105d w D\u00fcsseldorfie. Dla os\u00f3b, kt\u00f3re nie posiadaj\u0105 og\u00f3lnej w\u0142a\u015bciwo\u015bci miejscowej s\u0105du w Niemczech lub nie posiadaj\u0105 jej ju\u017c w chwili wniesienia pozwu, miejscow\u0105 w\u0142a\u015bciwo\u015bci\u0105 miejscow\u0105 s\u0105du jest r\u00f3wnie\u017c D\u00fcsseldorf. Powy\u017csze ustalenia dotycz\u0105ce miejsca jurysdykcji maj\u0105 zastosowanie do wszystkich spor\u00f3w wynikaj\u0105cych z umowy i w zwi\u0105zku z ni\u0105. Powy\u017csze porozumienie o miejscu jurysdykcji obowi\u0105zuje r\u00f3wnie\u017c w przypadku spor\u00f3w wynikaj\u0105cych z przypisanych praw jednego z naszych us\u0142ugodawc\u00f3w, kontrahent\u00f3w lub jako prawnego przedstawiciela tych os\u00f3b.<\/p>\n<p><strong>21. <a href=\"http:\/\/hikitec.de\/datenschutz\/\" target=\"_blank\" rel=\"noopener noreferrer\">ochrona danych<\/a><\/strong><\/p>\n<p>Dane wymagane do realizacji zam\u00f3wienia b\u0119d\u0105 przechowywane i traktowane jako poufne zgodnie z ustaw\u0105 o ochronie danych osobowych. Zastrzegamy sobie prawo do wykorzystania danych zebranych w ramach zam\u00f3wienia do reklamowania naszych w\u0142asnych, podobnych towar\u00f3w. W ka\u017cdej chwili mo\u017cesz sprzeciwi\u0107 si\u0119 temu wykorzystaniu<\/p>\n<p><strong>22. handel<\/strong><\/p>\n<p>HIKITEC GmbH zaopatruje wy\u0142\u0105cznie rzemie\u015blnik\u00f3w, osoby prywatne nie s\u0105 zaopatrywane.<\/p>\n<p><strong>  23.  <\/strong><strong>Klauzula rozdzielno\u015bci<\/strong><\/p>\n<p>Je\u017celi poszczeg\u00f3lne postanowienia niniejszych warunk\u00f3w b\u0119d\u0105 lub stan\u0105 si\u0119 prawnie nieskuteczne lub niekompletne w ca\u0142o\u015bci lub w cz\u0119\u015bci, nie b\u0119dzie to mia\u0142o wp\u0142ywu na wa\u017cno\u015b\u0107 pozosta\u0142ych postanowie\u0144. Wadliwe lub niepe\u0142ne postanowienie nale\u017cy ponownie zinterpretowa\u0107 jako takie, kt\u00f3rego znaczenie gospodarcze i prawne jest jak najbardziej zbli\u017cone do znaczenia postanowienia wadliwego, ale kt\u00f3re jest skuteczne i\/lub pe\u0142ne.<\/p>\n<\/div><\/section>\n<section class=\"av_textblock_section \"  itemscope=\"itemscope\" itemtype=\"https:\/\/schema.org\/CreativeWork\" ><div class='avia_textblock  '   itemprop=\"text\" ><input type=\"button\" value=\"Powr\u00f3t\" class=\"alg_back_button_input \" style=\"\" onclick=\"window.history.back()\" \/>\n<\/div><\/section>\n","protected":false},"excerpt":{"rendered":"","protected":false},"author":2,"featured_media":0,"parent":0,"menu_order":0,"comment_status":"closed","ping_status":"closed","template":"","meta":{"footnotes":""},"class_list":["post-68034","page","type-page","status-publish","hentry"],"_links":{"self":[{"href":"https:\/\/hikitec.de\/pl\/wp-json\/wp\/v2\/pages\/68034","targetHints":{"allow":["GET"]}}],"collection":[{"href":"https:\/\/hikitec.de\/pl\/wp-json\/wp\/v2\/pages"}],"about":[{"href":"https:\/\/hikitec.de\/pl\/wp-json\/wp\/v2\/types\/page"}],"author":[{"embeddable":true,"href":"https:\/\/hikitec.de\/pl\/wp-json\/wp\/v2\/users\/2"}],"replies":[{"embeddable":true,"href":"https:\/\/hikitec.de\/pl\/wp-json\/wp\/v2\/comments?post=68034"}],"version-history":[{"count":9,"href":"https:\/\/hikitec.de\/pl\/wp-json\/wp\/v2\/pages\/68034\/revisions"}],"predecessor-version":[{"id":717873,"href":"https:\/\/hikitec.de\/pl\/wp-json\/wp\/v2\/pages\/68034\/revisions\/717873"}],"wp:attachment":[{"href":"https:\/\/hikitec.de\/pl\/wp-json\/wp\/v2\/media?parent=68034"}],"curies":[{"name":"wp","href":"https:\/\/api.w.org\/{rel}","templated":true}]}}