{"id":717676,"date":"2023-03-01T16:03:31","date_gmt":"2023-03-01T15:03:31","guid":{"rendered":"https:\/\/hikitec.de\/roznice\/"},"modified":"2023-03-01T16:03:31","modified_gmt":"2023-03-01T15:03:31","slug":"roznice","status":"publish","type":"page","link":"https:\/\/hikitec.de\/pl\/roznice\/","title":{"rendered":"R\u00f3\u017cnice"},"content":{"rendered":"<p>Poniewa\u017c r\u00f3\u017cnicom nie mo\u017cna zapobiec w produkcji, maksymalne odchylenia s\u0105 okre\u015blone w warto\u015bciach tolerancji dla oczekiwanej jako\u015bci.<\/p>\n<p>Przez tolerancj\u0119 \u00b10,1 mm rozumie si\u0119 odchylenie o 0,2 mm. Z regu\u0142y materia\u0142y s\u0105 przetwarzane na produkty ko\u0144cowe, kt\u00f3re ju\u017c przed uszlachetnieniem druku wykazuj\u0105 r\u00f3\u017cnice w sobie i z powodu druku. Wyr\u00f3\u017cnia si\u0119 zatem:<\/p>\n<p>&#8211; R\u00f3\u017cnice z importu<br \/>\n&#8211; Tolerancje w wyka\u0144czaniu druku<\/p>\n","protected":false},"excerpt":{"rendered":"<p>Poniewa\u017c r\u00f3\u017cnicom nie mo\u017cna zapobiec w produkcji, maksymalne odchylenia s\u0105 okre\u015blone w warto\u015bciach tolerancji dla oczekiwanej jako\u015bci. Przez tolerancj\u0119 \u00b10,1 mm rozumie si\u0119 odchylenie o 0,2 mm. Z regu\u0142y materia\u0142y s\u0105 przetwarzane na produkty ko\u0144cowe, kt\u00f3re ju\u017c przed uszlachetnieniem druku wykazuj\u0105 r\u00f3\u017cnice w sobie i z powodu druku. Wyr\u00f3\u017cnia si\u0119 zatem: &#8211; R\u00f3\u017cnice z importu [&hellip;]<\/p>\n","protected":false},"author":5,"featured_media":0,"parent":0,"menu_order":0,"comment_status":"closed","ping_status":"closed","template":"","meta":{"footnotes":""},"class_list":["post-717676","page","type-page","status-publish","hentry"],"_links":{"self":[{"href":"https:\/\/hikitec.de\/pl\/wp-json\/wp\/v2\/pages\/717676","targetHints":{"allow":["GET"]}}],"collection":[{"href":"https:\/\/hikitec.de\/pl\/wp-json\/wp\/v2\/pages"}],"about":[{"href":"https:\/\/hikitec.de\/pl\/wp-json\/wp\/v2\/types\/page"}],"author":[{"embeddable":true,"href":"https:\/\/hikitec.de\/pl\/wp-json\/wp\/v2\/users\/5"}],"replies":[{"embeddable":true,"href":"https:\/\/hikitec.de\/pl\/wp-json\/wp\/v2\/comments?post=717676"}],"version-history":[{"count":0,"href":"https:\/\/hikitec.de\/pl\/wp-json\/wp\/v2\/pages\/717676\/revisions"}],"wp:attachment":[{"href":"https:\/\/hikitec.de\/pl\/wp-json\/wp\/v2\/media?parent=717676"}],"curies":[{"name":"wp","href":"https:\/\/api.w.org\/{rel}","templated":true}]}}