{"id":717790,"date":"2023-03-02T09:54:42","date_gmt":"2023-03-02T08:54:42","guid":{"rendered":"https:\/\/hikitec.de\/cennik-nowy-link\/"},"modified":"2023-03-02T09:54:44","modified_gmt":"2023-03-02T08:54:44","slug":"cennik-nowy-link","status":"publish","type":"page","link":"https:\/\/hikitec.de\/pl\/cennik-nowy-link\/","title":{"rendered":"Cennik nowy link"},"content":{"rendered":"<section class=\"av_textblock_section \"  itemscope=\"itemscope\" itemtype=\"https:\/\/schema.org\/CreativeWork\" ><div class='avia_textblock  '   itemprop=\"text\" ><p>Drogi Partnerze Biznesowy,<\/p>\n<p>Pr\u00f3bowa\u0142e\u015b pobra\u0107 cennik HIKITEC z linku, kt\u00f3ry nie jest ju\u017c aktualny.<\/p>\n<p>Aby chroni\u0107 cenniki przed dost\u0119pem os\u00f3b nieuprawnionych, raz w tygodniu aktualizujemy link do pobrania.<br \/>\nJak tylko zmienimy struktur\u0119 link\u00f3w, otrzymasz od nas, jako zarejestrowanego sprzedawcy, newsletter z nowymi linkami do pobrania.<\/p>\n<\/div><\/section>\n\n<style type=\"text\/css\" id=\"style-css-av-1an71grs-00719d2f76f77e7536ddae2e31f537cb\">\n#top .flex_column.av-1an71grs-00719d2f76f77e7536ddae2e31f537cb{\nborder-radius:0px;\n-webkit-border-radius:0px;\n-moz-border-radius:0px;\npadding:0px;\n}\n<\/style>\n<div class='flex_column av-1an71grs-00719d2f76f77e7536ddae2e31f537cb av_one_half  avia-builder-el-1  el_after_av_textblock  el_before_av_one_half  first flex_column_div av-zero-column-padding column-top-margin'   ><p><section class=\"av_textblock_section \"  itemscope=\"itemscope\" itemtype=\"https:\/\/schema.org\/CreativeWork\" ><div class='avia_textblock  '   itemprop=\"text\" ><p>Je\u015bli s\u0105 Pa\u0144stwo zainteresowani otrzymywaniem naszego newslettera, mog\u0105 si\u0119 Pa\u0144stwo tutaj bezp\u0142atnie zarejestrowa\u0107:<\/p>\n<p><a href=\"https:\/\/hikitec.de\/pl\/nowi-klienci-04-de\/\" target=\"_blank\" rel=\"noopener\">https:\/\/hikitec.de\/newsletter\/<\/a><\/p>\n<p>Oczywi\u015bcie rozumiemy, \u017ce na pocz\u0105tku mo\u017ce si\u0119 to wydawa\u0107 nieco skomplikowane, ale ochrona Twoich cen detalicznych i sprzeda\u017cy jest w ka\u017cdym przypadku tego warta.<br \/>\nTakie podej\u015bcie ma r\u00f3wnie\u017c ogromn\u0105 zalet\u0119 w codziennym u\u017cytkowaniu. Nie potrzebujesz has\u0142a, aby uzyska\u0107 dost\u0119p, a ponadto zawsze jeste\u015b informowany przez nasz newsletter o nowych cenach.<\/p>\n<\/div><\/section><br \/>\n<section class=\"av_textblock_section \"  itemscope=\"itemscope\" itemtype=\"https:\/\/schema.org\/CreativeWork\" ><div class='avia_textblock  '   itemprop=\"text\" ><p>Pozdrawiam<\/p>\n<p>Tw\u00f3j zesp\u00f3\u0142 w HIKITEC GmbH<\/p>\n<\/div><\/section><\/p><\/div>\n\n<style type=\"text\/css\" id=\"style-css-av-17em8xk8-5cc8712c3bbbf86ed3654d2915d3d929\">\n#top .flex_column.av-17em8xk8-5cc8712c3bbbf86ed3654d2915d3d929{\nborder-radius:0px;\n-webkit-border-radius:0px;\n-moz-border-radius:0px;\npadding:0px;\n}\n<\/style>\n<div class='flex_column av-17em8xk8-5cc8712c3bbbf86ed3654d2915d3d929 av_one_half  avia-builder-el-4  el_after_av_one_half  avia-builder-el-last  flex_column_div av-zero-column-padding column-top-margin'   ><form action=\"https:\/\/hikitec.de\/pl\/cennik-nowy-link\/\" method=\"post\"  class=\"avia_ajax_form av-form-labels-visible   avia-builder-el-5  avia-builder-el-no-sibling   \" data-avia-form-id=\"1\" data-avia-redirect='' ><h3 class=''>Zam\u00f3w link do newslettera<\/h3><fieldset><p class='  first_form  form_element form_fullwidth' id='element_avia_1_1'><label for=\"avia_1_1\">Firma<\/label> <input name=\"avia_1_1\" class=\"text_input \" type=\"text\" id=\"avia_1_1\" value=\"\" \/><\/p><p class=' first_form  form_element form_element_third' id='element_avia_2_1'><label for=\"avia_2_1\">Salutation<\/label> <select  name=\"avia_2_1\" class=\"select \" id=\"avia_2_1\"><option  value ='Pan'>Pan<\/option><option  value ='Pani'>Pani<\/option><\/select><\/p><p class='  form_element form_element_third' id='element_avia_3_1'><label for=\"avia_3_1\">Imi\u0119<\/label> <input name=\"avia_3_1\" class=\"text_input \" type=\"text\" id=\"avia_3_1\" value=\"\" \/><\/p><p class='  form_element form_element_third' id='element_avia_4_1'><label for=\"avia_4_1\">Nachname<\/label> <input name=\"avia_4_1\" class=\"text_input \" type=\"text\" id=\"avia_4_1\" value=\"\" \/><\/p><p class='  first_form  form_element form_fullwidth' id='element_avia_5_1'><label for=\"avia_5_1\">E-mail <abbr class=\"required\" title=\"required\">*<\/abbr><\/label> <input name=\"avia_5_1\" class=\"text_input is_email\" type=\"text\" id=\"avia_5_1\" value=\"\" \/><\/p><p class=' first_form  form_element form_fullwidth' id='element_avia_6_1'>    <input checked=\"checked\" name=\"avia_6_1\" class=\"input_checkbox \" type=\"checkbox\" id=\"avia_6_1\" value=\"true\"\/><label class=\"input_checkbox_label\" for=\"avia_6_1\">Zapozna\u0142em si\u0119 i przyj\u0105\u0142em do wiadomo\u015bci informacj\u0119 o ochronie danych osobowych. *<\/label><\/p><div id='avia_7_1' class='av-form-text'><\/p>\n<div id=\"avia_9_1\" class=\"av-form-text\">\n<div id=\"avia_14_1\" class=\"av-form-text\">\n<p>* Zapozna\u0142em si\u0119 z <a href=\"https:\/\/hikitec.de\/pl\/ochrona-danych\/\" target=\"_blank\" rel=\"noopener\">informacj\u0105<\/a> o ochronie danych osobowych oraz z informacj\u0105 o odst\u0105pieniu od umowy i akceptuj\u0119 je. Kompakt: Informacja o ochronie danych osobowych Tw\u00f3j adres e-mail b\u0119dzie wykorzystywany wy\u0142\u0105cznie w celu realizacji Twojego zapytania firmy HIKITEC. Zawieraj\u0105 one informacje o produktach, sezonowych promocjach czy nowo\u015bciach wydawniczych. Pa\u0144stwa adres e-mail nie b\u0119dzie nigdy przekazywany osobom trzecim w celach reklamowych i b\u0119dzie wykorzystywany wy\u0142\u0105cznie w ramach wysy\u0142ki newslettera.<\/p>\n<p>Powiadomienie o mo\u017cliwo\u015bci odwo\u0142ania zgody U\u017cytkownik mo\u017ce w ka\u017cdej chwili odwo\u0142a\u0107 t\u0119 zgod\u0119, wypisuj\u0105c si\u0119 z listy. Instrukcje dotycz\u0105ce rezygnacji z subskrypcji s\u0105 zawarte w ka\u017cdym newsletterze.<\/p>\n<\/div>\n<\/div>\n<p>\n<\/div><p class=\"hidden\"><input type=\"text\" name=\"avia_8_1\" class=\"hidden \" id=\"avia_8_1\" value=\"\" \/><\/p><p class=\"form_element \"><input type=\"hidden\" value=\"1\" name=\"avia_generated_form1\" \/><input type=\"submit\" value=\"Wniosek\" class=\"button\"  data-sending-label=\"Trwa wysy\u0142anie...\"\/><\/p><\/fieldset><\/form><div id=\"ajaxresponse_1\" class=\"ajaxresponse ajaxresponse_1 hidden\"><\/div><\/div>\n","protected":false},"excerpt":{"rendered":"","protected":false},"author":2,"featured_media":0,"parent":0,"menu_order":0,"comment_status":"closed","ping_status":"closed","template":"","meta":{"footnotes":""},"class_list":["post-717790","page","type-page","status-publish","hentry"],"_links":{"self":[{"href":"https:\/\/hikitec.de\/pl\/wp-json\/wp\/v2\/pages\/717790","targetHints":{"allow":["GET"]}}],"collection":[{"href":"https:\/\/hikitec.de\/pl\/wp-json\/wp\/v2\/pages"}],"about":[{"href":"https:\/\/hikitec.de\/pl\/wp-json\/wp\/v2\/types\/page"}],"author":[{"embeddable":true,"href":"https:\/\/hikitec.de\/pl\/wp-json\/wp\/v2\/users\/2"}],"replies":[{"embeddable":true,"href":"https:\/\/hikitec.de\/pl\/wp-json\/wp\/v2\/comments?post=717790"}],"version-history":[{"count":4,"href":"https:\/\/hikitec.de\/pl\/wp-json\/wp\/v2\/pages\/717790\/revisions"}],"predecessor-version":[{"id":717800,"href":"https:\/\/hikitec.de\/pl\/wp-json\/wp\/v2\/pages\/717790\/revisions\/717800"}],"wp:attachment":[{"href":"https:\/\/hikitec.de\/pl\/wp-json\/wp\/v2\/media?parent=717790"}],"curies":[{"name":"wp","href":"https:\/\/api.w.org\/{rel}","templated":true}]}}