{"id":97927,"date":"2021-04-15T10:25:31","date_gmt":"2021-04-15T08:25:31","guid":{"rendered":"https:\/\/hikitec.de\/karty-wideo\/"},"modified":"2021-04-15T10:31:52","modified_gmt":"2021-04-15T08:31:52","slug":"karty-wideo","status":"publish","type":"page","link":"https:\/\/hikitec.de\/pl\/karty-wideo\/","title":{"rendered":"Broszura wideo"},"content":{"rendered":"\n<style type=\"text\/css\" id=\"style-css-av-av_one_full-1df1b63c6c045939f2dc1aefbdd8e7ad\">\n#top .flex_column.av-av_one_full-1df1b63c6c045939f2dc1aefbdd8e7ad{\nborder-radius:0px;\n-webkit-border-radius:0px;\n-moz-border-radius:0px;\npadding:0px;\n}\n<\/style>\n<div class='flex_column av-av_one_full-1df1b63c6c045939f2dc1aefbdd8e7ad av_one_full  avia-builder-el-0  avia-builder-el-no-sibling  first flex_column_div av-zero-column-padding '   ><div  id=\"av-sc-portfolio-1\"  class=' grid-sort-container isotope   no_margin-container with-title-container grid-total-even grid-col-6 grid-links-' data-portfolio-id='1'><div data-ajax-id='535185' class=' grid-entry flex_column isotope-item all_sort no_margin post-entry post-entry-535185 grid-entry-overview grid-loop-1 grid-parity-odd  serie-vc-pl_sort video-cards-pl_sort  av_one_sixth first default_av_fullwidth '><article class='main_color inner-entry'  itemscope=\"itemscope\" itemtype=\"https:\/\/schema.org\/CreativeWork\" ><a href=\"https:\/\/hikitec.de\/pl\/portfolio\/55025\/\" title='Video Brosch\u00fcre Mini 2.8 Z Soft Ok\u0142adka Video-Cards'  data-rel='grid-1' class='grid-image avia-hover-fx'> <img decoding=\"async\" width=\"260\" height=\"185\" src=\"https:\/\/hikitec.de\/wp-content\/uploads\/55025-00-00000_01-9-260x185.jpg\" class=\"wp-image-747988 avia-img-lazy-loading-not-747988 attachment-portfolio_small size-portfolio_small wp-post-image\" alt=\"\" \/><\/a><div class='grid-content'><div class='avia-arrow'><\/div><header class=\"entry-content-header\"><h3 class='grid-entry-title entry-title '  itemprop=\"headline\" ><a href='https:\/\/hikitec.de\/pl\/portfolio\/55025\/' title='Video Brosch\u00fcre Mini 2.8 Z Soft Ok\u0142adka Video-Cards'>Video Brosch\u00fcre Mini 2.8 Z Soft Ok\u0142adka Video-Cards<\/a><\/h3><\/header><\/div><footer class=\"entry-footer\"><\/footer><\/article><\/div><div data-ajax-id='535171' class=' grid-entry flex_column isotope-item all_sort no_margin post-entry post-entry-535171 grid-entry-overview grid-loop-2 grid-parity-even  serie-vc-pl_sort video-cards-pl_sort  av_one_sixth  default_av_fullwidth '><article class='main_color inner-entry'  itemscope=\"itemscope\" itemtype=\"https:\/\/schema.org\/CreativeWork\" ><a href=\"https:\/\/hikitec.de\/pl\/portfolio\/55024\/\" title='Video Brosch\u00fcre Mini 2.4 Z Soft Ok\u0142adka Video-Cards'  data-rel='grid-1' class='grid-image avia-hover-fx'> <img decoding=\"async\" width=\"260\" height=\"185\" src=\"https:\/\/hikitec.de\/wp-content\/uploads\/55024-00-00000_01-20-260x185.jpg\" class=\"wp-image-747975 avia-img-lazy-loading-not-747975 attachment-portfolio_small size-portfolio_small wp-post-image\" alt=\"\" \/><\/a><div class='grid-content'><div class='avia-arrow'><\/div><header class=\"entry-content-header\"><h3 class='grid-entry-title entry-title '  itemprop=\"headline\" ><a href='https:\/\/hikitec.de\/pl\/portfolio\/55024\/' title='Video Brosch\u00fcre Mini 2.4 Z Soft Ok\u0142adka Video-Cards'>Video Brosch\u00fcre Mini 2.4 Z Soft Ok\u0142adka Video-Cards<\/a><\/h3><\/header><\/div><footer class=\"entry-footer\"><\/footer><\/article><\/div><div data-ajax-id='535162' class=' grid-entry flex_column isotope-item all_sort no_margin post-entry post-entry-535162 grid-entry-overview grid-loop-3 grid-parity-odd  serie-vc-pl_sort video-cards-pl_sort  av_one_sixth  default_av_fullwidth '><article class='main_color inner-entry'  itemscope=\"itemscope\" itemtype=\"https:\/\/schema.org\/CreativeWork\" ><a href=\"https:\/\/hikitec.de\/pl\/portfolio\/55034\/\" title='Video Brosch\u00fcre A5 7.0 Z Soft Ok\u0142adka Video-Cards'  data-rel='grid-1' class='grid-image avia-hover-fx'> <img decoding=\"async\" width=\"260\" height=\"185\" src=\"https:\/\/hikitec.de\/wp-content\/uploads\/55034-00-00000_01-260x185.jpg\" class=\"wp-image-747963 avia-img-lazy-loading-not-747963 attachment-portfolio_small size-portfolio_small wp-post-image\" alt=\"\" \/><\/a><div class='grid-content'><div class='avia-arrow'><\/div><header class=\"entry-content-header\"><h3 class='grid-entry-title entry-title '  itemprop=\"headline\" ><a href='https:\/\/hikitec.de\/pl\/portfolio\/55034\/' title='Video Brosch\u00fcre A5 7.0 Z Soft Ok\u0142adka Video-Cards'>Video Brosch\u00fcre A5 7.0 Z Soft Ok\u0142adka Video-Cards<\/a><\/h3><\/header><\/div><footer class=\"entry-footer\"><\/footer><\/article><\/div><div data-ajax-id='535153' class=' grid-entry flex_column isotope-item all_sort no_margin post-entry post-entry-535153 grid-entry-overview grid-loop-4 grid-parity-even  serie-vc-pl_sort video-cards-pl_sort  av_one_sixth  default_av_fullwidth '><article class='main_color inner-entry'  itemscope=\"itemscope\" itemtype=\"https:\/\/schema.org\/CreativeWork\" ><a href=\"https:\/\/hikitec.de\/pl\/portfolio\/55032\/\" title='Video Brosch\u00fcre A5 7.0 Z Hard Ok\u0142adka Video-Cards'  data-rel='grid-1' class='grid-image avia-hover-fx'> <img decoding=\"async\" width=\"260\" height=\"185\" src=\"https:\/\/hikitec.de\/wp-content\/uploads\/55032-00-00000_01-22-260x185.jpg\" class=\"wp-image-747950 avia-img-lazy-loading-not-747950 attachment-portfolio_small size-portfolio_small wp-post-image\" alt=\"\" \/><\/a><div class='grid-content'><div class='avia-arrow'><\/div><header class=\"entry-content-header\"><h3 class='grid-entry-title entry-title '  itemprop=\"headline\" ><a href='https:\/\/hikitec.de\/pl\/portfolio\/55032\/' title='Video Brosch\u00fcre A5 7.0 Z Hard Ok\u0142adka Video-Cards'>Video Brosch\u00fcre A5 7.0 Z Hard Ok\u0142adka Video-Cards<\/a><\/h3><\/header><\/div><footer class=\"entry-footer\"><\/footer><\/article><\/div><div data-ajax-id='535144' class=' grid-entry flex_column isotope-item all_sort no_margin post-entry post-entry-535144 grid-entry-overview grid-loop-5 grid-parity-odd  serie-vc-pl_sort video-cards-pl_sort  av_one_sixth  default_av_fullwidth '><article class='main_color inner-entry'  itemscope=\"itemscope\" itemtype=\"https:\/\/schema.org\/CreativeWork\" ><a href=\"https:\/\/hikitec.de\/pl\/portfolio\/55027\/\" title='Video Brosch\u00fcre A5 5.0 Z Soft Ok\u0142adka Video-Cards'  data-rel='grid-1' class='grid-image avia-hover-fx'> <img decoding=\"async\" width=\"260\" height=\"185\" src=\"https:\/\/hikitec.de\/wp-content\/uploads\/55027-00-00000_01-27-260x185.jpg\" class=\"wp-image-747937 avia-img-lazy-loading-not-747937 attachment-portfolio_small size-portfolio_small wp-post-image\" alt=\"\" \/><\/a><div class='grid-content'><div class='avia-arrow'><\/div><header class=\"entry-content-header\"><h3 class='grid-entry-title entry-title '  itemprop=\"headline\" ><a href='https:\/\/hikitec.de\/pl\/portfolio\/55027\/' title='Video Brosch\u00fcre A5 5.0 Z Soft Ok\u0142adka Video-Cards'>Video Brosch\u00fcre A5 5.0 Z Soft Ok\u0142adka Video-Cards<\/a><\/h3><\/header><\/div><footer class=\"entry-footer\"><\/footer><\/article><\/div><div data-ajax-id='535135' class=' grid-entry flex_column isotope-item all_sort no_margin post-entry post-entry-535135 grid-entry-overview grid-loop-6 grid-parity-even  serie-vc-pl_sort video-cards-pl_sort  av_one_sixth  default_av_fullwidth '><article class='main_color inner-entry'  itemscope=\"itemscope\" itemtype=\"https:\/\/schema.org\/CreativeWork\" ><a href=\"https:\/\/hikitec.de\/pl\/portfolio\/55030\/\" title='Video Brosch\u00fcre A5 5.0 Z Hard Ok\u0142adka Video-Cards'  data-rel='grid-1' class='grid-image avia-hover-fx'> <img decoding=\"async\" width=\"260\" height=\"185\" src=\"https:\/\/hikitec.de\/wp-content\/uploads\/55030-00-00000_01-16-260x185.jpg\" class=\"wp-image-747921 avia-img-lazy-loading-not-747921 attachment-portfolio_small size-portfolio_small wp-post-image\" alt=\"\" \/><\/a><div class='grid-content'><div class='avia-arrow'><\/div><header class=\"entry-content-header\"><h3 class='grid-entry-title entry-title '  itemprop=\"headline\" ><a href='https:\/\/hikitec.de\/pl\/portfolio\/55030\/' title='Video Brosch\u00fcre A5 5.0 Z Hard Ok\u0142adka Video-Cards'>Video Brosch\u00fcre A5 5.0 Z Hard Ok\u0142adka Video-Cards<\/a><\/h3><\/header><\/div><footer class=\"entry-footer\"><\/footer><\/article><\/div><div data-ajax-id='535121' class=' grid-entry flex_column isotope-item all_sort no_margin post-entry post-entry-535121 grid-entry-overview grid-loop-7 grid-parity-odd  serie-vc-pl_sort video-cards-pl_sort  av_one_sixth first default_av_fullwidth '><article class='main_color inner-entry'  itemscope=\"itemscope\" itemtype=\"https:\/\/schema.org\/CreativeWork\" ><a href=\"https:\/\/hikitec.de\/pl\/portfolio\/55028\/\" title='Video Brosch\u00fcre A5 4.3 Z Soft Ok\u0142adka Video-Cards'  data-rel='grid-1' class='grid-image avia-hover-fx'> <img decoding=\"async\" width=\"260\" height=\"185\" src=\"https:\/\/hikitec.de\/wp-content\/uploads\/55028-00-00000_01-26-260x185.jpg\" class=\"wp-image-747909 avia-img-lazy-loading-not-747909 attachment-portfolio_small size-portfolio_small wp-post-image\" alt=\"\" \/><\/a><div class='grid-content'><div class='avia-arrow'><\/div><header class=\"entry-content-header\"><h3 class='grid-entry-title entry-title '  itemprop=\"headline\" ><a href='https:\/\/hikitec.de\/pl\/portfolio\/55028\/' title='Video Brosch\u00fcre A5 4.3 Z Soft Ok\u0142adka Video-Cards'>Video Brosch\u00fcre A5 4.3 Z Soft Ok\u0142adka Video-Cards<\/a><\/h3><\/header><\/div><footer class=\"entry-footer\"><\/footer><\/article><\/div><div data-ajax-id='535112' class=' grid-entry flex_column isotope-item all_sort no_margin post-entry post-entry-535112 grid-entry-overview grid-loop-8 grid-parity-even  serie-vc-pl_sort video-cards-pl_sort  av_one_sixth  default_av_fullwidth '><article class='main_color inner-entry'  itemscope=\"itemscope\" itemtype=\"https:\/\/schema.org\/CreativeWork\" ><a href=\"https:\/\/hikitec.de\/pl\/portfolio\/55038\/\" title='Video Brosch\u00fcre A5 4.3 Z Hard Ok\u0142adka Video-Cards'  data-rel='grid-1' class='grid-image avia-hover-fx'> <img decoding=\"async\" width=\"260\" height=\"185\" src=\"https:\/\/hikitec.de\/wp-content\/uploads\/55038-00-00000_01-6-260x185.jpg\" class=\"wp-image-747896 avia-img-lazy-loading-not-747896 attachment-portfolio_small size-portfolio_small wp-post-image\" alt=\"\" \/><\/a><div class='grid-content'><div class='avia-arrow'><\/div><header class=\"entry-content-header\"><h3 class='grid-entry-title entry-title '  itemprop=\"headline\" ><a href='https:\/\/hikitec.de\/pl\/portfolio\/55038\/' title='Video Brosch\u00fcre A5 4.3 Z Hard Ok\u0142adka Video-Cards'>Video Brosch\u00fcre A5 4.3 Z Hard Ok\u0142adka Video-Cards<\/a><\/h3><\/header><\/div><footer class=\"entry-footer\"><\/footer><\/article><\/div><div data-ajax-id='535103' class=' grid-entry flex_column isotope-item all_sort no_margin post-entry post-entry-535103 grid-entry-overview grid-loop-9 grid-parity-odd  serie-vc-pl_sort video-cards-pl_sort  av_one_sixth  default_av_fullwidth '><article class='main_color inner-entry'  itemscope=\"itemscope\" itemtype=\"https:\/\/schema.org\/CreativeWork\" ><a href=\"https:\/\/hikitec.de\/pl\/portfolio\/55035\/\" title='Video Brosch\u00fcre A4 7.0 Z Soft Ok\u0142adka Video-Cards'  data-rel='grid-1' class='grid-image avia-hover-fx'> <img decoding=\"async\" width=\"260\" height=\"185\" src=\"https:\/\/hikitec.de\/wp-content\/uploads\/55035-00-00000_01-36-260x185.jpg\" class=\"wp-image-747887 avia-img-lazy-loading-not-747887 attachment-portfolio_small size-portfolio_small wp-post-image\" alt=\"\" \/><\/a><div class='grid-content'><div class='avia-arrow'><\/div><header class=\"entry-content-header\"><h3 class='grid-entry-title entry-title '  itemprop=\"headline\" ><a href='https:\/\/hikitec.de\/pl\/portfolio\/55035\/' title='Video Brosch\u00fcre A4 7.0 Z Soft Ok\u0142adka Video-Cards'>Video Brosch\u00fcre A4 7.0 Z Soft Ok\u0142adka Video-Cards<\/a><\/h3><\/header><\/div><footer class=\"entry-footer\"><\/footer><\/article><\/div><div data-ajax-id='535094' class=' grid-entry flex_column isotope-item all_sort no_margin post-entry post-entry-535094 grid-entry-overview grid-loop-10 grid-parity-even  serie-vc-pl_sort video-cards-pl_sort  av_one_sixth  default_av_fullwidth '><article class='main_color inner-entry'  itemscope=\"itemscope\" itemtype=\"https:\/\/schema.org\/CreativeWork\" ><a href=\"https:\/\/hikitec.de\/pl\/portfolio\/55033\/\" title='Video Brosch\u00fcre A4 7.0 Z Hard Ok\u0142adka Video-Cards'  data-rel='grid-1' class='grid-image avia-hover-fx'> <img decoding=\"async\" width=\"260\" height=\"185\" src=\"https:\/\/hikitec.de\/wp-content\/uploads\/55033-00-00000_01-21-260x185.jpg\" class=\"wp-image-747872 avia-img-lazy-loading-not-747872 attachment-portfolio_small size-portfolio_small wp-post-image\" alt=\"\" \/><\/a><div class='grid-content'><div class='avia-arrow'><\/div><header class=\"entry-content-header\"><h3 class='grid-entry-title entry-title '  itemprop=\"headline\" ><a href='https:\/\/hikitec.de\/pl\/portfolio\/55033\/' title='Video Brosch\u00fcre A4 7.0 Z Hard Ok\u0142adka Video-Cards'>Video Brosch\u00fcre A4 7.0 Z Hard Ok\u0142adka Video-Cards<\/a><\/h3><\/header><\/div><footer class=\"entry-footer\"><\/footer><\/article><\/div><div data-ajax-id='535085' class=' grid-entry flex_column isotope-item all_sort no_margin post-entry post-entry-535085 grid-entry-overview grid-loop-11 grid-parity-odd  serie-vc-pl_sort video-cards-pl_sort  av_one_sixth  default_av_fullwidth '><article class='main_color inner-entry'  itemscope=\"itemscope\" itemtype=\"https:\/\/schema.org\/CreativeWork\" ><a href=\"https:\/\/hikitec.de\/pl\/portfolio\/55029\/\" title='Video Brosch\u00fcre A4 5.0 Z Soft Ok\u0142adka Video-Cards'  data-rel='grid-1' class='grid-image avia-hover-fx'> <img decoding=\"async\" width=\"260\" height=\"185\" src=\"https:\/\/hikitec.de\/wp-content\/uploads\/55029-00-00000_01-7-260x185.jpg\" class=\"wp-image-747859 avia-img-lazy-loading-not-747859 attachment-portfolio_small size-portfolio_small wp-post-image\" alt=\"\" \/><\/a><div class='grid-content'><div class='avia-arrow'><\/div><header class=\"entry-content-header\"><h3 class='grid-entry-title entry-title '  itemprop=\"headline\" ><a href='https:\/\/hikitec.de\/pl\/portfolio\/55029\/' title='Video Brosch\u00fcre A4 5.0 Z Soft Ok\u0142adka Video-Cards'>Video Brosch\u00fcre A4 5.0 Z Soft Ok\u0142adka Video-Cards<\/a><\/h3><\/header><\/div><footer class=\"entry-footer\"><\/footer><\/article><\/div><div data-ajax-id='535071' class=' grid-entry flex_column isotope-item all_sort no_margin post-entry post-entry-535071 grid-entry-overview grid-loop-12 grid-parity-even  serie-vc-pl_sort video-cards-pl_sort  av_one_sixth  default_av_fullwidth '><article class='main_color inner-entry'  itemscope=\"itemscope\" itemtype=\"https:\/\/schema.org\/CreativeWork\" ><a href=\"https:\/\/hikitec.de\/pl\/portfolio\/55031\/\" title='Video Brosch\u00fcre A4 5.0 Z Hard Ok\u0142adka Video-Cards'  data-rel='grid-1' class='grid-image avia-hover-fx'> <img decoding=\"async\" width=\"260\" height=\"185\" src=\"https:\/\/hikitec.de\/wp-content\/uploads\/55031-00-00000_01-20-260x185.jpg\" class=\"wp-image-747844 avia-img-lazy-loading-not-747844 attachment-portfolio_small size-portfolio_small wp-post-image\" alt=\"\" \/><\/a><div class='grid-content'><div class='avia-arrow'><\/div><header class=\"entry-content-header\"><h3 class='grid-entry-title entry-title '  itemprop=\"headline\" ><a href='https:\/\/hikitec.de\/pl\/portfolio\/55031\/' title='Video Brosch\u00fcre A4 5.0 Z Hard Ok\u0142adka Video-Cards'>Video Brosch\u00fcre A4 5.0 Z Hard Ok\u0142adka Video-Cards<\/a><\/h3><\/header><\/div><footer class=\"entry-footer\"><\/footer><\/article><\/div><div data-ajax-id='535062' class=' grid-entry flex_column isotope-item all_sort no_margin post-entry post-entry-535062 grid-entry-overview grid-loop-13 grid-parity-odd  serie-vc-pl_sort video-cards-pl_sort  av_one_sixth first default_av_fullwidth '><article class='main_color inner-entry'  itemscope=\"itemscope\" itemtype=\"https:\/\/schema.org\/CreativeWork\" ><a href=\"https:\/\/hikitec.de\/pl\/portfolio\/55037\/\" title='Video Brosch\u00fcre A4 10.0 Z Soft Ok\u0142adka Video-Cards'  data-rel='grid-1' class='grid-image avia-hover-fx'> <img decoding=\"async\" width=\"260\" height=\"185\" src=\"https:\/\/hikitec.de\/wp-content\/uploads\/55037-00-00000_01-4-260x185.jpg\" class=\"wp-image-747832 avia-img-lazy-loading-not-747832 attachment-portfolio_small size-portfolio_small wp-post-image\" alt=\"\" \/><\/a><div class='grid-content'><div class='avia-arrow'><\/div><header class=\"entry-content-header\"><h3 class='grid-entry-title entry-title '  itemprop=\"headline\" ><a href='https:\/\/hikitec.de\/pl\/portfolio\/55037\/' title='Video Brosch\u00fcre A4 10.0 Z Soft Ok\u0142adka Video-Cards'>Video Brosch\u00fcre A4 10.0 Z Soft Ok\u0142adka Video-Cards<\/a><\/h3><\/header><\/div><footer class=\"entry-footer\"><\/footer><\/article><\/div><div data-ajax-id='535053' class=' grid-entry flex_column isotope-item all_sort no_margin post-entry post-entry-535053 grid-entry-overview grid-loop-14 grid-parity-even  post-entry-last  serie-vc-pl_sort video-cards-pl_sort  av_one_sixth  default_av_fullwidth '><article class='main_color inner-entry'  itemscope=\"itemscope\" itemtype=\"https:\/\/schema.org\/CreativeWork\" ><a href=\"https:\/\/hikitec.de\/pl\/portfolio\/55036\/\" title='Video Brosch\u00fcre A4 10.0 Z Hard Ok\u0142adka Video-Cards'  data-rel='grid-1' class='grid-image avia-hover-fx'> <img decoding=\"async\" width=\"260\" height=\"185\" src=\"https:\/\/hikitec.de\/wp-content\/uploads\/55036-00-00000_01-20-260x185.jpg\" class=\"wp-image-747821 avia-img-lazy-loading-not-747821 attachment-portfolio_small size-portfolio_small wp-post-image\" alt=\"\" \/><\/a><div class='grid-content'><div class='avia-arrow'><\/div><header class=\"entry-content-header\"><h3 class='grid-entry-title entry-title '  itemprop=\"headline\" ><a href='https:\/\/hikitec.de\/pl\/portfolio\/55036\/' title='Video Brosch\u00fcre A4 10.0 Z Hard Ok\u0142adka Video-Cards'>Video Brosch\u00fcre A4 10.0 Z Hard Ok\u0142adka Video-Cards<\/a><\/h3><\/header><\/div><footer class=\"entry-footer\"><\/footer><\/article><\/div><\/div><\/div>\n","protected":false},"excerpt":{"rendered":"","protected":false},"author":2,"featured_media":0,"parent":0,"menu_order":0,"comment_status":"closed","ping_status":"closed","template":"","meta":{"footnotes":""},"class_list":["post-97927","page","type-page","status-publish","hentry"],"_links":{"self":[{"href":"https:\/\/hikitec.de\/pl\/wp-json\/wp\/v2\/pages\/97927","targetHints":{"allow":["GET"]}}],"collection":[{"href":"https:\/\/hikitec.de\/pl\/wp-json\/wp\/v2\/pages"}],"about":[{"href":"https:\/\/hikitec.de\/pl\/wp-json\/wp\/v2\/types\/page"}],"author":[{"embeddable":true,"href":"https:\/\/hikitec.de\/pl\/wp-json\/wp\/v2\/users\/2"}],"replies":[{"embeddable":true,"href":"https:\/\/hikitec.de\/pl\/wp-json\/wp\/v2\/comments?post=97927"}],"version-history":[{"count":2,"href":"https:\/\/hikitec.de\/pl\/wp-json\/wp\/v2\/pages\/97927\/revisions"}],"predecessor-version":[{"id":97954,"href":"https:\/\/hikitec.de\/pl\/wp-json\/wp\/v2\/pages\/97927\/revisions\/97954"}],"wp:attachment":[{"href":"https:\/\/hikitec.de\/pl\/wp-json\/wp\/v2\/media?parent=97927"}],"curies":[{"name":"wp","href":"https:\/\/api.w.org\/{rel}","templated":true}]}}